{"id":1830,"date":"2024-07-11T21:52:21","date_gmt":"2024-07-12T02:52:21","guid":{"rendered":"https:\/\/cccdecolombia.com\/ccc\/?page_id=1830"},"modified":"2026-04-25T21:00:20","modified_gmt":"2026-04-26T02:00:20","slug":"organismos-de-apoyo-al-transito-cea-y-cia","status":"publish","type":"page","link":"https:\/\/cccdecolombia.com\/ccc\/organismos-de-apoyo-al-transito-cea-y-cia\/","title":{"rendered":"Organismos de Apoyo al Transito: CEA Y CNT"},"content":{"rendered":"\t\t<div data-elementor-type=\"wp-page\" data-elementor-id=\"1830\" class=\"elementor elementor-1830\" data-elementor-post-type=\"page\">\n\t\t\t\t<div class=\"elementor-element elementor-element-4f301a3 e-flex e-con-boxed e-con e-parent\" data-id=\"4f301a3\" data-element_type=\"container\" data-e-type=\"container\">\n\t\t\t\t\t<div class=\"e-con-inner\">\n\t\t<div class=\"elementor-element elementor-element-39b8895 e-con-full e-flex e-con e-child\" data-id=\"39b8895\" data-element_type=\"container\" data-e-type=\"container\">\n\t\t\t\t<\/div>\n\t\t<div class=\"elementor-element elementor-element-6308e42 e-con-full e-flex e-con e-child\" data-id=\"6308e42\" data-element_type=\"container\" data-e-type=\"container\">\n\t\t<div class=\"elementor-element elementor-element-bfacf5c e-con-full e-flex e-con e-child\" data-id=\"bfacf5c\" data-element_type=\"container\" data-e-type=\"container\">\n\t\t\t\t<div class=\"elementor-element elementor-element-2cc03fe elementor-widget elementor-widget-image\" data-id=\"2cc03fe\" data-element_type=\"widget\" data-e-type=\"widget\" data-widget_type=\"image.default\">\n\t\t\t\t<div class=\"elementor-widget-container\">\n\t\t\t\t\t\t\t\t\t\t\t\t\t\t\t<img fetchpriority=\"high\" decoding=\"async\" width=\"965\" height=\"295\" src=\"https:\/\/cccdecolombia.com\/ccc\/wp-content\/uploads\/2024\/07\/ORGANISMOS-DE-APOYO-2.jpg\" class=\"attachment-large size-large wp-image-1839\" alt=\"\" srcset=\"https:\/\/cccdecolombia.com\/ccc\/wp-content\/uploads\/2024\/07\/ORGANISMOS-DE-APOYO-2.jpg 965w, https:\/\/cccdecolombia.com\/ccc\/wp-content\/uploads\/2024\/07\/ORGANISMOS-DE-APOYO-2-300x92.jpg 300w, https:\/\/cccdecolombia.com\/ccc\/wp-content\/uploads\/2024\/07\/ORGANISMOS-DE-APOYO-2-768x235.jpg 768w\" sizes=\"(max-width: 965px) 100vw, 965px\" \/>\t\t\t\t\t\t\t\t\t\t\t\t\t\t\t<\/div>\n\t\t\t\t<\/div>\n\t\t\t\t<div class=\"elementor-element elementor-element-966b140 elementor-widget elementor-widget-text-editor\" data-id=\"966b140\" data-element_type=\"widget\" data-e-type=\"widget\" data-widget_type=\"text-editor.default\">\n\t\t\t\t<div class=\"elementor-widget-container\">\n\t\t\t\t\t\t\t\t\t<p style=\"font-weight: 500;\">Garantizamos que tu Centro de Ense\u00f1anza Automovil\u00edstica (CEA) y tu Centro de Inspecci\u00f3n Automotriz (CNT) cumplan con las normativas vigentes y operen con los m\u00e1s altos est\u00e1ndares de calidad y seguridad a trav\u00e9s de nuestros servicios de certificaci\u00f3n. Asegura la conformidad y excelencia de tus operaciones con la asesor\u00eda de nuestros expertos.<\/p>\t\t\t\t\t\t\t\t<\/div>\n\t\t\t\t<\/div>\n\t\t\t\t<div class=\"elementor-element elementor-element-1b69254 elementor-widget elementor-widget-button\" data-id=\"1b69254\" data-element_type=\"widget\" data-e-type=\"widget\" data-widget_type=\"button.default\">\n\t\t\t\t<div class=\"elementor-widget-container\">\n\t\t\t\t\t\t\t\t\t<div class=\"elementor-button-wrapper\">\n\t\t\t\t\t<a class=\"elementor-button elementor-button-link elementor-size-sm\" href=\"https:\/\/forms.gle\/WuKC41UHHrAZmeG9A\" target=\"_blank\" rel=\"nofollow\">\n\t\t\t\t\t\t<span class=\"elementor-button-content-wrapper\">\n\t\t\t\t\t\t\t\t\t<span class=\"elementor-button-text\">Solicita aqu\u00ed nuestros servicios<\/span>\n\t\t\t\t\t<\/span>\n\t\t\t\t\t<\/a>\n\t\t\t\t<\/div>\n\t\t\t\t\t\t\t\t<\/div>\n\t\t\t\t<\/div>\n\t\t\t\t<\/div>\n\t\t<div class=\"elementor-element elementor-element-d13d24b e-con-full e-flex e-con e-child\" data-id=\"d13d24b\" data-element_type=\"container\" data-e-type=\"container\">\n\t\t\t\t<div class=\"elementor-element elementor-element-144c79b elementor-widget elementor-widget-image\" data-id=\"144c79b\" data-element_type=\"widget\" data-e-type=\"widget\" data-widget_type=\"image.default\">\n\t\t\t\t<div class=\"elementor-widget-container\">\n\t\t\t\t\t\t\t\t\t\t\t\t\t\t\t\t<a href=\"\/ccc\/revista-certifica\/\" target=\"_blank\">\n\t\t\t\t\t\t\t<img decoding=\"async\" width=\"1024\" height=\"353\" src=\"https:\/\/cccdecolombia.com\/ccc\/wp-content\/uploads\/2025\/10\/ED4-Banner-Promo-Revista-Certifica-1024x353.jpg\" class=\"attachment-large size-large wp-image-3715\" alt=\"\" srcset=\"https:\/\/cccdecolombia.com\/ccc\/wp-content\/uploads\/2025\/10\/ED4-Banner-Promo-Revista-Certifica-1024x353.jpg 1024w, https:\/\/cccdecolombia.com\/ccc\/wp-content\/uploads\/2025\/10\/ED4-Banner-Promo-Revista-Certifica-300x103.jpg 300w, https:\/\/cccdecolombia.com\/ccc\/wp-content\/uploads\/2025\/10\/ED4-Banner-Promo-Revista-Certifica-768x264.jpg 768w, https:\/\/cccdecolombia.com\/ccc\/wp-content\/uploads\/2025\/10\/ED4-Banner-Promo-Revista-Certifica-1536x529.jpg 1536w, https:\/\/cccdecolombia.com\/ccc\/wp-content\/uploads\/2025\/10\/ED4-Banner-Promo-Revista-Certifica.jpg 1589w\" sizes=\"(max-width: 1024px) 100vw, 1024px\" \/>\t\t\t\t\t\t\t\t<\/a>\n\t\t\t\t\t\t\t\t\t\t\t\t\t\t\t<\/div>\n\t\t\t\t<\/div>\n\t\t\t\t<div class=\"elementor-element elementor-element-e32a396 elementor-widget elementor-widget-heading\" data-id=\"e32a396\" data-element_type=\"widget\" data-e-type=\"widget\" data-widget_type=\"heading.default\">\n\t\t\t\t<div class=\"elementor-widget-container\">\n\t\t\t\t\t<h3 class=\"elementor-heading-title elementor-size-default\"><span style=\"color: #C1272D;font-weight: bolder;margin-right: 5px\">|<\/span>De inter\u00e9s general<\/h3>\t\t\t\t<\/div>\n\t\t\t\t<\/div>\n\t\t\t\t<div class=\"elementor-element elementor-element-36fb3a5 elementor-widget elementor-widget-text-editor\" data-id=\"36fb3a5\" data-element_type=\"widget\" data-e-type=\"widget\" data-widget_type=\"text-editor.default\">\n\t\t\t\t<div class=\"elementor-widget-container\">\n\t\t\t\t\t\t\t\t\t<p style=\"color: #262161;\"><b>Consulte aqu\u00ed los comunicados de inter\u00e9s para tu negocio:<\/b><\/p><ul style=\"line-height: 28px;\"><li><a style=\"color: #000;\" href=\"https:\/\/cccdecolombia.com\/ccc\/wp-content\/uploads\/2024\/06\/REGLAS-DEL-SERVICIO-INSPECCIONES-EDS.pdf\" target=\"_blank\" rel=\"noopener\" download=\"\">Reglas del servicio de inspecci\u00f3n.<\/a><\/li><li><a style=\"color: #000;\" href=\"https:\/\/cccdecolombia.com\/ccc\/wp-content\/uploads\/2024\/06\/Reglas-del-servicio-de-inspeccion.pdf\" target=\"_blank\" rel=\"noopener\" download=\"\">Reglas para el servicio de inspecciones de Estaciones de Servicio Automotriz, Fluvial, GNCV, GCS, PDA, GLP.<\/a><\/li><li><a style=\"color: #000;\" href=\"https:\/\/cccdecolombia.com\/ccc\/wp-content\/uploads\/2024\/06\/Procedimiento-de-quejas-y-apelaciones.pdf\" target=\"_blank\" rel=\"noopener\" download=\"\">Procedimiento de quejas y apelaciones.<\/a><\/li><\/ul>\t\t\t\t\t\t\t\t<\/div>\n\t\t\t\t<\/div>\n\t\t\t\t<\/div>\n\t\t\t\t<\/div>\n\t\t<div class=\"elementor-element elementor-element-098cb7b e-con-full e-flex e-con e-child\" data-id=\"098cb7b\" data-element_type=\"container\" data-e-type=\"container\">\n\t\t\t\t<\/div>\n\t\t\t\t\t<\/div>\n\t\t\t\t<\/div>\n\t\t<div class=\"elementor-element elementor-element-1dba6365 e-flex e-con-boxed e-con e-parent\" data-id=\"1dba6365\" data-element_type=\"container\" data-e-type=\"container\">\n\t\t\t\t\t<div class=\"e-con-inner\">\n\t\t<div class=\"elementor-element elementor-element-1cf7d489 e-con-full e-flex e-con e-child\" data-id=\"1cf7d489\" data-element_type=\"container\" data-e-type=\"container\">\n\t\t\t\t<div class=\"elementor-element elementor-element-7975f091 elementor-widget elementor-widget-shortcode\" data-id=\"7975f091\" data-element_type=\"widget\" data-e-type=\"widget\" data-widget_type=\"shortcode.default\">\n\t\t\t\t<div class=\"elementor-widget-container\">\n\t\t\t\t\t\t\t<div class=\"elementor-shortcode\"><iframe src=\"https:\/\/docs.google.com\/viewer?url=https:\/\/cccdecolombia.com\/ccc\/wp-content\/uploads\/2026\/04\/CEA-CNT.pdf&embedded=true\" width=\"100%\" height=\"600px\" style=\"border: none;\"><\/iframe><\/div>\n\t\t\t\t\t\t<\/div>\n\t\t\t\t<\/div>\n\t\t\t\t<\/div>\n\t\t<div class=\"elementor-element elementor-element-40c95605 e-con-full e-flex e-con e-child\" data-id=\"40c95605\" data-element_type=\"container\" data-e-type=\"container\">\n\t\t\t\t<\/div>\n\t\t\t\t\t<\/div>\n\t\t\t\t<\/div>\n\t\t\t\t<\/div>\n\t\t","protected":false},"excerpt":{"rendered":"<p>Garantizamos que tu Centro de Ense\u00f1anza Automovil\u00edstica (CEA) y tu Centro de Inspecci\u00f3n Automotriz (CNT) cumplan con las normativas vigentes y operen con los m\u00e1s altos est\u00e1ndares de calidad y seguridad a trav\u00e9s de nuestros servicios de certificaci\u00f3n. Asegura la conformidad y excelencia de tus operaciones con la asesor\u00eda de nuestros expertos. Solicita aqu\u00ed nuestros [&hellip;]<\/p>\n","protected":false},"author":2,"featured_media":0,"parent":0,"menu_order":0,"comment_status":"closed","ping_status":"closed","template":"","meta":{"_monsterinsights_skip_tracking":false,"_monsterinsights_sitenote_active":false,"_monsterinsights_sitenote_note":"","_monsterinsights_sitenote_category":0,"_uf_show_specific_survey":0,"_uf_disable_surveys":false,"_joinchat":[],"footnotes":""},"class_list":["post-1830","page","type-page","status-publish","hentry"],"aioseo_notices":[],"_links":{"self":[{"href":"https:\/\/cccdecolombia.com\/ccc\/wp-json\/wp\/v2\/pages\/1830","targetHints":{"allow":["GET"]}}],"collection":[{"href":"https:\/\/cccdecolombia.com\/ccc\/wp-json\/wp\/v2\/pages"}],"about":[{"href":"https:\/\/cccdecolombia.com\/ccc\/wp-json\/wp\/v2\/types\/page"}],"author":[{"embeddable":true,"href":"https:\/\/cccdecolombia.com\/ccc\/wp-json\/wp\/v2\/users\/2"}],"replies":[{"embeddable":true,"href":"https:\/\/cccdecolombia.com\/ccc\/wp-json\/wp\/v2\/comments?post=1830"}],"version-history":[{"count":36,"href":"https:\/\/cccdecolombia.com\/ccc\/wp-json\/wp\/v2\/pages\/1830\/revisions"}],"predecessor-version":[{"id":4214,"href":"https:\/\/cccdecolombia.com\/ccc\/wp-json\/wp\/v2\/pages\/1830\/revisions\/4214"}],"wp:attachment":[{"href":"https:\/\/cccdecolombia.com\/ccc\/wp-json\/wp\/v2\/media?parent=1830"}],"curies":[{"name":"wp","href":"https:\/\/api.w.org\/{rel}","templated":true}]}}