{"id":2023,"date":"2024-07-30T22:23:07","date_gmt":"2024-07-31T03:23:07","guid":{"rendered":"https:\/\/cccdecolombia.com\/ccc\/?page_id=2023"},"modified":"2024-08-16T18:23:36","modified_gmt":"2024-08-16T23:23:36","slug":"la-experiencia-del-cliente-un-compromiso-excepcional","status":"publish","type":"page","link":"https:\/\/cccdecolombia.com\/ccc\/la-experiencia-del-cliente-un-compromiso-excepcional\/","title":{"rendered":"La experiencia del cliente: un compromiso excepcional"},"content":{"rendered":"\t\t<div data-elementor-type=\"wp-page\" data-elementor-id=\"2023\" class=\"elementor elementor-2023\" data-elementor-post-type=\"page\">\n\t\t\t\t<div class=\"elementor-element elementor-element-6694ef1 e-con-full e-flex e-con e-child\" data-id=\"6694ef1\" data-element_type=\"container\" data-e-type=\"container\">\n\t\t<div class=\"elementor-element elementor-element-83322d8 e-con-full e-flex e-con e-child\" data-id=\"83322d8\" data-element_type=\"container\" data-e-type=\"container\">\n\t\t\t\t<div class=\"elementor-element elementor-element-6de7451 elementor-widget elementor-widget-image\" data-id=\"6de7451\" data-element_type=\"widget\" data-e-type=\"widget\" data-widget_type=\"image.default\">\n\t\t\t\t<div class=\"elementor-widget-container\">\n\t\t\t\t\t\t\t\t\t\t\t\t\t\t\t<img fetchpriority=\"high\" decoding=\"async\" width=\"1024\" height=\"512\" src=\"https:\/\/cccdecolombia.com\/ccc\/wp-content\/uploads\/2024\/08\/2_ARTICULO-1024x512.jpg\" class=\"attachment-large size-large wp-image-2365\" alt=\"\" srcset=\"https:\/\/cccdecolombia.com\/ccc\/wp-content\/uploads\/2024\/08\/2_ARTICULO-1024x512.jpg 1024w, https:\/\/cccdecolombia.com\/ccc\/wp-content\/uploads\/2024\/08\/2_ARTICULO-300x150.jpg 300w, https:\/\/cccdecolombia.com\/ccc\/wp-content\/uploads\/2024\/08\/2_ARTICULO-768x384.jpg 768w, https:\/\/cccdecolombia.com\/ccc\/wp-content\/uploads\/2024\/08\/2_ARTICULO.jpg 1075w\" sizes=\"(max-width: 1024px) 100vw, 1024px\" \/>\t\t\t\t\t\t\t\t\t\t\t\t\t\t\t<\/div>\n\t\t\t\t<\/div>\n\t\t\t\t<div class=\"elementor-element elementor-element-607a9f1 elementor-widget elementor-widget-text-editor\" data-id=\"607a9f1\" data-element_type=\"widget\" data-e-type=\"widget\" data-widget_type=\"text-editor.default\">\n\t\t\t\t<div class=\"elementor-widget-container\">\n\t\t\t\t\t\t\t\t\t<h2 style=\"color: #000;\"><b>La experiencia del cliente: un compromiso excepcional<br \/><\/b><\/h2><p><b>Nuestro objetivo es fomentar un di\u00e1logo constructivo y constante con nuestros clientes, reforzando as\u00ed nuestro papel como socios confiables y expertos en la certificaci\u00f3n dentro del sector hidrocarburos.<\/b><\/p><p><b>Por: Ingeniera Lorena \u00c1lvarez\u00a0<\/b><br \/><b>Directora Comercial<\/b><br \/><b>CCC de Colombia<\/b><\/p><p><span style=\"font-weight: 400;\">En CCC de Colombia estamos comprometidos con la excelencia y la innovaci\u00f3n en el sector hidrocarburos. Como una organizaci\u00f3n de certificaci\u00f3n l\u00edder, reconocemos nuestra responsabilidad no solo ante nuestros clientes, sino tambi\u00e9n frente al marco regulatorio que rige esta industria.\u00a0<\/span><\/p><p><span style=\"font-weight: 400;\">En este sentido, queremos compartir c\u00f3mo estamos transformando la experiencia del cliente sin dejar de ser un ente imparcial que cumple estrictamente con la normativa y los decretos vigentes.<\/span><\/p><p><span style=\"font-weight: 400;\">La industria de los hidrocarburos es grande y diversa, y cubre desde estaciones de servicio hasta las instalaciones en grandes industrias. En cada una de estas l\u00edneas de negocio, la experiencia, la innovaci\u00f3n y la tecnolog\u00eda son primordiales. Sin embargo, entendemos que cumplir con estas expectativas no tiene que ser una experiencia complicada para nuestros clientes.<\/span><\/p><p><b>Innovaci\u00f3n en el servicio<\/b><\/p><p><span style=\"font-weight: 400;\">Estamos mejorando de forma permanente la experiencia de certificaci\u00f3n mediante la incorporaci\u00f3n de tecnolog\u00edas digitales avanzadas. Esto incluye el uso de software de gesti\u00f3n documental, plataformas y aplicaciones que permiten a nuestros clientes monitorear el estado de sus certificaciones en tiempo real, acceder a informes detallados y programar sus pr\u00f3ximas inspecciones con facilidad.\u00a0<\/span><\/p><p><span style=\"font-weight: 400;\">Al digitalizar nuestros procesos, no solo aumentamos la eficiencia y transparencia, sino que tambi\u00e9n proporcionamos una experiencia m\u00e1s personalizada y fluida para nuestros clientes, reduciendo as\u00ed el esfuerzo requerido de su parte.<\/span><\/p><p><b>Compromiso con la imparcialidad\u00a0<\/b><\/p><p><span style=\"font-weight: 400;\">Mientras nos esforzamos por mejorar la experiencia del cliente, nuestro compromiso con la imparcialidad y el cumplimiento normativo permanece inquebrantable.\u00a0<\/span><\/p><p><span style=\"font-weight: 400;\">Entendemos que la confianza de nuestros clientes y de la sociedad en general se basa en nuestra capacidad para proporcionar servicios de certificaci\u00f3n acordes con las regulaciones vigentes; por ello hemos implementado controles internos y procedimientos de auditor\u00eda que garantizan que todas nuestras actividades y decisiones se realicen con la mayor integridad y objetividad.<\/span><\/p><p><span style=\"font-weight: 400; color: orange; font-size: 22px;\"><i><b>En CCC de Colombia estamos comprometidos con una visi\u00f3n donde la excelencia en la certificaci\u00f3n va de la mano con una experiencia del cliente excepcional.<\/b><\/i><\/span><\/p><p><b>Educaci\u00f3n y comunicaci\u00f3n<\/b><\/p><p><span style=\"font-weight: 400;\">Reconocemos que una parte esencial de transformar la experiencia del cliente es educar y comunicar de manera efectiva. Por eso, estamos presentando esta revista digital que servir\u00e1 como plataforma para abordar temas de inter\u00e9s actual en el sector, incluyendo las \u00faltimas tendencias t\u00e9cnicas, tecnol\u00f3gicas y legislativas que aseguran la sostenibilidad.\u00a0<\/span><\/p><p><span style=\"font-weight: 400;\">Nuestro objetivo es no solo informar, sino tambi\u00e9n fomentar un di\u00e1logo constructivo y constante con nuestros clientes y partes interesadas, reforzando as\u00ed nuestro papel como socios confiables y expertos en la certificaci\u00f3n dentro del sector hidrocarburos.<\/span><\/p><p><b>Una experiencia excepcional<\/b><\/p><p><span style=\"font-weight: 400;\">En CCC de Colombia estamos comprometidos con una visi\u00f3n donde la excelencia en la certificaci\u00f3n va de la mano con una experiencia del cliente excepcional.\u00a0<\/span><\/p><p><span style=\"font-weight: 400;\">Aunque nuestro camino hacia la transformaci\u00f3n contin\u00faa, nuestra dedicaci\u00f3n a la imparcialidad, al cumplimiento normativo y a la innovaci\u00f3n permanece firme.<\/span><\/p><p><span style=\"font-weight: 400;\">Juntos estamos elevando los est\u00e1ndares de nuestra industria y, tambi\u00e9n, construyendo un futuro m\u00e1s seguro y sostenible para todos.<\/span><\/p>\t\t\t\t\t\t\t\t<\/div>\n\t\t\t\t<\/div>\n\t\t\t\t<\/div>\n\t\t<div class=\"elementor-element elementor-element-34ee4c7 e-con-full e-flex e-con e-child\" data-id=\"34ee4c7\" data-element_type=\"container\" data-e-type=\"container\">\n\t\t<div class=\"elementor-element elementor-element-3658eac e-con-full e-flex e-con e-child\" data-id=\"3658eac\" data-element_type=\"container\" data-e-type=\"container\" data-settings=\"{&quot;background_background&quot;:&quot;classic&quot;}\">\n\t\t\t\t<div class=\"elementor-element elementor-element-cb3dc19 elementor-widget elementor-widget-heading\" data-id=\"cb3dc19\" data-element_type=\"widget\" data-e-type=\"widget\" data-widget_type=\"heading.default\">\n\t\t\t\t<div class=\"elementor-widget-container\">\n\t\t\t\t\t<h2 class=\"elementor-heading-title elementor-size-default\">Bolet\u00edn CCC de Colombia<\/h2>\t\t\t\t<\/div>\n\t\t\t\t<\/div>\n\t\t\t\t<div class=\"elementor-element elementor-element-1daa2dc elementor-widget elementor-widget-text-editor\" data-id=\"1daa2dc\" data-element_type=\"widget\" data-e-type=\"widget\" data-widget_type=\"text-editor.default\">\n\t\t\t\t<div class=\"elementor-widget-container\">\n\t\t\t\t\t\t\t\t\t<p>Reciba toda la informaci\u00f3n del grupo empresarial colombiano en su correo electr\u00f3nico o en su celular y ent\u00e9rese de las \u00faltimas novedades, noticias, comunicados y eventos.<\/p>\t\t\t\t\t\t\t\t<\/div>\n\t\t\t\t<\/div>\n\t\t\t\t<div class=\"elementor-element elementor-element-73551b4 elementor-widget elementor-widget-shortcode\" data-id=\"73551b4\" data-element_type=\"widget\" data-e-type=\"widget\" data-widget_type=\"shortcode.default\">\n\t\t\t\t<div class=\"elementor-widget-container\">\n\t\t\t\t\t\t\t<div class=\"elementor-shortcode\">\n<div class=\"wpcf7 no-js\" id=\"wpcf7-f1990-o1\" lang=\"es-CO\" dir=\"ltr\" data-wpcf7-id=\"1990\">\n<div class=\"screen-reader-response\"><p role=\"status\" aria-live=\"polite\" aria-atomic=\"true\"><\/p> <ul><\/ul><\/div>\n<form action=\"\/ccc\/wp-json\/wp\/v2\/pages\/2023#wpcf7-f1990-o1\" method=\"post\" class=\"wpcf7-form init\" aria-label=\"Formulario de contacto\" novalidate=\"novalidate\" data-status=\"init\">\n<fieldset class=\"hidden-fields-container\"><input type=\"hidden\" name=\"_wpcf7\" value=\"1990\" \/><input type=\"hidden\" name=\"_wpcf7_version\" value=\"6.1.5\" \/><input type=\"hidden\" name=\"_wpcf7_locale\" value=\"es_CO\" \/><input type=\"hidden\" name=\"_wpcf7_unit_tag\" value=\"wpcf7-f1990-o1\" \/><input type=\"hidden\" name=\"_wpcf7_container_post\" value=\"0\" \/><input type=\"hidden\" name=\"_wpcf7_posted_data_hash\" value=\"\" \/><input type=\"hidden\" name=\"_wpcf7_recaptcha_response\" value=\"\" \/>\n<\/fieldset>\n<p><label> Nombre:<br \/>\n<span class=\"wpcf7-form-control-wrap\" data-name=\"your-name\"><input size=\"40\" maxlength=\"400\" class=\"wpcf7-form-control wpcf7-text wpcf7-validates-as-required\" autocomplete=\"name\" aria-required=\"true\" aria-invalid=\"false\" value=\"\" type=\"text\" name=\"your-name\" \/><\/span> <\/label>\n<\/p>\n<p><label> Celular:<br \/>\n<span class=\"wpcf7-form-control-wrap\" data-name=\"Celular\"><input size=\"40\" maxlength=\"400\" class=\"wpcf7-form-control wpcf7-text wpcf7-validates-as-required\" aria-required=\"true\" aria-invalid=\"false\" value=\"\" type=\"text\" name=\"Celular\" \/><\/span> <\/label>\n<\/p>\n<p><label> Correo Electr\u00f3nico:<br \/>\n<span class=\"wpcf7-form-control-wrap\" data-name=\"your-email\"><input size=\"40\" maxlength=\"400\" class=\"wpcf7-form-control wpcf7-email wpcf7-validates-as-required wpcf7-text wpcf7-validates-as-email\" autocomplete=\"email\" aria-required=\"true\" aria-invalid=\"false\" value=\"\" type=\"email\" name=\"your-email\" \/><\/span> <\/label>\n<\/p>\n<p><input class=\"wpcf7-form-control wpcf7-submit has-spinner\" type=\"submit\" value=\"Enviar\" \/>\n<\/p><div class=\"wpcf7-response-output\" aria-hidden=\"true\"><\/div>\n<\/form>\n<\/div>\n<\/div>\n\t\t\t\t\t\t<\/div>\n\t\t\t\t<\/div>\n\t\t\t\t<\/div>\n\t\t\t\t<\/div>\n\t\t\t\t<\/div>\n\t\t\t\t<\/div>\n\t\t","protected":false},"excerpt":{"rendered":"<p>La experiencia del cliente: un compromiso excepcional Nuestro objetivo es fomentar un di\u00e1logo constructivo y constante con nuestros clientes, reforzando as\u00ed nuestro papel como socios confiables y expertos en la certificaci\u00f3n dentro del sector hidrocarburos. Por: Ingeniera Lorena \u00c1lvarez\u00a0Directora ComercialCCC de Colombia En CCC de Colombia estamos comprometidos con la excelencia y la innovaci\u00f3n en [&hellip;]<\/p>\n","protected":false},"author":2,"featured_media":0,"parent":0,"menu_order":0,"comment_status":"closed","ping_status":"closed","template":"","meta":{"_monsterinsights_skip_tracking":false,"_monsterinsights_sitenote_active":false,"_monsterinsights_sitenote_note":"","_monsterinsights_sitenote_category":0,"_uf_show_specific_survey":0,"_uf_disable_surveys":false,"_joinchat":[],"footnotes":""},"class_list":["post-2023","page","type-page","status-publish","hentry"],"aioseo_notices":[],"_links":{"self":[{"href":"https:\/\/cccdecolombia.com\/ccc\/wp-json\/wp\/v2\/pages\/2023","targetHints":{"allow":["GET"]}}],"collection":[{"href":"https:\/\/cccdecolombia.com\/ccc\/wp-json\/wp\/v2\/pages"}],"about":[{"href":"https:\/\/cccdecolombia.com\/ccc\/wp-json\/wp\/v2\/types\/page"}],"author":[{"embeddable":true,"href":"https:\/\/cccdecolombia.com\/ccc\/wp-json\/wp\/v2\/users\/2"}],"replies":[{"embeddable":true,"href":"https:\/\/cccdecolombia.com\/ccc\/wp-json\/wp\/v2\/comments?post=2023"}],"version-history":[{"count":5,"href":"https:\/\/cccdecolombia.com\/ccc\/wp-json\/wp\/v2\/pages\/2023\/revisions"}],"predecessor-version":[{"id":2392,"href":"https:\/\/cccdecolombia.com\/ccc\/wp-json\/wp\/v2\/pages\/2023\/revisions\/2392"}],"wp:attachment":[{"href":"https:\/\/cccdecolombia.com\/ccc\/wp-json\/wp\/v2\/media?parent=2023"}],"curies":[{"name":"wp","href":"https:\/\/api.w.org\/{rel}","templated":true}]}}