{"id":2029,"date":"2024-07-30T22:26:57","date_gmt":"2024-07-31T03:26:57","guid":{"rendered":"https:\/\/cccdecolombia.com\/ccc\/?page_id=2029"},"modified":"2024-08-16T18:24:36","modified_gmt":"2024-08-16T23:24:36","slug":"somos-la-compania-lider-en-inspeccion-y-certificacion","status":"publish","type":"page","link":"https:\/\/cccdecolombia.com\/ccc\/somos-la-compania-lider-en-inspeccion-y-certificacion\/","title":{"rendered":"Somos la compa\u00f1\u00eda l\u00edder en inspecci\u00f3n y certificaci\u00f3n"},"content":{"rendered":"\t\t<div data-elementor-type=\"wp-page\" data-elementor-id=\"2029\" class=\"elementor elementor-2029\" data-elementor-post-type=\"page\">\n\t\t\t\t<div class=\"elementor-element elementor-element-1860cbb e-con-full e-flex e-con e-child\" data-id=\"1860cbb\" data-element_type=\"container\" data-e-type=\"container\">\n\t\t<div class=\"elementor-element elementor-element-18c40bf e-con-full e-flex e-con e-child\" data-id=\"18c40bf\" data-element_type=\"container\" data-e-type=\"container\">\n\t\t\t\t<div class=\"elementor-element elementor-element-d6f8d3a elementor-widget elementor-widget-image\" data-id=\"d6f8d3a\" data-element_type=\"widget\" data-e-type=\"widget\" data-widget_type=\"image.default\">\n\t\t\t\t<div class=\"elementor-widget-container\">\n\t\t\t\t\t\t\t\t\t\t\t\t\t\t\t<img fetchpriority=\"high\" decoding=\"async\" width=\"1024\" height=\"512\" src=\"https:\/\/cccdecolombia.com\/ccc\/wp-content\/uploads\/2024\/08\/3_ARTICULO-1024x512.jpg\" class=\"attachment-large size-large wp-image-2367\" alt=\"\" srcset=\"https:\/\/cccdecolombia.com\/ccc\/wp-content\/uploads\/2024\/08\/3_ARTICULO-1024x512.jpg 1024w, https:\/\/cccdecolombia.com\/ccc\/wp-content\/uploads\/2024\/08\/3_ARTICULO-300x150.jpg 300w, https:\/\/cccdecolombia.com\/ccc\/wp-content\/uploads\/2024\/08\/3_ARTICULO-768x384.jpg 768w, https:\/\/cccdecolombia.com\/ccc\/wp-content\/uploads\/2024\/08\/3_ARTICULO.jpg 1075w\" sizes=\"(max-width: 1024px) 100vw, 1024px\" \/>\t\t\t\t\t\t\t\t\t\t\t\t\t\t\t<\/div>\n\t\t\t\t<\/div>\n\t\t\t\t<div class=\"elementor-element elementor-element-6e39dd4 elementor-widget elementor-widget-text-editor\" data-id=\"6e39dd4\" data-element_type=\"widget\" data-e-type=\"widget\" data-widget_type=\"text-editor.default\">\n\t\t\t\t<div class=\"elementor-widget-container\">\n\t\t\t\t\t\t\t\t\t<h2 style=\"color: #000;\"><b>\u2018Somos la compa\u00f1\u00eda l\u00edder en inspecci\u00f3n y certificaci\u00f3n\u2019<br \/><\/b><\/h2><p><b>Ese es uno de los objetivos misionales de esta compa\u00f1\u00eda que ofrece su portafolio de servicios desde hace m\u00e1s de 10 a\u00f1os a la industria de hidrocarburos y al sector del transporte.<\/b><\/p><p><span style=\"font-weight: 400;\">Ser un organismo de evaluaci\u00f3n de la conformidad l\u00edder en el mercado colombiano y latinoamericano es una de los objetivos misionales de CCC de Colombia, y en ese prop\u00f3sito desarrolla toda su estrategia y su portafolio de servicios.<\/span><\/p><p><span style=\"font-weight: 400;\">\u201cDesde enero de 2022 ha sido el organismo pionero acreditado por ONAC en ofrecer toda la l\u00ednea para certificar la cadena que almacena y distribuye todos los combustibles derivados del petr\u00f3leo. Hoy mantiene este liderazgo, junto con los organismos de mayor trayectoria en el mercado\u201d, asegura Jes\u00fas Molina, director de Sistemas de Gesti\u00f3n de CCC de Colombia.\u00a0\u00a0\u00a0<\/span><\/p><p><span style=\"font-weight: 400;\">Como director de Sistemas de Gesti\u00f3n, Molina es responsable de que \u2018todo funcione como un relojito\u2019, que haya evidencias y gesti\u00f3n documental de todo lo que se hace en los distintos procesos. Coordinar, planear, verificar, controlar todo lo relacionado con las actividades que tienen que ver con el proceso de evaluaci\u00f3n de la conformidad.\u00a0\u00a0<\/span><\/p><p><span style=\"font-weight: 400;\">Este holding empresarial, a trav\u00e9s de CCC Inspecciones, est\u00e1 acreditado en Colombia por la ONAC en varios esquemas para realizar la inspecci\u00f3n y certificaci\u00f3n de acuerdo con los requerimientos establecidos en la norma ISO\/IEC 17020:2012.<\/span><\/p><p><span style=\"font-weight: 400;\">El alcance del proceso de inspecci\u00f3n se refiere a inspeccionar instalaciones que distribuyen combustibles derivados del petr\u00f3leo, que suministran GNV y que almacenan GLP. As\u00ed mismo, la inspecci\u00f3n de tanques estacionarios de GLP y las redes industriales, tanto de gas natural como de GLP.<\/span><\/p><p><span style=\"font-weight: 400;\">Compa\u00f1\u00eda de Certificaci\u00f3n de Colombia tambi\u00e9n est\u00e1 acreditada por ONAC para la certificaci\u00f3n de productos, procesos y servicios regulados por la norma ISO\/IEC 17065:2012. En este caso se incluye la certificaci\u00f3n de los componentes del equipo completo de los veh\u00edculos que se convierten a GNV y GLP, incluyendo los talleres de conversi\u00f3n, las inspecciones de los veh\u00edculos convertidos a GNV\/GLP, la competencia para los centros de ense\u00f1anza automovil\u00edstica en temas de aptitud en conducci\u00f3n y los organismos de tr\u00e1nsito que realizan cursos para infractores.<\/span><\/p><p><span style=\"font-weight: 400;\">Su \u00e1mbito de prestaci\u00f3n del servicio es todo el territorio nacional, desde Leticia hasta Punta Gallinas. \u201cUna de las pol\u00edticas internas que se maneja en el \u00e1mbito de evaluaci\u00f3n de la conformidad son las condiciones no discriminatorias, que nos faculta para que atendamos el servicio independientemente de donde se encuentre ubicado el cliente y sin ning\u00fan tipo de discriminaci\u00f3n\u201d, se\u00f1ala el ingeniero Molina.<\/span><\/p><p><span style=\"font-weight: 400; color: orange; font-size: 22px;\"><i><b>Ese es el objetivo de toda la estructura de certificaci\u00f3n: garantizar esa sostenibilidad de las organizaciones, manteniendo los est\u00e1ndares m\u00ednimos de seguridad y de conformidad frente a los requisitos t\u00e9cnicos aplicables.<br \/><\/b><\/i><\/span><\/p><p><span style=\"font-weight: 400;\">Otra oferta de valor de este organismo de evaluaci\u00f3n de la conformidad es su alcance internacional. Desde agosto de 2019, CCC Inspecciones cuenta con la acreditaci\u00f3n de la Entidad Mexicana de Acreditaci\u00f3n (EMA) para realizar tareas de inspecci\u00f3n seg\u00fan la norma ISO\/IEC 17020:2012 en gas natural en M\u00e9xico.\u00a0<\/span><\/p><p><span style=\"font-weight: 400;\">En este pa\u00eds se inspeccionan Estaciones de Servicio que suministren GNV, instalaciones de m\u00f3dulos transportables, instalaciones sat\u00e9lites e instalaciones vehiculares convertidas a GNV. La operaci\u00f3n es nacional y se extiende a las ciudades de Ciudad de M\u00e9xico, Queretaro, Guanajuato, Puebla y Monterrey.<\/span><\/p><p><span style=\"font-weight: 400;\">\u201cEl personal que trabaja con CCC de Colombia tiene un alto nivel de competencia, en especial competencia t\u00e9cnica en lo que tiene que ver con la evaluaci\u00f3n de la conformidad. Esa es una de nuestras grandes fortalezas\u201d, afirma Jes\u00fas Molina.\u00a0\u00a0<\/span><\/p><p><span style=\"font-weight: 400;\">Adem\u00e1s de su talento humano, otra de las grandes fortalezas de la compa\u00f1\u00eda ha sido el desarrollo tecnol\u00f3gico implementado en sus distintos procesos de inspecci\u00f3n y certificaci\u00f3n.<\/span><\/p><p><span style=\"font-weight: 400;\">\u201cUna de las principales propuestas de valor que tenemos dentro de la organizaci\u00f3n es c\u00f3mo podemos generar confianza y ser \u00e1giles en la entrega de resultados en los procesos de evaluaci\u00f3n de la conformidad. La mayor\u00eda de servicios que tenemos son inspecciones que no son ligeras y nos generan un rubro importante de registros. Utilizar medios tecnol\u00f3gicos para manejar este cumulo de datos nos garantiza poder tener la confianza que toda la informaci\u00f3n se resguarda de una manera confidencial y segura y esa es una de las grandes ventajas que tenemos\u201d, sostiene Molina.<\/span><\/p><p><span style=\"font-weight: 400;\">Lo segundo es la agilidad. Tener una respuesta efectiva al cliente y entregar un certificado en tiempo real, gracias a la plataforma tecnol\u00f3gica que opera la empresa, es un \u2018plus\u2019 grande para cualquier cliente.<\/span><\/p><p><span style=\"font-weight: 400;\">\u201cNosotros brindamos una experiencia del cliente excepcional. Aqu\u00ed en la evaluaci\u00f3n de la conformidad prima el cumplimiento de unos requisitos aplicables, priman unas condiciones de objetividad e imparcialidad. El certificado es el resultado de una evaluaci\u00f3n de la conformidad\u201d, se\u00f1ala.<\/span><\/p><p><span style=\"font-weight: 400;\">Tanto la propuesta de valor como la pol\u00edtica organizacional y los valores corporativos propios de CCC de Colombia han sido permanentemente divulgados a todo el personal de la compa\u00f1\u00eda y cada uno los asimila en sus acciones cotidianas. All\u00ed radica buena parte de una experiencia del cliente excepcional.<\/span><\/p><div style=\"border: 1px solid gray; padding: 15px;\"><p><b style=\"font-size: 20px;\">El certificado de inspecci\u00f3n en las EDS<\/b><\/p><p><span style=\"font-weight: 400;\">La entrada en vigencia de la Resoluci\u00f3n 40198 -primer Reglamento T\u00e9cnico para Estaciones de Servicio- introdujo un cambio importante en la exigencia del certificado de conformidad. Ahora, la responsabilidad del certificado no recae sobre el organismo certificador sino sobre el agente de la cadena, en este caso la EDS.<\/span><\/p><p><span style=\"font-weight: 400;\">\u201cHemos sido catalizadores del proceso al interpretar los requisitos de conformidad y concientizar a las EDS para generar confianza, cuidando todo el tema de objetividad e imparcialidad en el ejercicio de la evaluaci\u00f3n de la conformidad, de manera que el cliente no nos viera solo como un ente certificador sin conciencia del reto que vive el sector, sino que nos permitiera orientarlo en raz\u00f3n de la progresividad descrita en el reglamento, para ir implementando la norma poco a poco\u201d, dice Molina.\u00a0<\/span><\/p><p><span style=\"font-weight: 400;\">En el esquema anterior, el certificado se entregaba con una vigencia de 3 a\u00f1os, con vigilancias anuales ordinarias o extraordinarias que eran completa responsabilidad del certificador, para poder mantener el certificado de conformidad. Ahora las EDS son las responsables por cumplir con los requisitos de evaluaci\u00f3n de la conformidad, que se debe inspeccionar cada dos a\u00f1os para que puedan operar de manera segura. As\u00ed mismo, es importante que hagan seguimiento a la implementaci\u00f3n de los requisitos que vencen cada a\u00f1o, de manera que puedan cumplir con los requerimientos del Nuevo Reglamento T\u00e9cnico.\u00a0<\/span><\/p><p><span style=\"font-weight: 400;\">\u201cFinalmente, ya el sector va entendiendo cu\u00e1l es el esp\u00edritu de la evaluaci\u00f3n de la conformidad y la raz\u00f3n de lo que hacemos. Entender por qu\u00e9 existen las certificaciones, por qu\u00e9 existen los organismos de certificaci\u00f3n y por qu\u00e9 las instalaciones deben certificarse. Finalmente, ese es el objetivo de toda la estructura de certificaci\u00f3n: garantizar esa sostenibilidad de las organizaciones, manteniendo los est\u00e1ndares m\u00ednimos de seguridad y de conformidad frente a los requisitos t\u00e9cnicos aplicables\u201d, concluye Jes\u00fas Molina.<\/span><\/p><\/div>\t\t\t\t\t\t\t\t<\/div>\n\t\t\t\t<\/div>\n\t\t\t\t<\/div>\n\t\t<div class=\"elementor-element elementor-element-17267d5 e-con-full e-flex e-con e-child\" data-id=\"17267d5\" data-element_type=\"container\" data-e-type=\"container\">\n\t\t<div class=\"elementor-element elementor-element-a546bbb e-con-full e-flex e-con e-child\" data-id=\"a546bbb\" data-element_type=\"container\" data-e-type=\"container\" data-settings=\"{&quot;background_background&quot;:&quot;classic&quot;}\">\n\t\t\t\t<div class=\"elementor-element elementor-element-4807fff elementor-widget elementor-widget-heading\" data-id=\"4807fff\" data-element_type=\"widget\" data-e-type=\"widget\" data-widget_type=\"heading.default\">\n\t\t\t\t<div class=\"elementor-widget-container\">\n\t\t\t\t\t<h2 class=\"elementor-heading-title elementor-size-default\">Bolet\u00edn CCC de Colombia<\/h2>\t\t\t\t<\/div>\n\t\t\t\t<\/div>\n\t\t\t\t<div class=\"elementor-element elementor-element-2210f59 elementor-widget elementor-widget-text-editor\" data-id=\"2210f59\" data-element_type=\"widget\" data-e-type=\"widget\" data-widget_type=\"text-editor.default\">\n\t\t\t\t<div class=\"elementor-widget-container\">\n\t\t\t\t\t\t\t\t\t<p>Reciba toda la informaci\u00f3n del grupo empresarial colombiano en su correo electr\u00f3nico o en su celular y ent\u00e9rese de las \u00faltimas novedades, noticias, comunicados y eventos.<\/p>\t\t\t\t\t\t\t\t<\/div>\n\t\t\t\t<\/div>\n\t\t\t\t<div class=\"elementor-element elementor-element-1ceb1ce elementor-widget elementor-widget-shortcode\" data-id=\"1ceb1ce\" data-element_type=\"widget\" data-e-type=\"widget\" data-widget_type=\"shortcode.default\">\n\t\t\t\t<div class=\"elementor-widget-container\">\n\t\t\t\t\t\t\t<div class=\"elementor-shortcode\">\n<div class=\"wpcf7 no-js\" id=\"wpcf7-f1990-o1\" lang=\"es-CO\" dir=\"ltr\" data-wpcf7-id=\"1990\">\n<div class=\"screen-reader-response\"><p role=\"status\" aria-live=\"polite\" aria-atomic=\"true\"><\/p> <ul><\/ul><\/div>\n<form action=\"\/ccc\/wp-json\/wp\/v2\/pages\/2029#wpcf7-f1990-o1\" method=\"post\" class=\"wpcf7-form init\" aria-label=\"Formulario de contacto\" novalidate=\"novalidate\" data-status=\"init\">\n<fieldset class=\"hidden-fields-container\"><input type=\"hidden\" name=\"_wpcf7\" value=\"1990\" \/><input type=\"hidden\" name=\"_wpcf7_version\" value=\"6.1.5\" \/><input type=\"hidden\" name=\"_wpcf7_locale\" value=\"es_CO\" \/><input type=\"hidden\" name=\"_wpcf7_unit_tag\" value=\"wpcf7-f1990-o1\" \/><input type=\"hidden\" name=\"_wpcf7_container_post\" value=\"0\" \/><input type=\"hidden\" name=\"_wpcf7_posted_data_hash\" value=\"\" \/><input type=\"hidden\" name=\"_wpcf7_recaptcha_response\" value=\"\" \/>\n<\/fieldset>\n<p><label> Nombre:<br \/>\n<span class=\"wpcf7-form-control-wrap\" data-name=\"your-name\"><input size=\"40\" maxlength=\"400\" class=\"wpcf7-form-control wpcf7-text wpcf7-validates-as-required\" autocomplete=\"name\" aria-required=\"true\" aria-invalid=\"false\" value=\"\" type=\"text\" name=\"your-name\" \/><\/span> <\/label>\n<\/p>\n<p><label> Celular:<br \/>\n<span class=\"wpcf7-form-control-wrap\" data-name=\"Celular\"><input size=\"40\" maxlength=\"400\" class=\"wpcf7-form-control wpcf7-text wpcf7-validates-as-required\" aria-required=\"true\" aria-invalid=\"false\" value=\"\" type=\"text\" name=\"Celular\" \/><\/span> <\/label>\n<\/p>\n<p><label> Correo Electr\u00f3nico:<br \/>\n<span class=\"wpcf7-form-control-wrap\" data-name=\"your-email\"><input size=\"40\" maxlength=\"400\" class=\"wpcf7-form-control wpcf7-email wpcf7-validates-as-required wpcf7-text wpcf7-validates-as-email\" autocomplete=\"email\" aria-required=\"true\" aria-invalid=\"false\" value=\"\" type=\"email\" name=\"your-email\" \/><\/span> <\/label>\n<\/p>\n<p><input class=\"wpcf7-form-control wpcf7-submit has-spinner\" type=\"submit\" value=\"Enviar\" \/>\n<\/p><div class=\"wpcf7-response-output\" aria-hidden=\"true\"><\/div>\n<\/form>\n<\/div>\n<\/div>\n\t\t\t\t\t\t<\/div>\n\t\t\t\t<\/div>\n\t\t\t\t<\/div>\n\t\t\t\t<\/div>\n\t\t\t\t<\/div>\n\t\t\t\t<\/div>\n\t\t","protected":false},"excerpt":{"rendered":"<p>\u2018Somos la compa\u00f1\u00eda l\u00edder en inspecci\u00f3n y certificaci\u00f3n\u2019 Ese es uno de los objetivos misionales de esta compa\u00f1\u00eda que ofrece su portafolio de servicios desde hace m\u00e1s de 10 a\u00f1os a la industria de hidrocarburos y al sector del transporte. Ser un organismo de evaluaci\u00f3n de la conformidad l\u00edder en el mercado colombiano y latinoamericano [&hellip;]<\/p>\n","protected":false},"author":2,"featured_media":0,"parent":0,"menu_order":0,"comment_status":"closed","ping_status":"closed","template":"","meta":{"_monsterinsights_skip_tracking":false,"_monsterinsights_sitenote_active":false,"_monsterinsights_sitenote_note":"","_monsterinsights_sitenote_category":0,"_uf_show_specific_survey":0,"_uf_disable_surveys":false,"_joinchat":[],"footnotes":""},"class_list":["post-2029","page","type-page","status-publish","hentry"],"aioseo_notices":[],"_links":{"self":[{"href":"https:\/\/cccdecolombia.com\/ccc\/wp-json\/wp\/v2\/pages\/2029","targetHints":{"allow":["GET"]}}],"collection":[{"href":"https:\/\/cccdecolombia.com\/ccc\/wp-json\/wp\/v2\/pages"}],"about":[{"href":"https:\/\/cccdecolombia.com\/ccc\/wp-json\/wp\/v2\/types\/page"}],"author":[{"embeddable":true,"href":"https:\/\/cccdecolombia.com\/ccc\/wp-json\/wp\/v2\/users\/2"}],"replies":[{"embeddable":true,"href":"https:\/\/cccdecolombia.com\/ccc\/wp-json\/wp\/v2\/comments?post=2029"}],"version-history":[{"count":5,"href":"https:\/\/cccdecolombia.com\/ccc\/wp-json\/wp\/v2\/pages\/2029\/revisions"}],"predecessor-version":[{"id":2395,"href":"https:\/\/cccdecolombia.com\/ccc\/wp-json\/wp\/v2\/pages\/2029\/revisions\/2395"}],"wp:attachment":[{"href":"https:\/\/cccdecolombia.com\/ccc\/wp-json\/wp\/v2\/media?parent=2029"}],"curies":[{"name":"wp","href":"https:\/\/api.w.org\/{rel}","templated":true}]}}