{"id":2036,"date":"2024-07-30T22:28:32","date_gmt":"2024-07-31T03:28:32","guid":{"rendered":"https:\/\/cccdecolombia.com\/ccc\/?page_id=2036"},"modified":"2024-08-16T18:26:25","modified_gmt":"2024-08-16T23:26:25","slug":"ccc-un-aliado-de-la-tecnologia","status":"publish","type":"page","link":"https:\/\/cccdecolombia.com\/ccc\/ccc-un-aliado-de-la-tecnologia\/","title":{"rendered":"CCC, un aliado de la tecnolog\u00eda"},"content":{"rendered":"\t\t<div data-elementor-type=\"wp-page\" data-elementor-id=\"2036\" class=\"elementor elementor-2036\" data-elementor-post-type=\"page\">\n\t\t\t\t<div class=\"elementor-element elementor-element-a9bf256 e-con-full e-flex e-con e-child\" data-id=\"a9bf256\" data-element_type=\"container\" data-e-type=\"container\">\n\t\t<div class=\"elementor-element elementor-element-f0dca85 e-con-full e-flex e-con e-child\" data-id=\"f0dca85\" data-element_type=\"container\" data-e-type=\"container\">\n\t\t\t\t<div class=\"elementor-element elementor-element-4bbb482 elementor-widget elementor-widget-image\" data-id=\"4bbb482\" data-element_type=\"widget\" data-e-type=\"widget\" data-widget_type=\"image.default\">\n\t\t\t\t<div class=\"elementor-widget-container\">\n\t\t\t\t\t\t\t\t\t\t\t\t\t\t\t<img fetchpriority=\"high\" decoding=\"async\" width=\"1024\" height=\"512\" src=\"https:\/\/cccdecolombia.com\/ccc\/wp-content\/uploads\/2024\/08\/8_ARTICULO-1024x512.jpg\" class=\"attachment-large size-large wp-image-2357\" alt=\"\" srcset=\"https:\/\/cccdecolombia.com\/ccc\/wp-content\/uploads\/2024\/08\/8_ARTICULO-1024x512.jpg 1024w, https:\/\/cccdecolombia.com\/ccc\/wp-content\/uploads\/2024\/08\/8_ARTICULO-300x150.jpg 300w, https:\/\/cccdecolombia.com\/ccc\/wp-content\/uploads\/2024\/08\/8_ARTICULO-768x384.jpg 768w, https:\/\/cccdecolombia.com\/ccc\/wp-content\/uploads\/2024\/08\/8_ARTICULO.jpg 1075w\" sizes=\"(max-width: 1024px) 100vw, 1024px\" \/>\t\t\t\t\t\t\t\t\t\t\t\t\t\t\t<\/div>\n\t\t\t\t<\/div>\n\t\t\t\t<div class=\"elementor-element elementor-element-236ee13 elementor-widget elementor-widget-text-editor\" data-id=\"236ee13\" data-element_type=\"widget\" data-e-type=\"widget\" data-widget_type=\"text-editor.default\">\n\t\t\t\t<div class=\"elementor-widget-container\">\n\t\t\t\t\t\t\t\t\t<h2 style=\"color: #000;\"><b>CCC, un aliado de la tecnolog\u00eda<br \/><\/b><\/h2><p><b>CCC de Colombia es hoy por hoy la \u00fanica compa\u00f1\u00eda certificadora del pa\u00eds que utiliza varias plataformas tecnol\u00f3gicas para sus procesos de inspecci\u00f3n y certificaci\u00f3n en Colombia. Su compromiso es ser aliado de la tecnolog\u00eda para brindar el mejor servicio.<\/b><\/p><p><span style=\"font-weight: 400;\">\u201cLa organizaci\u00f3n que no vea a la tecnolog\u00eda como un aliado est\u00e1 condenada a desaparecer. No hay manera de que se sostenga en el mercado si no sabe utilizar la tecnolog\u00eda a su favor\u201d.<\/span><\/p><p><span style=\"font-weight: 400;\">La frase de Rolando Castro, director de Tecnolog\u00eda y Desarrollo de CCC de Colombia, es contundente y premonitoria. Por eso, este holding empresarial decidi\u00f3 desde hace m\u00e1s de 10 a\u00f1os tener a la tecnolog\u00eda como su principal aliado y como la base fundamental de todos sus servicios. A tal punto, que hoy ninguna otra compa\u00f1\u00eda utiliza este tipo de plataformas para sus procesos de inspecci\u00f3n y certificaci\u00f3n en Colombia.<\/span><\/p><p><span style=\"font-weight: 400;\">Aunque puede parecer pretencioso mencionarlo, \u00e9sta ha sido una tarea que se ha construido gradualmente y que ha requerido un gran esfuerzo de todo el equipo CCC.<\/span><\/p><p><span style=\"font-weight: 400;\">\u201cEsto se dio paso a paso. En el comienzo la idea no era pasar todo el proceso a digital. La misma costumbre de tener todo en papel hac\u00eda que siempre se tratara de contar con el papel. Poco a poco fue inevitable que la parte tecnol\u00f3gica se apoderara de cada uno de los procesos que hacen parte de la certificaci\u00f3n, hasta el punto actual en donde ya la tecnolog\u00eda domina todo el proceso, desde la inscripci\u00f3n del cliente hasta la expedici\u00f3n del certificado\u201d, se\u00f1ala Rolando.<\/span><\/p><p><span style=\"font-weight: 400;\">Hoy ya no se requiere tener grandes espacios llenos de cajas de cart\u00f3n y archivos f\u00edsicos, donde localizar un documento especifico se podr\u00eda llevar todo un d\u00eda. As\u00ed era el proceso documental de una certificaci\u00f3n de un establecimiento: una caja de cart\u00f3n con muchas carpetas. Ahora lo que se requiere es espacio digital, con la diferencia de que la informaci\u00f3n digital es mucho m\u00e1s f\u00e1cil de clasificar, organizar, localizar y mantener en el tiempo.<\/span><\/p><p><span style=\"font-weight: 400;\">\u201cHoy lo que requerimos es m\u00e1s robustez en el almacenamiento de datos. Hace un par de a\u00f1os digitalizar tantos registros significaba tener mucho espacio en la nube, que no es barato. Por eso nos hemos concentrado en reducir el tama\u00f1o de la informaci\u00f3n y ahora nos remitimos a la informaci\u00f3n que es estrictamente necesaria\u201d, se\u00f1ala el director de Tecnolog\u00eda y Desarrollo de CCC de Colombia.<\/span><\/p><p><span style=\"font-weight: 400; color: orange; font-size: 22px;\"><i><b>Hoy, ninguna otra compa\u00f1\u00eda utiliza este tipo de plataformas para sus procesos de inspecci\u00f3n y certificaci\u00f3n en Colombia.<br \/><\/b><\/i><\/span><\/p><p><span style=\"font-weight: 400;\">En un futuro cercano, CCC de Colombia presentar\u00e1 a sus clientes Soca Next, una innovadora soluci\u00f3n tecnol\u00f3gica que integra de manera centralizada la gesti\u00f3n de todos sus servicios. Esta herramienta vanguardista se convertir\u00e1 en el n\u00facleo digital de la empresa, transformando la forma en que se administran y ejecutan procesos complejos como las certificaciones y las inspecciones.<\/span><\/p><p><span style=\"font-weight: 400;\">Soca Next no solo aglutinar\u00e1 la informaci\u00f3n en un \u00fanico entorno, sino que la optimizar\u00e1 y automatizar\u00e1 mediante tecnolog\u00edas de \u00faltima generaci\u00f3n. Esto permitir\u00e1 a CCC de Colombia ofrecer a sus clientes una experiencia \u00fanica, caracterizada por eficiencia, transparencia y agilidad.\u00a0<\/span><\/p><p><span style=\"font-weight: 400;\">\u201cFinalmente, la tecnolog\u00eda genera en el cliente una confianza y un dinamismo en sus procesos; por eso hay que utilizarla a favor. Es un camino que no tiene marcha atr\u00e1s. \u00a1Vamos para adelante!\u201d, concluye Rolando Castro.<\/span><\/p><div style=\"border: 1px solid gray; padding: 15px;\"><p><b>Las plataformas tecnol\u00f3gicas de CCC de Colombia<\/b><\/p><p><b>CAMMY:<\/b><span style=\"font-weight: 400;\"> es una aplicaci\u00f3n gratuita para uso propio de las EDS, que les permite a las Estaciones de Servicio llevar el control de su bit\u00e1cora de mantenimiento de toda su infraestructura f\u00edsica y almacenar los registros, que pueden ser diarios, semanales, mensuales, semestrales o anuales. Esta herramienta genera al final un documento de Excel donde est\u00e1 toda la informaci\u00f3n recopilada de la estaci\u00f3n y un documento PDF con todas las evidencias acumuladas.<\/span><\/p><p><b>SOCA NEXT: <\/b><span style=\"font-weight: 400;\">Es un software donde se ingresan todos los roles que influyen sobre el proceso de inspecci\u00f3n o certificaci\u00f3n. Hay un rol que se encarga de hacer el magnus de los clientes de las Estaciones de Servicio, otro rol que se encarga de hacer las visitas de inspecci\u00f3n, hay un coordinador que se encarga de verificar y validar toda la informaci\u00f3n y luego se llega a la expedici\u00f3n del certificado.<\/span><\/p><p><span style=\"font-weight: 400;\">SOCA NEXT funciona para toda la cadena de establecimientos que comercializan combustibles l\u00edquidos y GNV: Estaciones de Servicio, grandes consumidores, y todos los servicios acreditados del esquema de inspecci\u00f3n de CCC. Tambi\u00e9n es una plataforma dise\u00f1ada para la certificaci\u00f3n de los Centros de Ense\u00f1anza Automovil\u00edstica, curso de normas de transito y talleres de conversi\u00f3n a GNV.<\/span><\/p><p><b>SAMUS \/ VEGA:<\/b><span style=\"font-weight: 400;\"> son dos productos que se utilizan para la certificaci\u00f3n de conversi\u00f3n de veh\u00edculos a GNV\/GLP y sus revisiones anuales. SAMUS se usa para el mercado colombiano y VEGA se adapta a la normativa mexicana a trav\u00e9s de EMA.<\/span><\/p><p><b>OTRAS HERRAMIENTAS:<\/b> <b>CAMPDF<\/b><span style=\"font-weight: 400;\"> es un aplicativo (con versi\u00f3n web) que permite organizar las fotos que toman los inspectores en sus visitas de campo en un formato PDF liviano que luego se anexan a sus informes.<\/span><\/p><p><span style=\"font-weight: 400;\">El <\/span><b>CRM<\/b> <b>CCC<\/b><span style=\"font-weight: 400;\"> es un software que permite la administraci\u00f3n y la gesti\u00f3n de seguimiento de interacciones con clientes actuales y potenciales. Adem\u00e1s, posibilita una comunicaci\u00f3n constante y efectiva que permite cubrir la necesidad del cliente de manera \u00e1gil; por ejemplo, alertarlo sobre sus vencimientos de inspecci\u00f3n.<\/span><\/p><\/div>\t\t\t\t\t\t\t\t<\/div>\n\t\t\t\t<\/div>\n\t\t\t\t<\/div>\n\t\t<div class=\"elementor-element elementor-element-882f69c e-con-full e-flex e-con e-child\" data-id=\"882f69c\" data-element_type=\"container\" data-e-type=\"container\">\n\t\t<div class=\"elementor-element elementor-element-c3fbc4d e-con-full e-flex e-con e-child\" data-id=\"c3fbc4d\" data-element_type=\"container\" data-e-type=\"container\" data-settings=\"{&quot;background_background&quot;:&quot;classic&quot;}\">\n\t\t\t\t<div class=\"elementor-element elementor-element-aead6fc elementor-widget elementor-widget-heading\" data-id=\"aead6fc\" data-element_type=\"widget\" data-e-type=\"widget\" data-widget_type=\"heading.default\">\n\t\t\t\t<div class=\"elementor-widget-container\">\n\t\t\t\t\t<h2 class=\"elementor-heading-title elementor-size-default\">Bolet\u00edn CCC de Colombia<\/h2>\t\t\t\t<\/div>\n\t\t\t\t<\/div>\n\t\t\t\t<div class=\"elementor-element elementor-element-615aa81 elementor-widget elementor-widget-text-editor\" data-id=\"615aa81\" data-element_type=\"widget\" data-e-type=\"widget\" data-widget_type=\"text-editor.default\">\n\t\t\t\t<div class=\"elementor-widget-container\">\n\t\t\t\t\t\t\t\t\t<p>Reciba toda la informaci\u00f3n del grupo empresarial colombiano en su correo electr\u00f3nico o en su celular y ent\u00e9rese de las \u00faltimas novedades, noticias, comunicados y eventos.<\/p>\t\t\t\t\t\t\t\t<\/div>\n\t\t\t\t<\/div>\n\t\t\t\t<div class=\"elementor-element elementor-element-3abb2be elementor-widget elementor-widget-shortcode\" data-id=\"3abb2be\" data-element_type=\"widget\" data-e-type=\"widget\" data-widget_type=\"shortcode.default\">\n\t\t\t\t<div class=\"elementor-widget-container\">\n\t\t\t\t\t\t\t<div class=\"elementor-shortcode\">\n<div class=\"wpcf7 no-js\" id=\"wpcf7-f1990-o1\" lang=\"es-CO\" dir=\"ltr\" data-wpcf7-id=\"1990\">\n<div class=\"screen-reader-response\"><p role=\"status\" aria-live=\"polite\" aria-atomic=\"true\"><\/p> <ul><\/ul><\/div>\n<form action=\"\/ccc\/wp-json\/wp\/v2\/pages\/2036#wpcf7-f1990-o1\" method=\"post\" class=\"wpcf7-form init\" aria-label=\"Formulario de contacto\" novalidate=\"novalidate\" data-status=\"init\">\n<fieldset class=\"hidden-fields-container\"><input type=\"hidden\" name=\"_wpcf7\" value=\"1990\" \/><input type=\"hidden\" name=\"_wpcf7_version\" value=\"6.1.5\" \/><input type=\"hidden\" name=\"_wpcf7_locale\" value=\"es_CO\" \/><input type=\"hidden\" name=\"_wpcf7_unit_tag\" value=\"wpcf7-f1990-o1\" \/><input type=\"hidden\" name=\"_wpcf7_container_post\" value=\"0\" \/><input type=\"hidden\" name=\"_wpcf7_posted_data_hash\" value=\"\" \/><input type=\"hidden\" name=\"_wpcf7_recaptcha_response\" value=\"\" \/>\n<\/fieldset>\n<p><label> Nombre:<br \/>\n<span class=\"wpcf7-form-control-wrap\" data-name=\"your-name\"><input size=\"40\" maxlength=\"400\" class=\"wpcf7-form-control wpcf7-text wpcf7-validates-as-required\" autocomplete=\"name\" aria-required=\"true\" aria-invalid=\"false\" value=\"\" type=\"text\" name=\"your-name\" \/><\/span> <\/label>\n<\/p>\n<p><label> Celular:<br \/>\n<span class=\"wpcf7-form-control-wrap\" data-name=\"Celular\"><input size=\"40\" maxlength=\"400\" class=\"wpcf7-form-control wpcf7-text wpcf7-validates-as-required\" aria-required=\"true\" aria-invalid=\"false\" value=\"\" type=\"text\" name=\"Celular\" \/><\/span> <\/label>\n<\/p>\n<p><label> Correo Electr\u00f3nico:<br \/>\n<span class=\"wpcf7-form-control-wrap\" data-name=\"your-email\"><input size=\"40\" maxlength=\"400\" class=\"wpcf7-form-control wpcf7-email wpcf7-validates-as-required wpcf7-text wpcf7-validates-as-email\" autocomplete=\"email\" aria-required=\"true\" aria-invalid=\"false\" value=\"\" type=\"email\" name=\"your-email\" \/><\/span> <\/label>\n<\/p>\n<p><input class=\"wpcf7-form-control wpcf7-submit has-spinner\" type=\"submit\" value=\"Enviar\" \/>\n<\/p><div class=\"wpcf7-response-output\" aria-hidden=\"true\"><\/div>\n<\/form>\n<\/div>\n<\/div>\n\t\t\t\t\t\t<\/div>\n\t\t\t\t<\/div>\n\t\t\t\t<\/div>\n\t\t\t\t<\/div>\n\t\t\t\t<\/div>\n\t\t\t\t<\/div>\n\t\t","protected":false},"excerpt":{"rendered":"<p>CCC, un aliado de la tecnolog\u00eda CCC de Colombia es hoy por hoy la \u00fanica compa\u00f1\u00eda certificadora del pa\u00eds que utiliza varias plataformas tecnol\u00f3gicas para sus procesos de inspecci\u00f3n y certificaci\u00f3n en Colombia. Su compromiso es ser aliado de la tecnolog\u00eda para brindar el mejor servicio. \u201cLa organizaci\u00f3n que no vea a la tecnolog\u00eda como [&hellip;]<\/p>\n","protected":false},"author":2,"featured_media":0,"parent":0,"menu_order":0,"comment_status":"closed","ping_status":"closed","template":"","meta":{"_monsterinsights_skip_tracking":false,"_monsterinsights_sitenote_active":false,"_monsterinsights_sitenote_note":"","_monsterinsights_sitenote_category":0,"_uf_show_specific_survey":0,"_uf_disable_surveys":false,"_joinchat":[],"footnotes":""},"class_list":["post-2036","page","type-page","status-publish","hentry"],"aioseo_notices":[],"_links":{"self":[{"href":"https:\/\/cccdecolombia.com\/ccc\/wp-json\/wp\/v2\/pages\/2036","targetHints":{"allow":["GET"]}}],"collection":[{"href":"https:\/\/cccdecolombia.com\/ccc\/wp-json\/wp\/v2\/pages"}],"about":[{"href":"https:\/\/cccdecolombia.com\/ccc\/wp-json\/wp\/v2\/types\/page"}],"author":[{"embeddable":true,"href":"https:\/\/cccdecolombia.com\/ccc\/wp-json\/wp\/v2\/users\/2"}],"replies":[{"embeddable":true,"href":"https:\/\/cccdecolombia.com\/ccc\/wp-json\/wp\/v2\/comments?post=2036"}],"version-history":[{"count":5,"href":"https:\/\/cccdecolombia.com\/ccc\/wp-json\/wp\/v2\/pages\/2036\/revisions"}],"predecessor-version":[{"id":2407,"href":"https:\/\/cccdecolombia.com\/ccc\/wp-json\/wp\/v2\/pages\/2036\/revisions\/2407"}],"wp:attachment":[{"href":"https:\/\/cccdecolombia.com\/ccc\/wp-json\/wp\/v2\/media?parent=2036"}],"curies":[{"name":"wp","href":"https:\/\/api.w.org\/{rel}","templated":true}]}}