{"id":2038,"date":"2024-07-30T22:29:04","date_gmt":"2024-07-31T03:29:04","guid":{"rendered":"https:\/\/cccdecolombia.com\/ccc\/?page_id=2038"},"modified":"2024-08-16T18:26:40","modified_gmt":"2024-08-16T23:26:40","slug":"trabajo-en-equipo-uno-de-los-propositos-de-la-certificacion-de-los-cea-y-los-cia","status":"publish","type":"page","link":"https:\/\/cccdecolombia.com\/ccc\/trabajo-en-equipo-uno-de-los-propositos-de-la-certificacion-de-los-cea-y-los-cia\/","title":{"rendered":"Trabajo en equipo, uno de los prop\u00f3sitos de la certificaci\u00f3n de los CEA y los CIA"},"content":{"rendered":"\t\t<div data-elementor-type=\"wp-page\" data-elementor-id=\"2038\" class=\"elementor elementor-2038\" data-elementor-post-type=\"page\">\n\t\t\t\t<div class=\"elementor-element elementor-element-af1bd6e e-con-full e-flex e-con e-child\" data-id=\"af1bd6e\" data-element_type=\"container\" data-e-type=\"container\">\n\t\t<div class=\"elementor-element elementor-element-b4543c9 e-con-full e-flex e-con e-child\" data-id=\"b4543c9\" data-element_type=\"container\" data-e-type=\"container\">\n\t\t\t\t<div class=\"elementor-element elementor-element-153d6a1 elementor-widget elementor-widget-image\" data-id=\"153d6a1\" data-element_type=\"widget\" data-e-type=\"widget\" data-widget_type=\"image.default\">\n\t\t\t\t<div class=\"elementor-widget-container\">\n\t\t\t\t\t\t\t\t\t\t\t\t\t\t\t<img fetchpriority=\"high\" decoding=\"async\" width=\"1024\" height=\"512\" src=\"https:\/\/cccdecolombia.com\/ccc\/wp-content\/uploads\/2024\/08\/7_ARTICULO-1024x512.jpg\" class=\"attachment-large size-large wp-image-2355\" alt=\"\" srcset=\"https:\/\/cccdecolombia.com\/ccc\/wp-content\/uploads\/2024\/08\/7_ARTICULO-1024x512.jpg 1024w, https:\/\/cccdecolombia.com\/ccc\/wp-content\/uploads\/2024\/08\/7_ARTICULO-300x150.jpg 300w, https:\/\/cccdecolombia.com\/ccc\/wp-content\/uploads\/2024\/08\/7_ARTICULO-768x384.jpg 768w, https:\/\/cccdecolombia.com\/ccc\/wp-content\/uploads\/2024\/08\/7_ARTICULO.jpg 1075w\" sizes=\"(max-width: 1024px) 100vw, 1024px\" \/>\t\t\t\t\t\t\t\t\t\t\t\t\t\t\t<\/div>\n\t\t\t\t<\/div>\n\t\t\t\t<div class=\"elementor-element elementor-element-11e0276 elementor-widget elementor-widget-text-editor\" data-id=\"11e0276\" data-element_type=\"widget\" data-e-type=\"widget\" data-widget_type=\"text-editor.default\">\n\t\t\t\t<div class=\"elementor-widget-container\">\n\t\t\t\t\t\t\t\t\t<h2 style=\"color: #000;\"><b>Trabajo en equipo, uno de los prop\u00f3sitos de la certificaci\u00f3n de los CEA y los CIA<br \/><\/b><\/h2><p><b>La certificaci\u00f3n de Centros de Ense\u00f1anza Automovil\u00edstica (CEA) y de cursos de normas de tr\u00e1nsito que se dictan a los infractores que se ofrecen en todo el pa\u00eds es otra l\u00ednea de trabajo de CCC de Colombia.<\/b><\/p><p><span style=\"font-weight: 400;\">Esta certificaci\u00f3n es obligatoria para los cerca de 1.500 centros de ense\u00f1anza automovil\u00edstica que hoy existen en todo el territorio nacional (y que est\u00e1n registrados en el Runt) y para los cursos de tr\u00e1nsito que se reportan en esta plataforma.\u00a0<\/span><\/p><p><span style=\"font-weight: 400;\">\u201cComo l\u00edder de este proceso soy responsable de revisar todos los requisitos t\u00e9cnicos normativos se\u00f1alados en las Resoluciones 3245 de 2009 y 9425 de 2022, que establecen los requisitos para la habilitaci\u00f3n de los Centros de Ense\u00f1anza Automovil\u00edstica y la Resoluci\u00f3n 11355 de 2020, orientada a los cursos de normas de tr\u00e1nsito. As\u00ed mismo, la revisi\u00f3n de las plataformas de las entidades reguladoras para el mantenimiento y la actualizaci\u00f3n de las normas, tener vigentes las listas de chequeo y las gu\u00edas t\u00e9cnicas para poder realizar las evaluaciones de la conformidad a estos organismos\u201d, se\u00f1ala Laura Carbon\u00f3, directora t\u00e9cnica de esta l\u00ednea de negocio en CCC de Colombia.<\/span><\/p><p><span style=\"font-weight: 400;\">De acuerdo con el esquema acreditado en la compa\u00f1\u00eda, estas evaluaciones se realizan por ciclos de tres a\u00f1os, con seguimientos anuales, los cuales son de obligatorio cumplimiento. Un ejemplo de la vigilancia en este tema es el que realiza la Superintendencia de Transporte a trav\u00e9s de la plataforma Connecta, que puede suspender o inhabilitar la operaci\u00f3n de un CEA por incumplimientos en los seguimientos anuales.\u00a0<\/span><\/p><p><span style=\"font-weight: 400;\">\u201cComo ente certificador nosotros debemos realizar un reporte anual, una vez se hagan las visitas de seguimiento para que las escuelas puedan mantener su operaci\u00f3n\u201d, afirma Laura Carbon\u00f3.<\/span><\/p><p><span style=\"font-weight: 400; color: orange; font-size: 22px;\"><i><b>Esa es una de las ofertas de valor que CCC de Colombia brinda en todos sus servicios. Que sus clientes reciban un aporte de calidad en sus procesos internos y que sientan que durante esa evaluaci\u00f3n hubo un resultado eficiente.<\/b><\/i><\/span><\/p><p><span style=\"font-weight: 400;\">Los grandes \u00edtems que se eval\u00faan en los CEA por parte del ente certificador son los temas de las auditor\u00edas internas, los requisitos b\u00e1sicos que se requieren para su funcionamiento, que los veh\u00edculos tengan su Soat vigente, revisi\u00f3n tecno-mec\u00e1nica, que sus instalaciones sean funcionales, que cuente con los avisos de seguridad, que los instructores tengan su licencia vigente, entre otros.\u00a0<\/span><\/p><p><span style=\"font-weight: 400;\">Esta informaci\u00f3n se procesa y se valida a trav\u00e9s de la plataforma tecnol\u00f3gica Soca Certificaciones, en donde se almacena la informaci\u00f3n de registro y las evidencias que se recolectan durante la evaluaci\u00f3n. Adicionalmente se utiliza la plataforma del Runt y la plataforma Connecta para hacer los reportes de seguimiento de las escuelas.<\/span><\/p><p><span style=\"font-weight: 400;\">En la actualidad, CCC de Colombia cuenta con m\u00e1s de 100 escuelas que se encuentran en proceso de seguimiento para obtener su certificaci\u00f3n y con cuatro Centros Integrales de Atenci\u00f3n (CIA) con los que realiza la certificaci\u00f3n de sus cursos de tr\u00e1nsito.<\/span><\/p><p><span style=\"font-weight: 400; color: orange; font-size: 22px;\"><i><b>La idea es que trabajemos en equipo, que el CEA\/CIA sienta que de verdad hay un ente que lo apoya y quiere lo mejor para su empresa.<\/b><\/i><\/span><\/p><p><span style=\"font-weight: 400;\">En el caso de los cursos para normas de tr\u00e1nsito, la certificaci\u00f3n est\u00e1 ligada a la Resoluci\u00f3n 11355 del 2020, que exige verificar que el centro integral (CIA) o los organismos de tr\u00e1nsito cuenten con unas condiciones b\u00e1sicas: registro de las aulas, que la clase se imparta por dos horas continuas, que se lleve un control de registros, que haya un l\u00edmite de cursos dictados por d\u00edas, que se confirmen los documentos de identidad de los asistentes y que el curso permita homologar la infracci\u00f3n.<\/span><\/p><p><span style=\"font-weight: 400;\">Estos cursos -que solo lo pueden dictar los organismos de tr\u00e1nsito o los centros integrales de atenci\u00f3n- deben estar certificados bajo el esquema de certificaci\u00f3n 17065 por un ente acreditado por Onac en todo el pa\u00eds.<\/span><\/p><p><span style=\"font-weight: 400;\">\u201cEl objetivo es crecer en el n\u00famero de escuelas certificadas con CCC. M\u00e1s que vender un servicio queremos familiarizarnos con el usuario y verlo como un aliado m\u00e1s de la organizaci\u00f3n, que no exista esa barrera entre el cliente y el evaluador. La idea es que trabajemos en equipo, que el CEA\/CIA sienta que de verdad hay un ente que lo apoya y quiere lo mejor para su empresa\u201d, asegura Laura Carbon\u00f3.\u00a0<\/span><\/p><p><span style=\"font-weight: 400;\">Esa es una de las ofertas de valor que CCC de Colombia brinda en todos sus servicios. Que sus clientes reciban un aporte de calidad en sus procesos internos y que sientan que durante esa evaluaci\u00f3n hubo un resultado eficiente. <\/span><\/p><p>\u00a0<\/p>\t\t\t\t\t\t\t\t<\/div>\n\t\t\t\t<\/div>\n\t\t\t\t<\/div>\n\t\t<div class=\"elementor-element elementor-element-43a7e28 e-con-full e-flex e-con e-child\" data-id=\"43a7e28\" data-element_type=\"container\" data-e-type=\"container\">\n\t\t<div class=\"elementor-element elementor-element-eb74ab7 e-con-full e-flex e-con e-child\" data-id=\"eb74ab7\" data-element_type=\"container\" data-e-type=\"container\" data-settings=\"{&quot;background_background&quot;:&quot;classic&quot;}\">\n\t\t\t\t<div class=\"elementor-element elementor-element-2bb1890 elementor-widget elementor-widget-heading\" data-id=\"2bb1890\" data-element_type=\"widget\" data-e-type=\"widget\" data-widget_type=\"heading.default\">\n\t\t\t\t<div class=\"elementor-widget-container\">\n\t\t\t\t\t<h2 class=\"elementor-heading-title elementor-size-default\">Bolet\u00edn CCC de Colombia<\/h2>\t\t\t\t<\/div>\n\t\t\t\t<\/div>\n\t\t\t\t<div class=\"elementor-element elementor-element-40caa70 elementor-widget elementor-widget-text-editor\" data-id=\"40caa70\" data-element_type=\"widget\" data-e-type=\"widget\" data-widget_type=\"text-editor.default\">\n\t\t\t\t<div class=\"elementor-widget-container\">\n\t\t\t\t\t\t\t\t\t<p>Reciba toda la informaci\u00f3n del grupo empresarial colombiano en su correo electr\u00f3nico o en su celular y ent\u00e9rese de las \u00faltimas novedades, noticias, comunicados y eventos.<\/p>\t\t\t\t\t\t\t\t<\/div>\n\t\t\t\t<\/div>\n\t\t\t\t<div class=\"elementor-element elementor-element-7881d42 elementor-widget elementor-widget-shortcode\" data-id=\"7881d42\" data-element_type=\"widget\" data-e-type=\"widget\" data-widget_type=\"shortcode.default\">\n\t\t\t\t<div class=\"elementor-widget-container\">\n\t\t\t\t\t\t\t<div class=\"elementor-shortcode\">\n<div class=\"wpcf7 no-js\" id=\"wpcf7-f1990-o1\" lang=\"es-CO\" dir=\"ltr\" data-wpcf7-id=\"1990\">\n<div class=\"screen-reader-response\"><p role=\"status\" aria-live=\"polite\" aria-atomic=\"true\"><\/p> <ul><\/ul><\/div>\n<form action=\"\/ccc\/wp-json\/wp\/v2\/pages\/2038#wpcf7-f1990-o1\" method=\"post\" class=\"wpcf7-form init\" aria-label=\"Formulario de contacto\" novalidate=\"novalidate\" data-status=\"init\">\n<fieldset class=\"hidden-fields-container\"><input type=\"hidden\" name=\"_wpcf7\" value=\"1990\" \/><input type=\"hidden\" name=\"_wpcf7_version\" value=\"6.1.5\" \/><input type=\"hidden\" name=\"_wpcf7_locale\" value=\"es_CO\" \/><input type=\"hidden\" name=\"_wpcf7_unit_tag\" value=\"wpcf7-f1990-o1\" \/><input type=\"hidden\" name=\"_wpcf7_container_post\" value=\"0\" \/><input type=\"hidden\" name=\"_wpcf7_posted_data_hash\" value=\"\" \/><input type=\"hidden\" name=\"_wpcf7_recaptcha_response\" value=\"\" \/>\n<\/fieldset>\n<p><label> Nombre:<br \/>\n<span class=\"wpcf7-form-control-wrap\" data-name=\"your-name\"><input size=\"40\" maxlength=\"400\" class=\"wpcf7-form-control wpcf7-text wpcf7-validates-as-required\" autocomplete=\"name\" aria-required=\"true\" aria-invalid=\"false\" value=\"\" type=\"text\" name=\"your-name\" \/><\/span> <\/label>\n<\/p>\n<p><label> Celular:<br \/>\n<span class=\"wpcf7-form-control-wrap\" data-name=\"Celular\"><input size=\"40\" maxlength=\"400\" class=\"wpcf7-form-control wpcf7-text wpcf7-validates-as-required\" aria-required=\"true\" aria-invalid=\"false\" value=\"\" type=\"text\" name=\"Celular\" \/><\/span> <\/label>\n<\/p>\n<p><label> Correo Electr\u00f3nico:<br \/>\n<span class=\"wpcf7-form-control-wrap\" data-name=\"your-email\"><input size=\"40\" maxlength=\"400\" class=\"wpcf7-form-control wpcf7-email wpcf7-validates-as-required wpcf7-text wpcf7-validates-as-email\" autocomplete=\"email\" aria-required=\"true\" aria-invalid=\"false\" value=\"\" type=\"email\" name=\"your-email\" \/><\/span> <\/label>\n<\/p>\n<p><input class=\"wpcf7-form-control wpcf7-submit has-spinner\" type=\"submit\" value=\"Enviar\" \/>\n<\/p><div class=\"wpcf7-response-output\" aria-hidden=\"true\"><\/div>\n<\/form>\n<\/div>\n<\/div>\n\t\t\t\t\t\t<\/div>\n\t\t\t\t<\/div>\n\t\t\t\t<\/div>\n\t\t\t\t<\/div>\n\t\t\t\t<\/div>\n\t\t\t\t<\/div>\n\t\t","protected":false},"excerpt":{"rendered":"<p>Trabajo en equipo, uno de los prop\u00f3sitos de la certificaci\u00f3n de los CEA y los CIA La certificaci\u00f3n de Centros de Ense\u00f1anza Automovil\u00edstica (CEA) y de cursos de normas de tr\u00e1nsito que se dictan a los infractores que se ofrecen en todo el pa\u00eds es otra l\u00ednea de trabajo de CCC de Colombia. Esta certificaci\u00f3n [&hellip;]<\/p>\n","protected":false},"author":2,"featured_media":0,"parent":0,"menu_order":0,"comment_status":"closed","ping_status":"closed","template":"","meta":{"_monsterinsights_skip_tracking":false,"_monsterinsights_sitenote_active":false,"_monsterinsights_sitenote_note":"","_monsterinsights_sitenote_category":0,"_uf_show_specific_survey":0,"_uf_disable_surveys":false,"_joinchat":[],"footnotes":""},"class_list":["post-2038","page","type-page","status-publish","hentry"],"aioseo_notices":[],"_links":{"self":[{"href":"https:\/\/cccdecolombia.com\/ccc\/wp-json\/wp\/v2\/pages\/2038","targetHints":{"allow":["GET"]}}],"collection":[{"href":"https:\/\/cccdecolombia.com\/ccc\/wp-json\/wp\/v2\/pages"}],"about":[{"href":"https:\/\/cccdecolombia.com\/ccc\/wp-json\/wp\/v2\/types\/page"}],"author":[{"embeddable":true,"href":"https:\/\/cccdecolombia.com\/ccc\/wp-json\/wp\/v2\/users\/2"}],"replies":[{"embeddable":true,"href":"https:\/\/cccdecolombia.com\/ccc\/wp-json\/wp\/v2\/comments?post=2038"}],"version-history":[{"count":5,"href":"https:\/\/cccdecolombia.com\/ccc\/wp-json\/wp\/v2\/pages\/2038\/revisions"}],"predecessor-version":[{"id":2410,"href":"https:\/\/cccdecolombia.com\/ccc\/wp-json\/wp\/v2\/pages\/2038\/revisions\/2410"}],"wp:attachment":[{"href":"https:\/\/cccdecolombia.com\/ccc\/wp-json\/wp\/v2\/media?parent=2038"}],"curies":[{"name":"wp","href":"https:\/\/api.w.org\/{rel}","templated":true}]}}