{"id":2040,"date":"2024-07-30T22:29:31","date_gmt":"2024-07-31T03:29:31","guid":{"rendered":"https:\/\/cccdecolombia.com\/ccc\/?page_id=2040"},"modified":"2024-08-16T18:26:55","modified_gmt":"2024-08-16T23:26:55","slug":"evite-graves-impactos-economicos-y-ambientales-en-su-eds","status":"publish","type":"page","link":"https:\/\/cccdecolombia.com\/ccc\/evite-graves-impactos-economicos-y-ambientales-en-su-eds\/","title":{"rendered":"Evite graves impactos econ\u00f3micos y ambientales en su EDS"},"content":{"rendered":"\t\t<div data-elementor-type=\"wp-page\" data-elementor-id=\"2040\" class=\"elementor elementor-2040\" data-elementor-post-type=\"page\">\n\t\t\t\t<div class=\"elementor-element elementor-element-47b8278 e-con-full e-flex e-con e-child\" data-id=\"47b8278\" data-element_type=\"container\" data-e-type=\"container\">\n\t\t<div class=\"elementor-element elementor-element-42f6cc9 e-con-full e-flex e-con e-child\" data-id=\"42f6cc9\" data-element_type=\"container\" data-e-type=\"container\">\n\t\t\t\t<div class=\"elementor-element elementor-element-d9a29fb elementor-widget elementor-widget-image\" data-id=\"d9a29fb\" data-element_type=\"widget\" data-e-type=\"widget\" data-widget_type=\"image.default\">\n\t\t\t\t<div class=\"elementor-widget-container\">\n\t\t\t\t\t\t\t\t\t\t\t\t\t\t\t<img fetchpriority=\"high\" decoding=\"async\" width=\"1024\" height=\"512\" src=\"https:\/\/cccdecolombia.com\/ccc\/wp-content\/uploads\/2024\/08\/9_ARTICULO-1024x512.jpg\" class=\"attachment-large size-large wp-image-2359\" alt=\"\" srcset=\"https:\/\/cccdecolombia.com\/ccc\/wp-content\/uploads\/2024\/08\/9_ARTICULO-1024x512.jpg 1024w, https:\/\/cccdecolombia.com\/ccc\/wp-content\/uploads\/2024\/08\/9_ARTICULO-300x150.jpg 300w, https:\/\/cccdecolombia.com\/ccc\/wp-content\/uploads\/2024\/08\/9_ARTICULO-768x384.jpg 768w, https:\/\/cccdecolombia.com\/ccc\/wp-content\/uploads\/2024\/08\/9_ARTICULO.jpg 1075w\" sizes=\"(max-width: 1024px) 100vw, 1024px\" \/>\t\t\t\t\t\t\t\t\t\t\t\t\t\t\t<\/div>\n\t\t\t\t<\/div>\n\t\t\t\t<div class=\"elementor-element elementor-element-9856a20 elementor-widget elementor-widget-text-editor\" data-id=\"9856a20\" data-element_type=\"widget\" data-e-type=\"widget\" data-widget_type=\"text-editor.default\">\n\t\t\t\t<div class=\"elementor-widget-container\">\n\t\t\t\t\t\t\t\t\t<h2 style=\"color: #000;\"><b>Evite graves impactos econ\u00f3micos y ambientales en su EDS<br>\n<\/b><\/h2>\n<p><b>La realizaci\u00f3n de pruebas de hermeticidad cada dos a\u00f1os a sus tanques de almacenamiento de combustible y a sus l\u00edneas de distribuci\u00f3n, le permite una operaci\u00f3n segura y eficiente a su Estaci\u00f3n de Servicio.<\/b><\/p>\n<p><span style=\"font-weight: 400;\">Uno de los servicios complementarios y de mayor actualidad que ofrece CCC de Colombia a las Estaciones de Servicio en todo el pa\u00eds -a trav\u00e9s de su aliado estrat\u00e9gico Inspecciones TEST SAS- es el de realizar pruebas de hermeticidad en tanques de almacenamiento de combustibles y en l\u00edneas de conducci\u00f3n de combustibles l\u00edquidos (Acpm y gasolina).<\/span><\/p>\n<p><span style=\"font-weight: 400;\">Sin duda, se trata de un mercado muy atractivo de alrededor de 6.300 estaciones de servicio activas, que comercializan combustibles l\u00edquidos y que requerir\u00e1n de este servicio.<\/span><\/p>\n<p><span style=\"font-weight: 400;\">\u201cEstamos acreditados desde el 3 de abril de 2024, pero desde hace m\u00e1s de un a\u00f1o iniciamos con todo el montaje del sistema y nos preparamos para todo el proceso de acreditaci\u00f3n, cumplir con la normatividad y todos los requisitos de la ONAC. Es un proceso de acreditaci\u00f3n complejo. Somos una empresa que actualmente est\u00e1 acreditada para prestar este servicio en todo el pa\u00eds y la \u00fanica que tiene su origen en la regi\u00f3n Caribe\u201d, asegura la ingeniera Emys Mendoza, directora t\u00e9cnica de Inspecciones Test SAS.<\/span><\/p>\n<p><span style=\"font-weight: 400;\">Seg\u00fan las nuevas exigencias del Reglamento T\u00e9cnico para EDS (Resoluci\u00f3n 40198), estas pruebas -que siempre se han venido haciendo en las estaciones de servicio- deben hacerse con un organismo acreditado por Onac. Esta certificaci\u00f3n debe renovarse cada dos a\u00f1os para cada tanque y para cada l\u00ednea de distribuci\u00f3n.<\/span><\/p>\n<p><span style=\"font-weight: 400; color: orange; font-size: 22px;\"><i><b>Colombia est\u00e1 a la vanguardia en la realizaci\u00f3n de este tipo de pruebas, que resulta fundamental para la operaci\u00f3n de las Estaciones de Servicio en el pa\u00eds.<\/b><\/i><\/span><\/p>\n<p><span style=\"font-weight: 400;\">Pero, \u00bfen qu\u00e9 consiste una prueba de hermeticidad?<\/span><\/p>\n<p><span style=\"font-weight: 400;\">\u201cB\u00e1sicamente lo que buscamos comprobar es la hermeticidad del sistema, que no presenten fugas, roturas o alg\u00fan tipo de falla que implique derramamiento de combustible en la Estaci\u00f3n de Servicio\u201d, se\u00f1ala la ingeniera Emys.<\/span><\/p>\n<p><span style=\"font-weight: 400;\">Una EDS que cumple con regularidad en realizar este tipo de pruebas a sus tanques de almacenamiento o l\u00edneas de distribuci\u00f3n tiene muchas ventajas porque no solo mantiene la seguridad y eficiencia de su operaci\u00f3n y evita el derramamiento del combustible, que trae consigo un gran impacto ambiental y -sobre todo- una gran afectaci\u00f3n econ\u00f3mica para una estaci\u00f3n.<\/span><\/p>\n<p><span style=\"font-weight: 400;\">Las pruebas que se realizan son las mismas, independiente del material del tanque de combustible, ya sea de material compuesto como los tanques de fibra de vidrio o los convencionales como los tanques met\u00e1licos. Ya sea que el tanque sea superficial o enterrado, el procedimiento es el mismo para el tanque y para la l\u00ednea de distribuci\u00f3n de combustible.<\/span><\/p>\n<p><span style=\"font-weight: 400;\">Como tal, la prueba dura una hora, que es el tiempo que debe estar presurizado el tanque o la l\u00ednea de distribuci\u00f3n para confirmar que esta herm\u00e9tico. Pero hay un tiempo adicional que se debe contemplar en el alistamiento previo, el an\u00e1lisis de trabajo seguro, identificar los riesgos, realizar la inspecci\u00f3n, si se requieren permisos o andamios para trabajo en alturas.\u00a0<\/span><\/p>\n<p><span style=\"font-weight: 400;\">Adem\u00e1s de estos aspectos que se requiere atender previamente, posterior a la prueba se requiere otro tiempo adicional para despresurizar el tanque y realizar todas las conexiones y verificaciones para entregar nuevamente la estaci\u00f3n en servicio al cliente. El promedio total para realizar este tipo de pruebas de manera eficiente son tres horas por tanque o por l\u00ednea.<\/span><\/p>\n<p><span style=\"font-weight: 400; color: orange; font-size: 22px;\"><i><b>Seg\u00fan la Resoluci\u00f3n 40198, desde marzo de 2024 son exigibles estas pruebas para todas las instalaciones del pa\u00eds y deben ser realizadas por un organismo de inspecci\u00f3n acreditado por la ONAC.<br>\n<\/b><\/i><\/span><\/p>\n<p><span style=\"font-weight: 400;\">Pero, \u00bfqu\u00e9 pasa si el resultado de la prueba es negativo para la EDS?<\/span><\/p>\n<p><span style=\"font-weight: 400;\">Si al final del ejercicio, el tanque y\/o la l\u00ednea no son aprobados, la Estaci\u00f3n de Servicio debe realizar los ajustes necesarios y programar una nueva inspecci\u00f3n. En este caso no se requiere una nueva inversi\u00f3n por parte de la EDS.<\/span><\/p>\n<p><span style=\"font-weight: 400;\">\u201cLos organismos acreditados para hacer las pruebas est\u00e1n impedidos para realizar cualquier modificaci\u00f3n, mantenimiento o reparaci\u00f3n a los sistemas. Solo hacemos la inspecci\u00f3n, de acuerdo con la Resoluci\u00f3n 40198 (nuevo Reglamento T\u00e9cnico para EDS) y con base en la NTC 17020, que da los lineamientos para cualquier tipo de organismo de inspecci\u00f3n\u201d, afirma la ingeniera Emys Mendoza.\u00a0<\/span><\/p>\n<p><span style=\"font-weight: 400;\">Estas normas aplicadas en Colombia son muy similares a las que se manejan en otros pa\u00edses del mundo para las pruebas de hermeticidad, por lo que el pa\u00eds est\u00e1 a la vanguardia en esta materia, que resulta fundamental para la operaci\u00f3n de las Estaciones de Servicio en el pa\u00eds.<\/span><\/p>\n<div style=\"border: 1px solid gray; padding: 15px;\">\n<p><b style=\"font-size: 20px;\">Lo que dice la Resoluci\u00f3n 40198 sobre las pruebas de hermeticidad\u00a0<\/b><\/p>\n<p><span style=\"font-weight: 400;\">Seg\u00fan la Resoluci\u00f3n 40198 (Reglamento T\u00e9cnico para EDS), desde marzo de 2024 son exigibles estas pruebas para todas las instalaciones del pa\u00eds. Adem\u00e1s, deben ser realizadas por un organismo de inspecci\u00f3n acreditado por la ONAC.\u00a0<\/span><\/p>\n<p><span style=\"font-weight: 400;\">\u201cA partir de la entrada en vigencia de los presentes requisitos, se deber\u00e1n realizar pruebas de verificaci\u00f3n de la hermeticidad del sistema de almacenamiento de combustible, m\u00ednimo una vez cada dos a\u00f1os. Estas pruebas las deber\u00e1 realizar un organismo de inspecci\u00f3n acreditado por ONAC bajo la norma ISO\/IEC 17020 con alcance en la norma UNE-EN 13160 y\/o NFPA 30 y las disposiciones relacionadas en el presente reglamento t\u00e9cnico\u201d.<\/span><\/p>\n<\/div>\t\t\t\t\t\t\t\t<\/div>\n\t\t\t\t<\/div>\n\t\t\t\t<\/div>\n\t\t<div class=\"elementor-element elementor-element-f85ddb7 e-con-full e-flex e-con e-child\" data-id=\"f85ddb7\" data-element_type=\"container\" data-e-type=\"container\">\n\t\t<div class=\"elementor-element elementor-element-fc999b3 e-con-full e-flex e-con e-child\" data-id=\"fc999b3\" data-element_type=\"container\" data-e-type=\"container\" data-settings=\"{&quot;background_background&quot;:&quot;classic&quot;}\">\n\t\t\t\t<div class=\"elementor-element elementor-element-616ce0c elementor-widget elementor-widget-heading\" data-id=\"616ce0c\" data-element_type=\"widget\" data-e-type=\"widget\" data-widget_type=\"heading.default\">\n\t\t\t\t<div class=\"elementor-widget-container\">\n\t\t\t\t\t<h2 class=\"elementor-heading-title elementor-size-default\">Bolet\u00edn CCC de Colombia<\/h2>\t\t\t\t<\/div>\n\t\t\t\t<\/div>\n\t\t\t\t<div class=\"elementor-element elementor-element-5a40dd8 elementor-widget elementor-widget-text-editor\" data-id=\"5a40dd8\" data-element_type=\"widget\" data-e-type=\"widget\" data-widget_type=\"text-editor.default\">\n\t\t\t\t<div class=\"elementor-widget-container\">\n\t\t\t\t\t\t\t\t\t<p>Reciba toda la informaci\u00f3n del grupo empresarial colombiano en su correo electr\u00f3nico o en su celular y ent\u00e9rese de las \u00faltimas novedades, noticias, comunicados y eventos.<\/p>\t\t\t\t\t\t\t\t<\/div>\n\t\t\t\t<\/div>\n\t\t\t\t<div class=\"elementor-element elementor-element-3720801 elementor-widget elementor-widget-shortcode\" data-id=\"3720801\" data-element_type=\"widget\" data-e-type=\"widget\" data-widget_type=\"shortcode.default\">\n\t\t\t\t<div class=\"elementor-widget-container\">\n\t\t\t\t\t\t\t<div class=\"elementor-shortcode\">\n<div class=\"wpcf7 no-js\" id=\"wpcf7-f1990-o1\" lang=\"es-CO\" dir=\"ltr\" data-wpcf7-id=\"1990\">\n<div class=\"screen-reader-response\"><p role=\"status\" aria-live=\"polite\" aria-atomic=\"true\"><\/p> <ul><\/ul><\/div>\n<form action=\"\/ccc\/wp-json\/wp\/v2\/pages\/2040#wpcf7-f1990-o1\" method=\"post\" class=\"wpcf7-form init\" aria-label=\"Formulario de contacto\" novalidate=\"novalidate\" data-status=\"init\">\n<fieldset class=\"hidden-fields-container\"><input type=\"hidden\" name=\"_wpcf7\" value=\"1990\" \/><input type=\"hidden\" name=\"_wpcf7_version\" value=\"6.1.5\" \/><input type=\"hidden\" name=\"_wpcf7_locale\" value=\"es_CO\" \/><input type=\"hidden\" name=\"_wpcf7_unit_tag\" value=\"wpcf7-f1990-o1\" \/><input type=\"hidden\" name=\"_wpcf7_container_post\" value=\"0\" \/><input type=\"hidden\" name=\"_wpcf7_posted_data_hash\" value=\"\" \/><input type=\"hidden\" name=\"_wpcf7_recaptcha_response\" value=\"\" \/>\n<\/fieldset>\n<p><label> Nombre:<br \/>\n<span class=\"wpcf7-form-control-wrap\" data-name=\"your-name\"><input size=\"40\" maxlength=\"400\" class=\"wpcf7-form-control wpcf7-text wpcf7-validates-as-required\" autocomplete=\"name\" aria-required=\"true\" aria-invalid=\"false\" value=\"\" type=\"text\" name=\"your-name\" \/><\/span> <\/label>\n<\/p>\n<p><label> Celular:<br \/>\n<span class=\"wpcf7-form-control-wrap\" data-name=\"Celular\"><input size=\"40\" maxlength=\"400\" class=\"wpcf7-form-control wpcf7-text wpcf7-validates-as-required\" aria-required=\"true\" aria-invalid=\"false\" value=\"\" type=\"text\" name=\"Celular\" \/><\/span> <\/label>\n<\/p>\n<p><label> Correo Electr\u00f3nico:<br \/>\n<span class=\"wpcf7-form-control-wrap\" data-name=\"your-email\"><input size=\"40\" maxlength=\"400\" class=\"wpcf7-form-control wpcf7-email wpcf7-validates-as-required wpcf7-text wpcf7-validates-as-email\" autocomplete=\"email\" aria-required=\"true\" aria-invalid=\"false\" value=\"\" type=\"email\" name=\"your-email\" \/><\/span> <\/label>\n<\/p>\n<p><input class=\"wpcf7-form-control wpcf7-submit has-spinner\" type=\"submit\" value=\"Enviar\" \/>\n<\/p><div class=\"wpcf7-response-output\" aria-hidden=\"true\"><\/div>\n<\/form>\n<\/div>\n<\/div>\n\t\t\t\t\t\t<\/div>\n\t\t\t\t<\/div>\n\t\t\t\t<\/div>\n\t\t\t\t<\/div>\n\t\t\t\t<\/div>\n\t\t\t\t<\/div>\n\t\t","protected":false},"excerpt":{"rendered":"<p>Evite graves impactos econ\u00f3micos y ambientales en su EDS La realizaci\u00f3n de pruebas de hermeticidad cada dos a\u00f1os a sus tanques de almacenamiento de combustible y a sus l\u00edneas de distribuci\u00f3n, le permite una operaci\u00f3n segura y eficiente a su Estaci\u00f3n de Servicio. Uno de los servicios complementarios y de mayor actualidad que ofrece CCC [&hellip;]<\/p>\n","protected":false},"author":2,"featured_media":0,"parent":0,"menu_order":0,"comment_status":"closed","ping_status":"closed","template":"","meta":{"_monsterinsights_skip_tracking":false,"_monsterinsights_sitenote_active":false,"_monsterinsights_sitenote_note":"","_monsterinsights_sitenote_category":0,"_uf_show_specific_survey":0,"_uf_disable_surveys":false,"_joinchat":[],"footnotes":""},"class_list":["post-2040","page","type-page","status-publish","hentry"],"aioseo_notices":[],"_links":{"self":[{"href":"https:\/\/cccdecolombia.com\/ccc\/wp-json\/wp\/v2\/pages\/2040","targetHints":{"allow":["GET"]}}],"collection":[{"href":"https:\/\/cccdecolombia.com\/ccc\/wp-json\/wp\/v2\/pages"}],"about":[{"href":"https:\/\/cccdecolombia.com\/ccc\/wp-json\/wp\/v2\/types\/page"}],"author":[{"embeddable":true,"href":"https:\/\/cccdecolombia.com\/ccc\/wp-json\/wp\/v2\/users\/2"}],"replies":[{"embeddable":true,"href":"https:\/\/cccdecolombia.com\/ccc\/wp-json\/wp\/v2\/comments?post=2040"}],"version-history":[{"count":5,"href":"https:\/\/cccdecolombia.com\/ccc\/wp-json\/wp\/v2\/pages\/2040\/revisions"}],"predecessor-version":[{"id":2413,"href":"https:\/\/cccdecolombia.com\/ccc\/wp-json\/wp\/v2\/pages\/2040\/revisions\/2413"}],"wp:attachment":[{"href":"https:\/\/cccdecolombia.com\/ccc\/wp-json\/wp\/v2\/media?parent=2040"}],"curies":[{"name":"wp","href":"https:\/\/api.w.org\/{rel}","templated":true}]}}