{"id":2959,"date":"2024-12-12T21:57:27","date_gmt":"2024-12-13T02:57:27","guid":{"rendered":"https:\/\/cccdecolombia.com\/ccc\/?page_id=2959"},"modified":"2024-12-13T19:56:55","modified_gmt":"2024-12-14T00:56:55","slug":"ccc-presente-en-el-congreso-de-comce-en-cartagena","status":"publish","type":"page","link":"https:\/\/cccdecolombia.com\/ccc\/ccc-presente-en-el-congreso-de-comce-en-cartagena\/","title":{"rendered":"CCC, presente en el congreso de COMCE en Cartagena"},"content":{"rendered":"\t\t<div data-elementor-type=\"wp-page\" data-elementor-id=\"2959\" class=\"elementor elementor-2959\" data-elementor-post-type=\"page\">\n\t\t\t\t<div class=\"elementor-element elementor-element-e6ca769 e-flex e-con-boxed e-con e-parent\" data-id=\"e6ca769\" data-element_type=\"container\" data-e-type=\"container\">\n\t\t\t\t\t<div class=\"e-con-inner\">\n\t\t<div class=\"elementor-element elementor-element-09b44f3 e-con-full e-flex e-con e-child\" data-id=\"09b44f3\" data-element_type=\"container\" data-e-type=\"container\">\n\t\t\t\t<\/div>\n\t\t<div class=\"elementor-element elementor-element-2178479 e-con-full e-flex e-con e-child\" data-id=\"2178479\" data-element_type=\"container\" data-e-type=\"container\">\n\t\t<div class=\"elementor-element elementor-element-4cfcf4c e-con-full e-flex e-con e-child\" data-id=\"4cfcf4c\" data-element_type=\"container\" data-e-type=\"container\">\n\t\t\t\t<div class=\"elementor-element elementor-element-818fdbd elementor-widget elementor-widget-image\" data-id=\"818fdbd\" data-element_type=\"widget\" data-e-type=\"widget\" data-widget_type=\"image.default\">\n\t\t\t\t<div class=\"elementor-widget-container\">\n\t\t\t\t\t\t\t\t\t\t\t\t\t\t\t<img fetchpriority=\"high\" decoding=\"async\" width=\"1024\" height=\"512\" src=\"https:\/\/cccdecolombia.com\/ccc\/wp-content\/uploads\/2024\/12\/7_Articulo_7-1024x512.jpg\" class=\"attachment-large size-large wp-image-3010\" alt=\"\" srcset=\"https:\/\/cccdecolombia.com\/ccc\/wp-content\/uploads\/2024\/12\/7_Articulo_7-1024x512.jpg 1024w, https:\/\/cccdecolombia.com\/ccc\/wp-content\/uploads\/2024\/12\/7_Articulo_7-300x150.jpg 300w, https:\/\/cccdecolombia.com\/ccc\/wp-content\/uploads\/2024\/12\/7_Articulo_7-768x384.jpg 768w, https:\/\/cccdecolombia.com\/ccc\/wp-content\/uploads\/2024\/12\/7_Articulo_7.jpg 1075w\" sizes=\"(max-width: 1024px) 100vw, 1024px\" \/>\t\t\t\t\t\t\t\t\t\t\t\t\t\t\t<\/div>\n\t\t\t\t<\/div>\n\t\t\t\t<div class=\"elementor-element elementor-element-ab6c26c elementor-widget elementor-widget-text-editor\" data-id=\"ab6c26c\" data-element_type=\"widget\" data-e-type=\"widget\" data-widget_type=\"text-editor.default\">\n\t\t\t\t<div class=\"elementor-widget-container\">\n\t\t\t\t\t\t\t\t\t<h2 style=\"color: #000;\"><b>CCC, presente en el congreso de COMCE en Cartagena<\/b><\/h2>\n<p><strong>Durante dos d\u00edas, cerca de 800 representantes de estaciones de servicio se reunieron alrededor de los desaf\u00edos que enfrenta este sector y su futuro frente a la transici\u00f3n energ\u00e9tica. <\/strong><\/p>\n<p><span style=\"font-weight: 400;\">El 2\u00b0 Congreso Nacional de Distribuidores Minoristas de Combustibles y Energ\u00e9ticos organizado por COMCE el pasado 14 y 15 de noviembre en el Centro de Convenciones del Hotel Las Am\u00e9ricas en Cartagena, reuni\u00f3 a cerca de 800 distribuidores minoristas de combustibles de todo el pa\u00eds.<br><\/span><span style=\"font-weight: 400;\"><br>Este evento se ha consolidado como uno de los m\u00e1s importantes del pa\u00eds, en especial para los propietarios y administradores de estaciones de servicio, que tienen la oportunidad de asistir a una nutrida agenda acad\u00e9mica con expertos y analistas de la distribuci\u00f3n de combustibles, as\u00ed como autoridades y organismos de control.<br><\/span><span style=\"font-weight: 400;\"><br>El congreso de COMCE tambi\u00e9n se ha posicionado por una variada muestra comercial, en la que proveedores y empresas del sector exhiben sus productos y servicios para esta industria.<br><\/span><span style=\"font-weight: 400;\"><br>Como ya es tradicional, CCC estuvo presente con un stand, especialmente dise\u00f1ado para esta ocasi\u00f3n, en donde varios de sus colaboradores participaron en la promoci\u00f3n de la revista Certifica+ y establecieron contacto con propietarios y administradores de EDS y directivos de gremios regionales, d\u00e1ndoles a conocer todos sus servicios de inspecci\u00f3n y certificaci\u00f3n.<br><\/span><span style=\"font-weight: 400;\"><br>\u201cEn este segundo congreso de COMCE hemos estado atentos al desarrollo de una agenda acad\u00e9mica muy importante y hemos tenido la oportunidad de acercarnos m\u00e1s a este sector de la distribuci\u00f3n minorista de combustibles, en el que participamos como organismo de certificaci\u00f3n hace m\u00e1s de 10 a\u00f1os y donde como CCC hemos tenido los mejores resultados\u201d, asegur\u00f3 Erik Correa Visbal, gerente de CCC de Colombia.<br><\/span><span style=\"font-weight: 400;\"><br>En el stand de CCC se recibi\u00f3 la visita de la Reina del Carnaval de Barranquilla 2025, Tatiana Angulo Fern\u00e1ndez de Castro, y toda su corte de marimondas, lo que se convirti\u00f3 en una buena oportunidad para recordar esta fiesta tan querida por los colombianos y que hace parte de su patrimonio cultural.<br><\/span><span style=\"font-weight: 400;\"><br>As\u00ed mismo, el gerente de CCC tuvo el privilegio de saludar y acompa\u00f1ar a la exministra Cecilia L\u00f3pez Monta\u00f1o, quien particip\u00f3 en uno de los paneles del Congreso y aprovech\u00f3 unos instantes para visitar la exhibici\u00f3n comercial de la cual hace parte CCC.<br><\/span><\/p>\n<p><span style=\"font-weight: 400; color: orange; font-size: 22px;\"><b>CCC, un aliado de los distribuidores minoristas de combustibles de Colombia.<\/b><\/span><\/p>\n<p><span style=\"font-weight: 400;\">Uno de los hechos destacados de la participaci\u00f3n de CCC en este Congreso de COMCE fue la promoci\u00f3n y el sorteo de dos boletas para asistir al concierto de Shakira en Barranquilla en 2025, al que se inscribieron m\u00e1s de 200 estaciones de servicio y que gener\u00f3 gran expectativa entre todos los participantes en el evento.<\/span><\/p>\n<p><span style=\"font-weight: 400;\">\u201cLa participaci\u00f3n de CCC en este congreso fue un verdadero trabajo en equipo, donde todos participamos y donde tuvimos la oportunidad de acercarnos y compartir la oferta de valor de nuestra compa\u00f1\u00eda con todos los asistentes. Nos dimos cuenta de la necesidad de informaci\u00f3n que tiene este sector y c\u00f3mo CCC est\u00e1 posicion\u00e1ndose cada d\u00eda m\u00e1s en \u00e9l. La tarea que estamos haciendo, el posicionamiento de marca y el relacionamiento ha generado mucho impacto en las estaciones de servicio\u201d, se\u00f1al\u00f3 Lorena \u00c1lvarez, directora comercial de CCC. <\/span><\/p>\n<p><span style=\"font-weight: 400;\">CCC seguir\u00e1 haciendo promoci\u00f3n de sus servicios de inspecci\u00f3n y certificaci\u00f3n a todos los distribuidores minoristas de combustibles del pa\u00eds en los diferentes escenarios en que se re\u00fanan y en las distintas coyunturas que deba enfrentar el sector.<\/span><\/p>\t\t\t\t\t\t\t\t<\/div>\n\t\t\t\t<\/div>\n\t\t\t\t<\/div>\n\t\t<div class=\"elementor-element elementor-element-0d0e0e4 e-con-full e-flex e-con e-child\" data-id=\"0d0e0e4\" data-element_type=\"container\" data-e-type=\"container\">\n\t\t<div class=\"elementor-element elementor-element-0b925f5 e-con-full e-flex e-con e-child\" data-id=\"0b925f5\" data-element_type=\"container\" data-e-type=\"container\" data-settings=\"{&quot;background_background&quot;:&quot;classic&quot;}\">\n\t\t\t\t<div class=\"elementor-element elementor-element-b4cd4d6 elementor-widget elementor-widget-heading\" data-id=\"b4cd4d6\" data-element_type=\"widget\" data-e-type=\"widget\" data-widget_type=\"heading.default\">\n\t\t\t\t<div class=\"elementor-widget-container\">\n\t\t\t\t\t<h2 class=\"elementor-heading-title elementor-size-default\">Bolet\u00edn CCC de Colombia<\/h2>\t\t\t\t<\/div>\n\t\t\t\t<\/div>\n\t\t\t\t<div class=\"elementor-element elementor-element-e61670b elementor-widget elementor-widget-text-editor\" data-id=\"e61670b\" data-element_type=\"widget\" data-e-type=\"widget\" data-widget_type=\"text-editor.default\">\n\t\t\t\t<div class=\"elementor-widget-container\">\n\t\t\t\t\t\t\t\t\t<p>Reciba toda la informaci\u00f3n del grupo empresarial colombiano en su correo electr\u00f3nico o en su celular y ent\u00e9rese de las \u00faltimas novedades, noticias, comunicados y eventos.<\/p>\t\t\t\t\t\t\t\t<\/div>\n\t\t\t\t<\/div>\n\t\t\t\t<div class=\"elementor-element elementor-element-4696182 elementor-widget elementor-widget-shortcode\" data-id=\"4696182\" data-element_type=\"widget\" data-e-type=\"widget\" data-widget_type=\"shortcode.default\">\n\t\t\t\t<div class=\"elementor-widget-container\">\n\t\t\t\t\t\t\t<div class=\"elementor-shortcode\">\n<div class=\"wpcf7 no-js\" id=\"wpcf7-f1990-o1\" lang=\"es-CO\" dir=\"ltr\" data-wpcf7-id=\"1990\">\n<div class=\"screen-reader-response\"><p role=\"status\" aria-live=\"polite\" aria-atomic=\"true\"><\/p> <ul><\/ul><\/div>\n<form action=\"\/ccc\/wp-json\/wp\/v2\/pages\/2959#wpcf7-f1990-o1\" method=\"post\" class=\"wpcf7-form init\" aria-label=\"Formulario de contacto\" novalidate=\"novalidate\" data-status=\"init\">\n<fieldset class=\"hidden-fields-container\"><input type=\"hidden\" name=\"_wpcf7\" value=\"1990\" \/><input type=\"hidden\" name=\"_wpcf7_version\" value=\"6.1.5\" \/><input type=\"hidden\" name=\"_wpcf7_locale\" value=\"es_CO\" \/><input type=\"hidden\" name=\"_wpcf7_unit_tag\" value=\"wpcf7-f1990-o1\" \/><input type=\"hidden\" name=\"_wpcf7_container_post\" value=\"0\" \/><input type=\"hidden\" name=\"_wpcf7_posted_data_hash\" value=\"\" \/><input type=\"hidden\" name=\"_wpcf7_recaptcha_response\" value=\"\" \/>\n<\/fieldset>\n<p><label> Nombre:<br \/>\n<span class=\"wpcf7-form-control-wrap\" data-name=\"your-name\"><input size=\"40\" maxlength=\"400\" class=\"wpcf7-form-control wpcf7-text wpcf7-validates-as-required\" autocomplete=\"name\" aria-required=\"true\" aria-invalid=\"false\" value=\"\" type=\"text\" name=\"your-name\" \/><\/span> <\/label>\n<\/p>\n<p><label> Celular:<br \/>\n<span class=\"wpcf7-form-control-wrap\" data-name=\"Celular\"><input size=\"40\" maxlength=\"400\" class=\"wpcf7-form-control wpcf7-text wpcf7-validates-as-required\" aria-required=\"true\" aria-invalid=\"false\" value=\"\" type=\"text\" name=\"Celular\" \/><\/span> <\/label>\n<\/p>\n<p><label> Correo Electr\u00f3nico:<br \/>\n<span class=\"wpcf7-form-control-wrap\" data-name=\"your-email\"><input size=\"40\" maxlength=\"400\" class=\"wpcf7-form-control wpcf7-email wpcf7-validates-as-required wpcf7-text wpcf7-validates-as-email\" autocomplete=\"email\" aria-required=\"true\" aria-invalid=\"false\" value=\"\" type=\"email\" name=\"your-email\" \/><\/span> <\/label>\n<\/p>\n<p><input class=\"wpcf7-form-control wpcf7-submit has-spinner\" type=\"submit\" value=\"Enviar\" \/>\n<\/p><div class=\"wpcf7-response-output\" aria-hidden=\"true\"><\/div>\n<\/form>\n<\/div>\n<\/div>\n\t\t\t\t\t\t<\/div>\n\t\t\t\t<\/div>\n\t\t\t\t<\/div>\n\t\t\t\t<\/div>\n\t\t\t\t<\/div>\n\t\t<div class=\"elementor-element elementor-element-e311788 e-con-full e-flex e-con e-child\" data-id=\"e311788\" data-element_type=\"container\" data-e-type=\"container\">\n\t\t\t\t<\/div>\n\t\t\t\t\t<\/div>\n\t\t\t\t<\/div>\n\t\t\t\t<\/div>\n\t\t","protected":false},"excerpt":{"rendered":"<p>CCC, presente en el congreso de COMCE en Cartagena Durante dos d\u00edas, cerca de 800 representantes de estaciones de servicio se reunieron alrededor de los desaf\u00edos que enfrenta este sector y su futuro frente a la transici\u00f3n energ\u00e9tica. El 2\u00b0 Congreso Nacional de Distribuidores Minoristas de Combustibles y Energ\u00e9ticos organizado por COMCE el pasado 14 [&hellip;]<\/p>\n","protected":false},"author":3,"featured_media":0,"parent":0,"menu_order":0,"comment_status":"closed","ping_status":"closed","template":"","meta":{"_monsterinsights_skip_tracking":false,"_monsterinsights_sitenote_active":false,"_monsterinsights_sitenote_note":"","_monsterinsights_sitenote_category":0,"_uf_show_specific_survey":0,"_uf_disable_surveys":false,"_joinchat":[],"footnotes":""},"class_list":["post-2959","page","type-page","status-publish","hentry"],"aioseo_notices":[],"_links":{"self":[{"href":"https:\/\/cccdecolombia.com\/ccc\/wp-json\/wp\/v2\/pages\/2959","targetHints":{"allow":["GET"]}}],"collection":[{"href":"https:\/\/cccdecolombia.com\/ccc\/wp-json\/wp\/v2\/pages"}],"about":[{"href":"https:\/\/cccdecolombia.com\/ccc\/wp-json\/wp\/v2\/types\/page"}],"author":[{"embeddable":true,"href":"https:\/\/cccdecolombia.com\/ccc\/wp-json\/wp\/v2\/users\/3"}],"replies":[{"embeddable":true,"href":"https:\/\/cccdecolombia.com\/ccc\/wp-json\/wp\/v2\/comments?post=2959"}],"version-history":[{"count":28,"href":"https:\/\/cccdecolombia.com\/ccc\/wp-json\/wp\/v2\/pages\/2959\/revisions"}],"predecessor-version":[{"id":3137,"href":"https:\/\/cccdecolombia.com\/ccc\/wp-json\/wp\/v2\/pages\/2959\/revisions\/3137"}],"wp:attachment":[{"href":"https:\/\/cccdecolombia.com\/ccc\/wp-json\/wp\/v2\/media?parent=2959"}],"curies":[{"name":"wp","href":"https:\/\/api.w.org\/{rel}","templated":true}]}}