{"id":2960,"date":"2024-12-12T21:57:25","date_gmt":"2024-12-13T02:57:25","guid":{"rendered":"https:\/\/cccdecolombia.com\/ccc\/?page_id=2960"},"modified":"2024-12-12T23:45:15","modified_gmt":"2024-12-13T04:45:15","slug":"arauca-la-red-de-glp-domiciliario-mas-grande-del-pais","status":"publish","type":"page","link":"https:\/\/cccdecolombia.com\/ccc\/arauca-la-red-de-glp-domiciliario-mas-grande-del-pais\/","title":{"rendered":"Arauca, la red de GLP domiciliario m\u00e1s grande del pa\u00eds"},"content":{"rendered":"\t\t<div data-elementor-type=\"wp-page\" data-elementor-id=\"2960\" class=\"elementor elementor-2960\" data-elementor-post-type=\"page\">\n\t\t\t\t<div class=\"elementor-element elementor-element-27532f6 e-flex e-con-boxed e-con e-parent\" data-id=\"27532f6\" data-element_type=\"container\" data-e-type=\"container\">\n\t\t\t\t\t<div class=\"e-con-inner\">\n\t\t<div class=\"elementor-element elementor-element-e88de56 e-con-full e-flex e-con e-child\" data-id=\"e88de56\" data-element_type=\"container\" data-e-type=\"container\">\n\t\t\t\t<\/div>\n\t\t<div class=\"elementor-element elementor-element-16580bb e-con-full e-flex e-con e-child\" data-id=\"16580bb\" data-element_type=\"container\" data-e-type=\"container\">\n\t\t<div class=\"elementor-element elementor-element-dc4ac24 e-con-full e-flex e-con e-child\" data-id=\"dc4ac24\" data-element_type=\"container\" data-e-type=\"container\">\n\t\t\t\t<div class=\"elementor-element elementor-element-486ef30 elementor-widget elementor-widget-image\" data-id=\"486ef30\" data-element_type=\"widget\" data-e-type=\"widget\" data-widget_type=\"image.default\">\n\t\t\t\t<div class=\"elementor-widget-container\">\n\t\t\t\t\t\t\t\t\t\t\t\t\t\t\t<img fetchpriority=\"high\" decoding=\"async\" width=\"1024\" height=\"512\" src=\"https:\/\/cccdecolombia.com\/ccc\/wp-content\/uploads\/2024\/12\/8_Articulo_8-1024x512.jpg\" class=\"attachment-large size-large wp-image-3006\" alt=\"\" srcset=\"https:\/\/cccdecolombia.com\/ccc\/wp-content\/uploads\/2024\/12\/8_Articulo_8-1024x512.jpg 1024w, https:\/\/cccdecolombia.com\/ccc\/wp-content\/uploads\/2024\/12\/8_Articulo_8-300x150.jpg 300w, https:\/\/cccdecolombia.com\/ccc\/wp-content\/uploads\/2024\/12\/8_Articulo_8-768x384.jpg 768w, https:\/\/cccdecolombia.com\/ccc\/wp-content\/uploads\/2024\/12\/8_Articulo_8.jpg 1075w\" sizes=\"(max-width: 1024px) 100vw, 1024px\" \/>\t\t\t\t\t\t\t\t\t\t\t\t\t\t\t<\/div>\n\t\t\t\t<\/div>\n\t\t\t\t<div class=\"elementor-element elementor-element-249d796 elementor-widget elementor-widget-text-editor\" data-id=\"249d796\" data-element_type=\"widget\" data-e-type=\"widget\" data-widget_type=\"text-editor.default\">\n\t\t\t\t<div class=\"elementor-widget-container\">\n\t\t\t\t\t\t\t\t\t<h2 style=\"color: #000;\"><b>El Gas Natural Sint\u00e9tico, una alternativa para la industria nacional<\/b><\/h2><p><strong>En una coyuntura de posibles racionamientos y escasez de gas natural, la empresa Damasa de Colombia ofrece una soluci\u00f3n que resulta de la mezcla de gas propano y el aire. <\/strong><\/p><p><span style=\"font-weight: 400;\">Sin duda alguna, una de las grandes preocupaciones de los \u00faltimos meses en el pa\u00eds es la posibilidad de un desabastecimiento de gas natural para los pr\u00f3ximos a\u00f1os debido a la escasez de reservas.<br \/><\/span><span style=\"font-weight: 400;\"><br \/>Varios gremios del sector del gas natural han puesto de presente que el pa\u00eds no cuenta con suficiente combustible para garantizar el servicio continuo a toda la demanda. Seg\u00fan Naturgas, \u201cel d\u00e9ficit de gas se volver\u00e1 una realidad y la \u00fanica soluci\u00f3n a corto plazo ser\u00eda que el Gobierno autorice la comercializaci\u00f3n de gas importado\u201d.<br \/><\/span><span style=\"font-weight: 400;\"><br \/>En este panorama tan complejo surge la pregunta: \u00bfpuedo proteger mi industria de un corte en el suministro de gas natural?<br \/><\/span><span style=\"font-weight: 400;\"><br \/>El desabastecimiento de esta materia prima genera una alta preocupaci\u00f3n y puede causar muchas dificultades en la operaci\u00f3n de la industria a nivel nacional.<br \/><\/span><span style=\"font-weight: 400;\"><br \/>Por eso, con la idea de brindar apoyo y una soluci\u00f3n confiable a sus clientes de la industria del gas, la empresa Damasa de Colombia ofrece hoy una alternativa que viene siendo utilizada hace varios a\u00f1os en todo el mundo y que representa una soluci\u00f3n a esta problem\u00e1tica que se plantea en el caso colombiano: El Gas Natural Sint\u00e9tico.<br \/><\/span><span style=\"font-weight: 400;\"><br \/>Este desarrollo es el resultado de la mezcla de GLP con aire, que emula las propiedades del Gas Natural y logra suplirlo en todas sus funciones tanto en la industria como en las ciudades que se vean afectadas por los posibles racionamientos de gas natural.<br \/><\/span><span style=\"font-weight: 400;\"><br \/>Pero, \u00bfc\u00f3mo se logra un desarrollo que combine el gas propano y el aire, y que emule las propiedades del gas natural?<br \/><\/span><span style=\"font-weight: 400;\"><br \/>Si se analizan los equipos utilizados para lograr suplir el gas natural se puede entender de manera b\u00e1sica la funci\u00f3n de cada uno de los componentes en el prop\u00f3sito de lograr las propiedades necesarias.<br \/><\/span><span style=\"font-weight: 400;\"><br \/>Las plantas propano-aire est\u00e1n conformadas por los siguientes equipos y unidades de almacenamiento:<br \/><\/span><\/p><ul><li><span style=\"font-weight: 400;\"><b>Vaporizador de GLP:<\/b> Se puede entender como una caldera que calienta GLP en estado l\u00edquido y entrega el vapor a utilizar en quemadores, que en este caso es utilizado en la mezcla. Estos equipos pueden ser de diferentes tipos como el fuego directo, ba\u00f1o mar\u00eda, el\u00e9ctricos, entre otros, y pueden ser utilizados en todo tipo de industria ya que cumplen con normativas nacionales e internacionales.<\/span><\/li><li><span style=\"font-weight: 400;\"><b>Unidad Mezcladora:<\/b> Para casos de requerimientos altos se recomienda utilizar un equipo que cuenta con una v\u00e1lvula que trabaja a presiones constantes de propano y aire. Es necesario contar con un compresor de aire que asegure la demanda requerida. En casos m\u00e1s peque\u00f1os se puede utilizar un equipo Venturi, que est\u00e1 dise\u00f1ado para utilizar la presi\u00f3n del GLP en el proceso de absorber la cantidad necesaria de ox\u00edgeno y as\u00ed alcanzar la mezcla.<\/span><\/li><li><span style=\"font-weight: 400;\"><b>Tanque de almacenamiento y tanque trampa:<\/b> Para este proceso se requiere contar con una fuente de GLP y la unidad de almacenamiento, que debe seleccionarse con precauci\u00f3n, tomando siempre en cuenta la demanda total requerida. Finalmente, el tanque trampa se ubica despu\u00e9s del vaporizador, evitando condensaci\u00f3n de l\u00edquido en el proceso.<\/span><\/li><li><span style=\"font-weight: 400;\"><b>Bomba estabilizadora de presi\u00f3n:<\/b> Esta bomba no siempre ser\u00e1 necesaria. Depender\u00e1 del an\u00e1lisis de diferentes factores y necesidades del usuario.<\/span><\/li><\/ul><p><span style=\"font-weight: 400;\">\u201cEn nuestra compa\u00f1\u00eda trabajamos para servir y apoyar el crecimiento de la industria del GLP, estamos atentos a todos los requerimientos, siempre apoyamos a la industria con conocimientos modernos, pr\u00e1cticos y sobre todo \u00fatiles\u201d, asegura Laila Esther Restrepo, gerente de Damasa de Colombia SAS.<\/span><\/p><div style=\"border: 1px solid gray; padding: 15px;\"><p><span style=\"font-weight: 400;\"><b>Damasa Colombia ofrece soluciones<\/b><\/span><\/p><p><span style=\"font-weight: 400;\">Esta empresa colombiana naci\u00f3 en 2016 como una filial de la CORPORACI\u00d3N REGINSA CA, compa\u00f1\u00eda que despu\u00e9s de apoyar el crecimiento de la industria GLP en toda Centroam\u00e9rica por m\u00e1s de 20 a\u00f1os decidi\u00f3 incursionar en el mercado de Colombia. Gracias a esta trayectoria comercial, Damasa ofrece un amplio cat\u00e1logo de productos para el uso y el manejo del GLP: v\u00e1lvulas, medidores, reguladores, accesorios, bombas, compresores, vaporizadores y dem\u00e1s equipos requeridos.<\/span><\/p><p><span style=\"font-weight: 400;\">Gracias a sus clientes, aliados comerciales y su equipo de colaboradores, ha logrado posicionarse en el mercado colombiano en los \u00faltimos nueve a\u00f1os y ofrecer soluciones reales a toda la industria del GLP.<\/span><\/p><\/div><p>\u00a0<\/p><div style=\"border: 1px solid gray; padding: 15px;\"><p><span style=\"font-weight: 400;\"><b>DAMASA DE COLOMBIA SAS<\/b><\/span><\/p><p><span style=\"font-weight: 400;\">Preg\u00fantanos por otros usos que se le pueden dar a las plantas Propano-Aire<\/span><\/p><p><span style=\"font-weight: 400;\">\u00a1No vendemos partes, vendemos soluciones!<\/span><\/p><p><span style=\"font-weight: 400;\">Ub\u00edcanos en la Calle 77 N\u00b0 26-26 en Bogot\u00e1 o ll\u00e1manos al celular: 310-8774608 \/ 313-2677190<\/span><\/p><\/div>\t\t\t\t\t\t\t\t<\/div>\n\t\t\t\t<\/div>\n\t\t\t\t<\/div>\n\t\t<div class=\"elementor-element elementor-element-a82e4b8 e-con-full e-flex e-con e-child\" data-id=\"a82e4b8\" data-element_type=\"container\" data-e-type=\"container\">\n\t\t<div class=\"elementor-element elementor-element-c8bf6e8 e-con-full e-flex e-con e-child\" data-id=\"c8bf6e8\" data-element_type=\"container\" data-e-type=\"container\" data-settings=\"{&quot;background_background&quot;:&quot;classic&quot;}\">\n\t\t\t\t<div class=\"elementor-element elementor-element-92904be elementor-widget elementor-widget-heading\" data-id=\"92904be\" data-element_type=\"widget\" data-e-type=\"widget\" data-widget_type=\"heading.default\">\n\t\t\t\t<div class=\"elementor-widget-container\">\n\t\t\t\t\t<h2 class=\"elementor-heading-title elementor-size-default\">Bolet\u00edn CCC de Colombia<\/h2>\t\t\t\t<\/div>\n\t\t\t\t<\/div>\n\t\t\t\t<div class=\"elementor-element elementor-element-6a96d26 elementor-widget elementor-widget-text-editor\" data-id=\"6a96d26\" data-element_type=\"widget\" data-e-type=\"widget\" data-widget_type=\"text-editor.default\">\n\t\t\t\t<div class=\"elementor-widget-container\">\n\t\t\t\t\t\t\t\t\t<p>Reciba toda la informaci\u00f3n del grupo empresarial colombiano en su correo electr\u00f3nico o en su celular y ent\u00e9rese de las \u00faltimas novedades, noticias, comunicados y eventos.<\/p>\t\t\t\t\t\t\t\t<\/div>\n\t\t\t\t<\/div>\n\t\t\t\t<div class=\"elementor-element elementor-element-e8ec4ee elementor-widget elementor-widget-shortcode\" data-id=\"e8ec4ee\" data-element_type=\"widget\" data-e-type=\"widget\" data-widget_type=\"shortcode.default\">\n\t\t\t\t<div class=\"elementor-widget-container\">\n\t\t\t\t\t\t\t<div class=\"elementor-shortcode\">\n<div class=\"wpcf7 no-js\" id=\"wpcf7-f1990-o1\" lang=\"es-CO\" dir=\"ltr\" data-wpcf7-id=\"1990\">\n<div class=\"screen-reader-response\"><p role=\"status\" aria-live=\"polite\" aria-atomic=\"true\"><\/p> <ul><\/ul><\/div>\n<form action=\"\/ccc\/wp-json\/wp\/v2\/pages\/2960#wpcf7-f1990-o1\" method=\"post\" class=\"wpcf7-form init\" aria-label=\"Formulario de contacto\" novalidate=\"novalidate\" data-status=\"init\">\n<fieldset class=\"hidden-fields-container\"><input type=\"hidden\" name=\"_wpcf7\" value=\"1990\" \/><input type=\"hidden\" name=\"_wpcf7_version\" value=\"6.1.5\" \/><input type=\"hidden\" name=\"_wpcf7_locale\" value=\"es_CO\" \/><input type=\"hidden\" name=\"_wpcf7_unit_tag\" value=\"wpcf7-f1990-o1\" \/><input type=\"hidden\" name=\"_wpcf7_container_post\" value=\"0\" \/><input type=\"hidden\" name=\"_wpcf7_posted_data_hash\" value=\"\" \/><input type=\"hidden\" name=\"_wpcf7_recaptcha_response\" value=\"\" \/>\n<\/fieldset>\n<p><label> Nombre:<br \/>\n<span class=\"wpcf7-form-control-wrap\" data-name=\"your-name\"><input size=\"40\" maxlength=\"400\" class=\"wpcf7-form-control wpcf7-text wpcf7-validates-as-required\" autocomplete=\"name\" aria-required=\"true\" aria-invalid=\"false\" value=\"\" type=\"text\" name=\"your-name\" \/><\/span> <\/label>\n<\/p>\n<p><label> Celular:<br \/>\n<span class=\"wpcf7-form-control-wrap\" data-name=\"Celular\"><input size=\"40\" maxlength=\"400\" class=\"wpcf7-form-control wpcf7-text wpcf7-validates-as-required\" aria-required=\"true\" aria-invalid=\"false\" value=\"\" type=\"text\" name=\"Celular\" \/><\/span> <\/label>\n<\/p>\n<p><label> Correo Electr\u00f3nico:<br \/>\n<span class=\"wpcf7-form-control-wrap\" data-name=\"your-email\"><input size=\"40\" maxlength=\"400\" class=\"wpcf7-form-control wpcf7-email wpcf7-validates-as-required wpcf7-text wpcf7-validates-as-email\" autocomplete=\"email\" aria-required=\"true\" aria-invalid=\"false\" value=\"\" type=\"email\" name=\"your-email\" \/><\/span> <\/label>\n<\/p>\n<p><input class=\"wpcf7-form-control wpcf7-submit has-spinner\" type=\"submit\" value=\"Enviar\" \/>\n<\/p><div class=\"wpcf7-response-output\" aria-hidden=\"true\"><\/div>\n<\/form>\n<\/div>\n<\/div>\n\t\t\t\t\t\t<\/div>\n\t\t\t\t<\/div>\n\t\t\t\t<\/div>\n\t\t\t\t<\/div>\n\t\t\t\t<\/div>\n\t\t<div class=\"elementor-element elementor-element-ebb2905 e-con-full e-flex e-con e-child\" data-id=\"ebb2905\" data-element_type=\"container\" data-e-type=\"container\">\n\t\t\t\t<\/div>\n\t\t\t\t\t<\/div>\n\t\t\t\t<\/div>\n\t\t\t\t<\/div>\n\t\t","protected":false},"excerpt":{"rendered":"<p>El Gas Natural Sint\u00e9tico, una alternativa para la industria nacional En una coyuntura de posibles racionamientos y escasez de gas natural, la empresa Damasa de Colombia ofrece una soluci\u00f3n que resulta de la mezcla de gas propano y el aire. Sin duda alguna, una de las grandes preocupaciones de los \u00faltimos meses en el pa\u00eds [&hellip;]<\/p>\n","protected":false},"author":3,"featured_media":0,"parent":0,"menu_order":0,"comment_status":"closed","ping_status":"closed","template":"","meta":{"_monsterinsights_skip_tracking":false,"_monsterinsights_sitenote_active":false,"_monsterinsights_sitenote_note":"","_monsterinsights_sitenote_category":0,"_uf_show_specific_survey":0,"_uf_disable_surveys":false,"_joinchat":[],"footnotes":""},"class_list":["post-2960","page","type-page","status-publish","hentry"],"aioseo_notices":[],"_links":{"self":[{"href":"https:\/\/cccdecolombia.com\/ccc\/wp-json\/wp\/v2\/pages\/2960","targetHints":{"allow":["GET"]}}],"collection":[{"href":"https:\/\/cccdecolombia.com\/ccc\/wp-json\/wp\/v2\/pages"}],"about":[{"href":"https:\/\/cccdecolombia.com\/ccc\/wp-json\/wp\/v2\/types\/page"}],"author":[{"embeddable":true,"href":"https:\/\/cccdecolombia.com\/ccc\/wp-json\/wp\/v2\/users\/3"}],"replies":[{"embeddable":true,"href":"https:\/\/cccdecolombia.com\/ccc\/wp-json\/wp\/v2\/comments?post=2960"}],"version-history":[{"count":7,"href":"https:\/\/cccdecolombia.com\/ccc\/wp-json\/wp\/v2\/pages\/2960\/revisions"}],"predecessor-version":[{"id":3076,"href":"https:\/\/cccdecolombia.com\/ccc\/wp-json\/wp\/v2\/pages\/2960\/revisions\/3076"}],"wp:attachment":[{"href":"https:\/\/cccdecolombia.com\/ccc\/wp-json\/wp\/v2\/media?parent=2960"}],"curies":[{"name":"wp","href":"https:\/\/api.w.org\/{rel}","templated":true}]}}