{"id":2961,"date":"2024-12-12T21:56:20","date_gmt":"2024-12-13T02:56:20","guid":{"rendered":"https:\/\/cccdecolombia.com\/ccc\/?page_id=2961"},"modified":"2024-12-13T19:51:49","modified_gmt":"2024-12-14T00:51:49","slug":"el-gas-natural-sintetico-una-alternativa-para-la-industria-nacional","status":"publish","type":"page","link":"https:\/\/cccdecolombia.com\/ccc\/el-gas-natural-sintetico-una-alternativa-para-la-industria-nacional\/","title":{"rendered":"El Gas Natural Sint\u00e9tico, una alternativa para la industria nacional"},"content":{"rendered":"\t\t<div data-elementor-type=\"wp-page\" data-elementor-id=\"2961\" class=\"elementor elementor-2961\" data-elementor-post-type=\"page\">\n\t\t\t\t<div class=\"elementor-element elementor-element-7883903 e-flex e-con-boxed e-con e-parent\" data-id=\"7883903\" data-element_type=\"container\" data-e-type=\"container\">\n\t\t\t\t\t<div class=\"e-con-inner\">\n\t\t<div class=\"elementor-element elementor-element-0c64b00 e-con-full e-flex e-con e-child\" data-id=\"0c64b00\" data-element_type=\"container\" data-e-type=\"container\">\n\t\t\t\t<\/div>\n\t\t<div class=\"elementor-element elementor-element-724ed20 e-con-full e-flex e-con e-child\" data-id=\"724ed20\" data-element_type=\"container\" data-e-type=\"container\">\n\t\t<div class=\"elementor-element elementor-element-deee694 e-con-full e-flex e-con e-child\" data-id=\"deee694\" data-element_type=\"container\" data-e-type=\"container\">\n\t\t\t\t<div class=\"elementor-element elementor-element-cd5f56c elementor-widget elementor-widget-image\" data-id=\"cd5f56c\" data-element_type=\"widget\" data-e-type=\"widget\" data-widget_type=\"image.default\">\n\t\t\t\t<div class=\"elementor-widget-container\">\n\t\t\t\t\t\t\t\t\t\t\t\t\t\t\t<img fetchpriority=\"high\" decoding=\"async\" width=\"1024\" height=\"512\" src=\"https:\/\/cccdecolombia.com\/ccc\/wp-content\/uploads\/2024\/12\/6_Articulo_6-1024x512.jpg\" class=\"attachment-large size-large wp-image-3014\" alt=\"\" srcset=\"https:\/\/cccdecolombia.com\/ccc\/wp-content\/uploads\/2024\/12\/6_Articulo_6-1024x512.jpg 1024w, https:\/\/cccdecolombia.com\/ccc\/wp-content\/uploads\/2024\/12\/6_Articulo_6-300x150.jpg 300w, https:\/\/cccdecolombia.com\/ccc\/wp-content\/uploads\/2024\/12\/6_Articulo_6-768x384.jpg 768w, https:\/\/cccdecolombia.com\/ccc\/wp-content\/uploads\/2024\/12\/6_Articulo_6.jpg 1075w\" sizes=\"(max-width: 1024px) 100vw, 1024px\" \/>\t\t\t\t\t\t\t\t\t\t\t\t\t\t\t<\/div>\n\t\t\t\t<\/div>\n\t\t\t\t<div class=\"elementor-element elementor-element-adb3897 elementor-widget elementor-widget-text-editor\" data-id=\"adb3897\" data-element_type=\"widget\" data-e-type=\"widget\" data-widget_type=\"text-editor.default\">\n\t\t\t\t<div class=\"elementor-widget-container\">\n\t\t\t\t\t\t\t\t\t<h2 style=\"color: #000;\"><b>Arauca, la red de GLP domiciliario m\u00e1s grande del pa\u00eds<\/b><\/h2><p><strong>El departamento -tradicional productor de hidrocarburos- logra por fin garantizar el abastecimiento de este energ\u00e9tico a sus propios usuarios, gracias al empuje de empresarios de la regi\u00f3n.<\/strong><\/p><p><span style=\"font-weight: 400;\">Arauca se consolida como la iniciativa de GLP por redes domiciliarias m\u00e1s grande del pa\u00eds, gracias a un esfuerzo de la empresa privada y del sector p\u00fablico en una regi\u00f3n que ha sido productora de hidrocarburos pero que -ir\u00f3nicamente- hasta ahora no ten\u00eda garantizada las redes domiciliarias para sus propios usuarios.<br \/><\/span><span style=\"font-weight: 400;\"><br \/>Durante muchos a\u00f1os, los siete municipios del departamento de Arauca no contaban con redes del servicio de gas domiciliario y por una iniciativa de la Gobernaci\u00f3n, la Alcald\u00eda de Arauca, Ecopetrol y la empresa privada en 2022 se decidi\u00f3 avanzar en los proyectos de masificaci\u00f3n de esta red para todo el departamento, con el apoyo de otros operadores regionales.<br \/><\/span><span style=\"font-weight: 400;\"><br \/>\u201cAraucana de Gases es una empresa de la regi\u00f3n, de inversionistas araucanos que creyeron en este proyecto porque las empresas grandes no le apostaban a masificar el servicio de gas por redes; les interesaba solo vender el cilindro de gas porque era m\u00e1s rentable para ellos. En las empresas que tienen sistemas por redes, el operador soporta el subsidio a los usuarios hasta el 60% en estrato 1 y hasta 50% en estrato 2 y cobra cada tres meses al Ministerio de Minas (Fondo de Solidaridad y Redistribuci\u00f3n del Ingreso)\u201d, se\u00f1ala Andr\u00e9s Cuervo, gerente de Araucana de Gases SAS ESP, la empresa que presta sus servicios en la ciudad de Arauca y otros dos municipios del departamento.<br \/><\/span><span style=\"font-weight: 400;\"><br \/>En la actualidad, la empresa ejecuta con la Alcald\u00eda de Arauca un convenio por $2.980 millones que busca conectar a 1.676 nuevos usuarios en el municipio de Arauca. Para el 2025 ya se tienen aprobados 4.000 subsidios m\u00e1s para conectar otro tanto de usuarios, lo cual se convierte en una inversi\u00f3n p\u00fablico-privada muy importante para la capital del departamento por cerca de $8.000 millones entre la alcald\u00eda y Ecopetrol.<br \/><\/span><span style=\"font-weight: 400;\"><br \/>El abastecimiento de GLP est\u00e1 garantizado para la regi\u00f3n, pues Araucana de Gas tiene un cupo directo con Ecopetrol para abastecer el 65% del gas que se consume en Arauca y el otro 35% corresponde al trabajo que hace la mayorista Empresas GASCO con su marca Unigas.<br \/><\/span><span style=\"font-weight: 400;\"><br \/>El GLP se trae hasta ahora de las plantas de Ecopetrol en Cusiana y Cupiagua, a 300 kil\u00f3metros de la ciudad de Arauca. La idea es que para el pr\u00f3ximo a\u00f1o se pueda acceder a otra fuente m\u00e1s cercana como el campo Capachos de la empresa Parex, que se encuentra a 170 kil\u00f3metros de la capital, lo que representar\u00eda una reducci\u00f3n en los costos de transporte, que impactar\u00eda en la reducci\u00f3n de la tarifa, beneficiando directamente a todos los usuarios que atiende Araucana de Gases.<br \/><\/span><span style=\"font-weight: 400;\"><br \/>\u201cNosotros somos el municipio m\u00e1s grande con usuarios de GLP, tenemos alrededor del 11% del consumo residencial de GLP del pa\u00eds, porque en su gran mayor\u00eda ese consumo est\u00e1 concentrado en gas natural. Finalizando el 2025 esperamos tener una cobertura del 98% del municipio de Arauca, alrededor de 18.000 usuarios, que es un mercado muy atractivo\u201d, asegura Ricardo \u00c1lvarez, representante legal de Araucana de Gases.<br \/><\/span><span style=\"font-weight: 400;\"><br \/>La masificaci\u00f3n del GLP por redes domiciliarias en Arauca busca beneficiar especialmente a la poblaci\u00f3n de estratos 1 y 2, que pasar\u00edan a pagar hasta un 60% menos de lo que vale un cilindro de GLP. Adem\u00e1s, a trav\u00e9s de los distintos convenios se subsidia el 90% de la conexi\u00f3n, que vale $2.080.000, y el usuario solo paga $280 mil.<br \/><\/span><span style=\"font-weight: 400;\"><br \/>El GLP representa muchas ventajas para los araucanos. Tiene 7 veces m\u00e1s poder cal\u00f3rico que el gas natural y se puede transportar en forma l\u00edquida, lo que hace m\u00e1s f\u00e1cil su distribuci\u00f3n. \u201cEl GLP tiene una cobertura nacional del 97,5%; es el energ\u00e9tico que m\u00e1s llega a todas partes por su facilidad de transporte\u201d, concluye Cuervo.<br \/><\/span><\/p><div style=\"border: 1px solid gray; padding: 15px;\"><p><span style=\"font-weight: 400;\"><b>Una empresa araucana al servicio de los araucanos<\/b><\/span><\/p><p><span style=\"font-weight: 400;\">Araucana de Gases SAS ESP presta su servicio en los municipios de Arauca, Cravo Norte y Puerto Rond\u00f3n. Es una empresa joven, tiene 4 a\u00f1os de creada y 3 en operaci\u00f3n. Este a\u00f1o cerrar\u00e1 su operaci\u00f3n con 10.500 usuarios, en su gran mayor\u00eda de estratos 1 y 2 residencial.<\/span><\/p><p><span style=\"font-weight: 400;\">Muy pronto incursionar\u00e1 en el AutoGLP con una empresa aliada, Inversiones Gascar, para iniciar el proceso de conversi\u00f3n de veh\u00edculos. As\u00ed mismo ya cuenta con el taller autorizado y la primera estaci\u00f3n de servicio para AutoGLP que operan bajo la marca OK AUTOGLP. CCC acompa\u00f1a los procesos de inspecci\u00f3n y certificaci\u00f3n del taller de conversi\u00f3n y de las estaciones.<\/span><\/p><p><span style=\"font-weight: 400;\">\u201cEstamos apostando al almacenamiento estrat\u00e9gico de combustible en zonas de frontera. Ya nos reunimos con el director de Hidrocarburos del MME y nos sentimos muy emocionados de aportar a esta iniciativa del gobierno nacional, que busca evitar un desabastecimiento de energ\u00e9ticos en zonas fronterizas\u201d, concluy\u00f3 Ricardo \u00c1lvarez Higuera, representante legal de Araucana de Gases.<\/span><\/p><\/div>\t\t\t\t\t\t\t\t<\/div>\n\t\t\t\t<\/div>\n\t\t\t\t<\/div>\n\t\t<div class=\"elementor-element elementor-element-24d4e28 e-con-full e-flex e-con e-child\" data-id=\"24d4e28\" data-element_type=\"container\" data-e-type=\"container\">\n\t\t<div class=\"elementor-element elementor-element-e3e352d e-con-full e-flex e-con e-child\" data-id=\"e3e352d\" data-element_type=\"container\" data-e-type=\"container\" data-settings=\"{&quot;background_background&quot;:&quot;classic&quot;}\">\n\t\t\t\t<div class=\"elementor-element elementor-element-a0cdf6c elementor-widget elementor-widget-heading\" data-id=\"a0cdf6c\" data-element_type=\"widget\" data-e-type=\"widget\" data-widget_type=\"heading.default\">\n\t\t\t\t<div class=\"elementor-widget-container\">\n\t\t\t\t\t<h2 class=\"elementor-heading-title elementor-size-default\">Bolet\u00edn CCC de Colombia<\/h2>\t\t\t\t<\/div>\n\t\t\t\t<\/div>\n\t\t\t\t<div class=\"elementor-element elementor-element-1995cab elementor-widget elementor-widget-text-editor\" data-id=\"1995cab\" data-element_type=\"widget\" data-e-type=\"widget\" data-widget_type=\"text-editor.default\">\n\t\t\t\t<div class=\"elementor-widget-container\">\n\t\t\t\t\t\t\t\t\t<p>Reciba toda la informaci\u00f3n del grupo empresarial colombiano en su correo electr\u00f3nico o en su celular y ent\u00e9rese de las \u00faltimas novedades, noticias, comunicados y eventos.<\/p>\t\t\t\t\t\t\t\t<\/div>\n\t\t\t\t<\/div>\n\t\t\t\t<div class=\"elementor-element elementor-element-702e079 elementor-widget elementor-widget-shortcode\" data-id=\"702e079\" data-element_type=\"widget\" data-e-type=\"widget\" data-widget_type=\"shortcode.default\">\n\t\t\t\t<div class=\"elementor-widget-container\">\n\t\t\t\t\t\t\t<div class=\"elementor-shortcode\">\n<div class=\"wpcf7 no-js\" id=\"wpcf7-f1990-o1\" lang=\"es-CO\" dir=\"ltr\" data-wpcf7-id=\"1990\">\n<div class=\"screen-reader-response\"><p role=\"status\" aria-live=\"polite\" aria-atomic=\"true\"><\/p> <ul><\/ul><\/div>\n<form action=\"\/ccc\/wp-json\/wp\/v2\/pages\/2961#wpcf7-f1990-o1\" method=\"post\" class=\"wpcf7-form init\" aria-label=\"Formulario de contacto\" novalidate=\"novalidate\" data-status=\"init\">\n<fieldset class=\"hidden-fields-container\"><input type=\"hidden\" name=\"_wpcf7\" value=\"1990\" \/><input type=\"hidden\" name=\"_wpcf7_version\" value=\"6.1.5\" \/><input type=\"hidden\" name=\"_wpcf7_locale\" value=\"es_CO\" \/><input type=\"hidden\" name=\"_wpcf7_unit_tag\" value=\"wpcf7-f1990-o1\" \/><input type=\"hidden\" name=\"_wpcf7_container_post\" value=\"0\" \/><input type=\"hidden\" name=\"_wpcf7_posted_data_hash\" value=\"\" \/><input type=\"hidden\" name=\"_wpcf7_recaptcha_response\" value=\"\" \/>\n<\/fieldset>\n<p><label> Nombre:<br \/>\n<span class=\"wpcf7-form-control-wrap\" data-name=\"your-name\"><input size=\"40\" maxlength=\"400\" class=\"wpcf7-form-control wpcf7-text wpcf7-validates-as-required\" autocomplete=\"name\" aria-required=\"true\" aria-invalid=\"false\" value=\"\" type=\"text\" name=\"your-name\" \/><\/span> <\/label>\n<\/p>\n<p><label> Celular:<br \/>\n<span class=\"wpcf7-form-control-wrap\" data-name=\"Celular\"><input size=\"40\" maxlength=\"400\" class=\"wpcf7-form-control wpcf7-text wpcf7-validates-as-required\" aria-required=\"true\" aria-invalid=\"false\" value=\"\" type=\"text\" name=\"Celular\" \/><\/span> <\/label>\n<\/p>\n<p><label> Correo Electr\u00f3nico:<br \/>\n<span class=\"wpcf7-form-control-wrap\" data-name=\"your-email\"><input size=\"40\" maxlength=\"400\" class=\"wpcf7-form-control wpcf7-email wpcf7-validates-as-required wpcf7-text wpcf7-validates-as-email\" autocomplete=\"email\" aria-required=\"true\" aria-invalid=\"false\" value=\"\" type=\"email\" name=\"your-email\" \/><\/span> <\/label>\n<\/p>\n<p><input class=\"wpcf7-form-control wpcf7-submit has-spinner\" type=\"submit\" value=\"Enviar\" \/>\n<\/p><div class=\"wpcf7-response-output\" aria-hidden=\"true\"><\/div>\n<\/form>\n<\/div>\n<\/div>\n\t\t\t\t\t\t<\/div>\n\t\t\t\t<\/div>\n\t\t\t\t<\/div>\n\t\t\t\t<\/div>\n\t\t\t\t<\/div>\n\t\t<div class=\"elementor-element elementor-element-0767a8d e-con-full e-flex e-con e-child\" data-id=\"0767a8d\" data-element_type=\"container\" data-e-type=\"container\">\n\t\t\t\t<\/div>\n\t\t\t\t\t<\/div>\n\t\t\t\t<\/div>\n\t\t\t\t<\/div>\n\t\t","protected":false},"excerpt":{"rendered":"<p>Arauca, la red de GLP domiciliario m\u00e1s grande del pa\u00eds El departamento -tradicional productor de hidrocarburos- logra por fin garantizar el abastecimiento de este energ\u00e9tico a sus propios usuarios, gracias al empuje de empresarios de la regi\u00f3n. Arauca se consolida como la iniciativa de GLP por redes domiciliarias m\u00e1s grande del pa\u00eds, gracias a un [&hellip;]<\/p>\n","protected":false},"author":3,"featured_media":0,"parent":0,"menu_order":0,"comment_status":"closed","ping_status":"closed","template":"","meta":{"_monsterinsights_skip_tracking":false,"_monsterinsights_sitenote_active":false,"_monsterinsights_sitenote_note":"","_monsterinsights_sitenote_category":0,"_uf_show_specific_survey":0,"_uf_disable_surveys":false,"_joinchat":[],"footnotes":""},"class_list":["post-2961","page","type-page","status-publish","hentry"],"aioseo_notices":[],"_links":{"self":[{"href":"https:\/\/cccdecolombia.com\/ccc\/wp-json\/wp\/v2\/pages\/2961","targetHints":{"allow":["GET"]}}],"collection":[{"href":"https:\/\/cccdecolombia.com\/ccc\/wp-json\/wp\/v2\/pages"}],"about":[{"href":"https:\/\/cccdecolombia.com\/ccc\/wp-json\/wp\/v2\/types\/page"}],"author":[{"embeddable":true,"href":"https:\/\/cccdecolombia.com\/ccc\/wp-json\/wp\/v2\/users\/3"}],"replies":[{"embeddable":true,"href":"https:\/\/cccdecolombia.com\/ccc\/wp-json\/wp\/v2\/comments?post=2961"}],"version-history":[{"count":7,"href":"https:\/\/cccdecolombia.com\/ccc\/wp-json\/wp\/v2\/pages\/2961\/revisions"}],"predecessor-version":[{"id":3125,"href":"https:\/\/cccdecolombia.com\/ccc\/wp-json\/wp\/v2\/pages\/2961\/revisions\/3125"}],"wp:attachment":[{"href":"https:\/\/cccdecolombia.com\/ccc\/wp-json\/wp\/v2\/media?parent=2961"}],"curies":[{"name":"wp","href":"https:\/\/api.w.org\/{rel}","templated":true}]}}