{"id":2963,"date":"2024-12-12T21:56:40","date_gmt":"2024-12-13T02:56:40","guid":{"rendered":"https:\/\/cccdecolombia.com\/ccc\/?page_id=2963"},"modified":"2024-12-13T19:49:19","modified_gmt":"2024-12-14T00:49:19","slug":"la-conversion-de-vehiculos-a-gnv-tiene-mucho-futuro","status":"publish","type":"page","link":"https:\/\/cccdecolombia.com\/ccc\/la-conversion-de-vehiculos-a-gnv-tiene-mucho-futuro\/","title":{"rendered":"\u2018La conversi\u00f3n de veh\u00edculos a GNV tiene mucho futuro\u2019"},"content":{"rendered":"\t\t<div data-elementor-type=\"wp-page\" data-elementor-id=\"2963\" class=\"elementor elementor-2963\" data-elementor-post-type=\"page\">\n\t\t\t\t<div class=\"elementor-element elementor-element-a805d28 e-flex e-con-boxed e-con e-parent\" data-id=\"a805d28\" data-element_type=\"container\" data-e-type=\"container\">\n\t\t\t\t\t<div class=\"e-con-inner\">\n\t\t<div class=\"elementor-element elementor-element-63cf7e4 e-con-full e-flex e-con e-child\" data-id=\"63cf7e4\" data-element_type=\"container\" data-e-type=\"container\">\n\t\t\t\t<\/div>\n\t\t<div class=\"elementor-element elementor-element-ebfdd84 e-con-full e-flex e-con e-child\" data-id=\"ebfdd84\" data-element_type=\"container\" data-e-type=\"container\">\n\t\t<div class=\"elementor-element elementor-element-3cfa216 e-con-full e-flex e-con e-child\" data-id=\"3cfa216\" data-element_type=\"container\" data-e-type=\"container\">\n\t\t\t\t<div class=\"elementor-element elementor-element-2c476df elementor-widget elementor-widget-image\" data-id=\"2c476df\" data-element_type=\"widget\" data-e-type=\"widget\" data-widget_type=\"image.default\">\n\t\t\t\t<div class=\"elementor-widget-container\">\n\t\t\t\t\t\t\t\t\t\t\t\t\t\t\t<img fetchpriority=\"high\" decoding=\"async\" width=\"1024\" height=\"512\" src=\"https:\/\/cccdecolombia.com\/ccc\/wp-content\/uploads\/2024\/12\/4_Articulo_4-1024x512.jpg\" class=\"attachment-large size-large wp-image-3022\" alt=\"\" srcset=\"https:\/\/cccdecolombia.com\/ccc\/wp-content\/uploads\/2024\/12\/4_Articulo_4-1024x512.jpg 1024w, https:\/\/cccdecolombia.com\/ccc\/wp-content\/uploads\/2024\/12\/4_Articulo_4-300x150.jpg 300w, https:\/\/cccdecolombia.com\/ccc\/wp-content\/uploads\/2024\/12\/4_Articulo_4-768x384.jpg 768w, https:\/\/cccdecolombia.com\/ccc\/wp-content\/uploads\/2024\/12\/4_Articulo_4.jpg 1075w\" sizes=\"(max-width: 1024px) 100vw, 1024px\" \/>\t\t\t\t\t\t\t\t\t\t\t\t\t\t\t<\/div>\n\t\t\t\t<\/div>\n\t\t\t\t<div class=\"elementor-element elementor-element-f376a7c elementor-widget elementor-widget-text-editor\" data-id=\"f376a7c\" data-element_type=\"widget\" data-e-type=\"widget\" data-widget_type=\"text-editor.default\">\n\t\t\t\t<div class=\"elementor-widget-container\">\n\t\t\t\t\t\t\t\t\t<h2 style=\"color: #000;\"><b>Hay que cuidar la cadena de distribuci\u00f3n de combustibles<\/b><\/h2>\n<p><strong>Tener y conservar una red de abastecimiento es valioso para todos. Fortalece la confianza de los consumidores, aumenta las facilidades de acceso y se presta un mejor servicio.<\/strong><\/p>\n<p><strong>Por David Jim\u00e9nez Mej\u00eda<\/strong><br><strong>Presidente COMCE<\/strong><\/p>\n<p><span style=\"font-weight: 400;\">Hablar sobre la distribuci\u00f3n de combustibles en Colombia ha significado en los \u00faltimos meses conversar de la pertinencia de los hidrocarburos, su importancia en la econom\u00eda, la transici\u00f3n energ\u00e9tica, entre otros temas. Pero distribuci\u00f3n de combustibles tambi\u00e9n tiene que ver con la distribuci\u00f3n misma, asunto tan indispensable como el producto que se comercializa.<br><\/span><span style=\"font-weight: 400;\"><br>La distribuci\u00f3n de combustibles l\u00edquidos opera a trav\u00e9s de una larga cadena de suministro en el pa\u00eds. Es un encadenamiento que incluye la participaci\u00f3n de diversos agentes que se dedican a una tarea en particular. Algunos se especializan en el almacenamiento, otros en la refinaci\u00f3n, otros en el transporte y, otros, en la comercializaci\u00f3n. Cada uno es responsable de una tarea que -en el agregado- se hace indispensable para garantizar la entrega del producto.<br><\/span><span style=\"font-weight: 400;\"><br>En este proceso hay un enlace donde la entrega del producto deja de ser a grandes vol\u00famenes, de miles de barriles al d\u00eda o millones de galones al por mayor, y pasa a ser al del suministro al por menor. Este eslab\u00f3n es la parte m\u00e1s amplia y heterog\u00e9nea de toda la red de abastecimiento: son las estaciones de servicio. En la actualidad, esta red comprende m\u00e1s de 6.400 establecimientos que operan en todo el pa\u00eds. Cada una es un punto de abastecimiento en el territorio.<br><\/span><span style=\"font-weight: 400;\"><br>La palabra minorista viene de comerciante. Dicho del comercio: \u201cque se realiza al por menor\u201d . En las estaciones de servicio se lleva a cabo la comercializaci\u00f3n del producto en la cantidad que lo requiera el consumidor final, sea medio gal\u00f3n, varios galones o una cantidad equivalente en dinero. Es tan importante como los dem\u00e1s que participan de la cadena, pero goza de una especial posici\u00f3n en el suministro, por ser el \u00faltimo eslab\u00f3n del encadenamiento, de cara a los consumidores finales.<br><\/span><span style=\"font-weight: 400;\"><br>Como actividad empresarial, la distribuci\u00f3n minorista de combustibles implica la asunci\u00f3n de riesgos, la inversi\u00f3n de recursos, la disponibilidad de capital de trabajo, entre otros. Es la parte de la red que garantiza el abastecimiento en el territorio y las comunidades. Construir, mantener, operar y cuidar una estaci\u00f3n de servicio no es tarea f\u00e1cil. No es una actividad comercial com\u00fan. Exige especial cuidado, una atenci\u00f3n permanente, diaria, habitual, casi ininterrumpida.<br><\/span><\/p>\n<p><span style=\"font-weight: 400; color: orange; font-size: 22px;\"><b>\u2018Los distribuidores minoristas cumplen con un servicio p\u00fablico esencial para la comunidad. Satisfacen una necesidad b\u00e1sica para los colombianos\u2019.<\/b><\/span><\/p>\n<p><span style=\"font-weight: 400;\">Y en esta tarea, los distribuidores minoristas cumplen con un servicio p\u00fablico esencial para la comunidad. Satisfacen una necesidad b\u00e1sica para los colombianos. Sin ella, las tareas del d\u00eda a d\u00eda se dificultar\u00edan o podr\u00edan hacerse inviables.<br><\/span><span style=\"font-weight: 400;\"><br>Pero muchas veces se asume esta parte de la red de abastecimiento como dada; como una estructura permanente que no presenta amenazas. Se evaden problemas. Se retrasan soluciones. Y como todo en una red, este aplazamiento tiene enorme potencial de convertirse en adverso: si en un encadenamiento, cualquiera sea, se descuida un enlace, el efecto es el llamado \u2018cuello de botella\u2019 o \u2018efecto cascada\u2019. Un problema min\u00fasculo puede provocar consecuencias de mayores proporciones.<br><\/span><span style=\"font-weight: 400;\"><br>En este sentido, hay que hacer un llamado a cuidar la cadena. Hoy en d\u00eda, la normatividad actual, contrario al objetivo de fomentar la actividad, promover la industria o incentivar la inversi\u00f3n privada, ha contribuido a crear m\u00e1s rigideces y mayores barreras de acceso en el sector. Esta situaci\u00f3n ha conducido a desestimular la inversi\u00f3n y la competitividad en el sector.<br><\/span><span style=\"font-weight: 400;\"><br>Uno de los aspectos que m\u00e1s ha suscitado reparos es la retroactividad del Reglamento T\u00e9cnico aplicable a las estaciones de servicio. Este reglamento ha contribuido al aumento de la carga operacional y hacer m\u00e1s gravosa la situaci\u00f3n de muchas estaciones construidas bajo una reglamentaci\u00f3n anterior. Se piensa, un cambio normativo hacia adelante -que implica un cambio de enfoque t\u00e9cnico- deber\u00eda mirar hacia adelante, pero nunca hacia atr\u00e1s.<br><\/span><\/p>\n<p><span style=\"font-weight: 400; color: orange; font-size: 22px;\"><b>\u2018En materia de regulaci\u00f3n, cualquier intervenci\u00f3n puede afectar el desempe\u00f1o de una industria, dificultar su crecimiento, lo puede deprimir e incluso provocar un debilitamiento en su funcionamiento\u2019.<\/b><\/span><\/p>\n<p><span style=\"font-weight: 400;\">No tiene sentido construir una instalaci\u00f3n bajo una norma anterior y, posteriormente, ordenar demoler, modificar, adecuarla a una normatividad posterior. Se afecta la seguridad jur\u00eddica, la confianza en la inversi\u00f3n, la rentabilidad de la actividad. Sin embargo, este reglamento se impuso con enormes costos para el sector y un desestimulo para la inversi\u00f3n.<\/span><\/p>\n<p><span style=\"font-weight: 400;\">En materia de regulaci\u00f3n, cualquier intervenci\u00f3n puede afectar el desempe\u00f1o de una industria, dificultar su crecimiento, lo puede deprimir e incluso provocar un debilitamiento en su funcionamiento. En regulaci\u00f3n, es necesario siempre pensar las consecuencias econ\u00f3micas de una intervenci\u00f3n. Me temo que -desafortunadamente- en la aplicaci\u00f3n retroactiva de este reglamento no se tuvo en cuenta esta dimensi\u00f3n.<br><\/span><span style=\"font-weight: 400;\"><br>Tener y conservar una red de abastecimiento es valioso para todos. Fortalece la confianza de los consumidores, aumenta las facilidades de acceso, se presta un mejor servicio. En ese sentido, se hace necesario hacer un llamado a cuidar la cadena de combustibles. La regulaci\u00f3n debe estar encaminada hacia ese objetivo y no a deprimir la actividad.<br><\/span><\/p>\t\t\t\t\t\t\t\t<\/div>\n\t\t\t\t<\/div>\n\t\t\t\t<\/div>\n\t\t<div class=\"elementor-element elementor-element-e5b1c87 e-con-full e-flex e-con e-child\" data-id=\"e5b1c87\" data-element_type=\"container\" data-e-type=\"container\">\n\t\t<div class=\"elementor-element elementor-element-9a06691 e-con-full e-flex e-con e-child\" data-id=\"9a06691\" data-element_type=\"container\" data-e-type=\"container\" data-settings=\"{&quot;background_background&quot;:&quot;classic&quot;}\">\n\t\t\t\t<div class=\"elementor-element elementor-element-97a297d elementor-widget elementor-widget-heading\" data-id=\"97a297d\" data-element_type=\"widget\" data-e-type=\"widget\" data-widget_type=\"heading.default\">\n\t\t\t\t<div class=\"elementor-widget-container\">\n\t\t\t\t\t<h2 class=\"elementor-heading-title elementor-size-default\">Bolet\u00edn CCC de Colombia<\/h2>\t\t\t\t<\/div>\n\t\t\t\t<\/div>\n\t\t\t\t<div class=\"elementor-element elementor-element-f038e1f elementor-widget elementor-widget-text-editor\" data-id=\"f038e1f\" data-element_type=\"widget\" data-e-type=\"widget\" data-widget_type=\"text-editor.default\">\n\t\t\t\t<div class=\"elementor-widget-container\">\n\t\t\t\t\t\t\t\t\t<p>Reciba toda la informaci\u00f3n del grupo empresarial colombiano en su correo electr\u00f3nico o en su celular y ent\u00e9rese de las \u00faltimas novedades, noticias, comunicados y eventos.<\/p>\t\t\t\t\t\t\t\t<\/div>\n\t\t\t\t<\/div>\n\t\t\t\t<div class=\"elementor-element elementor-element-90997fe elementor-widget elementor-widget-shortcode\" data-id=\"90997fe\" data-element_type=\"widget\" data-e-type=\"widget\" data-widget_type=\"shortcode.default\">\n\t\t\t\t<div class=\"elementor-widget-container\">\n\t\t\t\t\t\t\t<div class=\"elementor-shortcode\">\n<div class=\"wpcf7 no-js\" id=\"wpcf7-f1990-o1\" lang=\"es-CO\" dir=\"ltr\" data-wpcf7-id=\"1990\">\n<div class=\"screen-reader-response\"><p role=\"status\" aria-live=\"polite\" aria-atomic=\"true\"><\/p> <ul><\/ul><\/div>\n<form action=\"\/ccc\/wp-json\/wp\/v2\/pages\/2963#wpcf7-f1990-o1\" method=\"post\" class=\"wpcf7-form init\" aria-label=\"Formulario de contacto\" novalidate=\"novalidate\" data-status=\"init\">\n<fieldset class=\"hidden-fields-container\"><input type=\"hidden\" name=\"_wpcf7\" value=\"1990\" \/><input type=\"hidden\" name=\"_wpcf7_version\" value=\"6.1.5\" \/><input type=\"hidden\" name=\"_wpcf7_locale\" value=\"es_CO\" \/><input type=\"hidden\" name=\"_wpcf7_unit_tag\" value=\"wpcf7-f1990-o1\" \/><input type=\"hidden\" name=\"_wpcf7_container_post\" value=\"0\" \/><input type=\"hidden\" name=\"_wpcf7_posted_data_hash\" value=\"\" \/><input type=\"hidden\" name=\"_wpcf7_recaptcha_response\" value=\"\" \/>\n<\/fieldset>\n<p><label> Nombre:<br \/>\n<span class=\"wpcf7-form-control-wrap\" data-name=\"your-name\"><input size=\"40\" maxlength=\"400\" class=\"wpcf7-form-control wpcf7-text wpcf7-validates-as-required\" autocomplete=\"name\" aria-required=\"true\" aria-invalid=\"false\" value=\"\" type=\"text\" name=\"your-name\" \/><\/span> <\/label>\n<\/p>\n<p><label> Celular:<br \/>\n<span class=\"wpcf7-form-control-wrap\" data-name=\"Celular\"><input size=\"40\" maxlength=\"400\" class=\"wpcf7-form-control wpcf7-text wpcf7-validates-as-required\" aria-required=\"true\" aria-invalid=\"false\" value=\"\" type=\"text\" name=\"Celular\" \/><\/span> <\/label>\n<\/p>\n<p><label> Correo Electr\u00f3nico:<br \/>\n<span class=\"wpcf7-form-control-wrap\" data-name=\"your-email\"><input size=\"40\" maxlength=\"400\" class=\"wpcf7-form-control wpcf7-email wpcf7-validates-as-required wpcf7-text wpcf7-validates-as-email\" autocomplete=\"email\" aria-required=\"true\" aria-invalid=\"false\" value=\"\" type=\"email\" name=\"your-email\" \/><\/span> <\/label>\n<\/p>\n<p><input class=\"wpcf7-form-control wpcf7-submit has-spinner\" type=\"submit\" value=\"Enviar\" \/>\n<\/p><div class=\"wpcf7-response-output\" aria-hidden=\"true\"><\/div>\n<\/form>\n<\/div>\n<\/div>\n\t\t\t\t\t\t<\/div>\n\t\t\t\t<\/div>\n\t\t\t\t<\/div>\n\t\t\t\t<\/div>\n\t\t\t\t<\/div>\n\t\t<div class=\"elementor-element elementor-element-6fdd7a1 e-con-full e-flex e-con e-child\" data-id=\"6fdd7a1\" data-element_type=\"container\" data-e-type=\"container\">\n\t\t\t\t<\/div>\n\t\t\t\t\t<\/div>\n\t\t\t\t<\/div>\n\t\t\t\t<\/div>\n\t\t","protected":false},"excerpt":{"rendered":"<p>Hay que cuidar la cadena de distribuci\u00f3n de combustibles Tener y conservar una red de abastecimiento es valioso para todos. Fortalece la confianza de los consumidores, aumenta las facilidades de acceso y se presta un mejor servicio. Por David Jim\u00e9nez Mej\u00edaPresidente COMCE Hablar sobre la distribuci\u00f3n de combustibles en Colombia ha significado en los \u00faltimos [&hellip;]<\/p>\n","protected":false},"author":3,"featured_media":0,"parent":0,"menu_order":0,"comment_status":"closed","ping_status":"closed","template":"","meta":{"_monsterinsights_skip_tracking":false,"_monsterinsights_sitenote_active":false,"_monsterinsights_sitenote_note":"","_monsterinsights_sitenote_category":0,"_uf_show_specific_survey":0,"_uf_disable_surveys":false,"_joinchat":[],"footnotes":""},"class_list":["post-2963","page","type-page","status-publish","hentry"],"aioseo_notices":[],"_links":{"self":[{"href":"https:\/\/cccdecolombia.com\/ccc\/wp-json\/wp\/v2\/pages\/2963","targetHints":{"allow":["GET"]}}],"collection":[{"href":"https:\/\/cccdecolombia.com\/ccc\/wp-json\/wp\/v2\/pages"}],"about":[{"href":"https:\/\/cccdecolombia.com\/ccc\/wp-json\/wp\/v2\/types\/page"}],"author":[{"embeddable":true,"href":"https:\/\/cccdecolombia.com\/ccc\/wp-json\/wp\/v2\/users\/3"}],"replies":[{"embeddable":true,"href":"https:\/\/cccdecolombia.com\/ccc\/wp-json\/wp\/v2\/comments?post=2963"}],"version-history":[{"count":16,"href":"https:\/\/cccdecolombia.com\/ccc\/wp-json\/wp\/v2\/pages\/2963\/revisions"}],"predecessor-version":[{"id":3119,"href":"https:\/\/cccdecolombia.com\/ccc\/wp-json\/wp\/v2\/pages\/2963\/revisions\/3119"}],"wp:attachment":[{"href":"https:\/\/cccdecolombia.com\/ccc\/wp-json\/wp\/v2\/media?parent=2963"}],"curies":[{"name":"wp","href":"https:\/\/api.w.org\/{rel}","templated":true}]}}