{"id":2966,"date":"2024-12-12T21:57:08","date_gmt":"2024-12-13T02:57:08","guid":{"rendered":"https:\/\/cccdecolombia.com\/ccc\/?page_id=2966"},"modified":"2024-12-13T19:45:55","modified_gmt":"2024-12-14T00:45:55","slug":"nautiglp-transicion-energetica-en-las-aguas-de-colombia","status":"publish","type":"page","link":"https:\/\/cccdecolombia.com\/ccc\/nautiglp-transicion-energetica-en-las-aguas-de-colombia\/","title":{"rendered":"NautiGLP: transici\u00f3n energ\u00e9tica en las aguas de Colombia"},"content":{"rendered":"\t\t<div data-elementor-type=\"wp-page\" data-elementor-id=\"2966\" class=\"elementor elementor-2966\" data-elementor-post-type=\"page\">\n\t\t\t\t<div class=\"elementor-element elementor-element-42b5a97 e-flex e-con-boxed e-con e-parent\" data-id=\"42b5a97\" data-element_type=\"container\" data-e-type=\"container\">\n\t\t\t\t\t<div class=\"e-con-inner\">\n\t\t<div class=\"elementor-element elementor-element-0e54c51 e-con-full e-flex e-con e-child\" data-id=\"0e54c51\" data-element_type=\"container\" data-e-type=\"container\">\n\t\t\t\t<\/div>\n\t\t<div class=\"elementor-element elementor-element-a796b5d e-con-full e-flex e-con e-child\" data-id=\"a796b5d\" data-element_type=\"container\" data-e-type=\"container\">\n\t\t<div class=\"elementor-element elementor-element-655d2b9 e-con-full e-flex e-con e-child\" data-id=\"655d2b9\" data-element_type=\"container\" data-e-type=\"container\">\n\t\t\t\t<div class=\"elementor-element elementor-element-a1f9a6c elementor-widget elementor-widget-image\" data-id=\"a1f9a6c\" data-element_type=\"widget\" data-e-type=\"widget\" data-widget_type=\"image.default\">\n\t\t\t\t<div class=\"elementor-widget-container\">\n\t\t\t\t\t\t\t\t\t\t\t\t\t\t\t<img fetchpriority=\"high\" decoding=\"async\" width=\"1024\" height=\"512\" src=\"https:\/\/cccdecolombia.com\/ccc\/wp-content\/uploads\/2024\/12\/1_Articulo_1-1024x512.jpg\" class=\"attachment-large size-large wp-image-3038\" alt=\"\" srcset=\"https:\/\/cccdecolombia.com\/ccc\/wp-content\/uploads\/2024\/12\/1_Articulo_1-1024x512.jpg 1024w, https:\/\/cccdecolombia.com\/ccc\/wp-content\/uploads\/2024\/12\/1_Articulo_1-300x150.jpg 300w, https:\/\/cccdecolombia.com\/ccc\/wp-content\/uploads\/2024\/12\/1_Articulo_1-768x384.jpg 768w, https:\/\/cccdecolombia.com\/ccc\/wp-content\/uploads\/2024\/12\/1_Articulo_1.jpg 1075w\" sizes=\"(max-width: 1024px) 100vw, 1024px\" \/>\t\t\t\t\t\t\t\t\t\t\t\t\t\t\t<\/div>\n\t\t\t\t<\/div>\n\t\t\t\t<div class=\"elementor-element elementor-element-a1c3c4c elementor-widget elementor-widget-text-editor\" data-id=\"a1c3c4c\" data-element_type=\"widget\" data-e-type=\"widget\" data-widget_type=\"text-editor.default\">\n\t\t\t\t<div class=\"elementor-widget-container\">\n\t\t\t\t\t\t\t\t\t<h2 style=\"color: #000;\"><b>NautiGLP: transici\u00f3n energ\u00e9tica en las aguas de Colombia<\/b><\/h2><p><strong>Es prioritario que desde el gobierno nacional se siga apoyando la masificaci\u00f3n del NautiGLP, como una estrategia decidida y contundente para disminuir las emisiones contaminantes generadas por el transporte fluvial y mar\u00edtimo, y generar beneficios econ\u00f3micos para las poblaciones ribere\u00f1as.<\/strong><\/p><p><strong>Por Alejandro Mart\u00ednez V.<\/strong><br \/><strong>Presidente Asociaci\u00f3n Colombiana del GLP (GASNOVA)<\/strong><\/p><p><span style=\"font-weight: 400;\">El Gas LP para embarcaciones, conocido como NautiGLP, se est\u00e1 consolidando en el pa\u00eds como un combustible muy atractivo para la transici\u00f3n energ\u00e9tica en materia de transporte mar\u00edtimo y fluvial, contribuyendo con ello a la reducci\u00f3n de emisiones de gases efecto invernadero y al cuidado de r\u00edos, lagos y mares, al no presentar derrames en los cuerpos de agua.<br \/><\/span><span style=\"font-weight: 400;\"><br \/>Seg\u00fan c\u00e1lculos de World Liquid Gas Association (WLGA), el consumo global de NautiGLP ronda las 1,2 millones de toneladas, consumidas principalmente por 150 VLGC (Buque Transportador de Gas de Gran Tama\u00f1o) y en menor proporci\u00f3n por peque\u00f1as flotas pesqueras y barcos recreativos.<br \/><\/span><span style=\"font-weight: 400;\"><br \/>La WLGA afirma que el 99% de la demanda de energ\u00eda del transporte mar\u00edtimo internacional se cubre con di\u00e9sel o gas\u00f3leo. Estos barcos generan aproximadamente entre el 5% y el 10% de las emisiones de di\u00f3xido de azufre a nivel mundial, por lo que las grandes navieras se han volcado a utilizar combustibles menos contaminantes como el GLP, con lo cual cumplen con la normativa ambiental internacional.<br \/><\/span><span style=\"font-weight: 400;\"><br \/>En Colombia, el Ministerio de Minas y Energ\u00eda, a trav\u00e9s del Fondo de Energ\u00edas No Convencionales y Gesti\u00f3n Eficiente de la Energ\u00eda (FENOGE), est\u00e1 apoyando iniciativas del sector privado para su utilizaci\u00f3n en nuestros mares y r\u00edos.<br \/><\/span><span style=\"font-weight: 400;\"><br \/>En nuestro pa\u00eds, Montagas y Colgas, dos compa\u00f1\u00edas afiliadas a GASNOVA, vienen impulsando desde hace un par de a\u00f1os proyectos sociales y econ\u00f3micos para fomentar el uso de este combustible n\u00e1utico en regiones donde se utilizan embarcaciones en litorales marinos y fluviales.<br \/><\/span><span style=\"font-weight: 400;\"><br \/>Uno de estos proyectos es \u201cNautiGLP-Pac\u00edfico Sostenible\u201d de Montagas, que ha permitido la conversi\u00f3n de motores de embarcaciones de pesca artesanal que utilizaban gasolina.<br \/><\/span><span style=\"font-weight: 400;\"><br \/>Este proyecto ha tenido un impacto positivo en la comunidad pesquera del pac\u00edfico nari\u00f1ense. Gracias al NautiGLP, los pescadores de Tumaco navegan hoy utilizando un combustible m\u00e1s eficiente, econ\u00f3mico y amigable con el medio ambiente. Esto les ha permitido reducir hasta en 40% los costos de combustible y lograr una importante reducci\u00f3n en las emisiones de gases contaminantes, estimada en 180 toneladas de CO2 anuales.<\/span><\/p><p><span style=\"font-weight: 400; color: orange; font-size: 22px;\"><strong>Montagas y Colgas, dos compa\u00f1\u00edas afiliadas a GASNOVA, vienen impulsando proyectos sociales y econ\u00f3micos para fomentar el uso de este combustible n\u00e1utico en regiones donde se utilizan embarcaciones en litorales marinos y fluviales.<\/strong><br \/><\/span><span style=\"font-weight: 400;\"><br \/>Pero los pescadores del pac\u00edfico no han sido los \u00fanicos beneficiados con el NautiGLP. En los departamentos de La Guajira, Sucre, C\u00f3rdoba, Antioquia, Risaralda y Bol\u00edvar, la empresa Colgas viene implementando cerca de 20 puntos de suministro de NautiGLP en una red fluvial de 3 mil kil\u00f3metros, en donde se atienden 2.458 embarcaciones destinadas al transporte de carga y pasajeros, ayudando a emitir menos contaminantes sin presentar derrames de combustible en los cuerpos de agua.<br \/><\/span><span style=\"font-weight: 400;\"><br \/>Por eso es prioritario que desde el gobierno nacional se siga apoyando la masificaci\u00f3n del NautiGLP en los r\u00edos y mares colombianos, como una estrategia decidida y contundente para: (i) disminuir las emisiones contaminantes generadas por el transporte fluvial y mar\u00edtimo, que tanta afectaci\u00f3n est\u00e1n causando en nuestros ecosistemas y la salud de los usuarios y (ii) generar beneficios econ\u00f3micos para las poblaciones ribere\u00f1as, impulsando un desarrollo sostenible en estas regiones.<br \/><\/span><\/p><div style=\"border: 1px solid gray; padding: 15px;\"><p><span style=\"font-weight: 400;\"><b>As\u00ed es \u201cNautiGLP-Pac\u00edfico Sostenible\u201d<\/b><\/span><\/p><p><span style=\"font-weight: 400;\">La compa\u00f1\u00eda Montagas, afiliada a la Asociaci\u00f3n Colombiana del GLP (GASNOVA), como parte de su estrategia de diversificaci\u00f3n, ha incorporado la l\u00ednea GLP Motores en su portafolio de servicios. Esta l\u00ednea cuenta con dos importantes segmentos: AutoGLP y NautiGLP, que utilizan GLP como combustible para veh\u00edculos y embarcaciones, respectivamente.<br \/><\/span><span style=\"font-weight: 400;\"><br \/>A finales de 2023, a trav\u00e9s de una alianza p\u00fablico-privada entre FENOGE y Montagas, se lanz\u00f3 un ambicioso proyecto para reemplazar 59 motores n\u00e1uticos de dos tiempos que funcionaban con gasolina por motores de cuatro tiempos que operan con GLP. Los beneficiarios de esta iniciativa son pescadores artesanales de estratos 1 y 2 del distrito de Tumaco, en la costa pac\u00edfica de Nari\u00f1o.<br \/><\/span><span style=\"font-weight: 400;\"><br \/>Con una importante inversi\u00f3n de recursos p\u00fablicos y privados, NautiGLP ha revolucionado el trabajo de los pescadores artesanales, permiti\u00e9ndoles operar con equipos m\u00e1s eficientes, silenciosos y respetuosos con el medio ambiente.<br \/><\/span><\/p><\/div><div style=\"border: 1px solid gray; padding: 15px;\"><p><span style=\"font-weight: 400;\"><b>La apuesta de Colgas por el NautiGLP<\/b><\/span><\/p><p><span style=\"font-weight: 400;\">La compa\u00f1\u00eda Colgas report\u00f3 que durante el \u00faltimo a\u00f1o sus proyectos de NautiGLP han beneficiado a m\u00e1s de 50 pescadores, han ayudado a movilizar m\u00e1s de 1.800 viajes de transporte mixto (carga y pasajeros), han transportado m\u00e1s de 396 mil pasajeros y un total de 207 mil toneladas de carga que equivalen a 5.295 viajes en tractomulas.<\/span><\/p><p><span style=\"font-weight: 400;\">En cuanto a beneficios ambientales, estos viajes han ayudado a reducir -desde el 2022 al 2024- una cantidad de 675.855 kg de CO2, gracias a la sustituci\u00f3n de 423.240 galones de gasolina y 4.000 galones de aceite de motor de dos tiempos.<\/span><\/p><p><span style=\"font-weight: 400;\">Entre el portafolio de servicios ofrecido por esta compa\u00f1\u00eda para la masificaci\u00f3n del NautiGLP est\u00e1n la venta de motores nuevos con el kit de GLP, instalaci\u00f3n del kit de NautiGLP en motores usados, mantenimiento y suministro de repuestos y el abastecimiento de combustible a nivel nacional.<br \/><\/span><\/p><\/div>\t\t\t\t\t\t\t\t<\/div>\n\t\t\t\t<\/div>\n\t\t\t\t<\/div>\n\t\t<div class=\"elementor-element elementor-element-604266c e-con-full e-flex e-con e-child\" data-id=\"604266c\" data-element_type=\"container\" data-e-type=\"container\">\n\t\t<div class=\"elementor-element elementor-element-165fd5a e-con-full e-flex e-con e-child\" data-id=\"165fd5a\" data-element_type=\"container\" data-e-type=\"container\" data-settings=\"{&quot;background_background&quot;:&quot;classic&quot;}\">\n\t\t\t\t<div class=\"elementor-element elementor-element-5f21f85 elementor-widget elementor-widget-heading\" data-id=\"5f21f85\" data-element_type=\"widget\" data-e-type=\"widget\" data-widget_type=\"heading.default\">\n\t\t\t\t<div class=\"elementor-widget-container\">\n\t\t\t\t\t<h2 class=\"elementor-heading-title elementor-size-default\">Bolet\u00edn CCC de Colombia<\/h2>\t\t\t\t<\/div>\n\t\t\t\t<\/div>\n\t\t\t\t<div class=\"elementor-element elementor-element-6254845 elementor-widget elementor-widget-text-editor\" data-id=\"6254845\" data-element_type=\"widget\" data-e-type=\"widget\" data-widget_type=\"text-editor.default\">\n\t\t\t\t<div class=\"elementor-widget-container\">\n\t\t\t\t\t\t\t\t\t<p>Reciba toda la informaci\u00f3n del grupo empresarial colombiano en su correo electr\u00f3nico o en su celular y ent\u00e9rese de las \u00faltimas novedades, noticias, comunicados y eventos.<\/p>\t\t\t\t\t\t\t\t<\/div>\n\t\t\t\t<\/div>\n\t\t\t\t<div class=\"elementor-element elementor-element-70b8e69 elementor-widget elementor-widget-shortcode\" data-id=\"70b8e69\" data-element_type=\"widget\" data-e-type=\"widget\" data-widget_type=\"shortcode.default\">\n\t\t\t\t<div class=\"elementor-widget-container\">\n\t\t\t\t\t\t\t<div class=\"elementor-shortcode\">\n<div class=\"wpcf7 no-js\" id=\"wpcf7-f1990-o1\" lang=\"es-CO\" dir=\"ltr\" data-wpcf7-id=\"1990\">\n<div class=\"screen-reader-response\"><p role=\"status\" aria-live=\"polite\" aria-atomic=\"true\"><\/p> <ul><\/ul><\/div>\n<form action=\"\/ccc\/wp-json\/wp\/v2\/pages\/2966#wpcf7-f1990-o1\" method=\"post\" class=\"wpcf7-form init\" aria-label=\"Formulario de contacto\" novalidate=\"novalidate\" data-status=\"init\">\n<fieldset class=\"hidden-fields-container\"><input type=\"hidden\" name=\"_wpcf7\" value=\"1990\" \/><input type=\"hidden\" name=\"_wpcf7_version\" value=\"6.1.5\" \/><input type=\"hidden\" name=\"_wpcf7_locale\" value=\"es_CO\" \/><input type=\"hidden\" name=\"_wpcf7_unit_tag\" value=\"wpcf7-f1990-o1\" \/><input type=\"hidden\" name=\"_wpcf7_container_post\" value=\"0\" \/><input type=\"hidden\" name=\"_wpcf7_posted_data_hash\" value=\"\" \/><input type=\"hidden\" name=\"_wpcf7_recaptcha_response\" value=\"\" \/>\n<\/fieldset>\n<p><label> Nombre:<br \/>\n<span class=\"wpcf7-form-control-wrap\" data-name=\"your-name\"><input size=\"40\" maxlength=\"400\" class=\"wpcf7-form-control wpcf7-text wpcf7-validates-as-required\" autocomplete=\"name\" aria-required=\"true\" aria-invalid=\"false\" value=\"\" type=\"text\" name=\"your-name\" \/><\/span> <\/label>\n<\/p>\n<p><label> Celular:<br \/>\n<span class=\"wpcf7-form-control-wrap\" data-name=\"Celular\"><input size=\"40\" maxlength=\"400\" class=\"wpcf7-form-control wpcf7-text wpcf7-validates-as-required\" aria-required=\"true\" aria-invalid=\"false\" value=\"\" type=\"text\" name=\"Celular\" \/><\/span> <\/label>\n<\/p>\n<p><label> Correo Electr\u00f3nico:<br \/>\n<span class=\"wpcf7-form-control-wrap\" data-name=\"your-email\"><input size=\"40\" maxlength=\"400\" class=\"wpcf7-form-control wpcf7-email wpcf7-validates-as-required wpcf7-text wpcf7-validates-as-email\" autocomplete=\"email\" aria-required=\"true\" aria-invalid=\"false\" value=\"\" type=\"email\" name=\"your-email\" \/><\/span> <\/label>\n<\/p>\n<p><input class=\"wpcf7-form-control wpcf7-submit has-spinner\" type=\"submit\" value=\"Enviar\" \/>\n<\/p><div class=\"wpcf7-response-output\" aria-hidden=\"true\"><\/div>\n<\/form>\n<\/div>\n<\/div>\n\t\t\t\t\t\t<\/div>\n\t\t\t\t<\/div>\n\t\t\t\t<\/div>\n\t\t\t\t<\/div>\n\t\t\t\t<\/div>\n\t\t<div class=\"elementor-element elementor-element-cd67d7b e-con-full e-flex e-con e-child\" data-id=\"cd67d7b\" data-element_type=\"container\" data-e-type=\"container\">\n\t\t\t\t<\/div>\n\t\t\t\t\t<\/div>\n\t\t\t\t<\/div>\n\t\t\t\t<\/div>\n\t\t","protected":false},"excerpt":{"rendered":"<p>NautiGLP: transici\u00f3n energ\u00e9tica en las aguas de Colombia Es prioritario que desde el gobierno nacional se siga apoyando la masificaci\u00f3n del NautiGLP, como una estrategia decidida y contundente para disminuir las emisiones contaminantes generadas por el transporte fluvial y mar\u00edtimo, y generar beneficios econ\u00f3micos para las poblaciones ribere\u00f1as. Por Alejandro Mart\u00ednez V.Presidente Asociaci\u00f3n Colombiana del [&hellip;]<\/p>\n","protected":false},"author":3,"featured_media":0,"parent":0,"menu_order":0,"comment_status":"closed","ping_status":"closed","template":"","meta":{"_monsterinsights_skip_tracking":false,"_monsterinsights_sitenote_active":false,"_monsterinsights_sitenote_note":"","_monsterinsights_sitenote_category":0,"_uf_show_specific_survey":0,"_uf_disable_surveys":false,"_joinchat":[],"footnotes":""},"class_list":["post-2966","page","type-page","status-publish","hentry"],"aioseo_notices":[],"_links":{"self":[{"href":"https:\/\/cccdecolombia.com\/ccc\/wp-json\/wp\/v2\/pages\/2966","targetHints":{"allow":["GET"]}}],"collection":[{"href":"https:\/\/cccdecolombia.com\/ccc\/wp-json\/wp\/v2\/pages"}],"about":[{"href":"https:\/\/cccdecolombia.com\/ccc\/wp-json\/wp\/v2\/types\/page"}],"author":[{"embeddable":true,"href":"https:\/\/cccdecolombia.com\/ccc\/wp-json\/wp\/v2\/users\/3"}],"replies":[{"embeddable":true,"href":"https:\/\/cccdecolombia.com\/ccc\/wp-json\/wp\/v2\/comments?post=2966"}],"version-history":[{"count":16,"href":"https:\/\/cccdecolombia.com\/ccc\/wp-json\/wp\/v2\/pages\/2966\/revisions"}],"predecessor-version":[{"id":3110,"href":"https:\/\/cccdecolombia.com\/ccc\/wp-json\/wp\/v2\/pages\/2966\/revisions\/3110"}],"wp:attachment":[{"href":"https:\/\/cccdecolombia.com\/ccc\/wp-json\/wp\/v2\/media?parent=2966"}],"curies":[{"name":"wp","href":"https:\/\/api.w.org\/{rel}","templated":true}]}}