{"id":3461,"date":"2025-05-23T21:23:00","date_gmt":"2025-05-24T02:23:00","guid":{"rendered":"https:\/\/cccdecolombia.com\/ccc\/?page_id=3461"},"modified":"2025-05-26T22:07:42","modified_gmt":"2025-05-27T03:07:42","slug":"los-gremios-son-ese-megafono-que-amplifica-la-voz-de-los-mas-pequenos","status":"publish","type":"page","link":"https:\/\/cccdecolombia.com\/ccc\/los-gremios-son-ese-megafono-que-amplifica-la-voz-de-los-mas-pequenos\/","title":{"rendered":"Los gremios son ese meg\u00e1fono que amplifica la voz de los m\u00e1s peque\u00f1os"},"content":{"rendered":"\t\t<div data-elementor-type=\"wp-page\" data-elementor-id=\"3461\" class=\"elementor elementor-3461\" data-elementor-post-type=\"page\">\n\t\t\t\t<div class=\"elementor-element elementor-element-7df102b e-flex e-con-boxed e-con e-parent\" data-id=\"7df102b\" data-element_type=\"container\" data-e-type=\"container\">\n\t\t\t\t\t<div class=\"e-con-inner\">\n\t\t<div class=\"elementor-element elementor-element-b32c746 e-con-full e-flex e-con e-child\" data-id=\"b32c746\" data-element_type=\"container\" data-e-type=\"container\">\n\t\t\t\t<\/div>\n\t\t<div class=\"elementor-element elementor-element-7222017 e-con-full e-flex e-con e-child\" data-id=\"7222017\" data-element_type=\"container\" data-e-type=\"container\">\n\t\t<div class=\"elementor-element elementor-element-63e0054 e-con-full e-flex e-con e-child\" data-id=\"63e0054\" data-element_type=\"container\" data-e-type=\"container\">\n\t\t\t\t<div class=\"elementor-element elementor-element-8ec37d3 elementor-widget elementor-widget-image\" data-id=\"8ec37d3\" data-element_type=\"widget\" data-e-type=\"widget\" data-widget_type=\"image.default\">\n\t\t\t\t<div class=\"elementor-widget-container\">\n\t\t\t\t\t\t\t\t\t\t\t\t\t\t\t<img fetchpriority=\"high\" decoding=\"async\" width=\"1024\" height=\"512\" src=\"https:\/\/cccdecolombia.com\/ccc\/wp-content\/uploads\/2025\/05\/3_Articulo_3-1024x512.jpg\" class=\"attachment-large size-large wp-image-3463\" alt=\"\" srcset=\"https:\/\/cccdecolombia.com\/ccc\/wp-content\/uploads\/2025\/05\/3_Articulo_3-1024x512.jpg 1024w, https:\/\/cccdecolombia.com\/ccc\/wp-content\/uploads\/2025\/05\/3_Articulo_3-300x150.jpg 300w, https:\/\/cccdecolombia.com\/ccc\/wp-content\/uploads\/2025\/05\/3_Articulo_3-768x384.jpg 768w, https:\/\/cccdecolombia.com\/ccc\/wp-content\/uploads\/2025\/05\/3_Articulo_3.jpg 1075w\" sizes=\"(max-width: 1024px) 100vw, 1024px\" \/>\t\t\t\t\t\t\t\t\t\t\t\t\t\t\t<\/div>\n\t\t\t\t<\/div>\n\t\t\t\t<div class=\"elementor-element elementor-element-ff43722 elementor-widget elementor-widget-text-editor\" data-id=\"ff43722\" data-element_type=\"widget\" data-e-type=\"widget\" data-widget_type=\"text-editor.default\">\n\t\t\t\t<div class=\"elementor-widget-container\">\n\t\t\t\t\t\t\t\t\t<h2 style=\"color: #000;\"><b>\u2018Los gremios son ese meg\u00e1fono que amplifica la voz de los m\u00e1s peque\u00f1os\u2019<\/b><\/h2><h4 style=\"color: #000;\"><b>Alejandro Ribero Rueda es el director ejecutivo de FECEC, uno de los gremios del sector de la distribuci\u00f3n minorista de combustibles. Hablamos con \u00e9l sobre la importancia de los gremios y su papel en un sector cada vez m\u00e1s competido.<\/b><\/h4><p><span style=\"font-weight: 400;\">Los distribuidores minoristas de combustibles son tal vez el eslab\u00f3n m\u00e1s visible de la cadena del <\/span><i><span style=\"font-weight: 400;\">downstream<\/span><\/i><span style=\"font-weight: 400;\">, es decir, toda la operaci\u00f3n que tiene que ver con el procesamiento y distribuci\u00f3n de los derivados del petr\u00f3leo.<\/span><\/p><p><span style=\"font-weight: 400;\">Hoy, son m\u00e1s de 6.500 estaciones de servicio que operan en todo el territorio nacional y que suministran la energ\u00eda que mueve al pa\u00eds, principalmente con la distribuci\u00f3n de combustibles l\u00edquidos como gasolina y di\u00e9sel.<\/span><\/p><p><span style=\"font-weight: 400;\">Pero poco sabemos de su organizaci\u00f3n, de c\u00f3mo est\u00e1n asociados y c\u00f3mo funcionan los gremios que los agrupan en cada regi\u00f3n del pa\u00eds. Por eso consultamos la opini\u00f3n de Alejandro Ribero Rueda, director ejecutivo de la Federaci\u00f3n de Estaciones de Combustibles y Energ\u00e9ticos de Colombia (FECEC).\u00a0\u00a0\u00a0<\/span><\/p><p><span style=\"font-weight: 400;\">Esta agremiaci\u00f3n cuenta hoy con 194 afiliados en su \u00e1rea de influencia que es Bogot\u00e1, Cundinamarca, Llanos Orientales y Amazon\u00eda. FECEC, junto con otros nueve gremios regionales, hace parte de la confederaci\u00f3n COMCE. De otro lado est\u00e1 Fendipetroleo Nacional, la otra confederaci\u00f3n del sector que re\u00fane cerca de 15 seccionales regionales.\u00a0\u00a0<\/span><\/p><p><span style=\"font-weight: 400;\">Estas dos confederaciones agremian alrededor del 70% de todas las estaciones de servicio activas en el pa\u00eds, que pueden ser alrededor de 4.500 EDS, seg\u00fan cifras del Ministerio de Minas y Energ\u00eda. La cifra restante corresponde a estaciones que son operadas directamente por las empresas mayoristas o grandes grupos econ\u00f3micos y otras que no est\u00e1n agremiadas.<\/span><\/p><p><span style=\"font-weight: 400;\">\u201cEs la voz de la mayor\u00eda, por eso la importancia de los gremios\u201d, asegura Alejandro, quien hace parte del gremio desde hace 13 a\u00f1os, primero conocido como Fendipetroleo Bogot\u00e1, Cundinamarca y Llanos Orientales y hoy llamado FECEC.<\/span><\/p><p><span style=\"font-weight: 400;\">\u201cEn 2018 tomamos la decisi\u00f3n de retirarnos de la confederaci\u00f3n Fendipetroleo Nacional y nos convertimos en FECEC. Mantuvimos la antig\u00fcedad y empezamos a trabajar con otros gremios que se hab\u00edan retirado de Fendipetroleo y que compart\u00edan los mismos intereses y necesidades para crear una nueva confederaci\u00f3n y as\u00ed llegamos a Comce, que se cre\u00f3 a finales de 2019\u201d, recuerda.<\/span><\/p><p><span style=\"font-weight: 400;\">Para Alejandro es claro que esta es una actividad que se ha construido gracias al esfuerzo de familias que han permanecido de generaci\u00f3n en generaci\u00f3n.\u00a0<\/span><\/p><p><span style=\"font-weight: 400;\">\u201cRealmente los gremios de distribuidores minoristas aglutinan esa fuerza de trabajo colombiana, a los peque\u00f1os empresarios que llevan muchos a\u00f1os con negocios familiares de distribuci\u00f3n de combustibles, que fueron los que crearon este negocio a mediados del siglo pasado\u201d, asegura.<\/span><\/p><p><span style=\"font-weight: 400; color: orange; font-size: 22px;\"><strong>\u2018A esos empresarios de combustible que no est\u00e1n afiliados a ning\u00fan gremio, les dir\u00eda que reval\u00faen su posici\u00f3n, que de verdad los gremios son necesarios y en los gremios los necesitamos a ellos. Es la masa cr\u00edtica de afiliados lo que hace que los gremios sean m\u00e1s fuertes\u2019.<br \/><\/strong><\/span><\/p><p><span style=\"font-weight: 400;\">Pero, \u00bfQu\u00e9 ganan las estaciones al estar agremiadas?<\/span><\/p><p><span style=\"font-weight: 400;\">\u201cYo le dec\u00eda alguien que la relevancia de los gremios es esa, una voz para que sea escuchada en un ambiente tan bullicioso como es el ambiente del pa\u00eds, que es tan dif\u00edcil. Por eso todos los empresarios de distintas actividades deber\u00edan estar asociados a los gremios de su sector espec\u00edfico, porque los gremios son ese meg\u00e1fono que unifica la voz de los actores peque\u00f1os y puede amplificar de una manera m\u00e1s fuerte esas necesidades que tienen los distintos sectores\u201d.<\/span><\/p><p><span style=\"font-weight: 400;\">Por eso, desde su punto de vista, los gremios son necesarios. \u201cUno necesita estar agrupado para tener fuerza, para poder ser escuchado, para poder tener una voz fuerte que se haga escuchar\u201d.<\/span><\/p><p><span style=\"font-weight: 400;\">Pero como en cada regi\u00f3n las necesidades y los intereses son muy particulares y se circunscriben a una zona espec\u00edfica del territorio, por eso existen los gremios regionales. Esa es la raz\u00f3n de que existan cerca de 25 gremios de la distribuci\u00f3n minorista de combustibles en el pa\u00eds, pues no es la misma necesidad que tienen las estaciones en el Amazonas o en costa Caribe.<\/span><\/p><p><b>As\u00ed funcionan los gremios<\/b><\/p><p><span style=\"font-weight: 400;\">Un gremio tiene una cabeza que es la junta directiva que es elegida por la asamblea de afiliados, que son empresarios de los combustibles. Hay un director ejecutivo o presidente ejecutivo que es la persona administrativa encargada de la administraci\u00f3n del gremio y presentar un plan de trabajo cada a\u00f1o.<\/span><\/p><p><span style=\"font-weight: 400;\">Los gremios cuentan con un equipo de varias personas especializadas en la parte jur\u00eddica, ambiental, HSE y contable que se encargan de atender las necesidades de los distribuidores minoristas que est\u00e1n afiliados. De esa forma se presta un servicio oportuno y se atienden todas sus necesidades. \u201cMuchas veces en los gremios nos volvemos los escuchas de muchos problemas particulares de cada distribuidor minorista. Es como una gran red de apoyo\u201d, cuenta Alejandro.<\/span><\/p><p><span style=\"font-weight: 400;\">Las cuotas de sostenimiento o afiliaci\u00f3n son una inversi\u00f3n porque se ve retribuida con creces por el acompa\u00f1amiento que prestan los gremios. En el caso de FECEC, solo el a\u00f1o pasado se atendieron m\u00e1s de 8.000 consultas de todo tipo de sus afiliados. Estas cuotas son descontables de la renta.\u00a0<\/span><\/p><p><span style=\"font-weight: 400;\">Adicionalmente, todos los distribuidores minoristas del pa\u00eds reciben los beneficios del Fondo Soldicom, que desarrolla programas espec\u00edficos dirigidos a las estaciones de servicio y presta servicios complementarios.<\/span><\/p><div style=\"border: 1px solid gray; padding: 15px;\"><p><b>\u00bfQu\u00e9 representan las estaciones de servicio para el pa\u00eds?<\/b><\/p><p>\u201cYo creo que los distribuidores minoristas de combustibles no son debidamente valorados ni apreciados ni por el gobierno ni por la sociedad. La labor que prestan es muy importante para el pa\u00eds, son los que ponen las fuentes de energ\u00eda en los veh\u00edculos que mueven a toda Colombia. Las EDS hacen patria, las vemos en las regiones m\u00e1s apartadas del pa\u00eds. Desafortunadamente tienen un estigma encima.<\/p><p>\u201cEl combustible es un producto esencial para la sociedad y para el pa\u00eds. Es un producto de compra obligada para los consumidores. Es un producto cuyo precio afecta el bolsillo de los consumidores y lo vemos increment\u00e1ndose d\u00eda tras d\u00eda. La gente piensa que ese incremento del precio del combustible se queda en manos del distribuidor minorista y resulta que no es as\u00ed. La mayor parte del dinero que recibe corresponde a impuestos colgados al precio de los combustibles. El distribuidor solo tiene su margen de comercializaci\u00f3n y es lo que gana por cada gal\u00f3n de combustible vendido. De $16.000 que se pagan por cada gal\u00f3n, apenas $1.000 le corresponden al distribuidor minorista.<\/p><p>\u201cLos distribuidores minoristas de combustibles lo que hacen es patria porque las inversiones que hacen son gigantes y cumplen con una regulaci\u00f3n en todas las \u00e1reas, generan m\u00e1s de 50.000 empleos de calidad y el 98% son trabajadores contratados formalmente. No son los malos del paseo como se cree\u201d.<\/p><\/div>\t\t\t\t\t\t\t\t<\/div>\n\t\t\t\t<\/div>\n\t\t\t\t<\/div>\n\t\t<div class=\"elementor-element elementor-element-8b15adf e-con-full e-flex e-con e-child\" data-id=\"8b15adf\" data-element_type=\"container\" data-e-type=\"container\">\n\t\t<div class=\"elementor-element elementor-element-3226c08 e-con-full e-flex e-con e-child\" data-id=\"3226c08\" data-element_type=\"container\" data-e-type=\"container\" data-settings=\"{&quot;background_background&quot;:&quot;classic&quot;}\">\n\t\t\t\t<div class=\"elementor-element elementor-element-7e982d8 elementor-widget elementor-widget-heading\" data-id=\"7e982d8\" data-element_type=\"widget\" data-e-type=\"widget\" data-widget_type=\"heading.default\">\n\t\t\t\t<div class=\"elementor-widget-container\">\n\t\t\t\t\t<h2 class=\"elementor-heading-title elementor-size-default\">Bolet\u00edn CCC de Colombia<\/h2>\t\t\t\t<\/div>\n\t\t\t\t<\/div>\n\t\t\t\t<div class=\"elementor-element elementor-element-c0d2671 elementor-widget elementor-widget-text-editor\" data-id=\"c0d2671\" data-element_type=\"widget\" data-e-type=\"widget\" data-widget_type=\"text-editor.default\">\n\t\t\t\t<div class=\"elementor-widget-container\">\n\t\t\t\t\t\t\t\t\t<p>Reciba toda la informaci\u00f3n del grupo empresarial colombiano en su correo electr\u00f3nico o en su celular y ent\u00e9rese de las \u00faltimas novedades, noticias, comunicados y eventos.<\/p>\t\t\t\t\t\t\t\t<\/div>\n\t\t\t\t<\/div>\n\t\t\t\t<div class=\"elementor-element elementor-element-44a849f elementor-widget elementor-widget-shortcode\" data-id=\"44a849f\" data-element_type=\"widget\" data-e-type=\"widget\" data-widget_type=\"shortcode.default\">\n\t\t\t\t<div class=\"elementor-widget-container\">\n\t\t\t\t\t\t\t<div class=\"elementor-shortcode\">\n<div class=\"wpcf7 no-js\" id=\"wpcf7-f1990-o1\" lang=\"es-CO\" dir=\"ltr\" data-wpcf7-id=\"1990\">\n<div class=\"screen-reader-response\"><p role=\"status\" aria-live=\"polite\" aria-atomic=\"true\"><\/p> <ul><\/ul><\/div>\n<form action=\"\/ccc\/wp-json\/wp\/v2\/pages\/3461#wpcf7-f1990-o1\" method=\"post\" class=\"wpcf7-form init\" aria-label=\"Formulario de contacto\" novalidate=\"novalidate\" data-status=\"init\">\n<fieldset class=\"hidden-fields-container\"><input type=\"hidden\" name=\"_wpcf7\" value=\"1990\" \/><input type=\"hidden\" name=\"_wpcf7_version\" value=\"6.1.5\" \/><input type=\"hidden\" name=\"_wpcf7_locale\" value=\"es_CO\" \/><input type=\"hidden\" name=\"_wpcf7_unit_tag\" value=\"wpcf7-f1990-o1\" \/><input type=\"hidden\" name=\"_wpcf7_container_post\" value=\"0\" \/><input type=\"hidden\" name=\"_wpcf7_posted_data_hash\" value=\"\" \/><input type=\"hidden\" name=\"_wpcf7_recaptcha_response\" value=\"\" \/>\n<\/fieldset>\n<p><label> Nombre:<br \/>\n<span class=\"wpcf7-form-control-wrap\" data-name=\"your-name\"><input size=\"40\" maxlength=\"400\" class=\"wpcf7-form-control wpcf7-text wpcf7-validates-as-required\" autocomplete=\"name\" aria-required=\"true\" aria-invalid=\"false\" value=\"\" type=\"text\" name=\"your-name\" \/><\/span> <\/label>\n<\/p>\n<p><label> Celular:<br \/>\n<span class=\"wpcf7-form-control-wrap\" data-name=\"Celular\"><input size=\"40\" maxlength=\"400\" class=\"wpcf7-form-control wpcf7-text wpcf7-validates-as-required\" aria-required=\"true\" aria-invalid=\"false\" value=\"\" type=\"text\" name=\"Celular\" \/><\/span> <\/label>\n<\/p>\n<p><label> Correo Electr\u00f3nico:<br \/>\n<span class=\"wpcf7-form-control-wrap\" data-name=\"your-email\"><input size=\"40\" maxlength=\"400\" class=\"wpcf7-form-control wpcf7-email wpcf7-validates-as-required wpcf7-text wpcf7-validates-as-email\" autocomplete=\"email\" aria-required=\"true\" aria-invalid=\"false\" value=\"\" type=\"email\" name=\"your-email\" \/><\/span> <\/label>\n<\/p>\n<p><input class=\"wpcf7-form-control wpcf7-submit has-spinner\" type=\"submit\" value=\"Enviar\" \/>\n<\/p><div class=\"wpcf7-response-output\" aria-hidden=\"true\"><\/div>\n<\/form>\n<\/div>\n<\/div>\n\t\t\t\t\t\t<\/div>\n\t\t\t\t<\/div>\n\t\t\t\t<\/div>\n\t\t\t\t<\/div>\n\t\t\t\t<\/div>\n\t\t<div class=\"elementor-element elementor-element-4df8259 e-con-full e-flex e-con e-child\" data-id=\"4df8259\" data-element_type=\"container\" data-e-type=\"container\">\n\t\t\t\t<\/div>\n\t\t\t\t\t<\/div>\n\t\t\t\t<\/div>\n\t\t\t\t<\/div>\n\t\t","protected":false},"excerpt":{"rendered":"<p>\u2018Los gremios son ese meg\u00e1fono que amplifica la voz de los m\u00e1s peque\u00f1os\u2019 Alejandro Ribero Rueda es el director ejecutivo de FECEC, uno de los gremios del sector de la distribuci\u00f3n minorista de combustibles. Hablamos con \u00e9l sobre la importancia de los gremios y su papel en un sector cada vez m\u00e1s competido. Los distribuidores [&hellip;]<\/p>\n","protected":false},"author":3,"featured_media":0,"parent":0,"menu_order":0,"comment_status":"closed","ping_status":"closed","template":"","meta":{"_monsterinsights_skip_tracking":false,"_monsterinsights_sitenote_active":false,"_monsterinsights_sitenote_note":"","_monsterinsights_sitenote_category":0,"_uf_show_specific_survey":0,"_uf_disable_surveys":false,"_joinchat":[],"footnotes":""},"class_list":["post-3461","page","type-page","status-publish","hentry"],"aioseo_notices":[],"_links":{"self":[{"href":"https:\/\/cccdecolombia.com\/ccc\/wp-json\/wp\/v2\/pages\/3461","targetHints":{"allow":["GET"]}}],"collection":[{"href":"https:\/\/cccdecolombia.com\/ccc\/wp-json\/wp\/v2\/pages"}],"about":[{"href":"https:\/\/cccdecolombia.com\/ccc\/wp-json\/wp\/v2\/types\/page"}],"author":[{"embeddable":true,"href":"https:\/\/cccdecolombia.com\/ccc\/wp-json\/wp\/v2\/users\/3"}],"replies":[{"embeddable":true,"href":"https:\/\/cccdecolombia.com\/ccc\/wp-json\/wp\/v2\/comments?post=3461"}],"version-history":[{"count":10,"href":"https:\/\/cccdecolombia.com\/ccc\/wp-json\/wp\/v2\/pages\/3461\/revisions"}],"predecessor-version":[{"id":3594,"href":"https:\/\/cccdecolombia.com\/ccc\/wp-json\/wp\/v2\/pages\/3461\/revisions\/3594"}],"wp:attachment":[{"href":"https:\/\/cccdecolombia.com\/ccc\/wp-json\/wp\/v2\/media?parent=3461"}],"curies":[{"name":"wp","href":"https:\/\/api.w.org\/{rel}","templated":true}]}}