{"id":3474,"date":"2025-05-23T21:37:00","date_gmt":"2025-05-24T02:37:00","guid":{"rendered":"https:\/\/cccdecolombia.com\/ccc\/?page_id=3474"},"modified":"2025-05-26T22:11:31","modified_gmt":"2025-05-27T03:11:31","slug":"ccc-una-solucion-integral-en-inspeccion-y-certificacion","status":"publish","type":"page","link":"https:\/\/cccdecolombia.com\/ccc\/ccc-una-solucion-integral-en-inspeccion-y-certificacion\/","title":{"rendered":"CCC, una soluci\u00f3n integral en inspecci\u00f3n y certificaci\u00f3n"},"content":{"rendered":"\t\t<div data-elementor-type=\"wp-page\" data-elementor-id=\"3474\" class=\"elementor elementor-3474\" data-elementor-post-type=\"page\">\n\t\t\t\t<div class=\"elementor-element elementor-element-c60b9ee e-flex e-con-boxed e-con e-parent\" data-id=\"c60b9ee\" data-element_type=\"container\" data-e-type=\"container\">\n\t\t\t\t\t<div class=\"e-con-inner\">\n\t\t<div class=\"elementor-element elementor-element-d817b63 e-con-full e-flex e-con e-child\" data-id=\"d817b63\" data-element_type=\"container\" data-e-type=\"container\">\n\t\t\t\t<\/div>\n\t\t<div class=\"elementor-element elementor-element-8841bb2 e-con-full e-flex e-con e-child\" data-id=\"8841bb2\" data-element_type=\"container\" data-e-type=\"container\">\n\t\t<div class=\"elementor-element elementor-element-356c4ec e-con-full e-flex e-con e-child\" data-id=\"356c4ec\" data-element_type=\"container\" data-e-type=\"container\">\n\t\t\t\t<div class=\"elementor-element elementor-element-c8204ae elementor-widget elementor-widget-image\" data-id=\"c8204ae\" data-element_type=\"widget\" data-e-type=\"widget\" data-widget_type=\"image.default\">\n\t\t\t\t<div class=\"elementor-widget-container\">\n\t\t\t\t\t\t\t\t\t\t\t\t\t\t\t<img fetchpriority=\"high\" decoding=\"async\" width=\"1024\" height=\"512\" src=\"https:\/\/cccdecolombia.com\/ccc\/wp-content\/uploads\/2025\/05\/5_Articulo_5-1024x512.jpg\" class=\"attachment-large size-large wp-image-3476\" alt=\"\" srcset=\"https:\/\/cccdecolombia.com\/ccc\/wp-content\/uploads\/2025\/05\/5_Articulo_5-1024x512.jpg 1024w, https:\/\/cccdecolombia.com\/ccc\/wp-content\/uploads\/2025\/05\/5_Articulo_5-300x150.jpg 300w, https:\/\/cccdecolombia.com\/ccc\/wp-content\/uploads\/2025\/05\/5_Articulo_5-768x384.jpg 768w, https:\/\/cccdecolombia.com\/ccc\/wp-content\/uploads\/2025\/05\/5_Articulo_5.jpg 1075w\" sizes=\"(max-width: 1024px) 100vw, 1024px\" \/>\t\t\t\t\t\t\t\t\t\t\t\t\t\t\t<\/div>\n\t\t\t\t<\/div>\n\t\t\t\t<div class=\"elementor-element elementor-element-a04514b elementor-widget elementor-widget-text-editor\" data-id=\"a04514b\" data-element_type=\"widget\" data-e-type=\"widget\" data-widget_type=\"text-editor.default\">\n\t\t\t\t<div class=\"elementor-widget-container\">\n\t\t\t\t\t\t\t\t\t<h2 style=\"color: #000;\"><b>CCC, una soluci\u00f3n integral en inspecci\u00f3n y certificaci\u00f3n <\/b><\/h2><h4 style=\"color: #000;\"><b>Esta es la perspectiva de una organizaci\u00f3n empresarial que tiene un objetivo claro: brindar una soluci\u00f3n integral a todos sus clientes en Colombia y M\u00e9xico.<\/b><\/h4><p><span style=\"font-weight: 400;\">CCC de Colombia completa m\u00e1s de 10 a\u00f1os en esta actividad de la evaluaci\u00f3n de la conformidad. Ya desde la aparici\u00f3n del GNV en 2001 adelantaba actividades de evaluaci\u00f3n de la conformidad y la inspecci\u00f3n de los primeros reglamentos t\u00e9cnicos para EDS y talleres de conversi\u00f3n.<\/span><\/p><p><span style=\"font-weight: 400;\">\u201cPara el sector arrancamos con la evaluaci\u00f3n de los primeros veh\u00edculos convertidos a gas natural. Yo era inspector y de all\u00ed surgi\u00f3 todo ese inter\u00e9s por el tema de la evaluaci\u00f3n de la conformidad, que hoy nos tiene 10 a\u00f1os despu\u00e9s con un holding de empresas dedicadas a la evaluaci\u00f3n de la conformidad\u201d, asegura Erik Correa Visbal, gerente general de CCC de Colombia.<\/span><\/p><p><span style=\"font-weight: 400;\">Ese holding empresarial -\u00fanico en su clase- se ha venido gestando con el paso del tiempo y hoy consolida a CCC como una de las empresas de inspecci\u00f3n y certificaci\u00f3n l\u00edderes en el pa\u00eds.<\/span><\/p><p><span style=\"font-weight: 400;\">\u201cEsto es parte de la evaluaci\u00f3n del mismo modelo de evaluaci\u00f3n de la conformidad. Cuando arrancamos, lo hicimos con certificaciones de producto para las primeras l\u00edneas de la evaluaci\u00f3n de la conformidad. En ese momento ten\u00edamos la Compa\u00f1\u00eda de Certificaci\u00f3n de Colombia y all\u00ed ten\u00edamos todo el tema de evaluaci\u00f3n de estaciones de servicio, estaciones de GNV y certificaci\u00f3n de talleres de conversi\u00f3n\u201d, se\u00f1ala Erik.\u00a0<\/span><\/p><p><span style=\"font-weight: 400;\">Con el tiempo, estos reglamentos t\u00e9cnicos dieron un giro hacia los esquemas adecuados de evaluaci\u00f3n. La compa\u00f1\u00eda entendi\u00f3 que las EDS no deb\u00edan ser certificadas por producto bajo los est\u00e1ndares de la norma 17065, sino que deb\u00edan ser inspeccionadas. \u201cEs all\u00ed donde nace CCC Inspecciones con el cambio de reglamento t\u00e9cnico para EDS a un esquema de inspecci\u00f3n; entonces migramos de la evaluaci\u00f3n de la conformidad a inspecciones\u201d, dice.\u00a0<\/span><\/p><p><span style=\"font-weight: 400;\">En ese momento (2019) se abri\u00f3 tambi\u00e9n una sucursal de la empresa en M\u00e9xico para estaciones de GNV y hoy es el \u00fanico organismo de inspecci\u00f3n que tiene operaci\u00f3n fuera de Colombia. \u201cDe los organismos de inspecci\u00f3n que operan en M\u00e9xico, CCC es el \u00fanico que opera desde Colombia y para todo el territorio mexicano. Y hasta ahora nos hemos mantenido vigentes en este mercado tan exigente\u201d, afirma Correa.<\/span><\/p><p><b>El plus de CCC<\/b><\/p><p><span style=\"font-weight: 400;\">Pero \u00bfCu\u00e1l es el \u2018plus\u2019 de CCC de Colombia? \u00bfQu\u00e9 hace diferente su servicio en un mercado tan competido como este de la inspecci\u00f3n y la certificaci\u00f3n de productos?<\/span><\/p><p><span style=\"font-weight: 400;\">La respuesta la tiene clara Erik Correa: \u201cNosotros entendemos que la evaluaci\u00f3n de la conformidad es un proceso que debe generar confianza entre las partes, como cuando se gesta un matrimonio, donde ambas partes deben confiar y buscar lo mejor el uno para el otro. Hemos visto que muchos de los organismos de evaluaci\u00f3n que hoy en d\u00eda existen en Colombia llegan y hacen su evaluaci\u00f3n, pero no se extienden en el conocimiento del cliente. Lo que nos diferencia a nosotros es que nos mostramos como una soluci\u00f3n para el cliente, no como una traba\u201d. <\/span><\/p><p><span style=\"font-weight: 400; color: orange; font-size: 22px;\"><strong>Nosotros entendemos que la evaluaci\u00f3n de la conformidad es un proceso que debe generar confianza entre las partes.<\/strong><\/span><\/p><p><span style=\"font-weight: 400;\">En otras palabras, no se trata de mostrar al \u2018certificador ogro\u2019, sino ser un aliado del cliente, para que mejore sus procesos y sea mucho m\u00e1s sostenible en el tiempo. Es una relaci\u00f3n basada en la confianza, una relaci\u00f3n mutuamente beneficiosa.<\/span><\/p><p><span style=\"font-weight: 400;\">\u201cLo que tratamos de hacer cuando llegamos a hacer una evaluaci\u00f3n, es venderle la idea al cliente de que es un proceso en el que \u00e9l tiene una alta experticia. Nosotros solo vamos a confirmar que ellos saben hacer bien su trabajo, que ellos conocen su mercado, su sector, y que en la medida en que haya elementos que presenten dificultad para comprender, nosotros se lo podamos explicar de manera clara y tranquila\u201d, sostiene Erik.\u00a0<\/span><\/p><p><b>Planificaci\u00f3n y tecnolog\u00eda<\/b><\/p><p><span style=\"font-weight: 400;\">Sin duda, uno de los temas que me llaman la atenci\u00f3n y que son un foco de gran inter\u00e9s para CCC de Colombia es la preocupaci\u00f3n por todo el tema de los sistemas de gesti\u00f3n, que todo \u2018funcione como un relojito\u2019 y que todo est\u00e9 debidamente documentado.<\/span><\/p><p><span style=\"font-weight: 400;\">\u201cLa base del \u00e9xito de una empresa o de un organismo de inspecci\u00f3n es una buena planificaci\u00f3n. Si logramos tener la capacidad de planificar nuestras actividades y poner ese plan en marcha, es relativamente sencillo cumplir con cada una de las cosas que tenemos proyectadas. Esa planificaci\u00f3n hace parte de nuestra cultura organizacional\u201d, dice Correa.<\/span><\/p><p><span style=\"font-weight: 400;\">El otro tema que me llama la atenci\u00f3n es la preocupaci\u00f3n de la compa\u00f1\u00eda por el desarrollo tecnol\u00f3gico para facilitar el proceso de evaluaci\u00f3n de la conformidad y mejorar la eficiencia con los clientes.\u00a0<\/span><\/p><p><span style=\"font-weight: 400;\">\u201cNosotros creemos que la tecnolog\u00eda est\u00e1 al servicio de la humanidad y de cada una de las actividades que genera, por muy sencillas que parezcan. Esa es la consigna con la que hemos querido prestar nuestros servicios. Tenemos aplicaciones gratuitas para nuestros clientes, que les van a permitir almacenar la informaci\u00f3n que luego van a requerir para demostrar el cumplimiento de los requisitos de evaluaci\u00f3n de la conformidad. Cammy es el nombre de esta herramienta\u201d.<\/span><\/p><p><span style=\"font-weight: 400; color: orange; font-size: 22px;\"><strong>Generar confianza en toda la cadena de actores que intervienen en la evaluaci\u00f3n de la conformidad es uno de nuestros prop\u00f3sitos.<\/strong><\/span><\/p><p><span style=\"font-weight: 400;\">Hoy en d\u00eda, a trav\u00e9s de una herramienta que usa la Inteligencia Artificial, sus clientes pueden consultar en su p\u00e1gina web temas relacionados con el reglamento t\u00e9cnico de estaciones de servicio y acceder a esta orientaci\u00f3n espec\u00edfica. Un empresario que tiene una EDS, un taller de conversi\u00f3n o una planta de abastecimiento, con la ayuda de la IA, puede hacer que su comprensi\u00f3n sea mucho m\u00e1s practica en un tema complejo como el reglamento t\u00e9cnico.<\/span><\/p><p><span style=\"font-weight: 400;\">Hoy en d\u00eda, como organismo de evaluaci\u00f3n de la conformidad y como holding empresarial, CCC cuenta con una soluci\u00f3n integral para todas las Estaciones de Servicio del pa\u00eds. \u201cSi necesita inspeccionar gas natural, GLP, combustibles l\u00edquidos, pruebas de hermeticidad, todo lo van a poder encontrar con nosotros. Esa es la visi\u00f3n que tenemos, poder brindarles una soluci\u00f3n integral a nuestros clientes\u201d, concluye Erik Correa.\u00a0\u00a0<\/span><\/p><p><span style=\"font-weight: 400;\">En la actualidad, CCC est\u00e1 trabajando para ofrecer nuevos servicios en el mediano plazo a sus clientes, especialmente en el tema de transporte vertical y en inspecci\u00f3n de otros elementos del gas natural y de GLP. Pronto llegar\u00e1n las buenas noticias. <\/span><\/p>\t\t\t\t\t\t\t\t<\/div>\n\t\t\t\t<\/div>\n\t\t\t\t<\/div>\n\t\t<div class=\"elementor-element elementor-element-9fb415e e-con-full e-flex e-con e-child\" data-id=\"9fb415e\" data-element_type=\"container\" data-e-type=\"container\">\n\t\t<div class=\"elementor-element elementor-element-ab8def2 e-con-full e-flex e-con e-child\" data-id=\"ab8def2\" data-element_type=\"container\" data-e-type=\"container\" data-settings=\"{&quot;background_background&quot;:&quot;classic&quot;}\">\n\t\t\t\t<div class=\"elementor-element elementor-element-9483af4 elementor-widget elementor-widget-heading\" data-id=\"9483af4\" data-element_type=\"widget\" data-e-type=\"widget\" data-widget_type=\"heading.default\">\n\t\t\t\t<div class=\"elementor-widget-container\">\n\t\t\t\t\t<h2 class=\"elementor-heading-title elementor-size-default\">Bolet\u00edn CCC de Colombia<\/h2>\t\t\t\t<\/div>\n\t\t\t\t<\/div>\n\t\t\t\t<div class=\"elementor-element elementor-element-579de6d elementor-widget elementor-widget-text-editor\" data-id=\"579de6d\" data-element_type=\"widget\" data-e-type=\"widget\" data-widget_type=\"text-editor.default\">\n\t\t\t\t<div class=\"elementor-widget-container\">\n\t\t\t\t\t\t\t\t\t<p>Reciba toda la informaci\u00f3n del grupo empresarial colombiano en su correo electr\u00f3nico o en su celular y ent\u00e9rese de las \u00faltimas novedades, noticias, comunicados y eventos.<\/p>\t\t\t\t\t\t\t\t<\/div>\n\t\t\t\t<\/div>\n\t\t\t\t<div class=\"elementor-element elementor-element-aa02e0d elementor-widget elementor-widget-shortcode\" data-id=\"aa02e0d\" data-element_type=\"widget\" data-e-type=\"widget\" data-widget_type=\"shortcode.default\">\n\t\t\t\t<div class=\"elementor-widget-container\">\n\t\t\t\t\t\t\t<div class=\"elementor-shortcode\">\n<div class=\"wpcf7 no-js\" id=\"wpcf7-f1990-o1\" lang=\"es-CO\" dir=\"ltr\" data-wpcf7-id=\"1990\">\n<div class=\"screen-reader-response\"><p role=\"status\" aria-live=\"polite\" aria-atomic=\"true\"><\/p> <ul><\/ul><\/div>\n<form action=\"\/ccc\/wp-json\/wp\/v2\/pages\/3474#wpcf7-f1990-o1\" method=\"post\" class=\"wpcf7-form init\" aria-label=\"Formulario de contacto\" novalidate=\"novalidate\" data-status=\"init\">\n<fieldset class=\"hidden-fields-container\"><input type=\"hidden\" name=\"_wpcf7\" value=\"1990\" \/><input type=\"hidden\" name=\"_wpcf7_version\" value=\"6.1.5\" \/><input type=\"hidden\" name=\"_wpcf7_locale\" value=\"es_CO\" \/><input type=\"hidden\" name=\"_wpcf7_unit_tag\" value=\"wpcf7-f1990-o1\" \/><input type=\"hidden\" name=\"_wpcf7_container_post\" value=\"0\" \/><input type=\"hidden\" name=\"_wpcf7_posted_data_hash\" value=\"\" \/><input type=\"hidden\" name=\"_wpcf7_recaptcha_response\" value=\"\" \/>\n<\/fieldset>\n<p><label> Nombre:<br \/>\n<span class=\"wpcf7-form-control-wrap\" data-name=\"your-name\"><input size=\"40\" maxlength=\"400\" class=\"wpcf7-form-control wpcf7-text wpcf7-validates-as-required\" autocomplete=\"name\" aria-required=\"true\" aria-invalid=\"false\" value=\"\" type=\"text\" name=\"your-name\" \/><\/span> <\/label>\n<\/p>\n<p><label> Celular:<br \/>\n<span class=\"wpcf7-form-control-wrap\" data-name=\"Celular\"><input size=\"40\" maxlength=\"400\" class=\"wpcf7-form-control wpcf7-text wpcf7-validates-as-required\" aria-required=\"true\" aria-invalid=\"false\" value=\"\" type=\"text\" name=\"Celular\" \/><\/span> <\/label>\n<\/p>\n<p><label> Correo Electr\u00f3nico:<br \/>\n<span class=\"wpcf7-form-control-wrap\" data-name=\"your-email\"><input size=\"40\" maxlength=\"400\" class=\"wpcf7-form-control wpcf7-email wpcf7-validates-as-required wpcf7-text wpcf7-validates-as-email\" autocomplete=\"email\" aria-required=\"true\" aria-invalid=\"false\" value=\"\" type=\"email\" name=\"your-email\" \/><\/span> <\/label>\n<\/p>\n<p><input class=\"wpcf7-form-control wpcf7-submit has-spinner\" type=\"submit\" value=\"Enviar\" \/>\n<\/p><div class=\"wpcf7-response-output\" aria-hidden=\"true\"><\/div>\n<\/form>\n<\/div>\n<\/div>\n\t\t\t\t\t\t<\/div>\n\t\t\t\t<\/div>\n\t\t\t\t<\/div>\n\t\t\t\t<\/div>\n\t\t\t\t<\/div>\n\t\t<div class=\"elementor-element elementor-element-a6f6ecb e-con-full e-flex e-con e-child\" data-id=\"a6f6ecb\" data-element_type=\"container\" data-e-type=\"container\">\n\t\t\t\t<\/div>\n\t\t\t\t\t<\/div>\n\t\t\t\t<\/div>\n\t\t\t\t<\/div>\n\t\t","protected":false},"excerpt":{"rendered":"<p>CCC, una soluci\u00f3n integral en inspecci\u00f3n y certificaci\u00f3n Esta es la perspectiva de una organizaci\u00f3n empresarial que tiene un objetivo claro: brindar una soluci\u00f3n integral a todos sus clientes en Colombia y M\u00e9xico. CCC de Colombia completa m\u00e1s de 10 a\u00f1os en esta actividad de la evaluaci\u00f3n de la conformidad. Ya desde la aparici\u00f3n del [&hellip;]<\/p>\n","protected":false},"author":3,"featured_media":0,"parent":0,"menu_order":0,"comment_status":"closed","ping_status":"closed","template":"","meta":{"_monsterinsights_skip_tracking":false,"_monsterinsights_sitenote_active":false,"_monsterinsights_sitenote_note":"","_monsterinsights_sitenote_category":0,"_uf_show_specific_survey":0,"_uf_disable_surveys":false,"_joinchat":[],"footnotes":""},"class_list":["post-3474","page","type-page","status-publish","hentry"],"aioseo_notices":[],"_links":{"self":[{"href":"https:\/\/cccdecolombia.com\/ccc\/wp-json\/wp\/v2\/pages\/3474","targetHints":{"allow":["GET"]}}],"collection":[{"href":"https:\/\/cccdecolombia.com\/ccc\/wp-json\/wp\/v2\/pages"}],"about":[{"href":"https:\/\/cccdecolombia.com\/ccc\/wp-json\/wp\/v2\/types\/page"}],"author":[{"embeddable":true,"href":"https:\/\/cccdecolombia.com\/ccc\/wp-json\/wp\/v2\/users\/3"}],"replies":[{"embeddable":true,"href":"https:\/\/cccdecolombia.com\/ccc\/wp-json\/wp\/v2\/comments?post=3474"}],"version-history":[{"count":10,"href":"https:\/\/cccdecolombia.com\/ccc\/wp-json\/wp\/v2\/pages\/3474\/revisions"}],"predecessor-version":[{"id":3600,"href":"https:\/\/cccdecolombia.com\/ccc\/wp-json\/wp\/v2\/pages\/3474\/revisions\/3600"}],"wp:attachment":[{"href":"https:\/\/cccdecolombia.com\/ccc\/wp-json\/wp\/v2\/media?parent=3474"}],"curies":[{"name":"wp","href":"https:\/\/api.w.org\/{rel}","templated":true}]}}