{"id":3480,"date":"2025-05-23T21:41:19","date_gmt":"2025-05-24T02:41:19","guid":{"rendered":"https:\/\/cccdecolombia.com\/ccc\/?page_id=3480"},"modified":"2025-05-26T22:12:08","modified_gmt":"2025-05-27T03:12:08","slug":"la-inspeccion-y-certificacion-de-redes-y-tanques-de-glp-para-la-industria","status":"publish","type":"page","link":"https:\/\/cccdecolombia.com\/ccc\/la-inspeccion-y-certificacion-de-redes-y-tanques-de-glp-para-la-industria\/","title":{"rendered":"La inspecci\u00f3n y certificaci\u00f3n de redes y tanques de GLP para la industria"},"content":{"rendered":"\t\t<div data-elementor-type=\"wp-page\" data-elementor-id=\"3480\" class=\"elementor elementor-3480\" data-elementor-post-type=\"page\">\n\t\t\t\t<div class=\"elementor-element elementor-element-56fbed6 e-flex e-con-boxed e-con e-parent\" data-id=\"56fbed6\" data-element_type=\"container\" data-e-type=\"container\">\n\t\t\t\t\t<div class=\"e-con-inner\">\n\t\t<div class=\"elementor-element elementor-element-5236ea4 e-con-full e-flex e-con e-child\" data-id=\"5236ea4\" data-element_type=\"container\" data-e-type=\"container\">\n\t\t\t\t<\/div>\n\t\t<div class=\"elementor-element elementor-element-7bee98f e-con-full e-flex e-con e-child\" data-id=\"7bee98f\" data-element_type=\"container\" data-e-type=\"container\">\n\t\t<div class=\"elementor-element elementor-element-ca49c3c e-con-full e-flex e-con e-child\" data-id=\"ca49c3c\" data-element_type=\"container\" data-e-type=\"container\">\n\t\t\t\t<div class=\"elementor-element elementor-element-7c51359 elementor-widget elementor-widget-image\" data-id=\"7c51359\" data-element_type=\"widget\" data-e-type=\"widget\" data-widget_type=\"image.default\">\n\t\t\t\t<div class=\"elementor-widget-container\">\n\t\t\t\t\t\t\t\t\t\t\t\t\t\t\t<img fetchpriority=\"high\" decoding=\"async\" width=\"1024\" height=\"512\" src=\"https:\/\/cccdecolombia.com\/ccc\/wp-content\/uploads\/2025\/05\/6_Articulo_6-1024x512.jpg\" class=\"attachment-large size-large wp-image-3482\" alt=\"\" srcset=\"https:\/\/cccdecolombia.com\/ccc\/wp-content\/uploads\/2025\/05\/6_Articulo_6-1024x512.jpg 1024w, https:\/\/cccdecolombia.com\/ccc\/wp-content\/uploads\/2025\/05\/6_Articulo_6-300x150.jpg 300w, https:\/\/cccdecolombia.com\/ccc\/wp-content\/uploads\/2025\/05\/6_Articulo_6-768x384.jpg 768w, https:\/\/cccdecolombia.com\/ccc\/wp-content\/uploads\/2025\/05\/6_Articulo_6.jpg 1075w\" sizes=\"(max-width: 1024px) 100vw, 1024px\" \/>\t\t\t\t\t\t\t\t\t\t\t\t\t\t\t<\/div>\n\t\t\t\t<\/div>\n\t\t\t\t<div class=\"elementor-element elementor-element-59318bd elementor-widget elementor-widget-text-editor\" data-id=\"59318bd\" data-element_type=\"widget\" data-e-type=\"widget\" data-widget_type=\"text-editor.default\">\n\t\t\t\t<div class=\"elementor-widget-container\">\n\t\t\t\t\t\t\t\t\t<h2 style=\"color: #000;\"><b>La inspecci\u00f3n y certificaci\u00f3n de redes y tanques de GLP para la industria<\/b><\/h2><h4 style=\"color: #000;\"><b>El ingeniero Aldair Osorio es el encargado en CCC de este servicio dirigido a empresas que tengan redes de gas combustible y distribuidoras de GLP en el pa\u00eds.<\/b><\/h4><p><span style=\"font-weight: 400;\">La inspecci\u00f3n y certificaci\u00f3n de redes y tanques de almacenamiento industrial es otra l\u00ednea de trabajo de CCC de Colombia, un servicio para el cual fue acreditada en 2023 y que presta a toda la industria y a las distribuidoras de GLP.\u00a0\u00a0\u00a0<\/span><\/p><p><span style=\"font-weight: 400;\">En el caso de las redes industriales, seg\u00fan la resoluci\u00f3n 90902 de 2013 o reglamento t\u00e9cnico para instalaciones internas de gas combustible, ya sea GLP o gas natural, todos los sistemas de red interno deben tener un dictamen de inspecci\u00f3n por un periodo de cinco a\u00f1os.\u00a0<\/span><\/p><p><span style=\"font-weight: 400;\">\u201cLas distribuidoras deben ordenarles a sus usuarios que realicen una revisi\u00f3n de su sistema de red interna a nivel comercial, industrial y residencial cada cinco a\u00f1os. El alcance de la certificaci\u00f3n de CCC es solo a nivel industrial para realizar la inspecci\u00f3n\u201d, asegura el ingeniero Aldair Osorio, responsable de esta \u00e1rea de trabajo en la compa\u00f1\u00eda.<\/span><\/p><p><span style=\"font-weight: 400;\">Empresas industriales, una termoel\u00e9ctrica, una empresa manufacturera, una empresa de pinturas, empresas que tengan hornos, quemadores, maquinas que trabajen con gas natural, todas ellas tienen sistemas de red que deben ser mantenidos e inspeccionados con frecuencia.<\/span><\/p><p><span style=\"font-weight: 400;\">\u201cNosotros revisamos que los programas de mantenimiento se hagan de forma correcta y que la red est\u00e9 funcionando bien, para lo cual realizamos algunas pruebas de manera presencial. Revisamos la infraestructura, para que todo est\u00e9 de acuerdo con el plano que nos indican. Es una inspecci\u00f3n muy sencilla que se puede hacer en un d\u00eda. En este caso, el mismo inspector entrega el dictamen o certificado de conformidad a la empresa\u201d, afirma el ingeniero Aldair.<\/span><\/p><p><span style=\"font-weight: 400;\">La falla que m\u00e1s suele repetirse tiene relaci\u00f3n con el estado de las tuber\u00edas por la corrosi\u00f3n del material y otros temas de infraestructura. Si se presentan accidentes, la aseguradora pregunta si la instalaci\u00f3n esta certificada o no, de all\u00ed la importancia de este dictamen.<\/span><\/p><p><span style=\"font-weight: 400;\">El certificado que se entrega se sube a la p\u00e1gina de la Superintendencia de Industria y Comercio (SIC) para que quede la trazabilidad. Aunque la norma habla de una revisi\u00f3n cada cinco a\u00f1os, muchas empresas hacen revisiones peri\u00f3dicas cada a\u00f1o por su plan de mantenimiento. Las empresas nuevas tambi\u00e9n necesitan esta certificaci\u00f3n para que les puedan \u2018abrir la llave\u2019 del energ\u00e9tico.<\/span><\/p><p><span style=\"font-weight: 400; color: orange; font-size: 22px;\"><strong>\u2018Trabajar de la mano con empresas de mantenimiento nos asegura atender las necesidades de cada cliente en particular y aportar nuestra experticia para tener redes de gas mucho m\u00e1s seguras en su operaci\u00f3n diaria\u2019. <\/strong><\/span><\/p><p><span style=\"font-weight: 400;\">En el caso de la inspecci\u00f3n y certificaci\u00f3n de los tanques de almacenamiento de GLP se sigue la resoluci\u00f3n 40245 de 2016, para la inspecci\u00f3n de cilindros y tanques estacionarios utilizados para la prestaci\u00f3n del servicio p\u00fablico del gas licuado del petr\u00f3leo. El alcance de CCC son los tanques estacionarios y no los cilindros de GLP.\u00a0<\/span><\/p><p><span style=\"font-weight: 400;\">En las industrias hay dos tipos de inspecci\u00f3n de los tanques de GLP, la parcial una vez al a\u00f1o y la total, cada 10 a\u00f1os.<\/span><\/p><p><span style=\"font-weight: 400;\">\u201cLas distribuidoras son las que mandan realizar la inspecci\u00f3n de esos tanques, que el tanque est\u00e9 funcionando bien. En la inspecci\u00f3n parcial se revisa de forma visual el estado del tanque y se diligencia una lista de chequeo. El director t\u00e9cnico revisa el dictamen y lo aprueba para que se le pueda entregar al cliente\u201d, sostiene Aldair.<\/span><\/p><p><span style=\"font-weight: 400;\">CCC presta el servicio a las distribuidoras de Colgas, Plexa y su marca de Autoglp Yego, entre otras. En el caso de las estaciones de autoglp, esos dict\u00e1menes hacen parte de la evaluaci\u00f3n de conformidad que realizan los organismos certificadores.<\/span><\/p><p><span style=\"font-weight: 400;\">El equipo de CCC que presta estos servicios a la industria est\u00e1 conformado por un grupo de inspectores, a trav\u00e9s de los cuales se atienden los requerimientos de las empresas en todo el pa\u00eds.\u00a0<\/span><\/p><p><span style=\"font-weight: 400;\">Hoy en d\u00eda, gran parte de su operaci\u00f3n se realiza con empresas dedicadas al mantenimiento de redes en el territorio nacional; en el Valle del Cauca se concentra buena parte de su actividad, en competencia con la empresa Maiko Ingenier\u00eda, una certificadora de tanques que atiende esta regi\u00f3n del pa\u00eds.\u00a0<\/span><\/p><p><span style=\"font-weight: 400;\">\u201cEstos servicios siempre deben trabajarse de la mano con empresas de mantenimiento. Ellos atienden las redes de gas y ofrecen todo el paquete, incluyendo el certificado de conformidad que entregamos nosotros. Venimos buscando alianzas con este tipo de empresas para complementar la certificaci\u00f3n que ofrecemos\u201d, concluye el ingeniero Aldair.<\/span><\/p>\t\t\t\t\t\t\t\t<\/div>\n\t\t\t\t<\/div>\n\t\t\t\t<\/div>\n\t\t<div class=\"elementor-element elementor-element-f4f3f5a e-con-full e-flex e-con e-child\" data-id=\"f4f3f5a\" data-element_type=\"container\" data-e-type=\"container\">\n\t\t<div class=\"elementor-element elementor-element-647a819 e-con-full e-flex e-con e-child\" data-id=\"647a819\" data-element_type=\"container\" data-e-type=\"container\" data-settings=\"{&quot;background_background&quot;:&quot;classic&quot;}\">\n\t\t\t\t<div class=\"elementor-element elementor-element-3cec875 elementor-widget elementor-widget-heading\" data-id=\"3cec875\" data-element_type=\"widget\" data-e-type=\"widget\" data-widget_type=\"heading.default\">\n\t\t\t\t<div class=\"elementor-widget-container\">\n\t\t\t\t\t<h2 class=\"elementor-heading-title elementor-size-default\">Bolet\u00edn CCC de Colombia<\/h2>\t\t\t\t<\/div>\n\t\t\t\t<\/div>\n\t\t\t\t<div class=\"elementor-element elementor-element-9bc04b8 elementor-widget elementor-widget-text-editor\" data-id=\"9bc04b8\" data-element_type=\"widget\" data-e-type=\"widget\" data-widget_type=\"text-editor.default\">\n\t\t\t\t<div class=\"elementor-widget-container\">\n\t\t\t\t\t\t\t\t\t<p>Reciba toda la informaci\u00f3n del grupo empresarial colombiano en su correo electr\u00f3nico o en su celular y ent\u00e9rese de las \u00faltimas novedades, noticias, comunicados y eventos.<\/p>\t\t\t\t\t\t\t\t<\/div>\n\t\t\t\t<\/div>\n\t\t\t\t<div class=\"elementor-element elementor-element-6d3a179 elementor-widget elementor-widget-shortcode\" data-id=\"6d3a179\" data-element_type=\"widget\" data-e-type=\"widget\" data-widget_type=\"shortcode.default\">\n\t\t\t\t<div class=\"elementor-widget-container\">\n\t\t\t\t\t\t\t<div class=\"elementor-shortcode\">\n<div class=\"wpcf7 no-js\" id=\"wpcf7-f1990-o1\" lang=\"es-CO\" dir=\"ltr\" data-wpcf7-id=\"1990\">\n<div class=\"screen-reader-response\"><p role=\"status\" aria-live=\"polite\" aria-atomic=\"true\"><\/p> <ul><\/ul><\/div>\n<form action=\"\/ccc\/wp-json\/wp\/v2\/pages\/3480#wpcf7-f1990-o1\" method=\"post\" class=\"wpcf7-form init\" aria-label=\"Formulario de contacto\" novalidate=\"novalidate\" data-status=\"init\">\n<fieldset class=\"hidden-fields-container\"><input type=\"hidden\" name=\"_wpcf7\" value=\"1990\" \/><input type=\"hidden\" name=\"_wpcf7_version\" value=\"6.1.5\" \/><input type=\"hidden\" name=\"_wpcf7_locale\" value=\"es_CO\" \/><input type=\"hidden\" name=\"_wpcf7_unit_tag\" value=\"wpcf7-f1990-o1\" \/><input type=\"hidden\" name=\"_wpcf7_container_post\" value=\"0\" \/><input type=\"hidden\" name=\"_wpcf7_posted_data_hash\" value=\"\" \/><input type=\"hidden\" name=\"_wpcf7_recaptcha_response\" value=\"\" \/>\n<\/fieldset>\n<p><label> Nombre:<br \/>\n<span class=\"wpcf7-form-control-wrap\" data-name=\"your-name\"><input size=\"40\" maxlength=\"400\" class=\"wpcf7-form-control wpcf7-text wpcf7-validates-as-required\" autocomplete=\"name\" aria-required=\"true\" aria-invalid=\"false\" value=\"\" type=\"text\" name=\"your-name\" \/><\/span> <\/label>\n<\/p>\n<p><label> Celular:<br \/>\n<span class=\"wpcf7-form-control-wrap\" data-name=\"Celular\"><input size=\"40\" maxlength=\"400\" class=\"wpcf7-form-control wpcf7-text wpcf7-validates-as-required\" aria-required=\"true\" aria-invalid=\"false\" value=\"\" type=\"text\" name=\"Celular\" \/><\/span> <\/label>\n<\/p>\n<p><label> Correo Electr\u00f3nico:<br \/>\n<span class=\"wpcf7-form-control-wrap\" data-name=\"your-email\"><input size=\"40\" maxlength=\"400\" class=\"wpcf7-form-control wpcf7-email wpcf7-validates-as-required wpcf7-text wpcf7-validates-as-email\" autocomplete=\"email\" aria-required=\"true\" aria-invalid=\"false\" value=\"\" type=\"email\" name=\"your-email\" \/><\/span> <\/label>\n<\/p>\n<p><input class=\"wpcf7-form-control wpcf7-submit has-spinner\" type=\"submit\" value=\"Enviar\" \/>\n<\/p><div class=\"wpcf7-response-output\" aria-hidden=\"true\"><\/div>\n<\/form>\n<\/div>\n<\/div>\n\t\t\t\t\t\t<\/div>\n\t\t\t\t<\/div>\n\t\t\t\t<\/div>\n\t\t\t\t<\/div>\n\t\t\t\t<\/div>\n\t\t<div class=\"elementor-element elementor-element-57add14 e-con-full e-flex e-con e-child\" data-id=\"57add14\" data-element_type=\"container\" data-e-type=\"container\">\n\t\t\t\t<\/div>\n\t\t\t\t\t<\/div>\n\t\t\t\t<\/div>\n\t\t\t\t<\/div>\n\t\t","protected":false},"excerpt":{"rendered":"<p>La inspecci\u00f3n y certificaci\u00f3n de redes y tanques de GLP para la industria El ingeniero Aldair Osorio es el encargado en CCC de este servicio dirigido a empresas que tengan redes de gas combustible y distribuidoras de GLP en el pa\u00eds. La inspecci\u00f3n y certificaci\u00f3n de redes y tanques de almacenamiento industrial es otra l\u00ednea [&hellip;]<\/p>\n","protected":false},"author":3,"featured_media":0,"parent":0,"menu_order":0,"comment_status":"closed","ping_status":"closed","template":"","meta":{"_monsterinsights_skip_tracking":false,"_monsterinsights_sitenote_active":false,"_monsterinsights_sitenote_note":"","_monsterinsights_sitenote_category":0,"_uf_show_specific_survey":0,"_uf_disable_surveys":false,"_joinchat":[],"footnotes":""},"class_list":["post-3480","page","type-page","status-publish","hentry"],"aioseo_notices":[],"_links":{"self":[{"href":"https:\/\/cccdecolombia.com\/ccc\/wp-json\/wp\/v2\/pages\/3480","targetHints":{"allow":["GET"]}}],"collection":[{"href":"https:\/\/cccdecolombia.com\/ccc\/wp-json\/wp\/v2\/pages"}],"about":[{"href":"https:\/\/cccdecolombia.com\/ccc\/wp-json\/wp\/v2\/types\/page"}],"author":[{"embeddable":true,"href":"https:\/\/cccdecolombia.com\/ccc\/wp-json\/wp\/v2\/users\/3"}],"replies":[{"embeddable":true,"href":"https:\/\/cccdecolombia.com\/ccc\/wp-json\/wp\/v2\/comments?post=3480"}],"version-history":[{"count":10,"href":"https:\/\/cccdecolombia.com\/ccc\/wp-json\/wp\/v2\/pages\/3480\/revisions"}],"predecessor-version":[{"id":3603,"href":"https:\/\/cccdecolombia.com\/ccc\/wp-json\/wp\/v2\/pages\/3480\/revisions\/3603"}],"wp:attachment":[{"href":"https:\/\/cccdecolombia.com\/ccc\/wp-json\/wp\/v2\/media?parent=3480"}],"curies":[{"name":"wp","href":"https:\/\/api.w.org\/{rel}","templated":true}]}}