{"id":3795,"date":"2025-10-27T21:26:51","date_gmt":"2025-10-28T02:26:51","guid":{"rendered":"https:\/\/cccdecolombia.com\/ccc\/?page_id=3795"},"modified":"2025-11-02T20:18:56","modified_gmt":"2025-11-03T01:18:56","slug":"construyendo-juntos-trabajo-en-equipo-2","status":"publish","type":"page","link":"https:\/\/cccdecolombia.com\/ccc\/construyendo-juntos-trabajo-en-equipo-2\/","title":{"rendered":"Construyendo juntos trabajo en equipo"},"content":{"rendered":"\t\t<div data-elementor-type=\"wp-page\" data-elementor-id=\"3795\" class=\"elementor elementor-3795\" data-elementor-post-type=\"page\">\n\t\t\t\t<div class=\"elementor-element elementor-element-26b77c3 e-flex e-con-boxed e-con e-parent\" data-id=\"26b77c3\" data-element_type=\"container\" data-e-type=\"container\">\n\t\t\t\t\t<div class=\"e-con-inner\">\n\t\t<div class=\"elementor-element elementor-element-03e9402 e-con-full e-flex e-con e-child\" data-id=\"03e9402\" data-element_type=\"container\" data-e-type=\"container\">\n\t\t\t\t<\/div>\n\t\t<div class=\"elementor-element elementor-element-a136e90 e-con-full e-flex e-con e-child\" data-id=\"a136e90\" data-element_type=\"container\" data-e-type=\"container\">\n\t\t<div class=\"elementor-element elementor-element-b8911a3 e-con-full e-flex e-con e-child\" data-id=\"b8911a3\" data-element_type=\"container\" data-e-type=\"container\">\n\t\t\t\t<div class=\"elementor-element elementor-element-98a8890 elementor-widget elementor-widget-image\" data-id=\"98a8890\" data-element_type=\"widget\" data-e-type=\"widget\" data-widget_type=\"image.default\">\n\t\t\t\t<div class=\"elementor-widget-container\">\n\t\t\t\t\t\t\t\t\t\t\t\t\t\t\t<img fetchpriority=\"high\" decoding=\"async\" width=\"1024\" height=\"512\" src=\"https:\/\/cccdecolombia.com\/ccc\/wp-content\/uploads\/2025\/10\/11_Articulo_11-1024x512.jpg\" class=\"attachment-large size-large wp-image-3791\" alt=\"\" srcset=\"https:\/\/cccdecolombia.com\/ccc\/wp-content\/uploads\/2025\/10\/11_Articulo_11-1024x512.jpg 1024w, https:\/\/cccdecolombia.com\/ccc\/wp-content\/uploads\/2025\/10\/11_Articulo_11-300x150.jpg 300w, https:\/\/cccdecolombia.com\/ccc\/wp-content\/uploads\/2025\/10\/11_Articulo_11-768x384.jpg 768w, https:\/\/cccdecolombia.com\/ccc\/wp-content\/uploads\/2025\/10\/11_Articulo_11.jpg 1075w\" sizes=\"(max-width: 1024px) 100vw, 1024px\" \/>\t\t\t\t\t\t\t\t\t\t\t\t\t\t\t<\/div>\n\t\t\t\t<\/div>\n\t\t\t\t<div class=\"elementor-element elementor-element-f3ba85a elementor-widget elementor-widget-text-editor\" data-id=\"f3ba85a\" data-element_type=\"widget\" data-e-type=\"widget\" data-widget_type=\"text-editor.default\">\n\t\t\t\t<div class=\"elementor-widget-container\">\n\t\t\t\t\t\t\t\t\t<h2 style=\"color: #000;\"><b>Construyendo juntos trabajo en equipo<\/b><\/h2><p><b>En CCC, el talento humano se fortalece con la metodolog\u00eda LEGO SERIOUS PLAY y nos permite construir una cultura organizacional m\u00e1s s\u00f3lida y conectada con nuestros clientes.<\/b><\/p><p><span style=\"font-weight: 400;\">El equipo de Recursos Humanos de CCC llev\u00f3 a cabo una jornada diferente y enriquecedora con la metodolog\u00eda LEGO SERIOUS PLAY, una herram<\/span><span style=\"font-weight: 400;\">ienta innovadora que utiliza el juego como medio para reflexionar, comunicar y fortalecer habilidades, tanto personales como profesionales.<\/span><\/p><p><span style=\"font-weight: 400;\">Durante la actividad, los participantes construyeron modelos con piezas LEGO que representaban sus ideas, emociones y perspectivas sobre temas como el liderazgo, la comunicaci\u00f3n, la confianza y el trabajo en equipo.\u00a0<\/span><\/p><p><span style=\"font-weight: 400;\">A trav\u00e9s de estas construcciones simb\u00f3licas, cada uno logr\u00f3 expresar conceptos que a veces son dif\u00edciles de transmitir con palabras, generando un espacio de autoconocimiento, empat\u00eda y colaboraci\u00f3n.<\/span><\/p><p><span style=\"font-weight: 400;\">En CCC creemos que la experiencia que viven nuestros clientes comienza dentro de la organizaci\u00f3n. Por eso, fortalecer al equipo humano es una prioridad: cuando nuestros colaboradores se comunican mejor, trabajan con prop\u00f3sito y comparten una visi\u00f3n com\u00fan, somos capaces de llevar a los clientes una verdadera experiencia de acompa\u00f1amiento y confianza, donde nos consolidamos como sus aliados estrat\u00e9gicos.<\/span><\/p><p><span style=\"font-weight: 400;\">M\u00e1s que un ejercicio l\u00fadico, LEGO SERIOUS PLAY se convirti\u00f3 en una oportunidad para construir, literalmente, una cultura organizacional m\u00e1s s\u00f3lida y conectada, donde cada pieza como cada persona aporta al crecimiento, la innovaci\u00f3n y al prop\u00f3sito de servir con excelencia.<\/span><\/p>\t\t\t\t\t\t\t\t<\/div>\n\t\t\t\t<\/div>\n\t\t\t\t<\/div>\n\t\t<div class=\"elementor-element elementor-element-903dddf e-con-full e-flex e-con e-child\" data-id=\"903dddf\" data-element_type=\"container\" data-e-type=\"container\">\n\t\t<div class=\"elementor-element elementor-element-9d335df e-con-full e-flex e-con e-child\" data-id=\"9d335df\" data-element_type=\"container\" data-e-type=\"container\" data-settings=\"{&quot;background_background&quot;:&quot;classic&quot;}\">\n\t\t\t\t<div class=\"elementor-element elementor-element-b6dfd77 elementor-widget elementor-widget-heading\" data-id=\"b6dfd77\" data-element_type=\"widget\" data-e-type=\"widget\" data-widget_type=\"heading.default\">\n\t\t\t\t<div class=\"elementor-widget-container\">\n\t\t\t\t\t<h2 class=\"elementor-heading-title elementor-size-default\">Bolet\u00edn CCC de Colombia<\/h2>\t\t\t\t<\/div>\n\t\t\t\t<\/div>\n\t\t\t\t<div class=\"elementor-element elementor-element-19d5546 elementor-widget elementor-widget-text-editor\" data-id=\"19d5546\" data-element_type=\"widget\" data-e-type=\"widget\" data-widget_type=\"text-editor.default\">\n\t\t\t\t<div class=\"elementor-widget-container\">\n\t\t\t\t\t\t\t\t\t<p>Reciba toda la informaci\u00f3n del grupo empresarial colombiano en su correo electr\u00f3nico o en su celular y ent\u00e9rese de las \u00faltimas novedades, noticias, comunicados y eventos.<\/p>\t\t\t\t\t\t\t\t<\/div>\n\t\t\t\t<\/div>\n\t\t\t\t<div class=\"elementor-element elementor-element-cc0200c elementor-widget elementor-widget-shortcode\" data-id=\"cc0200c\" data-element_type=\"widget\" data-e-type=\"widget\" data-widget_type=\"shortcode.default\">\n\t\t\t\t<div class=\"elementor-widget-container\">\n\t\t\t\t\t\t\t<div class=\"elementor-shortcode\">\n<div class=\"wpcf7 no-js\" id=\"wpcf7-f1990-o1\" lang=\"es-CO\" dir=\"ltr\" data-wpcf7-id=\"1990\">\n<div class=\"screen-reader-response\"><p role=\"status\" aria-live=\"polite\" aria-atomic=\"true\"><\/p> <ul><\/ul><\/div>\n<form action=\"\/ccc\/wp-json\/wp\/v2\/pages\/3795#wpcf7-f1990-o1\" method=\"post\" class=\"wpcf7-form init\" aria-label=\"Formulario de contacto\" novalidate=\"novalidate\" data-status=\"init\">\n<fieldset class=\"hidden-fields-container\"><input type=\"hidden\" name=\"_wpcf7\" value=\"1990\" \/><input type=\"hidden\" name=\"_wpcf7_version\" value=\"6.1.5\" \/><input type=\"hidden\" name=\"_wpcf7_locale\" value=\"es_CO\" \/><input type=\"hidden\" name=\"_wpcf7_unit_tag\" value=\"wpcf7-f1990-o1\" \/><input type=\"hidden\" name=\"_wpcf7_container_post\" value=\"0\" \/><input type=\"hidden\" name=\"_wpcf7_posted_data_hash\" value=\"\" \/><input type=\"hidden\" name=\"_wpcf7_recaptcha_response\" value=\"\" \/>\n<\/fieldset>\n<p><label> Nombre:<br \/>\n<span class=\"wpcf7-form-control-wrap\" data-name=\"your-name\"><input size=\"40\" maxlength=\"400\" class=\"wpcf7-form-control wpcf7-text wpcf7-validates-as-required\" autocomplete=\"name\" aria-required=\"true\" aria-invalid=\"false\" value=\"\" type=\"text\" name=\"your-name\" \/><\/span> <\/label>\n<\/p>\n<p><label> Celular:<br \/>\n<span class=\"wpcf7-form-control-wrap\" data-name=\"Celular\"><input size=\"40\" maxlength=\"400\" class=\"wpcf7-form-control wpcf7-text wpcf7-validates-as-required\" aria-required=\"true\" aria-invalid=\"false\" value=\"\" type=\"text\" name=\"Celular\" \/><\/span> <\/label>\n<\/p>\n<p><label> Correo Electr\u00f3nico:<br \/>\n<span class=\"wpcf7-form-control-wrap\" data-name=\"your-email\"><input size=\"40\" maxlength=\"400\" class=\"wpcf7-form-control wpcf7-email wpcf7-validates-as-required wpcf7-text wpcf7-validates-as-email\" autocomplete=\"email\" aria-required=\"true\" aria-invalid=\"false\" value=\"\" type=\"email\" name=\"your-email\" \/><\/span> <\/label>\n<\/p>\n<p><input class=\"wpcf7-form-control wpcf7-submit has-spinner\" type=\"submit\" value=\"Enviar\" \/>\n<\/p><div class=\"wpcf7-response-output\" aria-hidden=\"true\"><\/div>\n<\/form>\n<\/div>\n<\/div>\n\t\t\t\t\t\t<\/div>\n\t\t\t\t<\/div>\n\t\t\t\t<\/div>\n\t\t\t\t<\/div>\n\t\t\t\t<\/div>\n\t\t<div class=\"elementor-element elementor-element-0ab7ffb e-con-full e-flex e-con e-child\" data-id=\"0ab7ffb\" data-element_type=\"container\" data-e-type=\"container\">\n\t\t\t\t<\/div>\n\t\t\t\t\t<\/div>\n\t\t\t\t<\/div>\n\t\t\t\t<\/div>\n\t\t","protected":false},"excerpt":{"rendered":"<p>Construyendo juntos trabajo en equipo En CCC, el talento humano se fortalece con la metodolog\u00eda LEGO SERIOUS PLAY y nos permite construir una cultura organizacional m\u00e1s s\u00f3lida y conectada con nuestros clientes. El equipo de Recursos Humanos de CCC llev\u00f3 a cabo una jornada diferente y enriquecedora con la metodolog\u00eda LEGO SERIOUS PLAY, una herramienta [&hellip;]<\/p>\n","protected":false},"author":3,"featured_media":0,"parent":0,"menu_order":0,"comment_status":"closed","ping_status":"closed","template":"","meta":{"_monsterinsights_skip_tracking":false,"_monsterinsights_sitenote_active":false,"_monsterinsights_sitenote_note":"","_monsterinsights_sitenote_category":0,"_uf_show_specific_survey":0,"_uf_disable_surveys":false,"_joinchat":[],"footnotes":""},"class_list":["post-3795","page","type-page","status-publish","hentry"],"aioseo_notices":[],"_links":{"self":[{"href":"https:\/\/cccdecolombia.com\/ccc\/wp-json\/wp\/v2\/pages\/3795","targetHints":{"allow":["GET"]}}],"collection":[{"href":"https:\/\/cccdecolombia.com\/ccc\/wp-json\/wp\/v2\/pages"}],"about":[{"href":"https:\/\/cccdecolombia.com\/ccc\/wp-json\/wp\/v2\/types\/page"}],"author":[{"embeddable":true,"href":"https:\/\/cccdecolombia.com\/ccc\/wp-json\/wp\/v2\/users\/3"}],"replies":[{"embeddable":true,"href":"https:\/\/cccdecolombia.com\/ccc\/wp-json\/wp\/v2\/comments?post=3795"}],"version-history":[{"count":7,"href":"https:\/\/cccdecolombia.com\/ccc\/wp-json\/wp\/v2\/pages\/3795\/revisions"}],"predecessor-version":[{"id":3946,"href":"https:\/\/cccdecolombia.com\/ccc\/wp-json\/wp\/v2\/pages\/3795\/revisions\/3946"}],"wp:attachment":[{"href":"https:\/\/cccdecolombia.com\/ccc\/wp-json\/wp\/v2\/media?parent=3795"}],"curies":[{"name":"wp","href":"https:\/\/api.w.org\/{rel}","templated":true}]}}