{"id":3800,"date":"2025-10-27T21:33:52","date_gmt":"2025-10-28T02:33:52","guid":{"rendered":"https:\/\/cccdecolombia.com\/ccc\/?page_id=3800"},"modified":"2025-10-27T21:38:34","modified_gmt":"2025-10-28T02:38:34","slug":"cammy-la-herramienta-que-su-eds-necesita","status":"publish","type":"page","link":"https:\/\/cccdecolombia.com\/ccc\/cammy-la-herramienta-que-su-eds-necesita\/","title":{"rendered":"CAMMY, la herramienta que su EDS necesita"},"content":{"rendered":"\t\t<div data-elementor-type=\"wp-page\" data-elementor-id=\"3800\" class=\"elementor elementor-3800\" data-elementor-post-type=\"page\">\n\t\t\t\t<div class=\"elementor-element elementor-element-a126e2d e-flex e-con-boxed e-con e-parent\" data-id=\"a126e2d\" data-element_type=\"container\" data-e-type=\"container\">\n\t\t\t\t\t<div class=\"e-con-inner\">\n\t\t<div class=\"elementor-element elementor-element-f3b2300 e-con-full e-flex e-con e-child\" data-id=\"f3b2300\" data-element_type=\"container\" data-e-type=\"container\">\n\t\t\t\t<\/div>\n\t\t<div class=\"elementor-element elementor-element-468b022 e-con-full e-flex e-con e-child\" data-id=\"468b022\" data-element_type=\"container\" data-e-type=\"container\">\n\t\t<div class=\"elementor-element elementor-element-866a846 e-con-full e-flex e-con e-child\" data-id=\"866a846\" data-element_type=\"container\" data-e-type=\"container\">\n\t\t\t\t<div class=\"elementor-element elementor-element-d028e42 elementor-widget elementor-widget-image\" data-id=\"d028e42\" data-element_type=\"widget\" data-e-type=\"widget\" data-widget_type=\"image.default\">\n\t\t\t\t<div class=\"elementor-widget-container\">\n\t\t\t\t\t\t\t\t\t\t\t\t\t\t\t<img fetchpriority=\"high\" decoding=\"async\" width=\"1024\" height=\"512\" src=\"https:\/\/cccdecolombia.com\/ccc\/wp-content\/uploads\/2025\/10\/10_Articulo_10-1024x512.jpg\" class=\"attachment-large size-large wp-image-3790\" alt=\"\" srcset=\"https:\/\/cccdecolombia.com\/ccc\/wp-content\/uploads\/2025\/10\/10_Articulo_10-1024x512.jpg 1024w, https:\/\/cccdecolombia.com\/ccc\/wp-content\/uploads\/2025\/10\/10_Articulo_10-300x150.jpg 300w, https:\/\/cccdecolombia.com\/ccc\/wp-content\/uploads\/2025\/10\/10_Articulo_10-768x384.jpg 768w, https:\/\/cccdecolombia.com\/ccc\/wp-content\/uploads\/2025\/10\/10_Articulo_10.jpg 1075w\" sizes=\"(max-width: 1024px) 100vw, 1024px\" \/>\t\t\t\t\t\t\t\t\t\t\t\t\t\t\t<\/div>\n\t\t\t\t<\/div>\n\t\t\t\t<div class=\"elementor-element elementor-element-8234eda elementor-widget elementor-widget-text-editor\" data-id=\"8234eda\" data-element_type=\"widget\" data-e-type=\"widget\" data-widget_type=\"text-editor.default\">\n\t\t\t\t<div class=\"elementor-widget-container\">\n\t\t\t\t\t\t\t\t\t<h2 style=\"color: #000;\"><b>CAMMY, la herramienta que su EDS necesita<\/b><\/h2>\n<p><b>El equipo de desarrollo tecnol\u00f3gico de CCC ha desarrollado esta herramienta virtual, de f\u00e1cil manejo, que le permite a su estaci\u00f3n manejar y controlar de forma segura toda la informaci\u00f3n que tiene que ver con su operaci\u00f3n diaria.<\/b><\/p>\n<p><span style=\"font-weight: 400;\">La bit\u00e1cora de mantenimiento digital m\u00e1s completa para las estaciones de servicio en Colombia presenta una \u2018nueva cara\u2019 y mejores funcionalidades que la hacen m\u00e1s intuitiva y mucho m\u00e1s f\u00e1cil de manejar para los administradores de una EDS.\u00a0\u00a0<\/span><\/p>\n<p><span style=\"font-weight: 400;\">CAMMY Mi Estaci\u00f3n se convierte -hoy por hoy- en la herramienta virtual ideal para hacer acompa\u00f1amiento a cada uno de los procesos y requerimientos que debe atender la EDS en su operaci\u00f3n diaria de venta de combustible.<\/span><\/p>\n<p><span style=\"font-weight: 400;\">\u201cLo primero que se hizo para CAMMY como tal fue un redise\u00f1o total de la interfaz, con el prop\u00f3sito de hacerla mucho m\u00e1s atractiva para los clientes y tambi\u00e9n mucho m\u00e1s intuitiva, y mejorar toda esa experiencia de usuario\u201d, asegura Melissa Villa, miembro del equipo de desarrollo tecnol\u00f3gico de CCC.\u00a0<\/span><\/p>\n<p><span style=\"font-weight: 400;\">Con el nuevo dise\u00f1o de la herramienta, mucho m\u00e1s intuitivo, se aprovechan todas sus funcionalidades y se gu\u00eda paso a paso al usuario en todas esas herramientas que puede usar y sacarle el m\u00e1ximo aprovecho.\u00a0<\/span><\/p>\n<p><span style=\"font-weight: 400;\">Adicionalmente, se agregaron funcionalidades como la de los informes, para que los usuarios no solamente puedan cargar informaci\u00f3n, sino tambi\u00e9n puedan descargar reportes, como por ejemplo la bit\u00e1cora, que se valida en las auditor\u00edas del ente certificador, facilitando todo el proceso de certificaci\u00f3n.<\/span><\/p>\n<p><span style=\"font-weight: 400;\">Adem\u00e1s, esos informes no solamente quedaron en la bit\u00e1cora, sino que tambi\u00e9n se extendieron a toda la parte de equipos, de manera que los usuarios tambi\u00e9n puedan tener una vista resumida de toda la informaci\u00f3n que han ido agregando a cada equipo.<\/span><\/p>\n<p><span style=\"font-weight: 400;\">CAMMY cuenta con un apartado de informes para los dispensadores y para los tanques, donde no solamente se muestra la informaci\u00f3n general de ese equipo, sino tambi\u00e9n de los diferentes componentes. En el caso de los dispensadores puede mostrar el estado de las mangueras, las pistolas, un breakeway y tambi\u00e9n otros componentes como la v\u00e1lvula de impacto y la bomba de succi\u00f3n. En el informe aparece tambi\u00e9n el n\u00famero de mantenimientos, que es muy \u00fatil para las estaciones, que deben llevar un mantenimiento preventivo de cada uno de estos componentes.\u00a0<\/span><\/p>\n<p><span style=\"font-weight: 400;\">En el m\u00f3dulo de anexos se hace el manejo de toda la documentaci\u00f3n legal que tenga la estaci\u00f3n, por ejemplo, la c\u00e1mara de comercio, las p\u00f3lizas, los permisos ambientales. La idea de este m\u00f3dulo es centrar toda la informaci\u00f3n y no depender de terceros.\u00a0<\/span><\/p>\n<p><span style=\"font-weight: 400;\">En el m\u00f3dulo de informes, el enfoque es resumir toda la informaci\u00f3n que se va cargando o sea el cumplimiento de la bit\u00e1cora, las evidencias y toda la parte de equipos y los componentes de forma detallada, mostrando por ejemplo la fecha del \u00faltimo mantenimiento o el n\u00famero de mantenimientos que se han hecho a cada componente.<\/span><\/p>\n<p><span style=\"font-weight: 400;\">CAMMY Mi Estaci\u00f3n es una aplicaci\u00f3n que est\u00e1 pensada para los clientes que administran estaciones de servicio y es una herramienta esencial para mantener la calidad y la seguridad en la operaci\u00f3n de la estaci\u00f3n. Est\u00e1 enfocada en optimizar la gesti\u00f3n de las actividades clave de la operaci\u00f3n de la EDS.\u00a0<\/span><\/p>\n<p><span style=\"font-weight: 400;\">Esta herramienta lleva el seguimiento y un programa de mantenimiento de toda la estaci\u00f3n, que genera una hoja de vida de todos los equipos y sus componentes, un programa de mantenimiento del tanque de almacenamiento, almacena los documentos legales y los documentos t\u00e9cnicos de la estaci\u00f3n en la nube, las pruebas de hermeticidad, de manera que toda la informaci\u00f3n quede disponible en formato digital cuando se requiera.<\/span><\/p>\n<p><span style=\"font-weight: 400;\">Pero, \u00bfqui\u00e9nes pueden hacer uso de la herramienta CAMMY hoy en d\u00eda?<\/span><\/p>\n<p><span style=\"font-weight: 400;\">Ahora mismo cualquier estaci\u00f3n de servicio que cuente con los tres tipos de combustibles l\u00edquidos (gasolina corriente, Extra y Acpm) puede utilizar la herramienta de manera gratuita. Y es m\u00e1s para administradores, porque regularmente son ellos los que se llevan todo el control de los componentes de su estaci\u00f3n y los que se encargan de esa labor.\u00a0<\/span><\/p>\n<p><span style=\"font-weight: 400;\">\u201cLo que queremos es contribuir al aprendizaje constante de los usuarios. Nuestro prop\u00f3sito de hacerle la tarea f\u00e1cil a la EDS\u201d, asegura la ingeniera Villa.<\/span><\/p>\n<p><span style=\"font-weight: 400;\">CAMMY cuenta hoy con un poco m\u00e1s de 150 usuarios de la herramienta, que no necesariamente requieren ser\u00a0clientes en temas de inspecci\u00f3n y certificaci\u00f3n de CCC.<\/span><\/p>\n<p><strong><span style=\"color: orange; font-size: 22px;\">CAMMY Mi Estaci\u00f3n es una aplicaci\u00f3n que est\u00e1 pensada para los clientes que administran estaciones de servicio y es una herramienta esencial para mantener la calidad y la seguridad en la operaci\u00f3n de la estaci\u00f3n<\/span><\/strong><\/p>\n<p><span style=\"font-weight: 400;\">Actualmente, el equipo de desarrollo tecnol\u00f3gico de CCC trabaja en una nueva actualizaci\u00f3n de la herramienta para mejorar la experiencia del usuario, que es muy importante en su desarrollo. Muestra de estas innovaciones son las ayudas de soporte como el chatbot impulsado por Inteligencia Artificial, que est\u00e1 entrenado en la Resoluci\u00f3n 40198 para brindar respuestas precisas y contextualizadas a sus usuarios. As\u00ed mismo, CAMMY se extender\u00e1 pronto a otros usuarios de energ\u00e9ticos como Gas Natural Vehicular (GNV) y Gas Licuado del Petr\u00f3leo (GLP).<\/span><\/p>\n<p><span style=\"font-weight: 400;\">Adem\u00e1s de CAMMY, el equipo de desarrollo tecnol\u00f3gico de CCC trabaja en otros proyectos como Socanext Clientes, que busca brindar informaci\u00f3n a los clientes acerca de la certificaci\u00f3n de veh\u00edculos, los procesos de certificaci\u00f3n de tanques, las pruebas de hermeticidad de tanques y de l\u00edneas, por ejemplo. \u201cLa idea es que el usuario pueda hacer un seguimiento de c\u00f3mo est\u00e1 yendo su proceso en CCC. Es como ser muy transparente con el usuario y que se familiarice un poco m\u00e1s con todo el proceso\u201d, concluye.\u00a0<\/span><\/p>\n<div>\u00a0<\/div>\n<div style=\"border: 1px solid black; padding: 10px; margin: 10px;\">\n<p><b>C\u00f3mo acceder a CAMMY Mi Estaci\u00f3n<\/b><\/p><p><span style=\"font-weight: 400;\">Si un administrador de una estaci\u00f3n de servicio est\u00e1 interesado en usar CAMMY Mi Estaci\u00f3n, solo debe escribir al WhatsApp N\u00b0 305-2438065 o al correo electr\u00f3nico: <\/span><a href=\"mailto:clientesccc2024@gmail.com\"><span style=\"font-weight: 400;\">clientesccc2024@gmail.com<\/span><\/a><span style=\"font-weight: 400;\">, enviar los datos requeridos: c\u00f3digo Sicom de la estaci\u00f3n, nombre de la estaci\u00f3n, nombre del encargado, correo electr\u00f3nico y tel\u00e9fono celular.<\/span><\/p>\n<p><span style=\"font-weight: 400;\">Con esos datos, los administradores de la herramienta en CCC crean un nuevo usuario y entregan unas credenciales de acceso para que la persona pueda acceder a la plataforma. CAMMY es una herramienta muy intuitiva, f\u00e1cil de utilizar y puede ser usada por cualquier persona.<\/span><\/p>\n<p><span style=\"font-weight: 400;\">En este mismo n\u00famero se brinda a cada estaci\u00f3n soporte y acompa\u00f1amiento permanentes por parte del equipo de desarrollo tecnol\u00f3gico de CCC.<\/span><\/p>\n<\/div>\t\t\t\t\t\t\t\t<\/div>\n\t\t\t\t<\/div>\n\t\t\t\t<\/div>\n\t\t<div class=\"elementor-element elementor-element-456db02 e-con-full e-flex e-con e-child\" data-id=\"456db02\" data-element_type=\"container\" data-e-type=\"container\">\n\t\t<div class=\"elementor-element elementor-element-98eab0b e-con-full e-flex e-con e-child\" data-id=\"98eab0b\" data-element_type=\"container\" data-e-type=\"container\" data-settings=\"{&quot;background_background&quot;:&quot;classic&quot;}\">\n\t\t\t\t<div class=\"elementor-element elementor-element-6b96bb6 elementor-widget elementor-widget-heading\" data-id=\"6b96bb6\" data-element_type=\"widget\" data-e-type=\"widget\" data-widget_type=\"heading.default\">\n\t\t\t\t<div class=\"elementor-widget-container\">\n\t\t\t\t\t<h2 class=\"elementor-heading-title elementor-size-default\">Bolet\u00edn CCC de Colombia<\/h2>\t\t\t\t<\/div>\n\t\t\t\t<\/div>\n\t\t\t\t<div class=\"elementor-element elementor-element-4335a36 elementor-widget elementor-widget-text-editor\" data-id=\"4335a36\" data-element_type=\"widget\" data-e-type=\"widget\" data-widget_type=\"text-editor.default\">\n\t\t\t\t<div class=\"elementor-widget-container\">\n\t\t\t\t\t\t\t\t\t<p>Reciba toda la informaci\u00f3n del grupo empresarial colombiano en su correo electr\u00f3nico o en su celular y ent\u00e9rese de las \u00faltimas novedades, noticias, comunicados y eventos.<\/p>\t\t\t\t\t\t\t\t<\/div>\n\t\t\t\t<\/div>\n\t\t\t\t<div class=\"elementor-element elementor-element-80afaf5 elementor-widget elementor-widget-shortcode\" data-id=\"80afaf5\" data-element_type=\"widget\" data-e-type=\"widget\" data-widget_type=\"shortcode.default\">\n\t\t\t\t<div class=\"elementor-widget-container\">\n\t\t\t\t\t\t\t<div class=\"elementor-shortcode\">\n<div class=\"wpcf7 no-js\" id=\"wpcf7-f1990-o1\" lang=\"es-CO\" dir=\"ltr\" data-wpcf7-id=\"1990\">\n<div class=\"screen-reader-response\"><p role=\"status\" aria-live=\"polite\" aria-atomic=\"true\"><\/p> <ul><\/ul><\/div>\n<form action=\"\/ccc\/wp-json\/wp\/v2\/pages\/3800#wpcf7-f1990-o1\" method=\"post\" class=\"wpcf7-form init\" aria-label=\"Formulario de contacto\" novalidate=\"novalidate\" data-status=\"init\">\n<fieldset class=\"hidden-fields-container\"><input type=\"hidden\" name=\"_wpcf7\" value=\"1990\" \/><input type=\"hidden\" name=\"_wpcf7_version\" value=\"6.1.5\" \/><input type=\"hidden\" name=\"_wpcf7_locale\" value=\"es_CO\" \/><input type=\"hidden\" name=\"_wpcf7_unit_tag\" value=\"wpcf7-f1990-o1\" \/><input type=\"hidden\" name=\"_wpcf7_container_post\" value=\"0\" \/><input type=\"hidden\" name=\"_wpcf7_posted_data_hash\" value=\"\" \/><input type=\"hidden\" name=\"_wpcf7_recaptcha_response\" value=\"\" \/>\n<\/fieldset>\n<p><label> Nombre:<br \/>\n<span class=\"wpcf7-form-control-wrap\" data-name=\"your-name\"><input size=\"40\" maxlength=\"400\" class=\"wpcf7-form-control wpcf7-text wpcf7-validates-as-required\" autocomplete=\"name\" aria-required=\"true\" aria-invalid=\"false\" value=\"\" type=\"text\" name=\"your-name\" \/><\/span> <\/label>\n<\/p>\n<p><label> Celular:<br \/>\n<span class=\"wpcf7-form-control-wrap\" data-name=\"Celular\"><input size=\"40\" maxlength=\"400\" class=\"wpcf7-form-control wpcf7-text wpcf7-validates-as-required\" aria-required=\"true\" aria-invalid=\"false\" value=\"\" type=\"text\" name=\"Celular\" \/><\/span> <\/label>\n<\/p>\n<p><label> Correo Electr\u00f3nico:<br \/>\n<span class=\"wpcf7-form-control-wrap\" data-name=\"your-email\"><input size=\"40\" maxlength=\"400\" class=\"wpcf7-form-control wpcf7-email wpcf7-validates-as-required wpcf7-text wpcf7-validates-as-email\" autocomplete=\"email\" aria-required=\"true\" aria-invalid=\"false\" value=\"\" type=\"email\" name=\"your-email\" \/><\/span> <\/label>\n<\/p>\n<p><input class=\"wpcf7-form-control wpcf7-submit has-spinner\" type=\"submit\" value=\"Enviar\" \/>\n<\/p><div class=\"wpcf7-response-output\" aria-hidden=\"true\"><\/div>\n<\/form>\n<\/div>\n<\/div>\n\t\t\t\t\t\t<\/div>\n\t\t\t\t<\/div>\n\t\t\t\t<\/div>\n\t\t\t\t<\/div>\n\t\t\t\t<\/div>\n\t\t<div class=\"elementor-element elementor-element-6fd8dd5 e-con-full e-flex e-con e-child\" data-id=\"6fd8dd5\" data-element_type=\"container\" data-e-type=\"container\">\n\t\t\t\t<\/div>\n\t\t\t\t\t<\/div>\n\t\t\t\t<\/div>\n\t\t\t\t<\/div>\n\t\t","protected":false},"excerpt":{"rendered":"<p>CAMMY, la herramienta que su EDS necesita El equipo de desarrollo tecnol\u00f3gico de CCC ha desarrollado esta herramienta virtual, de f\u00e1cil manejo, que le permite a su estaci\u00f3n manejar y controlar de forma segura toda la informaci\u00f3n que tiene que ver con su operaci\u00f3n diaria. La bit\u00e1cora de mantenimiento digital m\u00e1s completa para las estaciones [&hellip;]<\/p>\n","protected":false},"author":3,"featured_media":0,"parent":0,"menu_order":0,"comment_status":"closed","ping_status":"closed","template":"","meta":{"_monsterinsights_skip_tracking":false,"_monsterinsights_sitenote_active":false,"_monsterinsights_sitenote_note":"","_monsterinsights_sitenote_category":0,"_uf_show_specific_survey":0,"_uf_disable_surveys":false,"_joinchat":[],"footnotes":""},"class_list":["post-3800","page","type-page","status-publish","hentry"],"aioseo_notices":[],"_links":{"self":[{"href":"https:\/\/cccdecolombia.com\/ccc\/wp-json\/wp\/v2\/pages\/3800","targetHints":{"allow":["GET"]}}],"collection":[{"href":"https:\/\/cccdecolombia.com\/ccc\/wp-json\/wp\/v2\/pages"}],"about":[{"href":"https:\/\/cccdecolombia.com\/ccc\/wp-json\/wp\/v2\/types\/page"}],"author":[{"embeddable":true,"href":"https:\/\/cccdecolombia.com\/ccc\/wp-json\/wp\/v2\/users\/3"}],"replies":[{"embeddable":true,"href":"https:\/\/cccdecolombia.com\/ccc\/wp-json\/wp\/v2\/comments?post=3800"}],"version-history":[{"count":4,"href":"https:\/\/cccdecolombia.com\/ccc\/wp-json\/wp\/v2\/pages\/3800\/revisions"}],"predecessor-version":[{"id":3804,"href":"https:\/\/cccdecolombia.com\/ccc\/wp-json\/wp\/v2\/pages\/3800\/revisions\/3804"}],"wp:attachment":[{"href":"https:\/\/cccdecolombia.com\/ccc\/wp-json\/wp\/v2\/media?parent=3800"}],"curies":[{"name":"wp","href":"https:\/\/api.w.org\/{rel}","templated":true}]}}