{"id":3805,"date":"2025-10-27T21:42:57","date_gmt":"2025-10-28T02:42:57","guid":{"rendered":"https:\/\/cccdecolombia.com\/ccc\/?page_id=3805"},"modified":"2025-10-27T21:46:14","modified_gmt":"2025-10-28T02:46:14","slug":"llega-el-gas-social-a-4-000-nuevos-usuarios-en-arauca","status":"publish","type":"page","link":"https:\/\/cccdecolombia.com\/ccc\/llega-el-gas-social-a-4-000-nuevos-usuarios-en-arauca\/","title":{"rendered":"\u00a1Llega el Gas Social a 4.000 nuevos usuarios en Arauca!"},"content":{"rendered":"\t\t<div data-elementor-type=\"wp-page\" data-elementor-id=\"3805\" class=\"elementor elementor-3805\" data-elementor-post-type=\"page\">\n\t\t\t\t<div class=\"elementor-element elementor-element-5f7123b e-flex e-con-boxed e-con e-parent\" data-id=\"5f7123b\" data-element_type=\"container\" data-e-type=\"container\">\n\t\t\t\t\t<div class=\"e-con-inner\">\n\t\t<div class=\"elementor-element elementor-element-91614d3 e-con-full e-flex e-con e-child\" data-id=\"91614d3\" data-element_type=\"container\" data-e-type=\"container\">\n\t\t\t\t<\/div>\n\t\t<div class=\"elementor-element elementor-element-a431f0d e-con-full e-flex e-con e-child\" data-id=\"a431f0d\" data-element_type=\"container\" data-e-type=\"container\">\n\t\t<div class=\"elementor-element elementor-element-dca9ffd e-con-full e-flex e-con e-child\" data-id=\"dca9ffd\" data-element_type=\"container\" data-e-type=\"container\">\n\t\t\t\t<div class=\"elementor-element elementor-element-4c89f26 elementor-widget elementor-widget-image\" data-id=\"4c89f26\" data-element_type=\"widget\" data-e-type=\"widget\" data-widget_type=\"image.default\">\n\t\t\t\t<div class=\"elementor-widget-container\">\n\t\t\t\t\t\t\t\t\t\t\t\t\t\t\t<img fetchpriority=\"high\" decoding=\"async\" width=\"1024\" height=\"512\" src=\"https:\/\/cccdecolombia.com\/ccc\/wp-content\/uploads\/2025\/10\/9_Articulo_9-1024x512.jpg\" class=\"attachment-large size-large wp-image-3789\" alt=\"\" srcset=\"https:\/\/cccdecolombia.com\/ccc\/wp-content\/uploads\/2025\/10\/9_Articulo_9-1024x512.jpg 1024w, https:\/\/cccdecolombia.com\/ccc\/wp-content\/uploads\/2025\/10\/9_Articulo_9-300x150.jpg 300w, https:\/\/cccdecolombia.com\/ccc\/wp-content\/uploads\/2025\/10\/9_Articulo_9-768x384.jpg 768w, https:\/\/cccdecolombia.com\/ccc\/wp-content\/uploads\/2025\/10\/9_Articulo_9.jpg 1075w\" sizes=\"(max-width: 1024px) 100vw, 1024px\" \/>\t\t\t\t\t\t\t\t\t\t\t\t\t\t\t<\/div>\n\t\t\t\t<\/div>\n\t\t\t\t<div class=\"elementor-element elementor-element-a5250c6 elementor-widget elementor-widget-text-editor\" data-id=\"a5250c6\" data-element_type=\"widget\" data-e-type=\"widget\" data-widget_type=\"text-editor.default\">\n\t\t\t\t<div class=\"elementor-widget-container\">\n\t\t\t\t\t\t\t\t\t<h2 style=\"color: #000;\"><b>\u00a1Llega el Gas Social a 4.000 nuevos usuarios en Arauca!<\/b><\/h2><p><b>La gobernaci\u00f3n de Arauca, Hocol (filial de Ecopetrol) y Araucana de Gases consolidan la Alianza P\u00fablico-Privada que \u2018enciende\u2019 el progreso en el oriente colombiano.<\/b><\/p><p><span style=\"font-weight: 400;\">La transformaci\u00f3n social y energ\u00e9tica de una regi\u00f3n requiere siempre de esfuerzos coordinados y articulados entre el sector p\u00fablico y privado. Lo que est\u00e1 pasando en el oriente colombiano es un claro ejemplo de c\u00f3mo la\u00a0colaboraci\u00f3n estrat\u00e9gica\u00a0est\u00e1 marcando una diferencia significativa en la calidad de vida de sus habitantes.<\/span><\/p><p><span style=\"font-weight: 400;\">Un reciente\u00a0convenio de cooperaci\u00f3n\u00a0ha unido a actores clave para llevar el servicio esencial de gas domiciliario a 4.000 nuevos usuarios en el municipio de Arauca, dirigidos espec\u00edficamente a\u00a0poblaciones de bajos ingresos de estratos 1 y 2\u00a0ubicadas en las cinco comunas del municipio.<\/span><\/p><p><span style=\"font-weight: 400;\">Esta iniciativa es el resultado de la sinergia entre la\u00a0Gobernaci\u00f3n de Arauca, Ecopetrol\u00a0a trav\u00e9s de su filial\u00a0HOCOL y la empresa de servicios p\u00fablicos\u00a0Araucana de Gases SAS ESP. <\/span><\/p><p><strong><span style=\"color: orange; font-size: 22px;\">El enfoque principal de este proyecto es la expansi\u00f3n de la red de gas domiciliario, lo cual representa una soluci\u00f3n m\u00e1s permanente y econ\u00f3mica para los hogares de bajos ingresos<\/span><\/strong><\/p><p><b>Una alianza ganadora<\/b><\/p><p><span style=\"font-weight: 400;\">El \u00e9xito de este proyecto radica en la clara definici\u00f3n de los roles y el compromiso de cada una de las partes:<\/span><\/p><ul><li><span style=\"font-weight: 400;\">La Gobernaci\u00f3n de Arauca ejerce un rol fundamental al identificar la necesidad social y alinear los recursos y voluntades para garantizar que el beneficio llegue a los hogares m\u00e1s vulnerables. Su participaci\u00f3n subraya el compromiso del sector p\u00fablico con la expansi\u00f3n de servicios b\u00e1sicos y la reducci\u00f3n de las brechas de equidad.<\/span><\/li><li style=\"font-weight: 400;\" aria-level=\"1\"><span style=\"font-weight: 400;\">La presencia de Ecopetrol y su filial HOCOL es esencial, no solo por su experiencia en el sector energ\u00e9tico, sino tambi\u00e9n por su aporte de capital y conocimiento t\u00e9cnico. HOCOL, como compa\u00f1\u00eda dedicada a la exploraci\u00f3n y producci\u00f3n de hidrocarburos, reafirma su compromiso con el desarrollo regional, trascendiendo su actividad principal para impulsar proyectos de Gas Social.<\/span><\/li><li style=\"font-weight: 400;\" aria-level=\"1\"><span style=\"font-weight: 400;\">Por su parte, Araucana de Gases SAS ESP, el operador local del servicio p\u00fablico de gas domiciliario en los municipios de Arauca, Cravo Norte y Puerto Rond\u00f3n, es la encargada de transformar la inversi\u00f3n en infraestructura tangible. La empresa no solo prestar\u00e1 el servicio a los nuevos usuarios, sino que tambi\u00e9n realizar\u00e1 inversiones cruciales en la expansi\u00f3n de las redes, troncales y la ampliaci\u00f3n de estaciones. Esta labor como prestadora de servicios p\u00fablicos domiciliarios se enfoca en la seguridad y altos est\u00e1ndares de calidad, generando valor para sus usuarios y la comunidad.<\/span><\/li><\/ul><p><b>Compromiso con la regi\u00f3n<\/b><\/p><p><span style=\"font-weight: 400;\">Actualmente,\u00a0Araucana de Gases ya atiende un n\u00famero significativo de hogares en el departamento de Arauca, con 9.696 usuarios en Arauca, 1.043 en Cravo Norte y 1.063 en Puerto Rond\u00f3n. El nuevo convenio aumentar\u00e1 significativamente esta base de usuarios, mejorando la vida de miles de familias que dependen de una fuente de energ\u00eda\u00a0eficiente y accesible.<\/span><\/p><p><span style=\"font-weight: 400;\">Aunque en su portafolio de servicios la empresa tambi\u00e9n destaca el suministro de\u00a0Gas Licuado de Petr\u00f3leo (GLP), el enfoque principal de este proyecto es la\u00a0expansi\u00f3n de la red de gas domiciliario, lo cual representa una soluci\u00f3n m\u00e1s permanente y econ\u00f3mica para los hogares de bajos ingresos.<\/span><\/p><p><span style=\"font-weight: 400;\">Este modelo de alianza tripartita sienta un precedente valioso para el sector energ\u00e9tico colombiano y demuestra que la\u00a0coordinaci\u00f3n entre el capital p\u00fablico, la estatal petrolera y la experticia del operador privado local\u00a0es la f\u00f3rmula m\u00e1s efectiva para lograr la\u00a0masificaci\u00f3n de servicios p\u00fablicos\u00a0y fomentar el desarrollo socioecon\u00f3mico regional.\u00a0<\/span><\/p>\t\t\t\t\t\t\t\t<\/div>\n\t\t\t\t<\/div>\n\t\t\t\t<\/div>\n\t\t<div class=\"elementor-element elementor-element-96061cf e-con-full e-flex e-con e-child\" data-id=\"96061cf\" data-element_type=\"container\" data-e-type=\"container\">\n\t\t<div class=\"elementor-element elementor-element-af7b9d3 e-con-full e-flex e-con e-child\" data-id=\"af7b9d3\" data-element_type=\"container\" data-e-type=\"container\" data-settings=\"{&quot;background_background&quot;:&quot;classic&quot;}\">\n\t\t\t\t<div class=\"elementor-element elementor-element-10c8385 elementor-widget elementor-widget-heading\" data-id=\"10c8385\" data-element_type=\"widget\" data-e-type=\"widget\" data-widget_type=\"heading.default\">\n\t\t\t\t<div class=\"elementor-widget-container\">\n\t\t\t\t\t<h2 class=\"elementor-heading-title elementor-size-default\">Bolet\u00edn CCC de Colombia<\/h2>\t\t\t\t<\/div>\n\t\t\t\t<\/div>\n\t\t\t\t<div class=\"elementor-element elementor-element-2f13612 elementor-widget elementor-widget-text-editor\" data-id=\"2f13612\" data-element_type=\"widget\" data-e-type=\"widget\" data-widget_type=\"text-editor.default\">\n\t\t\t\t<div class=\"elementor-widget-container\">\n\t\t\t\t\t\t\t\t\t<p>Reciba toda la informaci\u00f3n del grupo empresarial colombiano en su correo electr\u00f3nico o en su celular y ent\u00e9rese de las \u00faltimas novedades, noticias, comunicados y eventos.<\/p>\t\t\t\t\t\t\t\t<\/div>\n\t\t\t\t<\/div>\n\t\t\t\t<div class=\"elementor-element elementor-element-a531f13 elementor-widget elementor-widget-shortcode\" data-id=\"a531f13\" data-element_type=\"widget\" data-e-type=\"widget\" data-widget_type=\"shortcode.default\">\n\t\t\t\t<div class=\"elementor-widget-container\">\n\t\t\t\t\t\t\t<div class=\"elementor-shortcode\">\n<div class=\"wpcf7 no-js\" id=\"wpcf7-f1990-o1\" lang=\"es-CO\" dir=\"ltr\" data-wpcf7-id=\"1990\">\n<div class=\"screen-reader-response\"><p role=\"status\" aria-live=\"polite\" aria-atomic=\"true\"><\/p> <ul><\/ul><\/div>\n<form action=\"\/ccc\/wp-json\/wp\/v2\/pages\/3805#wpcf7-f1990-o1\" method=\"post\" class=\"wpcf7-form init\" aria-label=\"Formulario de contacto\" novalidate=\"novalidate\" data-status=\"init\">\n<fieldset class=\"hidden-fields-container\"><input type=\"hidden\" name=\"_wpcf7\" value=\"1990\" \/><input type=\"hidden\" name=\"_wpcf7_version\" value=\"6.1.5\" \/><input type=\"hidden\" name=\"_wpcf7_locale\" value=\"es_CO\" \/><input type=\"hidden\" name=\"_wpcf7_unit_tag\" value=\"wpcf7-f1990-o1\" \/><input type=\"hidden\" name=\"_wpcf7_container_post\" value=\"0\" \/><input type=\"hidden\" name=\"_wpcf7_posted_data_hash\" value=\"\" \/><input type=\"hidden\" name=\"_wpcf7_recaptcha_response\" value=\"\" \/>\n<\/fieldset>\n<p><label> Nombre:<br \/>\n<span class=\"wpcf7-form-control-wrap\" data-name=\"your-name\"><input size=\"40\" maxlength=\"400\" class=\"wpcf7-form-control wpcf7-text wpcf7-validates-as-required\" autocomplete=\"name\" aria-required=\"true\" aria-invalid=\"false\" value=\"\" type=\"text\" name=\"your-name\" \/><\/span> <\/label>\n<\/p>\n<p><label> Celular:<br \/>\n<span class=\"wpcf7-form-control-wrap\" data-name=\"Celular\"><input size=\"40\" maxlength=\"400\" class=\"wpcf7-form-control wpcf7-text wpcf7-validates-as-required\" aria-required=\"true\" aria-invalid=\"false\" value=\"\" type=\"text\" name=\"Celular\" \/><\/span> <\/label>\n<\/p>\n<p><label> Correo Electr\u00f3nico:<br \/>\n<span class=\"wpcf7-form-control-wrap\" data-name=\"your-email\"><input size=\"40\" maxlength=\"400\" class=\"wpcf7-form-control wpcf7-email wpcf7-validates-as-required wpcf7-text wpcf7-validates-as-email\" autocomplete=\"email\" aria-required=\"true\" aria-invalid=\"false\" value=\"\" type=\"email\" name=\"your-email\" \/><\/span> <\/label>\n<\/p>\n<p><input class=\"wpcf7-form-control wpcf7-submit has-spinner\" type=\"submit\" value=\"Enviar\" \/>\n<\/p><div class=\"wpcf7-response-output\" aria-hidden=\"true\"><\/div>\n<\/form>\n<\/div>\n<\/div>\n\t\t\t\t\t\t<\/div>\n\t\t\t\t<\/div>\n\t\t\t\t<\/div>\n\t\t\t\t<\/div>\n\t\t\t\t<\/div>\n\t\t<div class=\"elementor-element elementor-element-8216cc1 e-con-full e-flex e-con e-child\" data-id=\"8216cc1\" data-element_type=\"container\" data-e-type=\"container\">\n\t\t\t\t<\/div>\n\t\t\t\t\t<\/div>\n\t\t\t\t<\/div>\n\t\t\t\t<\/div>\n\t\t","protected":false},"excerpt":{"rendered":"<p>\u00a1Llega el Gas Social a 4.000 nuevos usuarios en Arauca! La gobernaci\u00f3n de Arauca, Hocol (filial de Ecopetrol) y Araucana de Gases consolidan la Alianza P\u00fablico-Privada que \u2018enciende\u2019 el progreso en el oriente colombiano. La transformaci\u00f3n social y energ\u00e9tica de una regi\u00f3n requiere siempre de esfuerzos coordinados y articulados entre el sector p\u00fablico y privado. [&hellip;]<\/p>\n","protected":false},"author":3,"featured_media":0,"parent":0,"menu_order":0,"comment_status":"closed","ping_status":"closed","template":"","meta":{"_monsterinsights_skip_tracking":false,"_monsterinsights_sitenote_active":false,"_monsterinsights_sitenote_note":"","_monsterinsights_sitenote_category":0,"_uf_show_specific_survey":0,"_uf_disable_surveys":false,"_joinchat":[],"footnotes":""},"class_list":["post-3805","page","type-page","status-publish","hentry"],"aioseo_notices":[],"_links":{"self":[{"href":"https:\/\/cccdecolombia.com\/ccc\/wp-json\/wp\/v2\/pages\/3805","targetHints":{"allow":["GET"]}}],"collection":[{"href":"https:\/\/cccdecolombia.com\/ccc\/wp-json\/wp\/v2\/pages"}],"about":[{"href":"https:\/\/cccdecolombia.com\/ccc\/wp-json\/wp\/v2\/types\/page"}],"author":[{"embeddable":true,"href":"https:\/\/cccdecolombia.com\/ccc\/wp-json\/wp\/v2\/users\/3"}],"replies":[{"embeddable":true,"href":"https:\/\/cccdecolombia.com\/ccc\/wp-json\/wp\/v2\/comments?post=3805"}],"version-history":[{"count":4,"href":"https:\/\/cccdecolombia.com\/ccc\/wp-json\/wp\/v2\/pages\/3805\/revisions"}],"predecessor-version":[{"id":3809,"href":"https:\/\/cccdecolombia.com\/ccc\/wp-json\/wp\/v2\/pages\/3805\/revisions\/3809"}],"wp:attachment":[{"href":"https:\/\/cccdecolombia.com\/ccc\/wp-json\/wp\/v2\/media?parent=3805"}],"curies":[{"name":"wp","href":"https:\/\/api.w.org\/{rel}","templated":true}]}}