{"id":3810,"date":"2025-10-27T21:48:04","date_gmt":"2025-10-28T02:48:04","guid":{"rendered":"https:\/\/cccdecolombia.com\/ccc\/?page_id=3810"},"modified":"2025-10-27T21:54:26","modified_gmt":"2025-10-28T02:54:26","slug":"bogota-le-apuesta-a-la-movilidad-sostenible-con-gnv","status":"publish","type":"page","link":"https:\/\/cccdecolombia.com\/ccc\/bogota-le-apuesta-a-la-movilidad-sostenible-con-gnv\/","title":{"rendered":"Bogot\u00e1 le apuesta a la movilidad sostenible con GNV"},"content":{"rendered":"\t\t<div data-elementor-type=\"wp-page\" data-elementor-id=\"3810\" class=\"elementor elementor-3810\" data-elementor-post-type=\"page\">\n\t\t\t\t<div class=\"elementor-element elementor-element-4201d9d e-flex e-con-boxed e-con e-parent\" data-id=\"4201d9d\" data-element_type=\"container\" data-e-type=\"container\">\n\t\t\t\t\t<div class=\"e-con-inner\">\n\t\t<div class=\"elementor-element elementor-element-1a66891 e-con-full e-flex e-con e-child\" data-id=\"1a66891\" data-element_type=\"container\" data-e-type=\"container\">\n\t\t\t\t<\/div>\n\t\t<div class=\"elementor-element elementor-element-b6a693d e-con-full e-flex e-con e-child\" data-id=\"b6a693d\" data-element_type=\"container\" data-e-type=\"container\">\n\t\t<div class=\"elementor-element elementor-element-45e8d5d e-con-full e-flex e-con e-child\" data-id=\"45e8d5d\" data-element_type=\"container\" data-e-type=\"container\">\n\t\t\t\t<div class=\"elementor-element elementor-element-7ead7d1 elementor-widget elementor-widget-image\" data-id=\"7ead7d1\" data-element_type=\"widget\" data-e-type=\"widget\" data-widget_type=\"image.default\">\n\t\t\t\t<div class=\"elementor-widget-container\">\n\t\t\t\t\t\t\t\t\t\t\t\t\t\t\t<img fetchpriority=\"high\" decoding=\"async\" width=\"1024\" height=\"512\" src=\"https:\/\/cccdecolombia.com\/ccc\/wp-content\/uploads\/2025\/10\/8_Articulo_8-1024x512.jpg\" class=\"attachment-large size-large wp-image-3788\" alt=\"\" srcset=\"https:\/\/cccdecolombia.com\/ccc\/wp-content\/uploads\/2025\/10\/8_Articulo_8-1024x512.jpg 1024w, https:\/\/cccdecolombia.com\/ccc\/wp-content\/uploads\/2025\/10\/8_Articulo_8-300x150.jpg 300w, https:\/\/cccdecolombia.com\/ccc\/wp-content\/uploads\/2025\/10\/8_Articulo_8-768x384.jpg 768w, https:\/\/cccdecolombia.com\/ccc\/wp-content\/uploads\/2025\/10\/8_Articulo_8.jpg 1075w\" sizes=\"(max-width: 1024px) 100vw, 1024px\" \/>\t\t\t\t\t\t\t\t\t\t\t\t\t\t\t<\/div>\n\t\t\t\t<\/div>\n\t\t\t\t<div class=\"elementor-element elementor-element-317b9c1 elementor-widget elementor-widget-text-editor\" data-id=\"317b9c1\" data-element_type=\"widget\" data-e-type=\"widget\" data-widget_type=\"text-editor.default\">\n\t\t\t\t<div class=\"elementor-widget-container\">\n\t\t\t\t\t\t\t\t\t<h2 style=\"color: #000;\"><b>Bogot\u00e1 le apuesta a la movilidad sostenible con GNV<\/b><\/h2><p><b>Hoy, m\u00e1s de 2.200 buses del sistema troncal y zonal del Sistema Integrado de Transporte de Bogot\u00e1 se mueven con GNV, gracias a una infraestructura t\u00e9cnica y operativa desarrollada por Vanti.<\/b><\/p><p><span style=\"font-weight: 400;\">En 2019 Bogot\u00e1 tom\u00f3 una decisi\u00f3n estrat\u00e9gica: apostar por una movilidad masiva m\u00e1s sostenible, capaz de mejorar la calidad del aire y aportar a la calidad de vida de millones de ciudadanos de la mano del Gas Natural Vehicular (GNV).\u00a0<\/span><\/p><p><span style=\"font-weight: 400;\">Ese mismo a\u00f1o naci\u00f3 una visi\u00f3n en Vanti: construir un ecosistema energ\u00e9tico confiable, eficiente y alineado con la transici\u00f3n energ\u00e9tica del pa\u00eds. La apuesta se materializ\u00f3 con una inversi\u00f3n superior a 48 millones de d\u00f3lares y la construcci\u00f3n -en tiempo r\u00e9cord- de 13 mega-estaciones de gas natural comprimido, ubicadas en puntos clave para la operaci\u00f3n del sistema de transporte de la ciudad.\u00a0<\/span><\/p><p><span style=\"font-weight: 400;\">Esta infraestructura construida en Bogot\u00e1 tiene la capacidad de abastecer a m\u00e1s de 2.000 buses dedicados a gas natural, en menos de 9 minutos por veh\u00edculo, garantizando la movilidad diaria de m\u00e1s de 3,1 millones de pasajeros. Su escala y capacidad la han convertido en la red m\u00e1s grande de Am\u00e9rica Latina y en un referente internacional de movilidad sostenible.<\/span><\/p><p><span style=\"font-weight: 400;\">\u201cEn Latinoam\u00e9rica no hay otro pa\u00eds con una infraestructura tan robusta como la de Bogot\u00e1. Por eso es un proyecto que ha sido referente a nivel internacional y se ha presentado como un modelo de movilidad sostenible. Bogot\u00e1 es un gran referente en la regi\u00f3n, porque no hay otra ciudad de Am\u00e9rica Latina que tenga tantos veh\u00edculos dedicados completamente a Gas Natural Vehicular para el transporte masivo de pasajeros\u201d, afirma Ower Barreto, Jefe Senior Comercial de Movilidad de Vanti.<\/span><\/p><p><span style=\"font-weight: 400;\">Pero el verdadero valor de este proyecto no est\u00e1 solo en su magnitud, sino en su confiabilidad operativa. Desde su entrada en funcionamiento, estas estaciones han registrado m\u00e1s de 52.560 horas de operaci\u00f3n continua, alcanzando una disponibilidad del 99,7% y una confiabilidad del 99,3%. Detr\u00e1s de cada cifra hay un gran esfuerzo de planeaci\u00f3n, mantenimiento especializado y gesti\u00f3n t\u00e9cnica que aseguran que Bogot\u00e1 nunca se detenga.<\/span><\/p><p><strong><span style=\"color: orange; font-size: 22px;\">\u2018No se trata solamente de que el parque automotor o la movilidad sea m\u00e1s limpia, sino tambi\u00e9n las operaciones y la infraestructura que est\u00e1 detr\u00e1s sea mucho m\u00e1s limpia; es un tema de eficiencia energ\u00e9tica\u2019.<\/span><\/strong><\/p><p><span style=\"font-weight: 400;\">El impacto ambiental tambi\u00e9n ha sido decisivo. Gracias a esta infraestructura y a la flota que respalda, la ciudad ha logrado reducir en m\u00e1s del 57% las emisiones de CO<\/span><span style=\"font-weight: 400;\">\u2082<\/span><span style=\"font-weight: 400;\">, contribuyendo directamente a los compromisos de sostenibilidad del pa\u00eds.\u00a0<\/span><\/p><p><span style=\"font-weight: 400;\">\u201cLa importancia de esto, m\u00e1s all\u00e1 de un tema econ\u00f3mico y tambi\u00e9n de una reducci\u00f3n de emisiones para una movilidad m\u00e1s limpia, es que representa mucho en la cantidad de personas que movemos. Son m\u00e1s de 3 millones de pasajeros que siempre tienen la posibilidad de moverse en estos buses dedicados a GNV. Hoy movemos m\u00e1s del 40% del sistema de transporte masivo de Bogot\u00e1 y eso impacta ese componente social\u201d, asegura Jonathan Bare\u00f1o, Jefe Senior de Mantenimiento de Soluciones Energ\u00e9ticas Sostenibles de Vanti.<\/span><\/p><p><span style=\"font-weight: 400;\">Adicionalmente, entre 2022 y 2024, Vanti implement\u00f3 estrategias de mantenimiento prescriptivo y configuraciones avanzadas de control, logrando una reducci\u00f3n del 22% en el consumo energ\u00e9tico espec\u00edfico de las estaciones y la mitigaci\u00f3n de 1.930 toneladas de CO<\/span><span style=\"font-weight: 400;\">\u2082<\/span><span style=\"font-weight: 400;\"> equivalente. Esto demuestra que la sostenibilidad no solo depende de los veh\u00edculos en circulaci\u00f3n, sino tambi\u00e9n de la forma en que se gestionan los recursos energ\u00e9ticos en toda la cadena de suministro.<\/span><\/p><p><span style=\"font-weight: 400;\">Este proyecto surge en un contexto de reactivaci\u00f3n del consumo de GNV por parte de los consumidores colombianos, en buena medida por el alto precio de la gasolina corriente. Solamente en Bogot\u00e1 ya hay 48.000 veh\u00edculos convertidos a gas y la cifra de conversi\u00f3n de veh\u00edculos al a\u00f1o ya llega a las 12.000 unidades, donde predomina el segmento de los taxis.\u00a0\u00a0<\/span><\/p><p><span style=\"font-weight: 400;\">\u201cEl precio de la gasolina corriente ha crecido much\u00edsimo y hoy financieramente para las operaciones de taxis y otros veh\u00edculos resulta m\u00e1s conveniente irse a un sustituto m\u00e1s econ\u00f3mico como el GNV. La otra raz\u00f3n es que muchas empresas hoy buscan tener operaciones mucho m\u00e1s limpias, m\u00e1s ecol\u00f3gicas, y sin duda el gas natural aporta mucho a las bajas emisiones en estos veh\u00edculos\u201d, sostiene Ower Barreto.<\/span><\/p><p><strong><span style=\"color: orange; font-size: 22px;\">Bogot\u00e1 respira diferente porque la innovaci\u00f3n, la visi\u00f3n empresarial y la gesti\u00f3n t\u00e9cnica se alinearon en un mismo prop\u00f3sito: construir un futuro energ\u00e9tico m\u00e1s limpio y confiable para la ciudad.<\/span><\/strong><\/p><p><span style=\"font-weight: 400;\">El desarrollo implementado por Vanti en Bogot\u00e1 podr\u00eda ser replicado en sistemas de transporte masivo de otras ciudades donde los buses dedicados a gas natural tienen una importante presencia como Barranquilla con Transcaribe, Cali con el MIO y Bucaramanga con Metrol\u00ednea, donde pronto entrar\u00e1n en servicio 24 buses nuevos dedicados a gas, en lo que representa \u2018el renacimiento\u2019 de la operaci\u00f3n de transporte masivo de pasajeros en esta ciudad.\u00a0<\/span><\/p><p><span style=\"font-weight: 400;\">\u201cHoy, Vanti reafirma que el Gas Natural Vehicular no es \u00fanicamente un combustible alternativo, sino un aliado estrat\u00e9gico en la transici\u00f3n energ\u00e9tica. Con infraestructura robusta, eficiente y confiable, Bogot\u00e1 avanza hacia un futuro donde la movilidad sostenible y la eficiencia energ\u00e9tica se convierten en motores de competitividad y bienestar\u201d, concluye Jonathan Bare\u00f1o.<\/span><\/p><div style=\"border: 1px solid black; padding: 10px; margin: 10px;\"><p><b>\u2018CCC, un aliado estrat\u00e9gico para Vanti\u2019<\/b><\/p><p><span style=\"font-weight: 400;\">CCC de Colombia se ha convertido en el aliado estrat\u00e9gico ideal para Vanti, pues ninguna de esta infraestructura construida podr\u00eda operar si no cumple con un marco normativo y legal como el que tiene Colombia para el gas natural comprimido, que tiene unos est\u00e1ndares demasiado altos.\u00a0<\/span><\/p><p><span style=\"font-weight: 400;\">\u201cTener aliados como CCC nos permite operar con toda la confianza y tener operaciones mucho m\u00e1s seguras, que cumplan con toda la normatividad que exige hoy la regulaci\u00f3n colombiana. Ellos han sido actores claves en ese acompa\u00f1amiento, en la celeridad de los procesos y los tr\u00e1mites, en esa auditor\u00eda documental y t\u00e9cnica que deben cumplir las estaciones para que sigan funcionando con unos est\u00e1ndares y se mejore su competitividad\u201d, asegura Jonathan Bare\u00f1o.\u00a0<\/span><\/p><p><span style=\"font-weight: 400;\">Los talleres de conversi\u00f3n vienen con un crecimiento sostenido. Antes de pandemia ven\u00edan creciendo un 33% hasta el 2019 y despu\u00e9s de ese a\u00f1o hubo una ca\u00edda en la conversi\u00f3n de veh\u00edculos. \u201cEn los \u00faltimos dos a\u00f1os se ha reactivado con crecimiento del 40% en conversiones y all\u00ed entra a jugar un papel muy importante los talleres de conversi\u00f3n, que tambi\u00e9n deben cumplir unos requerimientos normativos bastante exigentes para que esas conversiones sean seguras. Tener all\u00ed aliados como CCC es una garant\u00eda para nosotros\u201d, concluye.<\/span><\/p><\/div>\t\t\t\t\t\t\t\t<\/div>\n\t\t\t\t<\/div>\n\t\t\t\t<\/div>\n\t\t<div class=\"elementor-element elementor-element-0b4fe48 e-con-full e-flex e-con e-child\" data-id=\"0b4fe48\" data-element_type=\"container\" data-e-type=\"container\">\n\t\t<div class=\"elementor-element elementor-element-8502f37 e-con-full e-flex e-con e-child\" data-id=\"8502f37\" data-element_type=\"container\" data-e-type=\"container\" data-settings=\"{&quot;background_background&quot;:&quot;classic&quot;}\">\n\t\t\t\t<div class=\"elementor-element elementor-element-9a3e462 elementor-widget elementor-widget-heading\" data-id=\"9a3e462\" data-element_type=\"widget\" data-e-type=\"widget\" data-widget_type=\"heading.default\">\n\t\t\t\t<div class=\"elementor-widget-container\">\n\t\t\t\t\t<h2 class=\"elementor-heading-title elementor-size-default\">Bolet\u00edn CCC de Colombia<\/h2>\t\t\t\t<\/div>\n\t\t\t\t<\/div>\n\t\t\t\t<div class=\"elementor-element elementor-element-d06b099 elementor-widget elementor-widget-text-editor\" data-id=\"d06b099\" data-element_type=\"widget\" data-e-type=\"widget\" data-widget_type=\"text-editor.default\">\n\t\t\t\t<div class=\"elementor-widget-container\">\n\t\t\t\t\t\t\t\t\t<p>Reciba toda la informaci\u00f3n del grupo empresarial colombiano en su correo electr\u00f3nico o en su celular y ent\u00e9rese de las \u00faltimas novedades, noticias, comunicados y eventos.<\/p>\t\t\t\t\t\t\t\t<\/div>\n\t\t\t\t<\/div>\n\t\t\t\t<div class=\"elementor-element elementor-element-4f44c40 elementor-widget elementor-widget-shortcode\" data-id=\"4f44c40\" data-element_type=\"widget\" data-e-type=\"widget\" data-widget_type=\"shortcode.default\">\n\t\t\t\t<div class=\"elementor-widget-container\">\n\t\t\t\t\t\t\t<div class=\"elementor-shortcode\">\n<div class=\"wpcf7 no-js\" id=\"wpcf7-f1990-o1\" lang=\"es-CO\" dir=\"ltr\" data-wpcf7-id=\"1990\">\n<div class=\"screen-reader-response\"><p role=\"status\" aria-live=\"polite\" aria-atomic=\"true\"><\/p> <ul><\/ul><\/div>\n<form action=\"\/ccc\/wp-json\/wp\/v2\/pages\/3810#wpcf7-f1990-o1\" method=\"post\" class=\"wpcf7-form init\" aria-label=\"Formulario de contacto\" novalidate=\"novalidate\" data-status=\"init\">\n<fieldset class=\"hidden-fields-container\"><input type=\"hidden\" name=\"_wpcf7\" value=\"1990\" \/><input type=\"hidden\" name=\"_wpcf7_version\" value=\"6.1.5\" \/><input type=\"hidden\" name=\"_wpcf7_locale\" value=\"es_CO\" \/><input type=\"hidden\" name=\"_wpcf7_unit_tag\" value=\"wpcf7-f1990-o1\" \/><input type=\"hidden\" name=\"_wpcf7_container_post\" value=\"0\" \/><input type=\"hidden\" name=\"_wpcf7_posted_data_hash\" value=\"\" \/><input type=\"hidden\" name=\"_wpcf7_recaptcha_response\" value=\"\" \/>\n<\/fieldset>\n<p><label> Nombre:<br \/>\n<span class=\"wpcf7-form-control-wrap\" data-name=\"your-name\"><input size=\"40\" maxlength=\"400\" class=\"wpcf7-form-control wpcf7-text wpcf7-validates-as-required\" autocomplete=\"name\" aria-required=\"true\" aria-invalid=\"false\" value=\"\" type=\"text\" name=\"your-name\" \/><\/span> <\/label>\n<\/p>\n<p><label> Celular:<br \/>\n<span class=\"wpcf7-form-control-wrap\" data-name=\"Celular\"><input size=\"40\" maxlength=\"400\" class=\"wpcf7-form-control wpcf7-text wpcf7-validates-as-required\" aria-required=\"true\" aria-invalid=\"false\" value=\"\" type=\"text\" name=\"Celular\" \/><\/span> <\/label>\n<\/p>\n<p><label> Correo Electr\u00f3nico:<br \/>\n<span class=\"wpcf7-form-control-wrap\" data-name=\"your-email\"><input size=\"40\" maxlength=\"400\" class=\"wpcf7-form-control wpcf7-email wpcf7-validates-as-required wpcf7-text wpcf7-validates-as-email\" autocomplete=\"email\" aria-required=\"true\" aria-invalid=\"false\" value=\"\" type=\"email\" name=\"your-email\" \/><\/span> <\/label>\n<\/p>\n<p><input class=\"wpcf7-form-control wpcf7-submit has-spinner\" type=\"submit\" value=\"Enviar\" \/>\n<\/p><div class=\"wpcf7-response-output\" aria-hidden=\"true\"><\/div>\n<\/form>\n<\/div>\n<\/div>\n\t\t\t\t\t\t<\/div>\n\t\t\t\t<\/div>\n\t\t\t\t<\/div>\n\t\t\t\t<\/div>\n\t\t\t\t<\/div>\n\t\t<div class=\"elementor-element elementor-element-2d5a436 e-con-full e-flex e-con e-child\" data-id=\"2d5a436\" data-element_type=\"container\" data-e-type=\"container\">\n\t\t\t\t<\/div>\n\t\t\t\t\t<\/div>\n\t\t\t\t<\/div>\n\t\t\t\t<\/div>\n\t\t","protected":false},"excerpt":{"rendered":"<p>Bogot\u00e1 le apuesta a la movilidad sostenible con GNV Hoy, m\u00e1s de 2.200 buses del sistema troncal y zonal del Sistema Integrado de Transporte de Bogot\u00e1 se mueven con GNV, gracias a una infraestructura t\u00e9cnica y operativa desarrollada por Vanti. En 2019 Bogot\u00e1 tom\u00f3 una decisi\u00f3n estrat\u00e9gica: apostar por una movilidad masiva m\u00e1s sostenible, capaz [&hellip;]<\/p>\n","protected":false},"author":3,"featured_media":0,"parent":0,"menu_order":0,"comment_status":"closed","ping_status":"closed","template":"","meta":{"_monsterinsights_skip_tracking":false,"_monsterinsights_sitenote_active":false,"_monsterinsights_sitenote_note":"","_monsterinsights_sitenote_category":0,"_uf_show_specific_survey":0,"_uf_disable_surveys":false,"_joinchat":[],"footnotes":""},"class_list":["post-3810","page","type-page","status-publish","hentry"],"aioseo_notices":[],"_links":{"self":[{"href":"https:\/\/cccdecolombia.com\/ccc\/wp-json\/wp\/v2\/pages\/3810","targetHints":{"allow":["GET"]}}],"collection":[{"href":"https:\/\/cccdecolombia.com\/ccc\/wp-json\/wp\/v2\/pages"}],"about":[{"href":"https:\/\/cccdecolombia.com\/ccc\/wp-json\/wp\/v2\/types\/page"}],"author":[{"embeddable":true,"href":"https:\/\/cccdecolombia.com\/ccc\/wp-json\/wp\/v2\/users\/3"}],"replies":[{"embeddable":true,"href":"https:\/\/cccdecolombia.com\/ccc\/wp-json\/wp\/v2\/comments?post=3810"}],"version-history":[{"count":4,"href":"https:\/\/cccdecolombia.com\/ccc\/wp-json\/wp\/v2\/pages\/3810\/revisions"}],"predecessor-version":[{"id":3815,"href":"https:\/\/cccdecolombia.com\/ccc\/wp-json\/wp\/v2\/pages\/3810\/revisions\/3815"}],"wp:attachment":[{"href":"https:\/\/cccdecolombia.com\/ccc\/wp-json\/wp\/v2\/media?parent=3810"}],"curies":[{"name":"wp","href":"https:\/\/api.w.org\/{rel}","templated":true}]}}