{"id":3821,"date":"2025-10-27T22:00:11","date_gmt":"2025-10-28T03:00:11","guid":{"rendered":"https:\/\/cccdecolombia.com\/ccc\/?page_id=3821"},"modified":"2025-10-27T22:02:57","modified_gmt":"2025-10-28T03:02:57","slug":"llega-el-congreso-de-los-minoristas-de-combustibles","status":"publish","type":"page","link":"https:\/\/cccdecolombia.com\/ccc\/llega-el-congreso-de-los-minoristas-de-combustibles\/","title":{"rendered":"Llega el congreso de los minoristas de combustibles"},"content":{"rendered":"\t\t<div data-elementor-type=\"wp-page\" data-elementor-id=\"3821\" class=\"elementor elementor-3821\" data-elementor-post-type=\"page\">\n\t\t\t\t<div class=\"elementor-element elementor-element-91e3128 e-flex e-con-boxed e-con e-parent\" data-id=\"91e3128\" data-element_type=\"container\" data-e-type=\"container\">\n\t\t\t\t\t<div class=\"e-con-inner\">\n\t\t<div class=\"elementor-element elementor-element-093f433 e-con-full e-flex e-con e-child\" data-id=\"093f433\" data-element_type=\"container\" data-e-type=\"container\">\n\t\t\t\t<\/div>\n\t\t<div class=\"elementor-element elementor-element-6e2aebe e-con-full e-flex e-con e-child\" data-id=\"6e2aebe\" data-element_type=\"container\" data-e-type=\"container\">\n\t\t<div class=\"elementor-element elementor-element-040454c e-con-full e-flex e-con e-child\" data-id=\"040454c\" data-element_type=\"container\" data-e-type=\"container\">\n\t\t\t\t<div class=\"elementor-element elementor-element-5774f67 elementor-widget elementor-widget-image\" data-id=\"5774f67\" data-element_type=\"widget\" data-e-type=\"widget\" data-widget_type=\"image.default\">\n\t\t\t\t<div class=\"elementor-widget-container\">\n\t\t\t\t\t\t\t\t\t\t\t\t\t\t\t<img fetchpriority=\"high\" decoding=\"async\" width=\"1024\" height=\"512\" src=\"https:\/\/cccdecolombia.com\/ccc\/wp-content\/uploads\/2025\/10\/6_Articulo_6-1024x512.jpg\" class=\"attachment-large size-large wp-image-3786\" alt=\"\" srcset=\"https:\/\/cccdecolombia.com\/ccc\/wp-content\/uploads\/2025\/10\/6_Articulo_6-1024x512.jpg 1024w, https:\/\/cccdecolombia.com\/ccc\/wp-content\/uploads\/2025\/10\/6_Articulo_6-300x150.jpg 300w, https:\/\/cccdecolombia.com\/ccc\/wp-content\/uploads\/2025\/10\/6_Articulo_6-768x384.jpg 768w, https:\/\/cccdecolombia.com\/ccc\/wp-content\/uploads\/2025\/10\/6_Articulo_6.jpg 1075w\" sizes=\"(max-width: 1024px) 100vw, 1024px\" \/>\t\t\t\t\t\t\t\t\t\t\t\t\t\t\t<\/div>\n\t\t\t\t<\/div>\n\t\t\t\t<div class=\"elementor-element elementor-element-795ce25 elementor-widget elementor-widget-text-editor\" data-id=\"795ce25\" data-element_type=\"widget\" data-e-type=\"widget\" data-widget_type=\"text-editor.default\">\n\t\t\t\t<div class=\"elementor-widget-container\">\n\t\t\t\t\t\t\t\t\t<h2 style=\"color: #000;\"><b>\u00a1Llega el congreso de los minoristas de combustibles!<\/b><\/h2><p><b>Este 6 y 7 de noviembre se re\u00fanen en Cartagena los representantes de las estaciones de servicio del pa\u00eds en un congreso que busca la unidad de un sector clave para la econom\u00eda del pa\u00eds.<\/b><\/p><p><span style=\"font-weight: 400;\">En 2025, El Congreso Nacional de Distribuidores Minoristas de Combustibles y Energ\u00e9ticos cobra un significado especial. Por primera vez, Fendipetr\u00f3leo Nacional y la Confederaci\u00f3n de Distribuidores Minoristas de Combustibles y Energ\u00e9ticos (COMCE) se unen como coorganizadores del evento.\u00a0<\/span><\/p><p><span style=\"font-weight: 400;\">Este hecho marca un hito hist\u00f3rico para el sector, pues consolida una representaci\u00f3n gremial unificada bajo el lema \u201cSOMOS UNO\u201d y env\u00eda un mensaje de cohesi\u00f3n, visi\u00f3n compartida y fuerza representativa ante el pa\u00eds y las autoridades del sector.<\/span><\/p><p><span style=\"font-weight: 400;\">\u201cTener un congreso en noviembre con un sector unido, sin duda es un hecho hist\u00f3rico. \u00bfC\u00f3mo se dio esa integraci\u00f3n de COMCE y Fendipetr\u00f3leo para organizar este evento? Pues conversando y entendiendo que, ante las mismas problem\u00e1ticas a nivel nacional, el mejor resultado que puede haber para todos nuestros afiliados es presentar al sector unido en todas las actuaciones frente a todos nuestros interlocutores\u201d, asegura Juan Fernando Prieto, presidente de la junta directiva de COMCE.<\/span><\/p><p><span style=\"font-weight: 400;\">En este espacio se reunir\u00e1n distribuidores minoristas, empresarios, l\u00edderes gremiales, representantes del Gobierno, reguladores, proveedores, expertos t\u00e9cnicos y acad\u00e9micos y aliados estrat\u00e9gicos con el prop\u00f3sito de analizar tendencias, intercambiar experiencias y construir propuestas conjuntas en beneficio del sector.<\/span><\/p><p><strong><span style=\"color: orange; font-size: 22px;\">El Congreso Nacional de Distribuidores Minoristas de Combustibles y Energ\u00e9ticos 2025 es m\u00e1s que un evento gremial: es un s\u00edmbolo de unidad y visi\u00f3n de futuro.<\/span><\/strong><\/p><p><b>El congreso de la unidad<\/b><\/p><p><span style=\"font-weight: 400;\">El Congreso ser\u00e1 una oportunidad para reflexionar sobre el presente y futuro de la distribuci\u00f3n minorista de combustibles en Colombia.\u00a0<\/span><\/p><p><span style=\"font-weight: 400;\">Las dos confederaciones re\u00fanen cerca de 4.500 estaciones de servicio de las cerca de 6.400 que operan en las diferentes regiones. El hecho de que trabajen unidas definitivamente fortalecer\u00e1 un sector tan importante para el desarrollo del pa\u00eds.<\/span><\/p><p><span style=\"font-weight: 400;\">\u201cEsto es hist\u00f3rico, nunca se hab\u00eda visto. Estamos mirando hacia el sector y queremos cerrar las brechas abiertas durante tantos a\u00f1os. El \u00fanico beneficiado con todo eso va a ser el distribuidor minorista de combustibles\u201d, sostiene Ra\u00fal Fragozo Daza, presidente de la junta directiva de Fendipetr\u00f3leo Nacional.<\/span><\/p><p><span style=\"font-weight: 400;\">La tem\u00e1tica central: \u201cInnovaci\u00f3n y regulaci\u00f3n para un sector en evoluci\u00f3n\u201d orientar\u00e1 una agenda estructurada en torno a tres ejes fundamentales:<\/span><\/p><ul><li style=\"font-weight: 400;\" aria-level=\"1\"><span style=\"font-weight: 400;\">Regulaci\u00f3n: an\u00e1lisis de la normatividad vigente y de los retos que enfrenta la industria.<\/span><\/li><li style=\"font-weight: 400;\" aria-level=\"1\"><span style=\"font-weight: 400;\">Innovaci\u00f3n: presentaci\u00f3n de soluciones tecnol\u00f3gicas y nuevos modelos de negocio que potencian la competitividad.<\/span><\/li><li style=\"font-weight: 400;\" aria-level=\"1\"><span style=\"font-weight: 400;\">Pol\u00edtica p\u00fablica: escenarios de di\u00e1logo entre sector privado y el Gobierno para impulsar decisiones conjuntas en beneficio del pa\u00eds.<\/span><\/li><\/ul><p><span style=\"font-weight: 400;\">Este enfoque permitir\u00e1 a los participantes intercambiar experiencias, identificar desaf\u00edos comunes y formular propuestas que fortalezcan la sostenibilidad y la modernizaci\u00f3n del sector.\u00a0<\/span><\/p><p><strong><span style=\"color: orange; font-size: 22px;\">Bajo el esp\u00edritu de \u201cSomos Uno\u201d, el sector se prepara para enfrentar los desaf\u00edos del presente, aprovechar las oportunidades de la innovaci\u00f3n y sentar las bases de una distribuci\u00f3n de combustibles m\u00e1s eficiente y sostenible para el pa\u00eds.<\/span><\/strong><\/p><p><b>Networking, alianzas y oportunidades<\/b><\/p><p><span style=\"font-weight: 400;\">Adem\u00e1s de las sesiones acad\u00e9micas, el Congreso ofrecer\u00e1 espacios dise\u00f1ados para fortalecer capacidades empresariales y generar conexiones estrat\u00e9gicas. Los asistentes podr\u00e1n participar en:<\/span><\/p><ul><li style=\"font-weight: 400;\" aria-level=\"1\"><span style=\"font-weight: 400;\">Zonas de networking, que facilitar\u00e1n la interacci\u00f3n entre empresarios, autoridades y proveedores.<\/span><\/li><li style=\"font-weight: 400;\" aria-level=\"1\"><span style=\"font-weight: 400;\">Muestra comercial, con productos, servicios y soluciones innovadoras para estaciones de servicio en todo el pa\u00eds.<\/span><\/li><li style=\"font-weight: 400;\" aria-level=\"1\"><span style=\"font-weight: 400;\">Experiencias interactivas, orientadas a promover la articulaci\u00f3n entre actores y abrir oportunidades de colaboraci\u00f3n.<\/span><\/li><\/ul><p><span style=\"font-weight: 400;\">Con la participaci\u00f3n proyectada de m\u00e1s de 1.000 asistentes, este escenario se consolida como la plataforma m\u00e1s influyente para la competitividad, sostenibilidad y transformaci\u00f3n de la distribuci\u00f3n minorista de combustibles en Colombia. La versi\u00f3n 2024 del Congreso Nacional de Distribuidores Minoristas de Combustibles y Energ\u00e9ticos cont\u00f3 con la asistencia de 794 personas, entre las cuales hab\u00eda m\u00e1s de 30 conferencistas y 42 empresas vinculadas (13 patrocinadores y 29 expositores).<\/span><\/p>\t\t\t\t\t\t\t\t<\/div>\n\t\t\t\t<\/div>\n\t\t\t\t<\/div>\n\t\t<div class=\"elementor-element elementor-element-8f54034 e-con-full e-flex e-con e-child\" data-id=\"8f54034\" data-element_type=\"container\" data-e-type=\"container\">\n\t\t<div class=\"elementor-element elementor-element-6c28ff3 e-con-full e-flex e-con e-child\" data-id=\"6c28ff3\" data-element_type=\"container\" data-e-type=\"container\" data-settings=\"{&quot;background_background&quot;:&quot;classic&quot;}\">\n\t\t\t\t<div class=\"elementor-element elementor-element-36dc43a elementor-widget elementor-widget-heading\" data-id=\"36dc43a\" data-element_type=\"widget\" data-e-type=\"widget\" data-widget_type=\"heading.default\">\n\t\t\t\t<div class=\"elementor-widget-container\">\n\t\t\t\t\t<h2 class=\"elementor-heading-title elementor-size-default\">Bolet\u00edn CCC de Colombia<\/h2>\t\t\t\t<\/div>\n\t\t\t\t<\/div>\n\t\t\t\t<div class=\"elementor-element elementor-element-350f48d elementor-widget elementor-widget-text-editor\" data-id=\"350f48d\" data-element_type=\"widget\" data-e-type=\"widget\" data-widget_type=\"text-editor.default\">\n\t\t\t\t<div class=\"elementor-widget-container\">\n\t\t\t\t\t\t\t\t\t<p>Reciba toda la informaci\u00f3n del grupo empresarial colombiano en su correo electr\u00f3nico o en su celular y ent\u00e9rese de las \u00faltimas novedades, noticias, comunicados y eventos.<\/p>\t\t\t\t\t\t\t\t<\/div>\n\t\t\t\t<\/div>\n\t\t\t\t<div class=\"elementor-element elementor-element-6fdcd0d elementor-widget elementor-widget-shortcode\" data-id=\"6fdcd0d\" data-element_type=\"widget\" data-e-type=\"widget\" data-widget_type=\"shortcode.default\">\n\t\t\t\t<div class=\"elementor-widget-container\">\n\t\t\t\t\t\t\t<div class=\"elementor-shortcode\">\n<div class=\"wpcf7 no-js\" id=\"wpcf7-f1990-o1\" lang=\"es-CO\" dir=\"ltr\" data-wpcf7-id=\"1990\">\n<div class=\"screen-reader-response\"><p role=\"status\" aria-live=\"polite\" aria-atomic=\"true\"><\/p> <ul><\/ul><\/div>\n<form action=\"\/ccc\/wp-json\/wp\/v2\/pages\/3821#wpcf7-f1990-o1\" method=\"post\" class=\"wpcf7-form init\" aria-label=\"Formulario de contacto\" novalidate=\"novalidate\" data-status=\"init\">\n<fieldset class=\"hidden-fields-container\"><input type=\"hidden\" name=\"_wpcf7\" value=\"1990\" \/><input type=\"hidden\" name=\"_wpcf7_version\" value=\"6.1.5\" \/><input type=\"hidden\" name=\"_wpcf7_locale\" value=\"es_CO\" \/><input type=\"hidden\" name=\"_wpcf7_unit_tag\" value=\"wpcf7-f1990-o1\" \/><input type=\"hidden\" name=\"_wpcf7_container_post\" value=\"0\" \/><input type=\"hidden\" name=\"_wpcf7_posted_data_hash\" value=\"\" \/><input type=\"hidden\" name=\"_wpcf7_recaptcha_response\" value=\"\" \/>\n<\/fieldset>\n<p><label> Nombre:<br \/>\n<span class=\"wpcf7-form-control-wrap\" data-name=\"your-name\"><input size=\"40\" maxlength=\"400\" class=\"wpcf7-form-control wpcf7-text wpcf7-validates-as-required\" autocomplete=\"name\" aria-required=\"true\" aria-invalid=\"false\" value=\"\" type=\"text\" name=\"your-name\" \/><\/span> <\/label>\n<\/p>\n<p><label> Celular:<br \/>\n<span class=\"wpcf7-form-control-wrap\" data-name=\"Celular\"><input size=\"40\" maxlength=\"400\" class=\"wpcf7-form-control wpcf7-text wpcf7-validates-as-required\" aria-required=\"true\" aria-invalid=\"false\" value=\"\" type=\"text\" name=\"Celular\" \/><\/span> <\/label>\n<\/p>\n<p><label> Correo Electr\u00f3nico:<br \/>\n<span class=\"wpcf7-form-control-wrap\" data-name=\"your-email\"><input size=\"40\" maxlength=\"400\" class=\"wpcf7-form-control wpcf7-email wpcf7-validates-as-required wpcf7-text wpcf7-validates-as-email\" autocomplete=\"email\" aria-required=\"true\" aria-invalid=\"false\" value=\"\" type=\"email\" name=\"your-email\" \/><\/span> <\/label>\n<\/p>\n<p><input class=\"wpcf7-form-control wpcf7-submit has-spinner\" type=\"submit\" value=\"Enviar\" \/>\n<\/p><div class=\"wpcf7-response-output\" aria-hidden=\"true\"><\/div>\n<\/form>\n<\/div>\n<\/div>\n\t\t\t\t\t\t<\/div>\n\t\t\t\t<\/div>\n\t\t\t\t<\/div>\n\t\t\t\t<\/div>\n\t\t\t\t<\/div>\n\t\t<div class=\"elementor-element elementor-element-eab2b16 e-con-full e-flex e-con e-child\" data-id=\"eab2b16\" data-element_type=\"container\" data-e-type=\"container\">\n\t\t\t\t<\/div>\n\t\t\t\t\t<\/div>\n\t\t\t\t<\/div>\n\t\t\t\t<\/div>\n\t\t","protected":false},"excerpt":{"rendered":"<p>\u00a1Llega el congreso de los minoristas de combustibles! Este 6 y 7 de noviembre se re\u00fanen en Cartagena los representantes de las estaciones de servicio del pa\u00eds en un congreso que busca la unidad de un sector clave para la econom\u00eda del pa\u00eds. En 2025, El Congreso Nacional de Distribuidores Minoristas de Combustibles y Energ\u00e9ticos [&hellip;]<\/p>\n","protected":false},"author":3,"featured_media":0,"parent":0,"menu_order":0,"comment_status":"closed","ping_status":"closed","template":"","meta":{"_monsterinsights_skip_tracking":false,"_monsterinsights_sitenote_active":false,"_monsterinsights_sitenote_note":"","_monsterinsights_sitenote_category":0,"_uf_show_specific_survey":0,"_uf_disable_surveys":false,"_joinchat":[],"footnotes":""},"class_list":["post-3821","page","type-page","status-publish","hentry"],"aioseo_notices":[],"_links":{"self":[{"href":"https:\/\/cccdecolombia.com\/ccc\/wp-json\/wp\/v2\/pages\/3821","targetHints":{"allow":["GET"]}}],"collection":[{"href":"https:\/\/cccdecolombia.com\/ccc\/wp-json\/wp\/v2\/pages"}],"about":[{"href":"https:\/\/cccdecolombia.com\/ccc\/wp-json\/wp\/v2\/types\/page"}],"author":[{"embeddable":true,"href":"https:\/\/cccdecolombia.com\/ccc\/wp-json\/wp\/v2\/users\/3"}],"replies":[{"embeddable":true,"href":"https:\/\/cccdecolombia.com\/ccc\/wp-json\/wp\/v2\/comments?post=3821"}],"version-history":[{"count":5,"href":"https:\/\/cccdecolombia.com\/ccc\/wp-json\/wp\/v2\/pages\/3821\/revisions"}],"predecessor-version":[{"id":3826,"href":"https:\/\/cccdecolombia.com\/ccc\/wp-json\/wp\/v2\/pages\/3821\/revisions\/3826"}],"wp:attachment":[{"href":"https:\/\/cccdecolombia.com\/ccc\/wp-json\/wp\/v2\/media?parent=3821"}],"curies":[{"name":"wp","href":"https:\/\/api.w.org\/{rel}","templated":true}]}}