{"id":3827,"date":"2025-10-27T22:03:29","date_gmt":"2025-10-28T03:03:29","guid":{"rendered":"https:\/\/cccdecolombia.com\/ccc\/?page_id=3827"},"modified":"2025-10-27T22:07:50","modified_gmt":"2025-10-28T03:07:50","slug":"nuestro-kit-de-fidelizacion-un-mundo-por-explorar-2","status":"publish","type":"page","link":"https:\/\/cccdecolombia.com\/ccc\/nuestro-kit-de-fidelizacion-un-mundo-por-explorar-2\/","title":{"rendered":"Nuestro kit de fidelizaci\u00f3n, un mundo por explorar"},"content":{"rendered":"\t\t<div data-elementor-type=\"wp-page\" data-elementor-id=\"3827\" class=\"elementor elementor-3827\" data-elementor-post-type=\"page\">\n\t\t\t\t<div class=\"elementor-element elementor-element-256b833 e-flex e-con-boxed e-con e-parent\" data-id=\"256b833\" data-element_type=\"container\" data-e-type=\"container\">\n\t\t\t\t\t<div class=\"e-con-inner\">\n\t\t<div class=\"elementor-element elementor-element-e270d7d e-con-full e-flex e-con e-child\" data-id=\"e270d7d\" data-element_type=\"container\" data-e-type=\"container\">\n\t\t\t\t<\/div>\n\t\t<div class=\"elementor-element elementor-element-3e4833f e-con-full e-flex e-con e-child\" data-id=\"3e4833f\" data-element_type=\"container\" data-e-type=\"container\">\n\t\t<div class=\"elementor-element elementor-element-e5eb507 e-con-full e-flex e-con e-child\" data-id=\"e5eb507\" data-element_type=\"container\" data-e-type=\"container\">\n\t\t\t\t<div class=\"elementor-element elementor-element-a507e0f elementor-widget elementor-widget-image\" data-id=\"a507e0f\" data-element_type=\"widget\" data-e-type=\"widget\" data-widget_type=\"image.default\">\n\t\t\t\t<div class=\"elementor-widget-container\">\n\t\t\t\t\t\t\t\t\t\t\t\t\t\t\t<img fetchpriority=\"high\" decoding=\"async\" width=\"1024\" height=\"512\" src=\"https:\/\/cccdecolombia.com\/ccc\/wp-content\/uploads\/2025\/10\/5_Articulo_5-1024x512.jpg\" class=\"attachment-large size-large wp-image-3785\" alt=\"\" srcset=\"https:\/\/cccdecolombia.com\/ccc\/wp-content\/uploads\/2025\/10\/5_Articulo_5-1024x512.jpg 1024w, https:\/\/cccdecolombia.com\/ccc\/wp-content\/uploads\/2025\/10\/5_Articulo_5-300x150.jpg 300w, https:\/\/cccdecolombia.com\/ccc\/wp-content\/uploads\/2025\/10\/5_Articulo_5-768x384.jpg 768w, https:\/\/cccdecolombia.com\/ccc\/wp-content\/uploads\/2025\/10\/5_Articulo_5.jpg 1075w\" sizes=\"(max-width: 1024px) 100vw, 1024px\" \/>\t\t\t\t\t\t\t\t\t\t\t\t\t\t\t<\/div>\n\t\t\t\t<\/div>\n\t\t\t\t<div class=\"elementor-element elementor-element-7416ac6 elementor-widget elementor-widget-text-editor\" data-id=\"7416ac6\" data-element_type=\"widget\" data-e-type=\"widget\" data-widget_type=\"text-editor.default\">\n\t\t\t\t<div class=\"elementor-widget-container\">\n\t\t\t\t\t\t\t\t\t<h2 style=\"color: #000;\"><b>Nuestro kit de fidelizaci\u00f3n, un mundo por explorar<\/b><\/h2><p><b>\u00a1La fidelizaci\u00f3n es una experiencia que construimos juntos!<\/b><\/p><p><b>Por Lorena \u00c1lvarez Jim\u00e9nez<br \/>Directora Comercial CCC<\/b><\/p><p><span style=\"font-weight: 400;\">En nuestra b\u00fasqueda constante por mejorar la experiencia de nuestros clientes, presentamos una iniciativa que combina tecnolog\u00eda, funcionalidad y valor agregado: Nuestro exclusivo Kit de Fidelizaci\u00f3n.\u00a0<\/span><\/p><p><span style=\"font-weight: 400;\">Este innovador detalle incluye un souvenir tecnol\u00f3gico pr\u00e1ctico y otros elementos pensados para sorprender y facilitar la vida de nuestros clientes.<\/span><\/p><p><span style=\"font-weight: 400;\">Pero eso no es todo. Cada Kit lleva un c\u00f3digo QR que abre las puertas a un universo digital exclusivo. Con solo un escaneo, nuestros clientes podr\u00e1n acceder a sus certificados de inspecci\u00f3n en cualquier momento, resolver dudas frecuentes y disfrutar de un espacio educativo enriquecedor con webinars, talleres, normativa actualizada y una biblioteca de consulta.<\/span><\/p><p><span style=\"font-weight: 400;\">Esta actividad, que hace parte de nuestro programa de fidelizaci\u00f3n, refleja nuestro compromiso por ofrecer una experiencia integral que va m\u00e1s all\u00e1 de la certificaci\u00f3n, fortaleciendo nuestra relaci\u00f3n con quienes conf\u00edan en nosotros.\u00a0<\/span><\/p>\t\t\t\t\t\t\t\t<\/div>\n\t\t\t\t<\/div>\n\t\t\t\t<\/div>\n\t\t<div class=\"elementor-element elementor-element-2409a3e e-con-full e-flex e-con e-child\" data-id=\"2409a3e\" data-element_type=\"container\" data-e-type=\"container\">\n\t\t<div class=\"elementor-element elementor-element-af0989f e-con-full e-flex e-con e-child\" data-id=\"af0989f\" data-element_type=\"container\" data-e-type=\"container\" data-settings=\"{&quot;background_background&quot;:&quot;classic&quot;}\">\n\t\t\t\t<div class=\"elementor-element elementor-element-fe1ad8e elementor-widget elementor-widget-heading\" data-id=\"fe1ad8e\" data-element_type=\"widget\" data-e-type=\"widget\" data-widget_type=\"heading.default\">\n\t\t\t\t<div class=\"elementor-widget-container\">\n\t\t\t\t\t<h2 class=\"elementor-heading-title elementor-size-default\">Bolet\u00edn CCC de Colombia<\/h2>\t\t\t\t<\/div>\n\t\t\t\t<\/div>\n\t\t\t\t<div class=\"elementor-element elementor-element-ddb9131 elementor-widget elementor-widget-text-editor\" data-id=\"ddb9131\" data-element_type=\"widget\" data-e-type=\"widget\" data-widget_type=\"text-editor.default\">\n\t\t\t\t<div class=\"elementor-widget-container\">\n\t\t\t\t\t\t\t\t\t<p>Reciba toda la informaci\u00f3n del grupo empresarial colombiano en su correo electr\u00f3nico o en su celular y ent\u00e9rese de las \u00faltimas novedades, noticias, comunicados y eventos.<\/p>\t\t\t\t\t\t\t\t<\/div>\n\t\t\t\t<\/div>\n\t\t\t\t<div class=\"elementor-element elementor-element-53cc60e elementor-widget elementor-widget-shortcode\" data-id=\"53cc60e\" data-element_type=\"widget\" data-e-type=\"widget\" data-widget_type=\"shortcode.default\">\n\t\t\t\t<div class=\"elementor-widget-container\">\n\t\t\t\t\t\t\t<div class=\"elementor-shortcode\">\n<div class=\"wpcf7 no-js\" id=\"wpcf7-f1990-o1\" lang=\"es-CO\" dir=\"ltr\" data-wpcf7-id=\"1990\">\n<div class=\"screen-reader-response\"><p role=\"status\" aria-live=\"polite\" aria-atomic=\"true\"><\/p> <ul><\/ul><\/div>\n<form action=\"\/ccc\/wp-json\/wp\/v2\/pages\/3827#wpcf7-f1990-o1\" method=\"post\" class=\"wpcf7-form init\" aria-label=\"Formulario de contacto\" novalidate=\"novalidate\" data-status=\"init\">\n<fieldset class=\"hidden-fields-container\"><input type=\"hidden\" name=\"_wpcf7\" value=\"1990\" \/><input type=\"hidden\" name=\"_wpcf7_version\" value=\"6.1.5\" \/><input type=\"hidden\" name=\"_wpcf7_locale\" value=\"es_CO\" \/><input type=\"hidden\" name=\"_wpcf7_unit_tag\" value=\"wpcf7-f1990-o1\" \/><input type=\"hidden\" name=\"_wpcf7_container_post\" value=\"0\" \/><input type=\"hidden\" name=\"_wpcf7_posted_data_hash\" value=\"\" \/><input type=\"hidden\" name=\"_wpcf7_recaptcha_response\" value=\"\" \/>\n<\/fieldset>\n<p><label> Nombre:<br \/>\n<span class=\"wpcf7-form-control-wrap\" data-name=\"your-name\"><input size=\"40\" maxlength=\"400\" class=\"wpcf7-form-control wpcf7-text wpcf7-validates-as-required\" autocomplete=\"name\" aria-required=\"true\" aria-invalid=\"false\" value=\"\" type=\"text\" name=\"your-name\" \/><\/span> <\/label>\n<\/p>\n<p><label> Celular:<br \/>\n<span class=\"wpcf7-form-control-wrap\" data-name=\"Celular\"><input size=\"40\" maxlength=\"400\" class=\"wpcf7-form-control wpcf7-text wpcf7-validates-as-required\" aria-required=\"true\" aria-invalid=\"false\" value=\"\" type=\"text\" name=\"Celular\" \/><\/span> <\/label>\n<\/p>\n<p><label> Correo Electr\u00f3nico:<br \/>\n<span class=\"wpcf7-form-control-wrap\" data-name=\"your-email\"><input size=\"40\" maxlength=\"400\" class=\"wpcf7-form-control wpcf7-email wpcf7-validates-as-required wpcf7-text wpcf7-validates-as-email\" autocomplete=\"email\" aria-required=\"true\" aria-invalid=\"false\" value=\"\" type=\"email\" name=\"your-email\" \/><\/span> <\/label>\n<\/p>\n<p><input class=\"wpcf7-form-control wpcf7-submit has-spinner\" type=\"submit\" value=\"Enviar\" \/>\n<\/p><div class=\"wpcf7-response-output\" aria-hidden=\"true\"><\/div>\n<\/form>\n<\/div>\n<\/div>\n\t\t\t\t\t\t<\/div>\n\t\t\t\t<\/div>\n\t\t\t\t<\/div>\n\t\t\t\t<\/div>\n\t\t\t\t<\/div>\n\t\t<div class=\"elementor-element elementor-element-30f65d7 e-con-full e-flex e-con e-child\" data-id=\"30f65d7\" data-element_type=\"container\" data-e-type=\"container\">\n\t\t\t\t<\/div>\n\t\t\t\t\t<\/div>\n\t\t\t\t<\/div>\n\t\t\t\t<\/div>\n\t\t","protected":false},"excerpt":{"rendered":"<p>Nuestro kit de fidelizaci\u00f3n, un mundo por explorar \u00a1La fidelizaci\u00f3n es una experiencia que construimos juntos! Por Lorena \u00c1lvarez Jim\u00e9nezDirectora Comercial CCC En nuestra b\u00fasqueda constante por mejorar la experiencia de nuestros clientes, presentamos una iniciativa que combina tecnolog\u00eda, funcionalidad y valor agregado: Nuestro exclusivo Kit de Fidelizaci\u00f3n.\u00a0 Este innovador detalle incluye un souvenir tecnol\u00f3gico [&hellip;]<\/p>\n","protected":false},"author":3,"featured_media":0,"parent":0,"menu_order":0,"comment_status":"closed","ping_status":"closed","template":"","meta":{"_monsterinsights_skip_tracking":false,"_monsterinsights_sitenote_active":false,"_monsterinsights_sitenote_note":"","_monsterinsights_sitenote_category":0,"_uf_show_specific_survey":0,"_uf_disable_surveys":false,"_joinchat":[],"footnotes":""},"class_list":["post-3827","page","type-page","status-publish","hentry"],"aioseo_notices":[],"_links":{"self":[{"href":"https:\/\/cccdecolombia.com\/ccc\/wp-json\/wp\/v2\/pages\/3827","targetHints":{"allow":["GET"]}}],"collection":[{"href":"https:\/\/cccdecolombia.com\/ccc\/wp-json\/wp\/v2\/pages"}],"about":[{"href":"https:\/\/cccdecolombia.com\/ccc\/wp-json\/wp\/v2\/types\/page"}],"author":[{"embeddable":true,"href":"https:\/\/cccdecolombia.com\/ccc\/wp-json\/wp\/v2\/users\/3"}],"replies":[{"embeddable":true,"href":"https:\/\/cccdecolombia.com\/ccc\/wp-json\/wp\/v2\/comments?post=3827"}],"version-history":[{"count":4,"href":"https:\/\/cccdecolombia.com\/ccc\/wp-json\/wp\/v2\/pages\/3827\/revisions"}],"predecessor-version":[{"id":3832,"href":"https:\/\/cccdecolombia.com\/ccc\/wp-json\/wp\/v2\/pages\/3827\/revisions\/3832"}],"wp:attachment":[{"href":"https:\/\/cccdecolombia.com\/ccc\/wp-json\/wp\/v2\/media?parent=3827"}],"curies":[{"name":"wp","href":"https:\/\/api.w.org\/{rel}","templated":true}]}}