{"id":3857,"date":"2025-10-28T21:23:33","date_gmt":"2025-10-29T02:23:33","guid":{"rendered":"https:\/\/cccdecolombia.com\/ccc\/?page_id=3857"},"modified":"2025-11-02T20:13:18","modified_gmt":"2025-11-03T01:13:18","slug":"pasion-por-las-estaciones","status":"publish","type":"page","link":"https:\/\/cccdecolombia.com\/ccc\/pasion-por-las-estaciones\/","title":{"rendered":"Pasi\u00f3n por las estaciones"},"content":{"rendered":"\t\t<div data-elementor-type=\"wp-page\" data-elementor-id=\"3857\" class=\"elementor elementor-3857\" data-elementor-post-type=\"page\">\n\t\t\t\t<div class=\"elementor-element elementor-element-de725c5 e-flex e-con-boxed e-con e-parent\" data-id=\"de725c5\" data-element_type=\"container\" data-e-type=\"container\">\n\t\t\t\t\t<div class=\"e-con-inner\">\n\t\t<div class=\"elementor-element elementor-element-6dd8986 e-con-full e-flex e-con e-child\" data-id=\"6dd8986\" data-element_type=\"container\" data-e-type=\"container\">\n\t\t\t\t<\/div>\n\t\t<div class=\"elementor-element elementor-element-4ddf6bf e-con-full e-flex e-con e-child\" data-id=\"4ddf6bf\" data-element_type=\"container\" data-e-type=\"container\">\n\t\t<div class=\"elementor-element elementor-element-91167d6 e-con-full e-flex e-con e-child\" data-id=\"91167d6\" data-element_type=\"container\" data-e-type=\"container\">\n\t\t\t\t<div class=\"elementor-element elementor-element-d77f681 elementor-widget elementor-widget-image\" data-id=\"d77f681\" data-element_type=\"widget\" data-e-type=\"widget\" data-widget_type=\"image.default\">\n\t\t\t\t<div class=\"elementor-widget-container\">\n\t\t\t\t\t\t\t\t\t\t\t\t\t\t\t<img fetchpriority=\"high\" decoding=\"async\" width=\"1024\" height=\"512\" src=\"https:\/\/cccdecolombia.com\/ccc\/wp-content\/uploads\/2025\/10\/3_Articulo_3-1024x512.jpg\" class=\"attachment-large size-large wp-image-3783\" alt=\"\" srcset=\"https:\/\/cccdecolombia.com\/ccc\/wp-content\/uploads\/2025\/10\/3_Articulo_3-1024x512.jpg 1024w, https:\/\/cccdecolombia.com\/ccc\/wp-content\/uploads\/2025\/10\/3_Articulo_3-300x150.jpg 300w, https:\/\/cccdecolombia.com\/ccc\/wp-content\/uploads\/2025\/10\/3_Articulo_3-768x384.jpg 768w, https:\/\/cccdecolombia.com\/ccc\/wp-content\/uploads\/2025\/10\/3_Articulo_3.jpg 1075w\" sizes=\"(max-width: 1024px) 100vw, 1024px\" \/>\t\t\t\t\t\t\t\t\t\t\t\t\t\t\t<\/div>\n\t\t\t\t<\/div>\n\t\t\t\t<div class=\"elementor-element elementor-element-6cafc85 elementor-widget elementor-widget-text-editor\" data-id=\"6cafc85\" data-element_type=\"widget\" data-e-type=\"widget\" data-widget_type=\"text-editor.default\">\n\t\t\t\t<div class=\"elementor-widget-container\">\n\t\t\t\t\t\t\t\t\t<h2 style=\"color: #000;\"><b>Pasion por las estaciones<\/b><\/h2><p><b>Con su toque original, \u2018sin etiqueta\u2019 y completamente honesto, John Garz\u00f3n ha logrado consolidar una empresa familiar que inici\u00f3 su pap\u00e1 hace m\u00e1s de 30 a\u00f1os y que hoy es ejemplo en el sector de la distribuci\u00f3n minorista.\u00a0\u00a0<\/b><\/p><p><span style=\"font-weight: 400;\">\u201cDe este negocio y de andar pelao yo s\u00ed s\u00e9. Yo me dediqu\u00e9 solo a esto. A m\u00ed me gustan las estaciones y yo s\u00e9 de este negocio. Cuando a uno le gusta hacer algo, uno lo disfruta. A m\u00ed me apasiona el tema y quiero seguir haci\u00e9ndolo por mucho tiempo\u201d.\u00a0<\/span><\/p><p><span style=\"font-weight: 400;\">La frase de John Garz\u00f3n define muy bien el coraz\u00f3n y el destino de un hombre que ha dedicado su vida por entero al fortalecimiento de la distribuci\u00f3n minorista de combustibles en el pa\u00eds.<\/span><\/p><p><span style=\"font-weight: 400;\">Su historia con las estaciones de servicio comenz\u00f3 hace cerca de cinco a\u00f1os con la EDS la Joya, ubicada en el kil\u00f3metro 88 de la v\u00eda Bogot\u00e1-Tunja, por una revelaci\u00f3n divina, como \u00e9l mismo lo dice.<\/span><\/p><p><span style=\"font-weight: 400;\">\u201cEse era un proyecto que se ten\u00eda pensado hace mucho tiempo. Mi pap\u00e1 arranc\u00f3 con ese proyecto, pero dur\u00f3 10 a\u00f1os cerrado, no se pudo concluir por la mala planeaci\u00f3n. Mi familia es muy creyente en Dios, aunque yo no soy el mejor ejemplo de eso, s\u00ed soy un hombre temeroso de Dios, creo en las cosas de Dios. En plena pandemia, Dios me habl\u00f3 a m\u00ed y me dice que haga mi estaci\u00f3n. Se me meti\u00f3 que ten\u00eda que parar ese proyecto, consegu\u00ed la plata prestada y termin\u00e9 mi primera estaci\u00f3n de servicio. Fue como una revelaci\u00f3n divina, se lo juro, tengo a Dios por testigo\u201d, asegura John convencido.<\/span><\/p><p><span style=\"font-weight: 400;\">Luego vino la EDS El L\u00edmite, una estaci\u00f3n espejo, casi al frente de La Joya, en la v\u00eda Tunja-Bogot\u00e1, donde tuvo literalmente que bajar una monta\u00f1a para poner la estaci\u00f3n. \u201cSoy el \u00fanico loco que baja una monta\u00f1a para poner una estaci\u00f3n\u201d, dice.\u00a0<\/span><\/p><p><span style=\"font-weight: 400;\">En Otanche (Boyac\u00e1), cuando visitaba algunas estaciones antiguas para hacerles mantenimiento, le propusieron un negocio. \u201cEl pueblo me gusta, es un pueblo minero, eso mueve mucha gente. Nos asociamos con una gente de la regi\u00f3n, ellos pusieron el lote y yo constru\u00ed la estaci\u00f3n, que hoy se llama EDS Acapulco\u201d, afirma.<\/span><\/p><p><span style=\"font-weight: 400;\">Su cuarta estaci\u00f3n lleg\u00f3 el a\u00f1o pasado, una EDS que fue construida hace m\u00e1s de 50 a\u00f1os y que dejaron abandonada en San Pedro de los Milagros (Antioquia); y se le dio la oportunidad de hacer un negocio con los propietarios. Esta estaci\u00f3n la inaugur\u00f3 a comienzos de octubre.<\/span><\/p><p><b>De la mano de CCC<\/b><\/p><p><span style=\"font-weight: 400;\">Todas sus estaciones est\u00e1n certificadas con CCC y fueron construidas desde ceros y completamente planificadas. \u201cPara m\u00ed, CCC ha sido un aliado estrat\u00e9gico. No es una compa\u00f1\u00eda que lo coja y lo apriete a uno. Siempre he sido cumplidor de la norma, pero tener un asesor como ellos siempre es una garant\u00eda. Siento que es una ayuda para uno como empresario\u201d, dice.<\/span><\/p><p><span style=\"font-weight: 400;\">Se encontr\u00f3 con CCC por esas cosas del destino. Se fue a construir una estaci\u00f3n a un amigo en Mesitas del Colegio (Cundinamarca) y le recomendaron al ingeniero Jos\u00e9 Uriel Salazar, porque en ese tiempo yo no sab\u00eda mucho de la norma para las estaciones. \u201cDesde que conoc\u00ed a ese se\u00f1or, todo lo que yo hago le pido a CCC que me mande a ese ingeniero, porque fue el primero que me atendi\u00f3, me orient\u00f3 y certificamos esa estaci\u00f3n. Sin mentirle, desde ese momento he certificado con CCC unas 60 estaciones de servicio. Hermano, esos manes no lo dejan a uno botado nunca\u201d, asegura orgulloso. <\/span><\/p><p><strong><span style=\"color: orange; font-size: 22px;\">Una vez lleg\u00f3 a la gerencia de su empresa familiar, en 2012, John \u2018despleg\u00f3 sus alas\u2019 y ampli\u00f3 su portafolio de servicios dedicados exclusivamente al negocio de construir estaciones de servicio. Recibi\u00f3 la empresa con 8 empleados y hoy son m\u00e1s de 90 dedicados a la construcci\u00f3n de estaciones y la atenci\u00f3n de sus cuatro EDS.<\/span><\/strong><\/p><p><span style=\"font-weight: 400;\">Pero, \u00bfde d\u00f3nde le viene toda esa pasi\u00f3n y carisma a John Garz\u00f3n por las estaciones de servicio?<\/span><b><\/b><\/p><p><span style=\"font-weight: 400;\">Claramente de don Carlos Garz\u00f3n Garc\u00eda, su pap\u00e1, due\u00f1o y propietario de CG Grupo Empresarial Ingenier\u00eda y Dise\u00f1o SAS, una empresa dedicada hace m\u00e1s de 30 a\u00f1os a la construcci\u00f3n y mantenimiento de estaciones en todo el pa\u00eds, donde John es gerente desde hace 13 a\u00f1os.<\/span><b><\/b><\/p><p><span style=\"font-weight: 400;\">\u201cMi pap\u00e1 arranc\u00f3 con el tema del mantenimiento. Yo le heredo el negocio a los 20 a\u00f1os y llevo 20 a\u00f1os ah\u00ed metido. \u00c9l hac\u00eda caso y nosotros hacemos caso. Hermano, mi pap\u00e1 hac\u00eda lo que nadie hac\u00eda en esa \u00e9poca, limpiar ca\u00f1er\u00edas, desperdicios, hacer resanes en las losas, limpiar las haches de los precios de 15 metros de alto\u2026 \u00c9l nos ense\u00f1\u00f3 toto a m\u00ed y a mis cuatros hermanos. \u00c9l andaba con una caja de herramienta en un Renault 18 por todo el pa\u00eds visitando estaciones. \u00c9l era el patr\u00f3n de nosotros\u201d, dice John orgulloso de su padre.\u00a0<\/span><b><\/b><\/p><p><b>Volar muy alto<\/b><b><\/b><\/p><p><span style=\"font-weight: 400;\">Una vez lleg\u00f3 a la gerencia de su empresa familiar, en 2012, John \u2018despleg\u00f3 sus alas\u2019 y ampli\u00f3 su portafolio de servicios dedicados exclusivamente al negocio de construir estaciones de servicio. Recibi\u00f3 la empresa con 8 empleados y hoy son m\u00e1s de 90 dedicados a la construcci\u00f3n de estaciones y la atenci\u00f3n de sus cuatro EDS.\u00a0<\/span><b><\/b><\/p><p><span style=\"font-weight: 400;\">\u201cTom\u00e9 la decisi\u00f3n de empezar de abajo haciendo gallitos, cambios de spill, cambios de tuber\u00edas, cambios de cajas contenedoras, cambio de tanques, cambio de canopys, cambio de tuber\u00edas, haci\u00e9ndome conocer en el negocio. Despu\u00e9s le mandan a hacer a uno lo que salga. Ya en la gerencia arranqu\u00e9 a meterme en todo loque saliera\u201d, afirma.\u00a0<\/span><b><\/b><\/p><p><span style=\"font-weight: 400;\">Hoy, John le hace mantenimiento en las estaciones propias de Terpel, uno de sus grandes clientes, y a otras empresas mayoristas que conf\u00edan en sus servicios y su credibilidad en el negocio.\u00a0<\/span><b><\/b><\/p><p><span style=\"font-weight: 400;\">En la empresa, cada uno de sus hermanos tiene un rol espec\u00edfico en diferentes \u00e1reas como servicio t\u00e9cnico, metrolog\u00eda, mantenimiento, la parte administrativa y financiera. Su esposa es la jefe de recursos humanos. Aunque su pap\u00e1 hace parte de la n\u00f3mina de la empresa, ahora dedica sus horas a pasar revista a las estaciones y llevar sus nietos al colegio en la ruta donde \u00e9l es el conductor. \u201cTodos metidos en el cuento\u201d, como \u00e9l mismo lo dice.\u00a0<\/span><b><\/b><\/p><p><span style=\"font-weight: 400;\">Sobre una posible tercera generaci\u00f3n para su empresa y su negocio de estaciones, John a\u00fan no lo tiene claro. En lo que no tiene dudas es en c\u00f3mo educar a su hijo de 16 a\u00f1os con mentalidad de empresario. Y en eso est\u00e1.\u00a0<\/span><b><\/b><\/p><p><span style=\"font-weight: 400;\">\u201cMi hijo mayor se grad\u00faa este a\u00f1o de bachiller y a partir de noviembre entra a ser parte del equipo de mantenimiento de CG. Va a trabajar de d\u00eda y a estudiar de noche. Si a este huev\u00f3n que es mi hijo mayor no le inculco a que sea empresario, a que se preocupe, a que se unte, a que sepa que el trabajador no es un esclavo sino un aliado para uno, hermano este man acaba la empresa en dos a\u00f1os\u201d, concluye.<\/span><\/p>\t\t\t\t\t\t\t\t<\/div>\n\t\t\t\t<\/div>\n\t\t\t\t<\/div>\n\t\t<div class=\"elementor-element elementor-element-a4a1063 e-con-full e-flex e-con e-child\" data-id=\"a4a1063\" data-element_type=\"container\" data-e-type=\"container\">\n\t\t<div class=\"elementor-element elementor-element-fc6c9e6 e-con-full e-flex e-con e-child\" data-id=\"fc6c9e6\" data-element_type=\"container\" data-e-type=\"container\" data-settings=\"{&quot;background_background&quot;:&quot;classic&quot;}\">\n\t\t\t\t<div class=\"elementor-element elementor-element-94256b9 elementor-widget elementor-widget-heading\" data-id=\"94256b9\" data-element_type=\"widget\" data-e-type=\"widget\" data-widget_type=\"heading.default\">\n\t\t\t\t<div class=\"elementor-widget-container\">\n\t\t\t\t\t<h2 class=\"elementor-heading-title elementor-size-default\">Bolet\u00edn CCC de Colombia<\/h2>\t\t\t\t<\/div>\n\t\t\t\t<\/div>\n\t\t\t\t<div class=\"elementor-element elementor-element-ebd47b0 elementor-widget elementor-widget-text-editor\" data-id=\"ebd47b0\" data-element_type=\"widget\" data-e-type=\"widget\" data-widget_type=\"text-editor.default\">\n\t\t\t\t<div class=\"elementor-widget-container\">\n\t\t\t\t\t\t\t\t\t<p>Reciba toda la informaci\u00f3n del grupo empresarial colombiano en su correo electr\u00f3nico o en su celular y ent\u00e9rese de las \u00faltimas novedades, noticias, comunicados y eventos.<\/p>\t\t\t\t\t\t\t\t<\/div>\n\t\t\t\t<\/div>\n\t\t\t\t<div class=\"elementor-element elementor-element-4031d27 elementor-widget elementor-widget-shortcode\" data-id=\"4031d27\" data-element_type=\"widget\" data-e-type=\"widget\" data-widget_type=\"shortcode.default\">\n\t\t\t\t<div class=\"elementor-widget-container\">\n\t\t\t\t\t\t\t<div class=\"elementor-shortcode\">\n<div class=\"wpcf7 no-js\" id=\"wpcf7-f1990-o1\" lang=\"es-CO\" dir=\"ltr\" data-wpcf7-id=\"1990\">\n<div class=\"screen-reader-response\"><p role=\"status\" aria-live=\"polite\" aria-atomic=\"true\"><\/p> <ul><\/ul><\/div>\n<form action=\"\/ccc\/wp-json\/wp\/v2\/pages\/3857#wpcf7-f1990-o1\" method=\"post\" class=\"wpcf7-form init\" aria-label=\"Formulario de contacto\" novalidate=\"novalidate\" data-status=\"init\">\n<fieldset class=\"hidden-fields-container\"><input type=\"hidden\" name=\"_wpcf7\" value=\"1990\" \/><input type=\"hidden\" name=\"_wpcf7_version\" value=\"6.1.5\" \/><input type=\"hidden\" name=\"_wpcf7_locale\" value=\"es_CO\" \/><input type=\"hidden\" name=\"_wpcf7_unit_tag\" value=\"wpcf7-f1990-o1\" \/><input type=\"hidden\" name=\"_wpcf7_container_post\" value=\"0\" \/><input type=\"hidden\" name=\"_wpcf7_posted_data_hash\" value=\"\" \/><input type=\"hidden\" name=\"_wpcf7_recaptcha_response\" value=\"\" \/>\n<\/fieldset>\n<p><label> Nombre:<br \/>\n<span class=\"wpcf7-form-control-wrap\" data-name=\"your-name\"><input size=\"40\" maxlength=\"400\" class=\"wpcf7-form-control wpcf7-text wpcf7-validates-as-required\" autocomplete=\"name\" aria-required=\"true\" aria-invalid=\"false\" value=\"\" type=\"text\" name=\"your-name\" \/><\/span> <\/label>\n<\/p>\n<p><label> Celular:<br \/>\n<span class=\"wpcf7-form-control-wrap\" data-name=\"Celular\"><input size=\"40\" maxlength=\"400\" class=\"wpcf7-form-control wpcf7-text wpcf7-validates-as-required\" aria-required=\"true\" aria-invalid=\"false\" value=\"\" type=\"text\" name=\"Celular\" \/><\/span> <\/label>\n<\/p>\n<p><label> Correo Electr\u00f3nico:<br \/>\n<span class=\"wpcf7-form-control-wrap\" data-name=\"your-email\"><input size=\"40\" maxlength=\"400\" class=\"wpcf7-form-control wpcf7-email wpcf7-validates-as-required wpcf7-text wpcf7-validates-as-email\" autocomplete=\"email\" aria-required=\"true\" aria-invalid=\"false\" value=\"\" type=\"email\" name=\"your-email\" \/><\/span> <\/label>\n<\/p>\n<p><input class=\"wpcf7-form-control wpcf7-submit has-spinner\" type=\"submit\" value=\"Enviar\" \/>\n<\/p><div class=\"wpcf7-response-output\" aria-hidden=\"true\"><\/div>\n<\/form>\n<\/div>\n<\/div>\n\t\t\t\t\t\t<\/div>\n\t\t\t\t<\/div>\n\t\t\t\t<\/div>\n\t\t\t\t<\/div>\n\t\t\t\t<\/div>\n\t\t<div class=\"elementor-element elementor-element-6248279 e-con-full e-flex e-con e-child\" data-id=\"6248279\" data-element_type=\"container\" data-e-type=\"container\">\n\t\t\t\t<\/div>\n\t\t\t\t\t<\/div>\n\t\t\t\t<\/div>\n\t\t\t\t<\/div>\n\t\t","protected":false},"excerpt":{"rendered":"<p>Pasion por las estaciones Con su toque original, \u2018sin etiqueta\u2019 y completamente honesto, John Garz\u00f3n ha logrado consolidar una empresa familiar que inici\u00f3 su pap\u00e1 hace m\u00e1s de 30 a\u00f1os y que hoy es ejemplo en el sector de la distribuci\u00f3n minorista.\u00a0\u00a0 \u201cDe este negocio y de andar pelao yo s\u00ed s\u00e9. Yo me dediqu\u00e9 [&hellip;]<\/p>\n","protected":false},"author":2,"featured_media":0,"parent":0,"menu_order":0,"comment_status":"closed","ping_status":"closed","template":"","meta":{"_monsterinsights_skip_tracking":false,"_monsterinsights_sitenote_active":false,"_monsterinsights_sitenote_note":"","_monsterinsights_sitenote_category":0,"_uf_show_specific_survey":0,"_uf_disable_surveys":false,"_joinchat":[],"footnotes":""},"class_list":["post-3857","page","type-page","status-publish","hentry"],"aioseo_notices":[],"_links":{"self":[{"href":"https:\/\/cccdecolombia.com\/ccc\/wp-json\/wp\/v2\/pages\/3857","targetHints":{"allow":["GET"]}}],"collection":[{"href":"https:\/\/cccdecolombia.com\/ccc\/wp-json\/wp\/v2\/pages"}],"about":[{"href":"https:\/\/cccdecolombia.com\/ccc\/wp-json\/wp\/v2\/types\/page"}],"author":[{"embeddable":true,"href":"https:\/\/cccdecolombia.com\/ccc\/wp-json\/wp\/v2\/users\/2"}],"replies":[{"embeddable":true,"href":"https:\/\/cccdecolombia.com\/ccc\/wp-json\/wp\/v2\/comments?post=3857"}],"version-history":[{"count":13,"href":"https:\/\/cccdecolombia.com\/ccc\/wp-json\/wp\/v2\/pages\/3857\/revisions"}],"predecessor-version":[{"id":3943,"href":"https:\/\/cccdecolombia.com\/ccc\/wp-json\/wp\/v2\/pages\/3857\/revisions\/3943"}],"wp:attachment":[{"href":"https:\/\/cccdecolombia.com\/ccc\/wp-json\/wp\/v2\/media?parent=3857"}],"curies":[{"name":"wp","href":"https:\/\/api.w.org\/{rel}","templated":true}]}}