{"id":796,"date":"2024-06-11T20:59:30","date_gmt":"2024-06-12T01:59:30","guid":{"rendered":"https:\/\/cccdecolombia.com\/ccc\/?page_id=796"},"modified":"2026-03-24T11:13:01","modified_gmt":"2026-03-24T16:13:01","slug":"mision-vision","status":"publish","type":"page","link":"https:\/\/cccdecolombia.com\/ccc\/mision-vision\/","title":{"rendered":"Misi\u00f3n\/Visi\u00f3n"},"content":{"rendered":"\t\t<div data-elementor-type=\"wp-page\" data-elementor-id=\"796\" class=\"elementor elementor-796\" data-elementor-post-type=\"page\">\n\t\t\t\t<div class=\"elementor-element elementor-element-601c3d0 e-flex e-con-boxed e-con e-parent\" data-id=\"601c3d0\" data-element_type=\"container\" data-e-type=\"container\">\n\t\t\t\t\t<div class=\"e-con-inner\">\n\t\t<div class=\"elementor-element elementor-element-a367c1b e-con-full e-flex e-con e-child\" data-id=\"a367c1b\" data-element_type=\"container\" data-e-type=\"container\">\n\t\t\t\t<\/div>\n\t\t<div class=\"elementor-element elementor-element-ebc3e45 e-con-full e-flex e-con e-child\" data-id=\"ebc3e45\" data-element_type=\"container\" data-e-type=\"container\">\n\t\t<div class=\"elementor-element elementor-element-cb65930 e-con-full e-flex e-con e-child\" data-id=\"cb65930\" data-element_type=\"container\" data-e-type=\"container\">\n\t\t\t\t<div class=\"elementor-element elementor-element-fab7e6e elementor-widget elementor-widget-image\" data-id=\"fab7e6e\" data-element_type=\"widget\" data-e-type=\"widget\" data-widget_type=\"image.default\">\n\t\t\t\t<div class=\"elementor-widget-container\">\n\t\t\t\t\t\t\t\t\t\t\t\t\t\t\t<img fetchpriority=\"high\" decoding=\"async\" width=\"965\" height=\"295\" src=\"https:\/\/cccdecolombia.com\/ccc\/wp-content\/uploads\/2024\/06\/MISION_VISION.jpg\" class=\"attachment-large size-large wp-image-453\" alt=\"\" srcset=\"https:\/\/cccdecolombia.com\/ccc\/wp-content\/uploads\/2024\/06\/MISION_VISION.jpg 965w, https:\/\/cccdecolombia.com\/ccc\/wp-content\/uploads\/2024\/06\/MISION_VISION-300x92.jpg 300w, https:\/\/cccdecolombia.com\/ccc\/wp-content\/uploads\/2024\/06\/MISION_VISION-768x235.jpg 768w\" sizes=\"(max-width: 965px) 100vw, 965px\" \/>\t\t\t\t\t\t\t\t\t\t\t\t\t\t\t<\/div>\n\t\t\t\t<\/div>\n\t\t\t\t<div class=\"elementor-element elementor-element-83004e4 elementor-widget elementor-widget-spacer\" data-id=\"83004e4\" data-element_type=\"widget\" data-e-type=\"widget\" data-widget_type=\"spacer.default\">\n\t\t\t\t<div class=\"elementor-widget-container\">\n\t\t\t\t\t\t\t<div class=\"elementor-spacer\">\n\t\t\t<div class=\"elementor-spacer-inner\"><\/div>\n\t\t<\/div>\n\t\t\t\t\t\t<\/div>\n\t\t\t\t<\/div>\n\t\t\t\t<div class=\"elementor-element elementor-element-10bd95a elementor-widget elementor-widget-heading\" data-id=\"10bd95a\" data-element_type=\"widget\" data-e-type=\"widget\" data-widget_type=\"heading.default\">\n\t\t\t\t<div class=\"elementor-widget-container\">\n\t\t\t\t\t<h3 class=\"elementor-heading-title elementor-size-default\">Misi\u00f3n <\/h3>\t\t\t\t<\/div>\n\t\t\t\t<\/div>\n\t\t\t\t<div class=\"elementor-element elementor-element-83d0cbd elementor-widget elementor-widget-text-editor\" data-id=\"83d0cbd\" data-element_type=\"widget\" data-e-type=\"widget\" data-widget_type=\"text-editor.default\">\n\t\t\t\t<div class=\"elementor-widget-container\">\n\t\t\t\t\t\t\t\t\t<p>Somos una organizaci\u00f3n privada, dedicada a la evaluaci\u00f3n de la conformidad en cumplimiento de los requisitos reglamentarios y aplicables a la inspecci\u00f3n y certificaci\u00f3n de producto, comprometidos con la\u00a0 imparcialidad, la demostraci\u00f3n de la competencia t\u00e9cnica y la mejora continua de todos nuestros servicios, en b\u00fasqueda de la satisfacci\u00f3n de nuestras partes interesadas, bas\u00e1ndonos en la innovaci\u00f3n como base para la mejora de nuestros procesos.<\/p><p>Descargar el Documento completo:\u00a0 \u00a0<a href=\"https:\/\/cccdecolombia.com\/ccc\/wp-content\/uploads\/2026\/03\/DE-GE-01__MISION_V2.pdf\" target=\"_blank\" rel=\"noopener\">DE-GE-01_MISION<\/a><\/p>\t\t\t\t\t\t\t\t<\/div>\n\t\t\t\t<\/div>\n\t\t\t\t<div class=\"elementor-element elementor-element-ea17430 elementor-widget elementor-widget-spacer\" data-id=\"ea17430\" data-element_type=\"widget\" data-e-type=\"widget\" data-widget_type=\"spacer.default\">\n\t\t\t\t<div class=\"elementor-widget-container\">\n\t\t\t\t\t\t\t<div class=\"elementor-spacer\">\n\t\t\t<div class=\"elementor-spacer-inner\"><\/div>\n\t\t<\/div>\n\t\t\t\t\t\t<\/div>\n\t\t\t\t<\/div>\n\t\t\t\t<div class=\"elementor-element elementor-element-333a096 elementor-widget elementor-widget-heading\" data-id=\"333a096\" data-element_type=\"widget\" data-e-type=\"widget\" data-widget_type=\"heading.default\">\n\t\t\t\t<div class=\"elementor-widget-container\">\n\t\t\t\t\t<h3 class=\"elementor-heading-title elementor-size-default\">Visi\u00f3n <\/h3>\t\t\t\t<\/div>\n\t\t\t\t<\/div>\n\t\t\t\t<div class=\"elementor-element elementor-element-1f604df elementor-widget elementor-widget-text-editor\" data-id=\"1f604df\" data-element_type=\"widget\" data-e-type=\"widget\" data-widget_type=\"text-editor.default\">\n\t\t\t\t<div class=\"elementor-widget-container\">\n\t\t\t\t\t\t\t\t\t<p>Para el a\u00f1o 2028, la organizaci\u00f3n se propone ser la opci\u00f3n n\u00famero uno preferida por nuestros clientes, reconocida por la diversidad de nuestro portafolio en los\u00a0 sectores productivos y de servicio, manteniendo nuestra competencia con formaci\u00f3n continua, y en la b\u00fasqueda constante del mejoramiento de los procesos, apoyado por la gesti\u00f3n de la innovaci\u00f3n y las soluciones eficientes.<\/p><p>Descargar el Documento completo: <a href=\"https:\/\/cccdecolombia.com\/ccc\/wp-content\/uploads\/2026\/03\/DE-GE-02__VISION_V2.pdf\" target=\"_blank\" rel=\"noopener\">DE-GE-02_VISION<\/a><\/p>\t\t\t\t\t\t\t\t<\/div>\n\t\t\t\t<\/div>\n\t\t\t\t<\/div>\n\t\t<div class=\"elementor-element elementor-element-9258736 e-con-full e-flex e-con e-child\" data-id=\"9258736\" data-element_type=\"container\" data-e-type=\"container\">\n\t\t\t\t<div class=\"elementor-element elementor-element-6f05f87 elementor-widget elementor-widget-image\" data-id=\"6f05f87\" data-element_type=\"widget\" data-e-type=\"widget\" data-widget_type=\"image.default\">\n\t\t\t\t<div class=\"elementor-widget-container\">\n\t\t\t\t\t\t\t\t\t\t\t\t\t\t\t\t<a href=\"\/ccc\/revista-certifica\/\" target=\"_blank\">\n\t\t\t\t\t\t\t<img decoding=\"async\" width=\"1024\" height=\"353\" src=\"https:\/\/cccdecolombia.com\/ccc\/wp-content\/uploads\/2025\/10\/ED4-Banner-Promo-Revista-Certifica-1024x353.jpg\" class=\"attachment-large size-large wp-image-3715\" alt=\"\" srcset=\"https:\/\/cccdecolombia.com\/ccc\/wp-content\/uploads\/2025\/10\/ED4-Banner-Promo-Revista-Certifica-1024x353.jpg 1024w, https:\/\/cccdecolombia.com\/ccc\/wp-content\/uploads\/2025\/10\/ED4-Banner-Promo-Revista-Certifica-300x103.jpg 300w, https:\/\/cccdecolombia.com\/ccc\/wp-content\/uploads\/2025\/10\/ED4-Banner-Promo-Revista-Certifica-768x264.jpg 768w, https:\/\/cccdecolombia.com\/ccc\/wp-content\/uploads\/2025\/10\/ED4-Banner-Promo-Revista-Certifica-1536x529.jpg 1536w, https:\/\/cccdecolombia.com\/ccc\/wp-content\/uploads\/2025\/10\/ED4-Banner-Promo-Revista-Certifica.jpg 1589w\" sizes=\"(max-width: 1024px) 100vw, 1024px\" \/>\t\t\t\t\t\t\t\t<\/a>\n\t\t\t\t\t\t\t\t\t\t\t\t\t\t\t<\/div>\n\t\t\t\t<\/div>\n\t\t\t\t<div class=\"elementor-element elementor-element-be4e7bf elementor-widget elementor-widget-heading\" data-id=\"be4e7bf\" data-element_type=\"widget\" data-e-type=\"widget\" data-widget_type=\"heading.default\">\n\t\t\t\t<div class=\"elementor-widget-container\">\n\t\t\t\t\t<h3 class=\"elementor-heading-title elementor-size-default\"><span style=\"color: #C1272D;font-weight: bolder;margin-right: 5px\">|<\/span>De inter\u00e9s general<\/h3>\t\t\t\t<\/div>\n\t\t\t\t<\/div>\n\t\t\t\t<div class=\"elementor-element elementor-element-73016d1 elementor-widget elementor-widget-text-editor\" data-id=\"73016d1\" data-element_type=\"widget\" data-e-type=\"widget\" data-widget_type=\"text-editor.default\">\n\t\t\t\t<div class=\"elementor-widget-container\">\n\t\t\t\t\t\t\t\t\t<p style=\"color: #262161;\"><b>Consulte aqu\u00ed los comunicados de inter\u00e9s para tu negocio:<\/b><\/p><ul style=\"line-height: 28px;\"><li><a style=\"color: #000;\" href=\"https:\/\/cccdecolombia.com\/ccc\/wp-content\/uploads\/2024\/06\/REGLAS-DEL-SERVICIO-INSPECCIONES-EDS.pdf\" target=\"_blank\" rel=\"noopener\" download=\"\">Reglas del servicio de inspecci\u00f3n.<\/a><\/li><li><a style=\"color: #000;\" href=\"https:\/\/cccdecolombia.com\/ccc\/wp-content\/uploads\/2024\/06\/Reglas-del-servicio-de-inspeccion.pdf\" target=\"_blank\" rel=\"noopener\" download=\"\">Reglas para el servicio de inspecciones de Estaciones de Servicio Automotriz, Fluvial, GNCV, GCS, PDA, GLP.<\/a><\/li><li><a style=\"color: #000;\" href=\"https:\/\/cccdecolombia.com\/ccc\/wp-content\/uploads\/2024\/06\/Procedimiento-de-quejas-y-apelaciones.pdf\" target=\"_blank\" rel=\"noopener\" download=\"\">Procedimiento de quejas y apelaciones.<\/a><\/li><\/ul>\t\t\t\t\t\t\t\t<\/div>\n\t\t\t\t<\/div>\n\t\t\t\t<\/div>\n\t\t\t\t<\/div>\n\t\t<div class=\"elementor-element elementor-element-6adab26 e-con-full e-flex e-con e-child\" data-id=\"6adab26\" data-element_type=\"container\" data-e-type=\"container\">\n\t\t\t\t<\/div>\n\t\t\t\t\t<\/div>\n\t\t\t\t<\/div>\n\t\t\t\t<\/div>\n\t\t","protected":false},"excerpt":{"rendered":"<p>Misi\u00f3n Somos una organizaci\u00f3n privada, dedicada a la evaluaci\u00f3n de la conformidad en cumplimiento de los requisitos reglamentarios y aplicables a la inspecci\u00f3n y certificaci\u00f3n de producto, comprometidos con la\u00a0 imparcialidad, la demostraci\u00f3n de la competencia t\u00e9cnica y la mejora continua de todos nuestros servicios, en b\u00fasqueda de la satisfacci\u00f3n de nuestras partes interesadas, bas\u00e1ndonos [&hellip;]<\/p>\n","protected":false},"author":2,"featured_media":0,"parent":0,"menu_order":0,"comment_status":"closed","ping_status":"closed","template":"","meta":{"_monsterinsights_skip_tracking":false,"_monsterinsights_sitenote_active":false,"_monsterinsights_sitenote_note":"","_monsterinsights_sitenote_category":0,"_uf_show_specific_survey":0,"_uf_disable_surveys":false,"_joinchat":[],"footnotes":""},"class_list":["post-796","page","type-page","status-publish","hentry"],"aioseo_notices":[],"_links":{"self":[{"href":"https:\/\/cccdecolombia.com\/ccc\/wp-json\/wp\/v2\/pages\/796","targetHints":{"allow":["GET"]}}],"collection":[{"href":"https:\/\/cccdecolombia.com\/ccc\/wp-json\/wp\/v2\/pages"}],"about":[{"href":"https:\/\/cccdecolombia.com\/ccc\/wp-json\/wp\/v2\/types\/page"}],"author":[{"embeddable":true,"href":"https:\/\/cccdecolombia.com\/ccc\/wp-json\/wp\/v2\/users\/2"}],"replies":[{"embeddable":true,"href":"https:\/\/cccdecolombia.com\/ccc\/wp-json\/wp\/v2\/comments?post=796"}],"version-history":[{"count":41,"href":"https:\/\/cccdecolombia.com\/ccc\/wp-json\/wp\/v2\/pages\/796\/revisions"}],"predecessor-version":[{"id":4135,"href":"https:\/\/cccdecolombia.com\/ccc\/wp-json\/wp\/v2\/pages\/796\/revisions\/4135"}],"wp:attachment":[{"href":"https:\/\/cccdecolombia.com\/ccc\/wp-json\/wp\/v2\/media?parent=796"}],"curies":[{"name":"wp","href":"https:\/\/api.w.org\/{rel}","templated":true}]}}