{"id":802,"date":"2024-06-11T21:00:02","date_gmt":"2024-06-12T02:00:02","guid":{"rendered":"https:\/\/cccdecolombia.com\/ccc\/?page_id=802"},"modified":"2025-11-02T19:53:49","modified_gmt":"2025-11-03T00:53:49","slug":"equipo-de-trabajo","status":"publish","type":"page","link":"https:\/\/cccdecolombia.com\/ccc\/equipo-de-trabajo\/","title":{"rendered":"Equipo de Trabajo"},"content":{"rendered":"\t\t<div data-elementor-type=\"wp-page\" data-elementor-id=\"802\" class=\"elementor elementor-802\" data-elementor-post-type=\"page\">\n\t\t\t\t<div class=\"elementor-element elementor-element-1713eb7 e-flex e-con-boxed e-con e-parent\" data-id=\"1713eb7\" data-element_type=\"container\" data-e-type=\"container\">\n\t\t\t\t\t<div class=\"e-con-inner\">\n\t\t<div class=\"elementor-element elementor-element-ba06487 e-con-full e-flex e-con e-child\" data-id=\"ba06487\" data-element_type=\"container\" data-e-type=\"container\">\n\t\t\t\t<\/div>\n\t\t<div class=\"elementor-element elementor-element-9813626 e-con-full e-flex e-con e-child\" data-id=\"9813626\" data-element_type=\"container\" data-e-type=\"container\">\n\t\t<div class=\"elementor-element elementor-element-65479e8 e-con-full e-flex e-con e-child\" data-id=\"65479e8\" data-element_type=\"container\" data-e-type=\"container\">\n\t\t\t\t<div class=\"elementor-element elementor-element-3854bc4 elementor-widget elementor-widget-image\" data-id=\"3854bc4\" data-element_type=\"widget\" data-e-type=\"widget\" data-widget_type=\"image.default\">\n\t\t\t\t<div class=\"elementor-widget-container\">\n\t\t\t\t\t\t\t\t\t\t\t\t\t\t\t<img fetchpriority=\"high\" decoding=\"async\" width=\"965\" height=\"295\" src=\"https:\/\/cccdecolombia.com\/ccc\/wp-content\/uploads\/2024\/07\/EQUIPO-DE-TRABAJO.jpg\" class=\"attachment-large size-large wp-image-2013\" alt=\"\" srcset=\"https:\/\/cccdecolombia.com\/ccc\/wp-content\/uploads\/2024\/07\/EQUIPO-DE-TRABAJO.jpg 965w, https:\/\/cccdecolombia.com\/ccc\/wp-content\/uploads\/2024\/07\/EQUIPO-DE-TRABAJO-300x92.jpg 300w, https:\/\/cccdecolombia.com\/ccc\/wp-content\/uploads\/2024\/07\/EQUIPO-DE-TRABAJO-768x235.jpg 768w\" sizes=\"(max-width: 965px) 100vw, 965px\" \/>\t\t\t\t\t\t\t\t\t\t\t\t\t\t\t<\/div>\n\t\t\t\t<\/div>\n\t\t\t\t<div class=\"elementor-element elementor-element-f2501ac elementor-widget elementor-widget-text-editor\" data-id=\"f2501ac\" data-element_type=\"widget\" data-e-type=\"widget\" data-widget_type=\"text-editor.default\">\n\t\t\t\t<div class=\"elementor-widget-container\">\n\t\t\t\t\t\t\t\t\t<p>Contamos con el mejor equipo de expertos en cada \u00e1rea para ofrecer soluciones integrales a tus necesidades y somos tu mejor aliado en los procesos de inspecci\u00f3n y certificaci\u00f3n de tus instalaciones o productos.<\/p><p>Brindamos toda nuestra experiencia, innovaci\u00f3n y tecnolog\u00eda en los procesos de inspecci\u00f3n y certificaci\u00f3n; y estamos acreditados para ofrecer estos servicios para los sectores de hidrocarburos y transporte.<\/p><p>En CCC estamos comprometidos a trabajar en conjunto con nuestros clientes, demostrando que somos sus mejores aliados en certificaci\u00f3n. \u00a1Estamos aqu\u00ed para servirte y apoyar el crecimiento de tu empresa!<\/p>\t\t\t\t\t\t\t\t<\/div>\n\t\t\t\t<\/div>\n\t\t\t\t<\/div>\n\t\t<div class=\"elementor-element elementor-element-575e820 e-con-full e-flex e-con e-child\" data-id=\"575e820\" data-element_type=\"container\" data-e-type=\"container\">\n\t\t\t\t<div class=\"elementor-element elementor-element-093c65f elementor-widget elementor-widget-image\" data-id=\"093c65f\" data-element_type=\"widget\" data-e-type=\"widget\" data-widget_type=\"image.default\">\n\t\t\t\t<div class=\"elementor-widget-container\">\n\t\t\t\t\t\t\t\t\t\t\t\t\t\t\t\t<a href=\"\/ccc\/revista-certifica\/\" target=\"_blank\">\n\t\t\t\t\t\t\t<img decoding=\"async\" width=\"1024\" height=\"353\" src=\"https:\/\/cccdecolombia.com\/ccc\/wp-content\/uploads\/2025\/10\/ED4-Banner-Promo-Revista-Certifica-1024x353.jpg\" class=\"attachment-large size-large wp-image-3715\" alt=\"\" srcset=\"https:\/\/cccdecolombia.com\/ccc\/wp-content\/uploads\/2025\/10\/ED4-Banner-Promo-Revista-Certifica-1024x353.jpg 1024w, https:\/\/cccdecolombia.com\/ccc\/wp-content\/uploads\/2025\/10\/ED4-Banner-Promo-Revista-Certifica-300x103.jpg 300w, https:\/\/cccdecolombia.com\/ccc\/wp-content\/uploads\/2025\/10\/ED4-Banner-Promo-Revista-Certifica-768x264.jpg 768w, https:\/\/cccdecolombia.com\/ccc\/wp-content\/uploads\/2025\/10\/ED4-Banner-Promo-Revista-Certifica-1536x529.jpg 1536w, https:\/\/cccdecolombia.com\/ccc\/wp-content\/uploads\/2025\/10\/ED4-Banner-Promo-Revista-Certifica.jpg 1589w\" sizes=\"(max-width: 1024px) 100vw, 1024px\" \/>\t\t\t\t\t\t\t\t<\/a>\n\t\t\t\t\t\t\t\t\t\t\t\t\t\t\t<\/div>\n\t\t\t\t<\/div>\n\t\t\t\t<div class=\"elementor-element elementor-element-b515403 elementor-widget elementor-widget-heading\" data-id=\"b515403\" data-element_type=\"widget\" data-e-type=\"widget\" data-widget_type=\"heading.default\">\n\t\t\t\t<div class=\"elementor-widget-container\">\n\t\t\t\t\t<h3 class=\"elementor-heading-title elementor-size-default\"><span style=\"color: #C1272D;font-weight: bolder;margin-right: 5px\">|<\/span>De inter\u00e9s general<\/h3>\t\t\t\t<\/div>\n\t\t\t\t<\/div>\n\t\t\t\t<div class=\"elementor-element elementor-element-e4a90bc elementor-widget elementor-widget-text-editor\" data-id=\"e4a90bc\" data-element_type=\"widget\" data-e-type=\"widget\" data-widget_type=\"text-editor.default\">\n\t\t\t\t<div class=\"elementor-widget-container\">\n\t\t\t\t\t\t\t\t\t<p style=\"color: #262161;\"><b>Consulte aqu\u00ed los comunicados de inter\u00e9s para tu negocio:<\/b><\/p><ul style=\"line-height: 28px;\"><li><a style=\"color: #000;\" href=\"https:\/\/cccdecolombia.com\/ccc\/wp-content\/uploads\/2024\/06\/REGLAS-DEL-SERVICIO-INSPECCIONES-EDS.pdf\" target=\"_blank\" rel=\"noopener\" download=\"\">Reglas del servicio de inspecci\u00f3n.<\/a><\/li><li><a style=\"color: #000;\" href=\"https:\/\/cccdecolombia.com\/ccc\/wp-content\/uploads\/2024\/06\/Reglas-del-servicio-de-inspeccion.pdf\" target=\"_blank\" rel=\"noopener\" download=\"\">Reglas para el servicio de inspecciones de Estaciones de Servicio Automotriz, Fluvial, GNCV, GCS, PDA, GLP.<\/a><\/li><li><a style=\"color: #000;\" href=\"https:\/\/cccdecolombia.com\/ccc\/wp-content\/uploads\/2024\/06\/Procedimiento-de-quejas-y-apelaciones.pdf\" target=\"_blank\" rel=\"noopener\" download=\"\">Procedimiento de quejas y apelaciones.<\/a><\/li><\/ul>\t\t\t\t\t\t\t\t<\/div>\n\t\t\t\t<\/div>\n\t\t\t\t<\/div>\n\t\t\t\t<\/div>\n\t\t<div class=\"elementor-element elementor-element-49bc403 e-con-full e-flex e-con e-child\" data-id=\"49bc403\" data-element_type=\"container\" data-e-type=\"container\">\n\t\t\t\t<\/div>\n\t\t\t\t\t<\/div>\n\t\t\t\t<\/div>\n\t\t\t\t<\/div>\n\t\t","protected":false},"excerpt":{"rendered":"<p>Contamos con el mejor equipo de expertos en cada \u00e1rea para ofrecer soluciones integrales a tus necesidades y somos tu mejor aliado en los procesos de inspecci\u00f3n y certificaci\u00f3n de tus instalaciones o productos. Brindamos toda nuestra experiencia, innovaci\u00f3n y tecnolog\u00eda en los procesos de inspecci\u00f3n y certificaci\u00f3n; y estamos acreditados para ofrecer estos servicios [&hellip;]<\/p>\n","protected":false},"author":2,"featured_media":0,"parent":0,"menu_order":0,"comment_status":"closed","ping_status":"closed","template":"","meta":{"_monsterinsights_skip_tracking":false,"_monsterinsights_sitenote_active":false,"_monsterinsights_sitenote_note":"","_monsterinsights_sitenote_category":0,"_uf_show_specific_survey":0,"_uf_disable_surveys":false,"_joinchat":[],"footnotes":""},"class_list":["post-802","page","type-page","status-publish","hentry"],"aioseo_notices":[],"_links":{"self":[{"href":"https:\/\/cccdecolombia.com\/ccc\/wp-json\/wp\/v2\/pages\/802","targetHints":{"allow":["GET"]}}],"collection":[{"href":"https:\/\/cccdecolombia.com\/ccc\/wp-json\/wp\/v2\/pages"}],"about":[{"href":"https:\/\/cccdecolombia.com\/ccc\/wp-json\/wp\/v2\/types\/page"}],"author":[{"embeddable":true,"href":"https:\/\/cccdecolombia.com\/ccc\/wp-json\/wp\/v2\/users\/2"}],"replies":[{"embeddable":true,"href":"https:\/\/cccdecolombia.com\/ccc\/wp-json\/wp\/v2\/comments?post=802"}],"version-history":[{"count":29,"href":"https:\/\/cccdecolombia.com\/ccc\/wp-json\/wp\/v2\/pages\/802\/revisions"}],"predecessor-version":[{"id":3908,"href":"https:\/\/cccdecolombia.com\/ccc\/wp-json\/wp\/v2\/pages\/802\/revisions\/3908"}],"wp:attachment":[{"href":"https:\/\/cccdecolombia.com\/ccc\/wp-json\/wp\/v2\/media?parent=802"}],"curies":[{"name":"wp","href":"https:\/\/api.w.org\/{rel}","templated":true}]}}