{"id":812,"date":"2024-06-11T21:07:59","date_gmt":"2024-06-12T02:07:59","guid":{"rendered":"https:\/\/cccdecolombia.com\/ccc\/?page_id=812"},"modified":"2025-11-02T19:56:50","modified_gmt":"2025-11-03T00:56:50","slug":"eds-grandes-consumidores-plantas-de-abastecimiento","status":"publish","type":"page","link":"https:\/\/cccdecolombia.com\/ccc\/eds-grandes-consumidores-plantas-de-abastecimiento\/","title":{"rendered":"EDS, Grandes Consumidores y Plantas de Abastecimiento"},"content":{"rendered":"\t\t<div data-elementor-type=\"wp-page\" data-elementor-id=\"812\" class=\"elementor elementor-812\" data-elementor-post-type=\"page\">\n\t\t\t\t<div class=\"elementor-element elementor-element-291b2e1 e-flex e-con-boxed e-con e-parent\" data-id=\"291b2e1\" data-element_type=\"container\" data-e-type=\"container\">\n\t\t\t\t\t<div class=\"e-con-inner\">\n\t\t<div class=\"elementor-element elementor-element-8141b90 e-con-full e-flex e-con e-child\" data-id=\"8141b90\" data-element_type=\"container\" data-e-type=\"container\">\n\t\t\t\t<\/div>\n\t\t<div class=\"elementor-element elementor-element-3c503b2 e-con-full e-flex e-con e-child\" data-id=\"3c503b2\" data-element_type=\"container\" data-e-type=\"container\">\n\t\t<div class=\"elementor-element elementor-element-82f8d8f e-con-full e-flex e-con e-child\" data-id=\"82f8d8f\" data-element_type=\"container\" data-e-type=\"container\">\n\t\t\t\t<div class=\"elementor-element elementor-element-7d434a9 elementor-widget elementor-widget-image\" data-id=\"7d434a9\" data-element_type=\"widget\" data-e-type=\"widget\" data-widget_type=\"image.default\">\n\t\t\t\t<div class=\"elementor-widget-container\">\n\t\t\t\t\t\t\t\t\t\t\t\t\t\t\t<img fetchpriority=\"high\" decoding=\"async\" width=\"965\" height=\"295\" src=\"https:\/\/cccdecolombia.com\/ccc\/wp-content\/uploads\/2024\/07\/EDS_GRANDES-CONSUMIDORES.jpg\" class=\"attachment-large size-large wp-image-1655\" alt=\"\" srcset=\"https:\/\/cccdecolombia.com\/ccc\/wp-content\/uploads\/2024\/07\/EDS_GRANDES-CONSUMIDORES.jpg 965w, https:\/\/cccdecolombia.com\/ccc\/wp-content\/uploads\/2024\/07\/EDS_GRANDES-CONSUMIDORES-300x92.jpg 300w, https:\/\/cccdecolombia.com\/ccc\/wp-content\/uploads\/2024\/07\/EDS_GRANDES-CONSUMIDORES-768x235.jpg 768w\" sizes=\"(max-width: 965px) 100vw, 965px\" \/>\t\t\t\t\t\t\t\t\t\t\t\t\t\t\t<\/div>\n\t\t\t\t<\/div>\n\t\t\t\t<div class=\"elementor-element elementor-element-aab6fc3 elementor-widget elementor-widget-text-editor\" data-id=\"aab6fc3\" data-element_type=\"widget\" data-e-type=\"widget\" data-widget_type=\"text-editor.default\">\n\t\t\t\t<div class=\"elementor-widget-container\">\n\t\t\t\t\t\t\t\t\t<p style=\"font-weight: 500;\">Ofrecemos el certificado de inspecci\u00f3n para que tu Estaci\u00f3n de Servicio Automotriz y Fluvial pueda operar cumpliendo los requerimientos del Nuevo Reglamento T\u00e9cnico (Resoluci\u00f3n 40198).<\/p>\n\n<p style=\"font-weight: 500;\">Las Estaciones de Servicio son el coraz\u00f3n de la distribuci\u00f3n de combustibles y garantizar su operaci\u00f3n segura y eficiente a trav\u00e9s del cumplimiento del Nuevo Reglamento T\u00e9cnico hace parte de nuestra misi\u00f3n.<\/p>\n\n<p style=\"font-weight: 500;\">Somos el \u00fanico organismo acreditado para certificar las diferentes instalaciones que suministren y almacenen toda clase de combustibles derivados del petr\u00f3leo. Brindamos una inspecci\u00f3n integral, el cumplimiento normativo, un reporte detallado; adem\u00e1s de una experiencia excepcional para nuestros clientes.<\/p>\n<br>\t\t\t\t\t\t\t\t<\/div>\n\t\t\t\t<\/div>\n\t\t\t\t<div class=\"elementor-element elementor-element-0f79bc0 elementor-widget elementor-widget-button\" data-id=\"0f79bc0\" data-element_type=\"widget\" data-e-type=\"widget\" data-widget_type=\"button.default\">\n\t\t\t\t<div class=\"elementor-widget-container\">\n\t\t\t\t\t\t\t\t\t<div class=\"elementor-button-wrapper\">\n\t\t\t\t\t<a class=\"elementor-button elementor-button-link elementor-size-sm\" href=\"https:\/\/forms.gle\/WuKC41UHHrAZmeG9A\" target=\"_blank\" rel=\"nofollow\">\n\t\t\t\t\t\t<span class=\"elementor-button-content-wrapper\">\n\t\t\t\t\t\t\t\t\t<span class=\"elementor-button-text\">Solicita aqu\u00ed nuestros servicios<\/span>\n\t\t\t\t\t<\/span>\n\t\t\t\t\t<\/a>\n\t\t\t\t<\/div>\n\t\t\t\t\t\t\t\t<\/div>\n\t\t\t\t<\/div>\n\t\t\t\t<\/div>\n\t\t<div class=\"elementor-element elementor-element-9c0e80b e-con-full e-flex e-con e-child\" data-id=\"9c0e80b\" data-element_type=\"container\" data-e-type=\"container\">\n\t\t\t\t<div class=\"elementor-element elementor-element-a7a5506 elementor-widget elementor-widget-image\" data-id=\"a7a5506\" data-element_type=\"widget\" data-e-type=\"widget\" data-widget_type=\"image.default\">\n\t\t\t\t<div class=\"elementor-widget-container\">\n\t\t\t\t\t\t\t\t\t\t\t\t\t\t\t\t<a href=\"\/ccc\/revista-certifica\/\" target=\"_blank\">\n\t\t\t\t\t\t\t<img decoding=\"async\" width=\"1024\" height=\"353\" src=\"https:\/\/cccdecolombia.com\/ccc\/wp-content\/uploads\/2025\/10\/ED4-Banner-Promo-Revista-Certifica-1024x353.jpg\" class=\"attachment-large size-large wp-image-3715\" alt=\"\" srcset=\"https:\/\/cccdecolombia.com\/ccc\/wp-content\/uploads\/2025\/10\/ED4-Banner-Promo-Revista-Certifica-1024x353.jpg 1024w, https:\/\/cccdecolombia.com\/ccc\/wp-content\/uploads\/2025\/10\/ED4-Banner-Promo-Revista-Certifica-300x103.jpg 300w, https:\/\/cccdecolombia.com\/ccc\/wp-content\/uploads\/2025\/10\/ED4-Banner-Promo-Revista-Certifica-768x264.jpg 768w, https:\/\/cccdecolombia.com\/ccc\/wp-content\/uploads\/2025\/10\/ED4-Banner-Promo-Revista-Certifica-1536x529.jpg 1536w, https:\/\/cccdecolombia.com\/ccc\/wp-content\/uploads\/2025\/10\/ED4-Banner-Promo-Revista-Certifica.jpg 1589w\" sizes=\"(max-width: 1024px) 100vw, 1024px\" \/>\t\t\t\t\t\t\t\t<\/a>\n\t\t\t\t\t\t\t\t\t\t\t\t\t\t\t<\/div>\n\t\t\t\t<\/div>\n\t\t\t\t<div class=\"elementor-element elementor-element-c3ed5d0 elementor-widget elementor-widget-heading\" data-id=\"c3ed5d0\" data-element_type=\"widget\" data-e-type=\"widget\" data-widget_type=\"heading.default\">\n\t\t\t\t<div class=\"elementor-widget-container\">\n\t\t\t\t\t<h3 class=\"elementor-heading-title elementor-size-default\"><span style=\"color: #C1272D;font-weight: bolder;margin-right: 5px\">|<\/span>De inter\u00e9s general<\/h3>\t\t\t\t<\/div>\n\t\t\t\t<\/div>\n\t\t\t\t<div class=\"elementor-element elementor-element-507ae6c elementor-widget elementor-widget-text-editor\" data-id=\"507ae6c\" data-element_type=\"widget\" data-e-type=\"widget\" data-widget_type=\"text-editor.default\">\n\t\t\t\t<div class=\"elementor-widget-container\">\n\t\t\t\t\t\t\t\t\t<p style=\"color: #262161;\"><b>Consulte aqu\u00ed los comunicados de inter\u00e9s para tu negocio:<\/b><\/p><ul style=\"line-height: 28px;\"><li><a style=\"color: #000;\" href=\"https:\/\/cccdecolombia.com\/ccc\/wp-content\/uploads\/2024\/06\/REGLAS-DEL-SERVICIO-INSPECCIONES-EDS.pdf\" target=\"_blank\" rel=\"noopener\" download=\"\">Reglas del servicio de inspecci\u00f3n.<\/a><\/li><li><a style=\"color: #000;\" href=\"https:\/\/cccdecolombia.com\/ccc\/wp-content\/uploads\/2024\/06\/Reglas-del-servicio-de-inspeccion.pdf\" target=\"_blank\" rel=\"noopener\" download=\"\">Reglas para el servicio de inspecciones de Estaciones de Servicio Automotriz, Fluvial, GNCV, GCS, PDA, GLP.<\/a><\/li><li><a style=\"color: #000;\" href=\"https:\/\/cccdecolombia.com\/ccc\/wp-content\/uploads\/2024\/06\/Procedimiento-de-quejas-y-apelaciones.pdf\" target=\"_blank\" rel=\"noopener\" download=\"\">Procedimiento de quejas y apelaciones.<\/a><\/li><\/ul>\t\t\t\t\t\t\t\t<\/div>\n\t\t\t\t<\/div>\n\t\t\t\t<\/div>\n\t\t\t\t<\/div>\n\t\t<div class=\"elementor-element elementor-element-deb100c e-con-full e-flex e-con e-child\" data-id=\"deb100c\" data-element_type=\"container\" data-e-type=\"container\">\n\t\t\t\t<\/div>\n\t\t\t\t\t<\/div>\n\t\t\t\t<\/div>\n\t\t\t\t<\/div>\n\t\t","protected":false},"excerpt":{"rendered":"<p>Ofrecemos el certificado de inspecci\u00f3n para que tu Estaci\u00f3n de Servicio Automotriz y Fluvial pueda operar cumpliendo los requerimientos del Nuevo Reglamento T\u00e9cnico (Resoluci\u00f3n 40198). Las Estaciones de Servicio son el coraz\u00f3n de la distribuci\u00f3n de combustibles y garantizar su operaci\u00f3n segura y eficiente a trav\u00e9s del cumplimiento del Nuevo Reglamento T\u00e9cnico hace parte de [&hellip;]<\/p>\n","protected":false},"author":2,"featured_media":0,"parent":0,"menu_order":0,"comment_status":"closed","ping_status":"closed","template":"","meta":{"_monsterinsights_skip_tracking":false,"_monsterinsights_sitenote_active":false,"_monsterinsights_sitenote_note":"","_monsterinsights_sitenote_category":0,"_uf_show_specific_survey":0,"_uf_disable_surveys":false,"_joinchat":[],"footnotes":""},"class_list":["post-812","page","type-page","status-publish","hentry"],"aioseo_notices":[],"_links":{"self":[{"href":"https:\/\/cccdecolombia.com\/ccc\/wp-json\/wp\/v2\/pages\/812","targetHints":{"allow":["GET"]}}],"collection":[{"href":"https:\/\/cccdecolombia.com\/ccc\/wp-json\/wp\/v2\/pages"}],"about":[{"href":"https:\/\/cccdecolombia.com\/ccc\/wp-json\/wp\/v2\/types\/page"}],"author":[{"embeddable":true,"href":"https:\/\/cccdecolombia.com\/ccc\/wp-json\/wp\/v2\/users\/2"}],"replies":[{"embeddable":true,"href":"https:\/\/cccdecolombia.com\/ccc\/wp-json\/wp\/v2\/comments?post=812"}],"version-history":[{"count":50,"href":"https:\/\/cccdecolombia.com\/ccc\/wp-json\/wp\/v2\/pages\/812\/revisions"}],"predecessor-version":[{"id":3923,"href":"https:\/\/cccdecolombia.com\/ccc\/wp-json\/wp\/v2\/pages\/812\/revisions\/3923"}],"wp:attachment":[{"href":"https:\/\/cccdecolombia.com\/ccc\/wp-json\/wp\/v2\/media?parent=812"}],"curies":[{"name":"wp","href":"https:\/\/api.w.org\/{rel}","templated":true}]}}