{"id":816,"date":"2024-06-11T21:08:25","date_gmt":"2024-06-12T02:08:25","guid":{"rendered":"https:\/\/cccdecolombia.com\/ccc\/?page_id=816"},"modified":"2025-11-02T19:56:38","modified_gmt":"2025-11-03T00:56:38","slug":"redes-industriales-gas-combustible-tanques-glp","status":"publish","type":"page","link":"https:\/\/cccdecolombia.com\/ccc\/redes-industriales-gas-combustible-tanques-glp\/","title":{"rendered":"Redes Industriales de Gas Combustible y Tanques de GLP"},"content":{"rendered":"\t\t<div data-elementor-type=\"wp-page\" data-elementor-id=\"816\" class=\"elementor elementor-816\" data-elementor-post-type=\"page\">\n\t\t\t\t<div class=\"elementor-element elementor-element-d26dabb e-flex e-con-boxed e-con e-parent\" data-id=\"d26dabb\" data-element_type=\"container\" data-e-type=\"container\">\n\t\t\t\t\t<div class=\"e-con-inner\">\n\t\t<div class=\"elementor-element elementor-element-41d0030 e-con-full e-flex e-con e-child\" data-id=\"41d0030\" data-element_type=\"container\" data-e-type=\"container\">\n\t\t\t\t<\/div>\n\t\t<div class=\"elementor-element elementor-element-1defcf1 e-con-full e-flex e-con e-child\" data-id=\"1defcf1\" data-element_type=\"container\" data-e-type=\"container\">\n\t\t<div class=\"elementor-element elementor-element-2fb218e e-con-full e-flex e-con e-child\" data-id=\"2fb218e\" data-element_type=\"container\" data-e-type=\"container\">\n\t\t\t\t<div class=\"elementor-element elementor-element-cf8ce51 elementor-widget elementor-widget-image\" data-id=\"cf8ce51\" data-element_type=\"widget\" data-e-type=\"widget\" data-widget_type=\"image.default\">\n\t\t\t\t<div class=\"elementor-widget-container\">\n\t\t\t\t\t\t\t\t\t\t\t\t\t\t\t<img fetchpriority=\"high\" decoding=\"async\" width=\"965\" height=\"295\" src=\"https:\/\/cccdecolombia.com\/ccc\/wp-content\/uploads\/2024\/07\/REDES-INDUSTRIALES-DE-GAS.jpg\" class=\"attachment-large size-large wp-image-1669\" alt=\"\" srcset=\"https:\/\/cccdecolombia.com\/ccc\/wp-content\/uploads\/2024\/07\/REDES-INDUSTRIALES-DE-GAS.jpg 965w, https:\/\/cccdecolombia.com\/ccc\/wp-content\/uploads\/2024\/07\/REDES-INDUSTRIALES-DE-GAS-300x92.jpg 300w, https:\/\/cccdecolombia.com\/ccc\/wp-content\/uploads\/2024\/07\/REDES-INDUSTRIALES-DE-GAS-768x235.jpg 768w\" sizes=\"(max-width: 965px) 100vw, 965px\" \/>\t\t\t\t\t\t\t\t\t\t\t\t\t\t\t<\/div>\n\t\t\t\t<\/div>\n\t\t\t\t<div class=\"elementor-element elementor-element-001ff78 elementor-widget elementor-widget-text-editor\" data-id=\"001ff78\" data-element_type=\"widget\" data-e-type=\"widget\" data-widget_type=\"text-editor.default\">\n\t\t\t\t<div class=\"elementor-widget-container\">\n\t\t\t\t\t\t\t\t\t<p style=\"font-weight: 500;\">Realizamos la revisi\u00f3n peri\u00f3dica a instalaciones de suministro de Gas Natural y GLP en la industria; y la inspecci\u00f3n a redes de suministro de Gas Natural y GLP para uso vehicular, domiciliario, comercial e industrial. Tambi\u00e9n realizamos revisi\u00f3n e inspecci\u00f3n de tanques estacionarios de GLP.<\/p>\n\n<p style=\"font-weight: 500;\">Te ayudamos a cumplir con todas las regulaciones t\u00e9cnicas y de seguridad, garantizando que tus instalaciones est\u00e9n en total conformidad con las normativas m\u00e1s recientes.<\/p>\n\n<p style=\"font-weight: 500;\">Adem\u00e1s de la certificaci\u00f3n, ofrecemos soporte constante para mantener altos est\u00e1ndares de seguridad y eficiencia en tus operaciones.<\/p>\t\t\t\t\t\t\t\t<\/div>\n\t\t\t\t<\/div>\n\t\t\t\t<div class=\"elementor-element elementor-element-a2fe58d elementor-widget elementor-widget-button\" data-id=\"a2fe58d\" data-element_type=\"widget\" data-e-type=\"widget\" data-widget_type=\"button.default\">\n\t\t\t\t<div class=\"elementor-widget-container\">\n\t\t\t\t\t\t\t\t\t<div class=\"elementor-button-wrapper\">\n\t\t\t\t\t<a class=\"elementor-button elementor-button-link elementor-size-sm\" href=\"https:\/\/forms.gle\/WuKC41UHHrAZmeG9A\" target=\"_blank\" rel=\"nofollow\">\n\t\t\t\t\t\t<span class=\"elementor-button-content-wrapper\">\n\t\t\t\t\t\t\t\t\t<span class=\"elementor-button-text\">Solicita aqu\u00ed nuestros servicios<\/span>\n\t\t\t\t\t<\/span>\n\t\t\t\t\t<\/a>\n\t\t\t\t<\/div>\n\t\t\t\t\t\t\t\t<\/div>\n\t\t\t\t<\/div>\n\t\t\t\t<\/div>\n\t\t<div class=\"elementor-element elementor-element-47f36ee e-con-full e-flex e-con e-child\" data-id=\"47f36ee\" data-element_type=\"container\" data-e-type=\"container\">\n\t\t\t\t<div class=\"elementor-element elementor-element-3f015be elementor-widget elementor-widget-image\" data-id=\"3f015be\" data-element_type=\"widget\" data-e-type=\"widget\" data-widget_type=\"image.default\">\n\t\t\t\t<div class=\"elementor-widget-container\">\n\t\t\t\t\t\t\t\t\t\t\t\t\t\t\t\t<a href=\"\/ccc\/revista-certifica\/\" target=\"_blank\">\n\t\t\t\t\t\t\t<img decoding=\"async\" width=\"1024\" height=\"353\" src=\"https:\/\/cccdecolombia.com\/ccc\/wp-content\/uploads\/2025\/10\/ED4-Banner-Promo-Revista-Certifica-1024x353.jpg\" class=\"attachment-large size-large wp-image-3715\" alt=\"\" srcset=\"https:\/\/cccdecolombia.com\/ccc\/wp-content\/uploads\/2025\/10\/ED4-Banner-Promo-Revista-Certifica-1024x353.jpg 1024w, https:\/\/cccdecolombia.com\/ccc\/wp-content\/uploads\/2025\/10\/ED4-Banner-Promo-Revista-Certifica-300x103.jpg 300w, https:\/\/cccdecolombia.com\/ccc\/wp-content\/uploads\/2025\/10\/ED4-Banner-Promo-Revista-Certifica-768x264.jpg 768w, https:\/\/cccdecolombia.com\/ccc\/wp-content\/uploads\/2025\/10\/ED4-Banner-Promo-Revista-Certifica-1536x529.jpg 1536w, https:\/\/cccdecolombia.com\/ccc\/wp-content\/uploads\/2025\/10\/ED4-Banner-Promo-Revista-Certifica.jpg 1589w\" sizes=\"(max-width: 1024px) 100vw, 1024px\" \/>\t\t\t\t\t\t\t\t<\/a>\n\t\t\t\t\t\t\t\t\t\t\t\t\t\t\t<\/div>\n\t\t\t\t<\/div>\n\t\t\t\t<div class=\"elementor-element elementor-element-4dac3d1 elementor-widget elementor-widget-heading\" data-id=\"4dac3d1\" data-element_type=\"widget\" data-e-type=\"widget\" data-widget_type=\"heading.default\">\n\t\t\t\t<div class=\"elementor-widget-container\">\n\t\t\t\t\t<h3 class=\"elementor-heading-title elementor-size-default\"><span style=\"color: #C1272D;font-weight: bolder;margin-right: 5px\">|<\/span>De inter\u00e9s general<\/h3>\t\t\t\t<\/div>\n\t\t\t\t<\/div>\n\t\t\t\t<div class=\"elementor-element elementor-element-78a169f elementor-widget elementor-widget-text-editor\" data-id=\"78a169f\" data-element_type=\"widget\" data-e-type=\"widget\" data-widget_type=\"text-editor.default\">\n\t\t\t\t<div class=\"elementor-widget-container\">\n\t\t\t\t\t\t\t\t\t<p style=\"color: #262161;\"><b>Consulte aqu\u00ed los comunicados de inter\u00e9s para tu negocio:<\/b><\/p><ul style=\"line-height: 28px;\"><li><a style=\"color: #000;\" href=\"https:\/\/cccdecolombia.com\/ccc\/wp-content\/uploads\/2024\/06\/REGLAS-DEL-SERVICIO-INSPECCIONES-EDS.pdf\" target=\"_blank\" rel=\"noopener\" download=\"\">Reglas del servicio de inspecci\u00f3n.<\/a><\/li><li><a style=\"color: #000;\" href=\"https:\/\/cccdecolombia.com\/ccc\/wp-content\/uploads\/2024\/06\/Reglas-del-servicio-de-inspeccion.pdf\" target=\"_blank\" rel=\"noopener\" download=\"\">Reglas para el servicio de inspecciones de Estaciones de Servicio Automotriz, Fluvial, GNCV, GCS, PDA, GLP.<\/a><\/li><li><a style=\"color: #000;\" href=\"https:\/\/cccdecolombia.com\/ccc\/wp-content\/uploads\/2024\/06\/Procedimiento-de-quejas-y-apelaciones.pdf\" target=\"_blank\" rel=\"noopener\" download=\"\">Procedimiento de quejas y apelaciones.<\/a><\/li><\/ul>\t\t\t\t\t\t\t\t<\/div>\n\t\t\t\t<\/div>\n\t\t\t\t<\/div>\n\t\t\t\t<\/div>\n\t\t<div class=\"elementor-element elementor-element-53c7fa7 e-con-full e-flex e-con e-child\" data-id=\"53c7fa7\" data-element_type=\"container\" data-e-type=\"container\">\n\t\t\t\t<\/div>\n\t\t\t\t\t<\/div>\n\t\t\t\t<\/div>\n\t\t\t\t<\/div>\n\t\t","protected":false},"excerpt":{"rendered":"<p>Realizamos la revisi\u00f3n peri\u00f3dica a instalaciones de suministro de Gas Natural y GLP en la industria; y la inspecci\u00f3n a redes de suministro de Gas Natural y GLP para uso vehicular, domiciliario, comercial e industrial. Tambi\u00e9n realizamos revisi\u00f3n e inspecci\u00f3n de tanques estacionarios de GLP. Te ayudamos a cumplir con todas las regulaciones t\u00e9cnicas y [&hellip;]<\/p>\n","protected":false},"author":2,"featured_media":0,"parent":0,"menu_order":0,"comment_status":"closed","ping_status":"closed","template":"","meta":{"_monsterinsights_skip_tracking":false,"_monsterinsights_sitenote_active":false,"_monsterinsights_sitenote_note":"","_monsterinsights_sitenote_category":0,"_uf_show_specific_survey":0,"_uf_disable_surveys":false,"_joinchat":[],"footnotes":""},"class_list":["post-816","page","type-page","status-publish","hentry"],"aioseo_notices":[],"_links":{"self":[{"href":"https:\/\/cccdecolombia.com\/ccc\/wp-json\/wp\/v2\/pages\/816","targetHints":{"allow":["GET"]}}],"collection":[{"href":"https:\/\/cccdecolombia.com\/ccc\/wp-json\/wp\/v2\/pages"}],"about":[{"href":"https:\/\/cccdecolombia.com\/ccc\/wp-json\/wp\/v2\/types\/page"}],"author":[{"embeddable":true,"href":"https:\/\/cccdecolombia.com\/ccc\/wp-json\/wp\/v2\/users\/2"}],"replies":[{"embeddable":true,"href":"https:\/\/cccdecolombia.com\/ccc\/wp-json\/wp\/v2\/comments?post=816"}],"version-history":[{"count":29,"href":"https:\/\/cccdecolombia.com\/ccc\/wp-json\/wp\/v2\/pages\/816\/revisions"}],"predecessor-version":[{"id":3920,"href":"https:\/\/cccdecolombia.com\/ccc\/wp-json\/wp\/v2\/pages\/816\/revisions\/3920"}],"wp:attachment":[{"href":"https:\/\/cccdecolombia.com\/ccc\/wp-json\/wp\/v2\/media?parent=816"}],"curies":[{"name":"wp","href":"https:\/\/api.w.org\/{rel}","templated":true}]}}